{"id":921,"date":"2018-03-22T23:30:49","date_gmt":"2018-03-22T22:30:49","guid":{"rendered":"http:\/\/genevieveetdidier.fr\/?page_id=921"},"modified":"2018-04-16T10:56:06","modified_gmt":"2018-04-16T08:56:06","slug":"de-lignano-a-keszthely","status":"publish","type":"page","link":"https:\/\/genevieveetdidier.fr\/?page_id=921","title":{"rendered":"De Lignano \u00e0 Lendava"},"content":{"rendered":"<div class=\"flex_column av_one_third  flex_column_div av-zero-column-padding first  \" style='border-radius:0px; '><section class=\"av_textblock_section\"  itemscope=\"itemscope\" itemtype=\"https:\/\/schema.org\/CreativeWork\" ><div class='avia_textblock '   itemprop=\"text\" ><h2>Lignano &#8211; Lendava<\/h2>\n<h2>Du 31 juillet\u00a0 au 6 ao\u00fbt 2017<\/h2>\n<h3><\/h3>\n<\/div><\/section><\/div>\n<div class=\"flex_column av_two_fifth  flex_column_div av-zero-column-padding   \" style='border-radius:0px; '><div class='avia-image-container  av-styling-   avia-align-center '  itemscope=\"itemscope\" itemtype=\"https:\/\/schema.org\/ImageObject\"  ><div class='avia-image-container-inner'><img class='avia_image ' src='https:\/\/genevieveetdidier.fr\/wp-content\/uploads\/2018\/04\/carte14-500x233.jpg' alt='' title='carte14'   itemprop=\"thumbnailUrl\"  \/><\/div><\/div><\/div>\n<div class=\"flex_column av_one_fourth  flex_column_div av-zero-column-padding   \" style='border-radius:0px; '><p><div class='avia-button-wrap avia-button-center '><a href='https:\/\/genevieveetdidier.fr\/?page_id=538' class='avia-button avia-button-fullwidth  avia-icon_select-no avia-color-teal '  style='color:#ffffff; ' ><span class='avia_iconbox_title' >Etape pr\u00e9c\u00e9dente<\/span><span class='avia_button_background avia-button avia-button-fullwidth avia-color-theme-color' ><\/span><\/a><\/div><br \/>\n<div  class='hr hr-default '><span class='hr-inner ' ><span class='hr-inner-style'><\/span><\/span><\/div><br \/>\n<div class='avia-button-wrap avia-button-center '><a href='https:\/\/genevieveetdidier.fr\/?page_id=900' class='avia-button avia-button-fullwidth  avia-icon_select-no avia-color-teal '  style='color:#ffffff; ' ><span class='avia_iconbox_title' >Etape suivante<\/span><span class='avia_button_background avia-button avia-button-fullwidth avia-color-teal' ><\/span><\/a><\/div><\/p><\/div><div class=\"flex_column av_one_full  flex_column_div av-zero-column-padding first  \" style='border-radius:0px; '><section class=\"av_textblock_section\"  itemscope=\"itemscope\" itemtype=\"https:\/\/schema.org\/CreativeWork\" ><div class='avia_textblock '   itemprop=\"text\" ><h3>LIGNANO \u2013 NOVA GORICA 80 kms<\/h3>\n<p>Nous voil\u00e0 \u00e0 la moiti\u00e9 de notre p\u00e9riple. Trois mois d\u00e9j\u00e0 que nous sommes partis. Bien s\u00fbr il y a eu quelques journ\u00e9es laborieuses, \u00e0 Rome par exemple, quelques journ\u00e9es aussi sans trop d\u2019extraordinaire ou d\u2019\u00e9merveillement, hier par exemple, mais globalement le bilan est on ne peut plus positif. C\u2019est un bonheur immense que de d\u00e9couvrir chaque jour de nouveaux paysages, de nouveaux modes de vie\u00a0; c\u2019est un bonheur immense aussi que de se d\u00e9couvrir soi-m\u00eame, car lorsqu\u2019on est sur son v\u00e9lo, \u00e0 p\u00e9daler, on a le temps de se retrouver, de se penser. Enfin et surtout, c\u2019est un bonheur immense que de partager cette riche exp\u00e9rience avec la personne qu\u2019on aime. Chaque couple devrait pratiquer ce genre d\u2019aventure qui permet de se d\u00e9tacher de ce qui est accessoire et de comprendre o\u00f9 est l\u2019important, de comprendre que sans l\u2019autre il manque quelque chose d\u2019essentiel. On en ressort plus forts sur un plan personnel, mais aussi plus proches, plus unis. Certes, nous voyons souvent des cyclo-randonneurs solitaires, c\u2019est bien, mais il doit leur manquer ce quelque chose essentiel au bonheur qu\u2019est le partage, l\u2019amour.<\/p>\n<p>Aujourd\u2019hui nous montons vers la fronti\u00e8re slov\u00e8ne. La route en Italie (SS14) n\u2019est pas sp\u00e9cialement dr\u00f4le, mais apr\u00e8s CERVIGNANO cela va beaucoup mieux.<\/p>\n<p>Nous passons la fronti\u00e8re \u00e0 GORIZIA. Un groupe de migrants y est r\u00e9uni, pr\u00e8s de l\u2019ancienne douane, mais nous, nous ne voyons personne et nous passons sans nous arr\u00eater. Le paysage en Slov\u00e9nie est un peu diff\u00e9rent de celui que nous avions ce matin en Italie\u00a0; il est beaucoup plus vert et plus montagneux, mais les pentes sont assez douces et ne demandent pas trop d\u2019efforts. Heureusement car il fait encore tr\u00e8s chaud.<\/p>\n<\/div><\/section><\/div><\/p>\n<\/div><\/div><\/div><!-- close content main div --><\/div><\/div><div id='av_section_1' class='avia-section main_color avia-section-default avia-no-shadow avia-bg-style-scroll  container_wrap fullsize' style = 'background-color: #dddddd; '  ><div class='container' ><div class='template-page content  av-content-full alpha units'><div class='post-entry post-entry-type-page post-entry-921'><div class='entry-content-wrapper clearfix'>\n<div class=\"flex_column av_one_third  flex_column_div av-zero-column-padding first  \" style='border-radius:0px; '><div class='avia-image-container  av-styling-   avia-align-center '  itemscope=\"itemscope\" itemtype=\"https:\/\/schema.org\/ImageObject\"  ><div class='avia-image-container-inner'><img class='avia_image ' src='https:\/\/genevieveetdidier.fr\/wp-content\/uploads\/2018\/03\/M3.jpg' alt='' title='https:\/\/parklijak.com\/sl\/'   itemprop=\"thumbnailUrl\"  \/><\/div><\/div><\/div><div class=\"flex_column av_two_third  flex_column_div av-zero-column-padding   \" style='border-radius:0px; '><section class=\"av_textblock_section\"  itemscope=\"itemscope\" itemtype=\"https:\/\/schema.org\/CreativeWork\" ><div class='avia_textblock '   itemprop=\"text\" ><p>Nous nous arr\u00eatons dans un camping (<em>Kamplijak<\/em>) o\u00f9 il y a beaucoup de monde, beaucoup de personnes qui font du parapente. Le cadre est tr\u00e8s agr\u00e9able mais il y a peu d\u2019ombre. Par contre la bi\u00e8re est bien fraiche et le personnel sympathique.<\/p>\n<p>Le repas du soir est excellent\u00a0; il nous change de nos pizzas. Soupe tr\u00e8s locale (\u00e0 la choucroute) et viandes grill\u00e9es en abondance\u2026 C\u2019est une auberge de haut de gamme\u00a0: elle m\u00e9riterait qu\u2019on y revienne.<\/p>\n<p><em>\u00ab\u00a0Smo mlada dru\u017eina, ki razvaja du\u0161o in telo svojih gostov! Kamp Park Lijak\u00a0se nahaja v vasi\u00a0Ozeljan v neposredni bli\u017eini Nove Gorice, v son\u010dni\u00a0Vipavski dolini, obdan z vinogradi in pod robom Trnovske planote med Julijskimi Alpami in Jadranskim morjem<a href=\"#_ftn1\" name=\"_ftnref1\"><strong>[1]<\/strong><\/a>\u00a0\u00bb.<\/em><\/p>\n<p><a href=\"#_ftnref1\" name=\"_ftn1\">[1]<\/a> C\u2019est pour vous donner un aper\u00e7u de ce que nous comprenions. En fait cela veut dire\u00a0: \u00ab\u00a0<em>Nous sommes une jeune famille qui chouchoute l&rsquo;\u00e2me et le corps de leurs invit\u00e9s!<\/em> <em>Camping Park Hopper est situ\u00e9 dans le village de pr\u00e8s Ozeljan \u00e0 Nova Gorica dans la vall\u00e9e ensoleill\u00e9e de Vipava, au milieu des vignes et le bord du plateau Trnovo entre les Alpes Juliennes et la mer Adriatique<\/em>\u00a0\u00bb. C\u2019est le d\u00e9but de la pr\u00e9sentation de<a href=\"https:\/\/parklijak.com\/sl\/\"> leur site web<\/a><\/p>\n<\/div><\/section><\/div>\n\n<div class=\"flex_column av_one_full  flex_column_div av-zero-column-padding first  \" style='border-radius:0px; '><section class=\"av_textblock_section\"  itemscope=\"itemscope\" itemtype=\"https:\/\/schema.org\/CreativeWork\" ><div class='avia_textblock '   itemprop=\"text\" ><h3>\u00a0NOVA GORICA \u2013 POSTOJNA 60 kms<\/h3>\n<p>Il y a des journ\u00e9es chaudes, tr\u00e8s chaudes. \u00c0 10 heures le goudron commence \u00e0 coller aux pneus, et comme je n\u2019avais pas mis ma casquette j\u2019ai d\u00fb prendre une l\u00e9g\u00e8re insolation. J\u2019ai la t\u00eate comme un tambour, et quand il faut monter un petit col de 7 kilom\u00e8tres \u00e0 8% je n\u2019ai plus de jambes. Nous faisons beaucoup d\u2019arr\u00eats en montant. Voil\u00e0 ce qui explique qu\u2019\u00e0 13h30 nous avons pris la d\u00e9cision de nous arr\u00eater \u00e0 POSTOJNA et de ne pas continuer vers LJUBLJANA comme nous l\u2019avions pr\u00e9vu.<\/p>\n<p>En faisant quelques kilom\u00e8tres \u00e0 l\u2019ouest de POSTOJNA nous avons trouv\u00e9 un camping bien arbor\u00e9 et donc bien ombrag\u00e9. C\u2019est appr\u00e9ciable. Le camping est situ\u00e9 juste au-dessus des grottes qui font le renom de cette ville. Il a l\u2019air tr\u00e8s calme. C\u2019est un camping qui a d\u00fb \u00eatre con\u00e7u \u00e0 la p\u00e9riode de Tito\u00a0: les emplacements pour les tentes sont taill\u00e9s dans le roc (il fallait des bras) et l\u2019architecture des sanitaires est tr\u00e8s fonctionnelle. Mais nous y sommes tr\u00e8s bien.<\/p>\n<p>En montant vers le Nord nous pensions trouver des temp\u00e9ratures plus cl\u00e9mentes mais il n\u2019en est rien, ils annoncent encore 37\u00b0 pour demain.<\/p>\n<\/div><\/section><\/div>\n<div class=\"flex_column av_one_half  flex_column_div av-zero-column-padding first  \" style='border-radius:0px; '><div class='avia-image-container  av-styling-   avia-align-center '  itemscope=\"itemscope\" itemtype=\"https:\/\/schema.org\/ImageObject\"  ><div class='avia-image-container-inner'><img class='avia_image ' src='https:\/\/genevieveetdidier.fr\/wp-content\/uploads\/2018\/03\/M4-500x369.jpg' alt='' title='M4'   itemprop=\"thumbnailUrl\"  \/><\/div><\/div><\/div>\n<div class=\"flex_column av_one_half  flex_column_div av-zero-column-padding   \" style='border-radius:0px; '><div class='avia-image-container  av-styling-   avia-align-center '  itemscope=\"itemscope\" itemtype=\"https:\/\/schema.org\/ImageObject\"  ><div class='avia-image-container-inner'><img class='avia_image ' src='https:\/\/genevieveetdidier.fr\/wp-content\/uploads\/2018\/03\/M5-500x374.jpg' alt='' title='M5'   itemprop=\"thumbnailUrl\"  \/><\/div><\/div><\/div>\n<\/div><\/div><\/div><!-- close content main div --><\/div><\/div><div id='av_section_2' class='avia-section main_color avia-section-default avia-no-shadow avia-bg-style-scroll  container_wrap fullsize' style = 'background-color: #d8d8d8; '  ><div class='container' ><div class='template-page content  av-content-full alpha units'><div class='post-entry post-entry-type-page post-entry-921'><div class='entry-content-wrapper clearfix'>\n<div class=\"flex_column av_one_full  flex_column_div av-zero-column-padding first  \" style='border-radius:0px; '><section class=\"av_textblock_section\"  itemscope=\"itemscope\" itemtype=\"https:\/\/schema.org\/CreativeWork\" ><div class='avia_textblock '   itemprop=\"text\" ><h3>POSTOJNA \u2013 LJUBLJANA 65 kms<\/h3>\n<p>La campagne slov\u00e8ne, dans les r\u00e9gions que nous traversons, est superbe\u00a0: montagnes et for\u00eats, verts p\u00e2turages, on se croirait en Suisse, m\u00eame les villages nous y font penser. Mais le co\u00fbt de la vie reste slov\u00e8ne et c\u2019est tout b\u00e9n\u00e9fice pour nous.<\/p>\n<p>Les routes sont tr\u00e8s bien entretenues, bien signalis\u00e9es, et nous rejoignons LJUBLJANA en fin de matin\u00e9e. Nous \u00e9tions partis de bonne heure pour \u00e9viter la canicule. Nous prenons le repas de midi dans le parc d\u2019une universit\u00e9 o\u00f9 nous croisons des \u00e9tudiants fran\u00e7ais de Rouen qui font leur stage de fin d\u2019ann\u00e9e.<\/p>\n<p>La travers\u00e9e de LJUBLJANA se fait sans probl\u00e8mes sur des pistes cyclables. La Slov\u00e9nie est un pays qui se veut moderne, qui progresse beaucoup, et donc elle pense aux v\u00e9los, c\u2019est bien.<\/p>\n<\/div><\/section><\/div>\n\n<div class=\"flex_column av_one_third  flex_column_div av-zero-column-padding first  \" style='border-radius:0px; '><div class='avia-image-container  av-styling-   avia-align-center '  itemscope=\"itemscope\" itemtype=\"https:\/\/schema.org\/ImageObject\"  ><div class='avia-image-container-inner'><img class='avia_image ' src='https:\/\/genevieveetdidier.fr\/wp-content\/uploads\/2018\/03\/M6-500x374.jpg' alt='' title='Des activit\u00e9s saines au camping'   itemprop=\"thumbnailUrl\"  \/><\/div><\/div><\/div>\n<div class=\"flex_column av_two_third  flex_column_div av-zero-column-padding   \" style='border-radius:0px; '><section class=\"av_textblock_section\"  itemscope=\"itemscope\" itemtype=\"https:\/\/schema.org\/CreativeWork\" ><div class='avia_textblock '   itemprop=\"text\" ><p>Nous passons le reste de l\u2019apr\u00e8s-midi au camping, la chaleur nous dissuade de quelque activit\u00e9 que ce soit. Mieux vaut rester devant une bi\u00e8re, au frais ou presque, en lisant ou en faisant un sudoku. Nous faisons aussi une belle rencontre avec une famille de jeunes fran\u00e7ais, avec un enfant\u00a0; ils vont en Croatie \u00e0 v\u00e9lo. La jeune femme est d\u2019origine polonaise et nous donne l\u2019adresse de ses parents qui habitent pr\u00e8s de Cracovie, on ne sait jamais, cela peut servir.<\/p>\n<p>Les places au camping sont assez r\u00e9duites et il y a beaucoup de monde, certes, mais de l\u00e0 \u00e0 venir planter sa tente sur la n\u00f4tre\u2026 C\u2019est pourtant ce que nous d\u00e9couvrons en rentrant du restaurant le soir. Un randonneur a mis sa tente \u00e0 moins de cinquante centim\u00e8tres de la n\u00f4tre. Il y a des gens qui ont vraiment peur de la solitude. Tant pis pour lui si je ronfle ou si je&#8230;<\/p>\n<h6><strong>Ljubljana<\/strong> ou plus rarement <strong>Lubiana<\/strong>, est la ville principale et la capitale de la Slov\u00e9nie. Ville d&rsquo;environ 280\u00a0000 habitants, elle a \u00e9t\u00e9 influenc\u00e9e tout au long de son histoire par diff\u00e9rentes cultures du fait de sa position g\u00e9ographique charni\u00e8re entre les cultures germanique, latine et slave.<\/h6>\n<\/div><\/section><\/div>\n<\/div><\/div><\/div><!-- close content main div --><\/div><\/div><div id='av_section_3' class='avia-section main_color avia-section-default avia-no-shadow avia-bg-style-scroll  container_wrap fullsize' style = 'background-color: #d6d6d6; '  ><div class='container' ><div class='template-page content  av-content-full alpha units'><div class='post-entry post-entry-type-page post-entry-921'><div class='entry-content-wrapper clearfix'>\n<div class=\"flex_column av_one_full  flex_column_div av-zero-column-padding first  \" style='border-radius:0px; '><section class=\"av_textblock_section\"  itemscope=\"itemscope\" itemtype=\"https:\/\/schema.org\/CreativeWork\" ><div class='avia_textblock '   itemprop=\"text\" ><h3>LJUBLJANA \u2013 CELJE (ZADOBROVA) 82 kms<\/h3>\n<p><img loading=\"lazy\" decoding=\"async\" class=\"wp-image-943 aligncenter\" src=\"https:\/\/genevieveetdidier.fr\/wp-content\/uploads\/2018\/03\/M15-500x374.jpg\" alt=\"\" width=\"448\" height=\"335\" srcset=\"https:\/\/genevieveetdidier.fr\/wp-content\/uploads\/2018\/03\/M15-500x374.jpg 500w, https:\/\/genevieveetdidier.fr\/wp-content\/uploads\/2018\/03\/M15-450x337.jpg 450w, https:\/\/genevieveetdidier.fr\/wp-content\/uploads\/2018\/03\/M15.jpg 641w\" sizes=\"auto, (max-width: 448px) 100vw, 448px\" \/>Il faut franchir une derni\u00e8re petite montagne, gentille, roulante, avant de descendre vers la plaine de Pannonie (plus exactement la Basse-Styrie) et de se diriger vers la Hongrie. Tout est toujours aussi vert, aussi beau, aussi calme, mais \u00e9galement toujours tr\u00e8s tr\u00e8s chaud.<\/p>\n<p>Nous arr\u00eatons assez t\u00f4t, pour avoir le temps de ne rien faire, mais m\u00eame en ne faisant rien, \u00e0 l\u2019ombre, nous fondons, nous d\u00e9goulinons et n\u2019aspirons qu\u2019\u00e0 la fraicheur de la nuit, fraicheur qui ne vient en g\u00e9n\u00e9ral qu\u2019au petit matin.<\/p>\n<p>Nous avons la chance de ne plus \u00eatre dans des zones touristiques et cela permet de voir vraiment le pays, de c\u00f4toyer des Slov\u00e8nes non pollu\u00e9s, de manger comme ils mangent<a href=\"#_ftn1\" name=\"_ftnref1\">[1]<\/a>. Nous avons quand m\u00eame trouv\u00e9 un petit camping loin de tout et calme. Il y a tr\u00e8s peu de monde hormis un petit groupes de Bretons, une famille avec beaucoup d\u2019enfants, genre \u00ab\u00a0cathos scouts\u00a0\u00bb tr\u00e8s gentils, qui voyagent \u00e0 pieds et en train.<\/p>\n<p><a href=\"#_ftnref1\" name=\"_ftn1\">[1]<\/a> Ce n\u2019est pas tout \u00e0 fait vrai, nous ne mangeons pas comme eux car ils mangent beaucoup trop vite. Au restaurant ils ont le temps de desservir trois fois les tables voisines pendant que nous faisons notre repas. Il faut dire que nous n\u2019avons que \u00e7a \u00e0 faire\u00a0! De plus, ce soir l\u00e0, nous avions mang\u00e9 un menu mexicain.<\/p>\n<\/div><\/section><\/div>\n\n<\/div><\/div><\/div><!-- close content main div --><\/div><\/div><div id='av_section_4' class='avia-section main_color avia-section-no-padding avia-no-shadow avia-full-stretch avia-bg-style-fixed  av-minimum-height av-minimum-height-50 container_wrap fullsize' style = 'background-color: #dddddd; background-repeat: no-repeat; background-image: url(https:\/\/genevieveetdidier.fr\/wp-content\/uploads\/2018\/03\/M14-500x264.jpg); background-attachment: fixed; background-position: center center; ' data-section-bg-repeat='stretch' ><div class='container' ><div class='template-page content  av-content-full alpha units'><div class='post-entry post-entry-type-page post-entry-921'><div class='entry-content-wrapper clearfix'>\n<div class=\"flex_column av_one_full  flex_column_div av-zero-column-padding first  \" style='border-radius:0px; '><section class=\"av_textblock_section\"  itemscope=\"itemscope\" itemtype=\"https:\/\/schema.org\/CreativeWork\" ><div class='avia_textblock '   itemprop=\"text\" ><h3>CELJE \u2013 PTUJ 75 kms<\/h3>\n<p>Le d\u00e9part a \u00e9t\u00e9 un peu retard\u00e9 car je ne trouvais plus les clefs des antivols. On fouille partout, on va demander aux g\u00e9rants du camping, tout le monde cherche, impossible de les retrouver. Il a fallu un long moment pour que je les d\u00e9couvre dans la trousse de toilette, l\u00e0 o\u00f9 je les avais cherch\u00e9es au d\u00e9but. Alois Alzh\u2026 c\u2019est comment d\u00e9j\u00e0\u00a0? Je crois qu\u2019il me guette\u00a0: il va falloir que je fasse attention. Pour la peine nous prenons le temps de reprendre un caf\u00e9, caf\u00e9 croissant et grand verre d\u2019eau glac\u00e9e, le tout pour 0,80 euro par personne\u00a0; notre budget s\u2019en remettra.<\/p>\n<p>Nous commen\u00e7ons par une tr\u00e8s longue et belle piste cyclable puis sur des petites routes magnifiques. Les paysages sont parmi les plus beaux que nous ayons vus. Mais nous pensions faire des routes de plaine et il n\u2019en a rien \u00e9t\u00e9, c\u2019\u00e9tait au contraire tr\u00e8s vallonn\u00e9, avec plusieurs c\u00f4tes \u00e0 16%. Les jambes de Genevi\u00e8ve ont \u00e9t\u00e9 mises \u00e0 rude \u00e9preuve\u00a0; quant \u00e0 moi, j\u2019ai parfois pr\u00e9f\u00e9r\u00e9 faire marcher mes pieds (mais pousser un v\u00e9lo charg\u00e9 c\u2019est du sport aussi).<\/p>\n<\/div><\/section><\/div>\n<\/div><\/div><\/div><!-- close content main div --><\/div><\/div><div id='av_section_5' class='avia-section main_color avia-section-default avia-no-shadow avia-bg-style-scroll  container_wrap fullsize' style = 'background-color: #d6d6d6; '  ><div class='container' ><div class='template-page content  av-content-full alpha units'><div class='post-entry post-entry-type-page post-entry-921'><div class='entry-content-wrapper clearfix'>\n<div class=\"flex_column av_one_full  flex_column_div av-zero-column-padding first  \" style='border-radius:0px; '><section class=\"av_textblock_section\"  itemscope=\"itemscope\" itemtype=\"https:\/\/schema.org\/CreativeWork\" ><div class='avia_textblock '   itemprop=\"text\" ><p>Nous rejoignons ensuite la plaine et PTUJ, ville thermale o\u00f9 nous plantons la tente en d\u00e9but d\u2019apr\u00e8s-midi, car il fait encore tr\u00e8s chaud.<\/p>\n<p>Nous avons le temps de bien nous promener en ville, une ville pleine de caract\u00e8re\u00a0; des petites rues et ruelles en pente, de vieilles demeures, un ch\u00e2teau, bref tout ce qui fait la beaut\u00e9 et le charme des villes anciennes \u00e9pargn\u00e9es par les guerres. Compte tenu des am\u00e9nagements qui ont ensuite \u00e9t\u00e9 faits pour les cures thermales, on peut comprendre que ce genre de ville puisse attirer autant de monde.<\/p>\n<p>Le soir nous mangeons dans un restaurant tr\u00e8s typique, tr\u00e8s local. Les touristes ne semblent pas \u00eatre leur pr\u00e9occupation. M\u00eame s\u2019il n\u2019y a que trois tables occup\u00e9es, il ne faut pas \u00eatre trop press\u00e9. La patronne a mieux \u00e0 faire\u00a0: elle pr\u00e9f\u00e8re tailler la bavette avec ses copines plut\u00f4t que de s\u2019occuper de la bavette de cheval que j\u2019ai command\u00e9e. Et d\u2019ailleurs quand le cheval est enfin arriv\u00e9 dans mon assiette il \u00e9tait bien fatigu\u00e9 et bien raide, il avait d\u00fb faire beaucoup de chemin avant de venir mourir l\u00e0. Quant \u00e0 la friture de Genevi\u00e8ve, inutile de la d\u00e9crire, il suffit de sentir. Elle \u00e9tait aussi fra\u00eeche que les bi\u00e8res p\u00e9rim\u00e9es qui nous ont \u00e9t\u00e9 servies. Difficile de faire un restaurant aussi mauvais, sauf peut-\u00eatre le restaurant de la Pr\u00e9fecture \u00e0 Saint-L\u00f4<a href=\"#_ftn1\" name=\"_ftnref1\">[1]<\/a>. Et le pire c\u2019est que la patronne a os\u00e9 demander \u00e0 Genevi\u00e8ve \u00ab\u00a0si cela avait \u00e9t\u00e9\u00a0?\u00a0\u00bb\u00a0; elle n\u2019a pas \u00e9t\u00e9 d\u00e9\u00e7ue par la r\u00e9ponse, elle ne savait plus o\u00f9 se mettre.<\/p>\n<p>Dernier petit tour en ville pour prendre le dessert ailleurs puis nous rejoignons le camping pour une bonne nuit sous la pluie. Mais au r\u00e9veil il fait beau.<\/p>\n<p><a href=\"#_ftnref1\" name=\"_ftn1\">[1]<\/a> Il y a beaucoup de restaurants qu\u2019on oublie, m\u00eame parmi les meilleurs, mais certains laissent des souvenirs ind\u00e9l\u00e9biles\u00a0: il est dommage que ce soit les plus mauvais.<\/p>\n<\/div><\/section><\/div>\n\n<div class=\"flex_column av_one_full  flex_column_div av-zero-column-padding first  \" style='border-radius:0px; '><div class='avia-image-container  av-styling-   avia-align-center '  itemscope=\"itemscope\" itemtype=\"https:\/\/schema.org\/ImageObject\"  ><div class='avia-image-container-inner'><img class='avia_image ' src='https:\/\/genevieveetdidier.fr\/wp-content\/uploads\/2018\/03\/M16-1030x523.jpg' alt='' title='Ptuj, sur la Drave'   itemprop=\"thumbnailUrl\"  \/><\/div><\/div><\/div>\n<div class=\"flex_column av_three_fifth  flex_column_div av-zero-column-padding first  \" style='border-radius:0px; '><section class=\"av_textblock_section\"  itemscope=\"itemscope\" itemtype=\"https:\/\/schema.org\/CreativeWork\" ><div class='avia_textblock '   itemprop=\"text\" ><h3>PTUJ \u2013 LENDAVA 73 kms<\/h3>\n<p>Nous poursuivons notre route vers la Hongrie en faisant une petite incursion en Croatie o\u00f9 nous mangeons le midi. Nous sommes contr\u00f4l\u00e9s \u00e0 la fronti\u00e8re, tant pour entrer que pour sortir de la Croatie\u00a0; cela ne nous \u00e9tait pas encore arriv\u00e9.<\/p>\n<p>Nous nous arr\u00eatons \u00e0 LENDAVA, encore une fois aux thermes, mais les campings sont de pire en pire, et l\u00e0 on touche le fond. Esp\u00e9rons que ce sera mieux en Hongrie. LENDAVA n\u2019est plus loin de la fronti\u00e8re, et il y a d\u2019ailleurs deux langues officielles dans cette ville\u00a0: le slov\u00e8ne et le hongrois.<\/p>\n<p>Le restaurant proche du camping est plut\u00f4t bon, surtout en comparaison avec hier. Ils servent des plats simples mais c\u2019est de la vraie cuisine, et le vin est bon. Voil\u00e0 qui nous r\u00e9concilie avec LENDAVA, d\u2019autant plus que nous passons une bonne nuit, au calme. Finalement le camping n\u2019est pas aussi mauvais qu\u2019il y paraissait.<\/p>\n<\/div><\/section><\/div>\n<div class=\"flex_column av_two_fifth  flex_column_div av-zero-column-padding   \" style='border-radius:0px; '><div class='avia-image-container  av-styling-   avia-align-center '  itemscope=\"itemscope\" itemtype=\"https:\/\/schema.org\/ImageObject\"  ><div class='avia-image-container-inner'><img class='avia_image ' src='https:\/\/genevieveetdidier.fr\/wp-content\/uploads\/2018\/03\/M17-500x375.jpg' alt='' title='Petite halte en Croatie'   itemprop=\"thumbnailUrl\"  \/><\/div><\/div><\/div>\n","protected":false},"excerpt":{"rendered":"","protected":false},"author":1,"featured_media":0,"parent":461,"menu_order":0,"comment_status":"closed","ping_status":"closed","template":"","meta":{"_monsterinsights_skip_tracking":false,"_monsterinsights_sitenote_active":false,"_monsterinsights_sitenote_note":"","_monsterinsights_sitenote_category":0,"footnotes":""},"class_list":["post-921","page","type-page","status-publish","hentry"],"_links":{"self":[{"href":"https:\/\/genevieveetdidier.fr\/index.php?rest_route=\/wp\/v2\/pages\/921","targetHints":{"allow":["GET"]}}],"collection":[{"href":"https:\/\/genevieveetdidier.fr\/index.php?rest_route=\/wp\/v2\/pages"}],"about":[{"href":"https:\/\/genevieveetdidier.fr\/index.php?rest_route=\/wp\/v2\/types\/page"}],"author":[{"embeddable":true,"href":"https:\/\/genevieveetdidier.fr\/index.php?rest_route=\/wp\/v2\/users\/1"}],"replies":[{"embeddable":true,"href":"https:\/\/genevieveetdidier.fr\/index.php?rest_route=%2Fwp%2Fv2%2Fcomments&post=921"}],"version-history":[{"count":17,"href":"https:\/\/genevieveetdidier.fr\/index.php?rest_route=\/wp\/v2\/pages\/921\/revisions"}],"predecessor-version":[{"id":942,"href":"https:\/\/genevieveetdidier.fr\/index.php?rest_route=\/wp\/v2\/pages\/921\/revisions\/942"}],"up":[{"embeddable":true,"href":"https:\/\/genevieveetdidier.fr\/index.php?rest_route=\/wp\/v2\/pages\/461"}],"wp:attachment":[{"href":"https:\/\/genevieveetdidier.fr\/index.php?rest_route=%2Fwp%2Fv2%2Fmedia&parent=921"}],"curies":[{"name":"wp","href":"https:\/\/api.w.org\/{rel}","templated":true}]}}