{"id":5917,"date":"2020-05-23T11:24:59","date_gmt":"2020-05-23T09:24:59","guid":{"rendered":"http:\/\/genevieveetdidier.fr\/?page_id=5917"},"modified":"2025-07-24T16:15:42","modified_gmt":"2025-07-24T14:15:42","slug":"espagne","status":"publish","type":"page","link":"https:\/\/genevieveetdidier.fr\/?page_id=5917","title":{"rendered":"Espagne"},"content":{"rendered":"<div class=\"flex_column av_one_half  flex_column_div av-zero-column-padding first  \" style='border-radius:0px; '><section class=\"av_textblock_section\"  itemscope=\"itemscope\" itemtype=\"https:\/\/schema.org\/CreativeWork\" ><div class='avia_textblock '   itemprop=\"text\" ><h1 style=\"text-align: center;\"><strong><span style=\"color: #000080;\">ESPAGNE<\/span><\/strong><\/h1>\n<\/div><\/section><br \/>\n<div  class='hr hr-default '><span class='hr-inner ' ><span class='hr-inner-style'><\/span><\/span><\/div><br \/>\n<section class=\"av_textblock_section\"  itemscope=\"itemscope\" itemtype=\"https:\/\/schema.org\/CreativeWork\" ><div class='avia_textblock '   itemprop=\"text\" ><p>L&rsquo;Espagne, pays tr\u00e8s proche de la France, nous est apparue \u00e0 plusieurs visages :<\/p>\n<ul>\n<li>la c\u00f4te m\u00e9diterran\u00e9enne, surexploit\u00e9e par le tourisme. Les immeubles ont d\u00e9truit les paysages. Les petites routes n&rsquo;existent pas, seules de grands axes traversent les c\u0153urs des villes de bord de mer. C&rsquo;est un massacre.<\/li>\n<li>la c\u00f4te atlantique bien verdoyante avec des arri\u00e8re-paysages montagneux superbes. Les p\u00e8lerins pour Saint-Jacques sont nombreux et attendus par les h\u00e9bergeurs mais l&rsquo;accueil pour deux itin\u00e9rants \u00e0 v\u00e9lo a toujours \u00e9t\u00e9 favorable.<\/li>\n<li>des hauts lieux artistiques comme Figueras, Barcelone, Bilbao&#8230; On se sent plus grand apr\u00e8s.<\/li>\n<\/ul>\n<\/div><\/section><\/p><\/div>\n<div class=\"flex_column av_one_half  flex_column_div av-zero-column-padding   \" style='border-radius:0px; '><section class=\"av_textblock_section\"  itemscope=\"itemscope\" itemtype=\"https:\/\/schema.org\/CreativeWork\" ><div class='avia_textblock '   itemprop=\"text\" ><p><iframe loading=\"lazy\" src=\"https:\/\/www.google.com\/maps\/d\/embed?mid=14NT37c-v5lAi8Bo9Hxov-xO77O133px-\" width=\"640\" height=\"480\"><\/iframe><\/p>\n<\/div><\/section><\/div>\n<div class=\"flex_column av_one_third  flex_column_div av-zero-column-padding first  \" style='border-radius:0px; '><section class=\"av_textblock_section\"  itemscope=\"itemscope\" itemtype=\"https:\/\/schema.org\/CreativeWork\" ><div class='avia_textblock '   itemprop=\"text\" ><h1 style=\"text-align: center;\"><a href=\"https:\/\/genevieveetdidier.fr\/?page_id=5075\"><strong><span style=\"color: #000080;\">Des Pyr\u00e9n\u00e9es \u00e0 Gibraltar<\/span><\/strong><\/a><\/h1>\n<\/div><\/section><br \/>\n<div class='avia-image-container  av-styling-   avia-align-center '  itemscope=\"itemscope\" itemtype=\"https:\/\/schema.org\/ImageObject\"  ><div class='avia-image-container-inner'><a href='https:\/\/genevieveetdidier.fr\/?page_id=5075' class='avia_image'   target=\"_blank\" ><img class='avia_image ' src='https:\/\/genevieveetdidier.fr\/wp-content\/uploads\/2019\/05\/20190528_084648-500x243.jpg' alt='' title='20190528_084648'  itemprop=\"thumbnailUrl\"  \/><\/a><\/div><\/div><\/p><\/div><div class=\"flex_column av_one_third  flex_column_div av-zero-column-padding   \" style='border-radius:0px; '><section class=\"av_textblock_section\"  itemscope=\"itemscope\" itemtype=\"https:\/\/schema.org\/CreativeWork\" ><div class='avia_textblock '   itemprop=\"text\" ><h1 style=\"text-align: center;\"><a href=\"https:\/\/genevieveetdidier.fr\/?page_id=5181\"><strong><span style=\"color: #000080;\">Du Maroc au Portugal<\/span><\/strong><\/a><\/h1>\n<\/div><\/section><br \/>\n<div class='avia-image-container  av-styling-   avia-align-center '  itemscope=\"itemscope\" itemtype=\"https:\/\/schema.org\/ImageObject\"  ><div class='avia-image-container-inner'><a href='https:\/\/genevieveetdidier.fr\/?page_id=5181' class='avia_image'   target=\"_blank\" ><img class='avia_image ' src='https:\/\/genevieveetdidier.fr\/wp-content\/uploads\/2019\/06\/20190629_113853-500x243.jpg' alt='' title='20190629_113853'  itemprop=\"thumbnailUrl\"  \/><\/a><\/div><\/div><\/p><\/div><div class=\"flex_column av_one_third  flex_column_div av-zero-column-padding   \" style='border-radius:0px; '><section class=\"av_textblock_section\"  itemscope=\"itemscope\" itemtype=\"https:\/\/schema.org\/CreativeWork\" ><div class='avia_textblock '   itemprop=\"text\" ><h1 style=\"text-align: center;\"><a href=\"https:\/\/genevieveetdidier.fr\/?page_id=5195\"><strong><span style=\"color: #000080;\">Du Portugal aux Pyr\u00e9n\u00e9es Atlantiques<\/span><\/strong><\/a><\/h1>\n<\/div><\/section><br \/>\n<div class='avia-image-container  av-styling-   avia-align-center '  itemscope=\"itemscope\" itemtype=\"https:\/\/schema.org\/ImageObject\"  ><div class='avia-image-container-inner'><a href='https:\/\/genevieveetdidier.fr\/?page_id=5195' class='avia_image'   target=\"_blank\" ><img class='avia_image ' src='https:\/\/genevieveetdidier.fr\/wp-content\/uploads\/2019\/07\/20190727_131242-500x243.jpg' alt='' title='20190727_131242'  itemprop=\"thumbnailUrl\"  \/><\/a><\/div><\/div><\/p><\/div><\/p>\n","protected":false},"excerpt":{"rendered":"","protected":false},"author":1,"featured_media":0,"parent":5494,"menu_order":11,"comment_status":"closed","ping_status":"closed","template":"","meta":{"_monsterinsights_skip_tracking":false,"_monsterinsights_sitenote_active":false,"_monsterinsights_sitenote_note":"","_monsterinsights_sitenote_category":0,"footnotes":""},"class_list":["post-5917","page","type-page","status-publish","hentry"],"_links":{"self":[{"href":"https:\/\/genevieveetdidier.fr\/index.php?rest_route=\/wp\/v2\/pages\/5917","targetHints":{"allow":["GET"]}}],"collection":[{"href":"https:\/\/genevieveetdidier.fr\/index.php?rest_route=\/wp\/v2\/pages"}],"about":[{"href":"https:\/\/genevieveetdidier.fr\/index.php?rest_route=\/wp\/v2\/types\/page"}],"author":[{"embeddable":true,"href":"https:\/\/genevieveetdidier.fr\/index.php?rest_route=\/wp\/v2\/users\/1"}],"replies":[{"embeddable":true,"href":"https:\/\/genevieveetdidier.fr\/index.php?rest_route=%2Fwp%2Fv2%2Fcomments&post=5917"}],"version-history":[{"count":6,"href":"https:\/\/genevieveetdidier.fr\/index.php?rest_route=\/wp\/v2\/pages\/5917\/revisions"}],"predecessor-version":[{"id":10416,"href":"https:\/\/genevieveetdidier.fr\/index.php?rest_route=\/wp\/v2\/pages\/5917\/revisions\/10416"}],"up":[{"embeddable":true,"href":"https:\/\/genevieveetdidier.fr\/index.php?rest_route=\/wp\/v2\/pages\/5494"}],"wp:attachment":[{"href":"https:\/\/genevieveetdidier.fr\/index.php?rest_route=%2Fwp%2Fv2%2Fmedia&parent=5917"}],"curies":[{"name":"wp","href":"https:\/\/api.w.org\/{rel}","templated":true}]}}