{"id":5853,"date":"2020-05-04T16:48:05","date_gmt":"2020-05-04T14:48:05","guid":{"rendered":"http:\/\/genevieveetdidier.fr\/?page_id=5853"},"modified":"2025-07-24T16:14:00","modified_gmt":"2025-07-24T14:14:00","slug":"croatie","status":"publish","type":"page","link":"https:\/\/genevieveetdidier.fr\/?page_id=5853","title":{"rendered":"Croatie"},"content":{"rendered":"<\/div><\/div><\/div><!-- close content main div --><\/div><\/div><div id='av_section_1' class='avia-section main_color avia-section-default avia-no-shadow avia-bg-style-scroll  container_wrap fullsize'   ><div class='container' ><div class='template-page content  av-content-full alpha units'><div class='post-entry post-entry-type-page post-entry-5853'><div class='entry-content-wrapper clearfix'>\n<div class=\"flex_column av_one_full  flex_column_div av-zero-column-padding first  \" style='border-radius:0px; '><div class='avia-button-wrap avia-button-center '><a href='https:\/\/genevieveetdidier.fr\/wp-content\/uploads\/2025\/07\/Croatie.pdf' class='avia-button  avia-icon_select-yes-left-icon avia-color-red avia-size-x-large avia-position-center '  target=\"_blank\"   ><span class='avia_button_icon avia_button_icon_left ' aria-hidden='true' data-av_icon='\ue897' data-av_iconfont='entypo-fontello'><\/span><span class='avia_iconbox_title' >CROATIE<\/span><\/a><\/div><\/div><div class=\"flex_column av_one_half  flex_column_div av-zero-column-padding first  \" style='border-radius:0px; '><p><div  class='hr hr-big '><span class='hr-inner ' ><span class='hr-inner-style'><\/span><\/span><\/div><br \/>\n<section class=\"av_textblock_section\"  itemscope=\"itemscope\" itemtype=\"https:\/\/schema.org\/CreativeWork\" ><div class='avia_textblock '   itemprop=\"text\" ><p>Nous avons eu la chance de d\u00e9couvrir la Croatie en dehors des mois de juillet et ao\u00fbt qui sont les plus fr\u00e9quent\u00e9s.<\/p>\n<p>Une mer bleue et chaude, des plages rien que pour nous, des paysages m\u00e9diterran\u00e9ens sauvages, une vie pas trop ch\u00e8re, une vie de r\u00eave. La Croatie de la c\u00f4te est tourn\u00e9e vers le tourisme et c&rsquo;est avec raison.<\/p>\n<p>Nous avons fait une petite incursion \u00e0 l&rsquo;int\u00e9rieur pour ne pas manquer les superbes cascades de Plitvice. C&rsquo;est montagneux mais \u00e0 v\u00e9lo c&rsquo;est toujours tr\u00e8s gratifiant. Nous montons dans un cadre superbe, calme, propice \u00e0 la m\u00e9ditation. L&rsquo;arriv\u00e9e au sommet nous r\u00e9jouit : eh oui, on a encore r\u00e9ussi \u00e0 la monter celle-l\u00e0.<\/p>\n<\/div><\/section><\/p><\/div><div class=\"flex_column av_one_half  flex_column_div av-zero-column-padding   \" style='border-radius:0px; '><section class=\"av_textblock_section\"  itemscope=\"itemscope\" itemtype=\"https:\/\/schema.org\/CreativeWork\" ><div class='avia_textblock '   itemprop=\"text\" ><p><iframe loading=\"lazy\" src=\"https:\/\/www.google.com\/maps\/d\/embed?mid=1CWrtSDgOC5KTQfzkeuOM7ev9fB-Kj-Ry\" width=\"640\" height=\"480\"><\/iframe><\/p>\n<\/div><\/section><\/div><div class=\"flex_column av_one_half  flex_column_div av-zero-column-padding first  \" style='border-radius:0px; '><p><div class='avia-image-container  av-styling-   avia-align-center '  itemscope=\"itemscope\" itemtype=\"https:\/\/schema.org\/ImageObject\"  ><div class='avia-image-container-inner'><img class='avia_image ' src='https:\/\/genevieveetdidier.fr\/wp-content\/uploads\/2018\/05\/20180526_125136-500x281.jpg' alt='' title='20180526_125136'   itemprop=\"thumbnailUrl\"  \/><\/div><\/div><br \/>\n<div  class='hr hr-big '><span class='hr-inner ' ><span class='hr-inner-style'><\/span><\/span><\/div><br \/>\n<section class=\"av_textblock_section\"  itemscope=\"itemscope\" itemtype=\"https:\/\/schema.org\/CreativeWork\" ><div class='avia_textblock '   itemprop=\"text\" ><h1><strong>Ce que nous avons d\u00e9couvert<\/strong><\/h1>\n<ul>\n<li>\n<h1><strong>Une incursion d&rsquo;une journ\u00e9e <a href=\"https:\/\/genevieveetdidier.fr\/?page_id=461\">lors du p\u00e9riple 2017 pr\u00e8s de Lendava<\/a> (Slov\u00e9nie)<\/strong><\/h1>\n<\/li>\n<li>\n<h1><strong><a href=\"https:\/\/genevieveetdidier.fr\/?page_id=3453\">La Croatie\u00a0 d&rsquo;ouest en est lors du p\u00e9riple 2018<\/a><\/strong><\/h1>\n<\/li>\n<\/ul>\n<\/div><\/section><\/p><\/div><\/p>\n<div class=\"flex_column av_one_half  flex_column_div av-zero-column-padding   \" style='border-radius:0px; '><p><div class='avia-image-container  av-styling-   avia-align-center '  itemscope=\"itemscope\" itemtype=\"https:\/\/schema.org\/ImageObject\"  ><div class='avia-image-container-inner'><img class='avia_image ' src='https:\/\/genevieveetdidier.fr\/wp-content\/uploads\/2020\/05\/Croatie-2018.png' alt='' title='Croatie 2018'   itemprop=\"thumbnailUrl\"  \/><\/div><\/div><br \/>\n<div class='avia-image-container  av-styling-   avia-align-center '  itemscope=\"itemscope\" itemtype=\"https:\/\/schema.org\/ImageObject\"  ><div class='avia-image-container-inner'><img class='avia_image ' src='https:\/\/genevieveetdidier.fr\/wp-content\/uploads\/2018\/05\/20180527_092235-500x281.jpg' alt='' title='20180527_092235'   itemprop=\"thumbnailUrl\"  \/><\/div><\/div><\/p><\/div>\n","protected":false},"excerpt":{"rendered":"","protected":false},"author":1,"featured_media":0,"parent":5494,"menu_order":7,"comment_status":"closed","ping_status":"closed","template":"","meta":{"_monsterinsights_skip_tracking":false,"_monsterinsights_sitenote_active":false,"_monsterinsights_sitenote_note":"","_monsterinsights_sitenote_category":0,"footnotes":""},"class_list":["post-5853","page","type-page","status-publish","hentry"],"_links":{"self":[{"href":"https:\/\/genevieveetdidier.fr\/index.php?rest_route=\/wp\/v2\/pages\/5853","targetHints":{"allow":["GET"]}}],"collection":[{"href":"https:\/\/genevieveetdidier.fr\/index.php?rest_route=\/wp\/v2\/pages"}],"about":[{"href":"https:\/\/genevieveetdidier.fr\/index.php?rest_route=\/wp\/v2\/types\/page"}],"author":[{"embeddable":true,"href":"https:\/\/genevieveetdidier.fr\/index.php?rest_route=\/wp\/v2\/users\/1"}],"replies":[{"embeddable":true,"href":"https:\/\/genevieveetdidier.fr\/index.php?rest_route=%2Fwp%2Fv2%2Fcomments&post=5853"}],"version-history":[{"count":11,"href":"https:\/\/genevieveetdidier.fr\/index.php?rest_route=\/wp\/v2\/pages\/5853\/revisions"}],"predecessor-version":[{"id":11183,"href":"https:\/\/genevieveetdidier.fr\/index.php?rest_route=\/wp\/v2\/pages\/5853\/revisions\/11183"}],"up":[{"embeddable":true,"href":"https:\/\/genevieveetdidier.fr\/index.php?rest_route=\/wp\/v2\/pages\/5494"}],"wp:attachment":[{"href":"https:\/\/genevieveetdidier.fr\/index.php?rest_route=%2Fwp%2Fv2%2Fmedia&parent=5853"}],"curies":[{"name":"wp","href":"https:\/\/api.w.org\/{rel}","templated":true}]}}