{"id":585,"date":"2018-02-06T12:04:54","date_gmt":"2018-02-06T11:04:54","guid":{"rendered":"http:\/\/genevieveetdidier.fr\/?page_id=585"},"modified":"2020-03-24T17:25:15","modified_gmt":"2020-03-24T16:25:15","slug":"de-mulhouse-a-bellinzona","status":"publish","type":"page","link":"https:\/\/genevieveetdidier.fr\/?page_id=585","title":{"rendered":"De B\u00e2le \u00e0 Bellinzona"},"content":{"rendered":"<div class=\"flex_column av_two_fifth  flex_column_div av-zero-column-padding first  \" style='border-radius:0px; '><section class=\"av_textblock_section\"  itemscope=\"itemscope\" itemtype=\"https:\/\/schema.org\/CreativeWork\" ><div class='avia_textblock '   itemprop=\"text\" ><h2>De B\u00e2le \u00e0 Bellinzona<\/h2>\n<h2>Du 3 au 6 mai 2017<\/h2>\n<\/div><\/section><\/div><div class=\"flex_column av_one_third  flex_column_div av-zero-column-padding   \" style='border-radius:0px; '><div class='avia-image-container  av-styling-   avia-align-center '  itemscope=\"itemscope\" itemtype=\"https:\/\/schema.org\/ImageObject\"  ><div class='avia-image-container-inner'><img class='avia_image ' src='https:\/\/genevieveetdidier.fr\/wp-content\/uploads\/2018\/03\/carte2.jpg' alt='' title='carte2'   itemprop=\"thumbnailUrl\"  \/><\/div><\/div><\/div><\/p>\n<div class=\"flex_column av_one_fourth  flex_column_div av-zero-column-padding   \" style='border-radius:0px; '><p><div class='avia-button-wrap avia-button-center '><a href='https:\/\/genevieveetdidier.fr\/?page_id=578' class='avia-button  avia-icon_select-yes-left-icon avia-color-teal avia-size-large avia-position-center '   ><span class='avia_button_icon avia_button_icon_left ' aria-hidden='true' data-av_icon='\ue800' data-av_iconfont='entypo-fontello'><\/span><span class='avia_iconbox_title' >Etape pr\u00e9c\u00e9dente<\/span><\/a><\/div><br \/>\n<div  class='hr hr-default '><span class='hr-inner ' ><span class='hr-inner-style'><\/span><\/span><\/div><br \/>\n<div class='avia-button-wrap avia-button-center '><a href='https:\/\/genevieveetdidier.fr\/?page_id=588' class='avia-button  avia-icon_select-yes-left-icon avia-color-teal avia-size-large avia-position-center '   ><span class='avia_button_icon avia_button_icon_left ' aria-hidden='true' data-av_icon='\ue800' data-av_iconfont='entypo-fontello'><\/span><span class='avia_iconbox_title' >Etape suivante<\/span><\/a><\/div><\/p><\/div>\n<div class=\"flex_column av_one_third  flex_column_div av-zero-column-padding first  \" style='border-radius:0px; '><div class='avia-image-container  av-styling-   avia-align-center '  itemscope=\"itemscope\" itemtype=\"https:\/\/schema.org\/ImageObject\"  ><div class='avia-image-container-inner'><img class='avia_image ' src='https:\/\/genevieveetdidier.fr\/wp-content\/uploads\/2018\/02\/20170504_141149-500x281.jpg' alt='' title='20170504_141149'   itemprop=\"thumbnailUrl\"  \/><\/div><\/div><\/div>\n<div class=\"flex_column av_two_third  flex_column_div av-zero-column-padding   \" style='border-radius:0px; '><section class=\"av_textblock_section\"  itemscope=\"itemscope\" itemtype=\"https:\/\/schema.org\/CreativeWork\" ><div class='avia_textblock '   itemprop=\"text\" ><h2><\/h2>\n<h3><span style=\"color: #3366ff;\">B\u00c2LE &#8211; SUHR 83 kms<\/span><\/h3>\n<p>D\u00e9part tranquille, vers 10h30 car nous avons pris le temps de papoter avec des hollandais sympathiques et nous pensions que l\u2019\u00e9tape serait facile (quelle erreur !). Nous sortons de B\u00e2le par la rive droite du Rhin et nous ne trouvons pas la route N3 que nous devions prendre. Nous longeons donc le Rhin en Allemagne pendant 40 kms et nous le franchissons par un superbe pont en bois \u00e0 BAD S\u00c4CKINGEN, une tr\u00e8s jolie ville.<\/p>\n<\/div><\/section><\/div>\n<div class=\"flex_column av_two_third  flex_column_div av-zero-column-padding first  \" style='border-radius:0px; '><section class=\"av_textblock_section\"  itemscope=\"itemscope\" itemtype=\"https:\/\/schema.org\/CreativeWork\" ><div class='avia_textblock '  style='font-size:14px; '  itemprop=\"text\" ><h6>Le pont couvert de Bad S\u00e4ckingen est un pont couvert en bois, sur le Rhin. Il relie la ville allemande de Bad S\u00e4ckingen avec la commune de Stein en Suisse. Avec ses 203,7 m\u00e8tres (206,5 m\u00e8tres avec des avant-toits), il est le plus long pont couvert en bois d&rsquo;Europe. La ville de Bad S\u00e4ckingen a pr\u00e9lev\u00e9 un p\u00e9age pour sa travers\u00e9e de 1416 \u00e0 1869. Depuis 1979, il ne sert plus qu&rsquo;au passage des pi\u00e9tons et des cyclistes. (Wikip\u00e9dia)<\/h6>\n<\/div><\/section><\/div>\n<div class=\"flex_column av_one_third  flex_column_div av-zero-column-padding   \" style='border-radius:0px; '><div class='avia-image-container  av-styling-   avia-align-center '  itemscope=\"itemscope\" itemtype=\"https:\/\/schema.org\/ImageObject\"  ><div class='avia-image-container-inner'><img class='avia_image ' src='https:\/\/genevieveetdidier.fr\/wp-content\/uploads\/2018\/02\/20170504_145750-500x281.jpg' alt='' title='20170504_145750'   itemprop=\"thumbnailUrl\"  \/><\/div><\/div><\/div>\n<\/div><\/div><\/div><!-- close content main div --><\/div><\/div><div id='av_section_1' class='avia-section main_color avia-section-default avia-no-shadow avia-bg-style-scroll  container_wrap fullsize' style = 'background-color: #d8d8d8; '  ><div class='container' ><div class='template-page content  av-content-full alpha units'><div class='post-entry post-entry-type-page post-entry-585'><div class='entry-content-wrapper clearfix'>\n<div class=\"flex_column av_one_third  flex_column_div av-zero-column-padding first  \" style='border-radius:0px; '><p><div class='avia-image-container  av-styling-   avia-align-center '  itemscope=\"itemscope\" itemtype=\"https:\/\/schema.org\/ImageObject\"  ><div class='avia-image-container-inner'><img class='avia_image ' src='https:\/\/genevieveetdidier.fr\/wp-content\/uploads\/2018\/02\/A1.jpg' alt='' title='Aarau'   itemprop=\"thumbnailUrl\"  \/><\/div><\/div><br \/>\n<\/p><\/div><div class=\"flex_column av_two_third  flex_column_div av-zero-column-padding   \" style='border-radius:0px; '><section class=\"av_textblock_section\"  itemscope=\"itemscope\" itemtype=\"https:\/\/schema.org\/CreativeWork\" ><div class='avia_textblock '   itemprop=\"text\" ><p>Ce beau pont nous a ramen\u00e9s en Suisse, mais il faut maintenant trouver la route de AARAU et ce n\u2019est pas une mince affaire\u2026 On avance, on tourne, on s\u2019\u00e9gare, on fait marche arri\u00e8re\u2026 on recommence, mais tout finit par s\u2019arranger. La route vers Aarau est une belle route, agr\u00e9able et roulante, mais nous ne savions pas qu\u2019il y avait un col \u00e0 franchir, un col modeste, certes, mais avec de bons raidillons.<br \/>\nLes choses se g\u00e2tent dans la descente. Emport\u00e9 par mon \u00e9lan et certain qu\u2019il fallait aller tout droit (ma boussole le disait bien), je m\u2019engage \u00e0 fond dans un tunnel autoroutier (du moins une quatre voies) suivi par Genevi\u00e8ve bien inqui\u00e8te \u2026 Un tunnel de 750m de long avec des voitures partout, et dans ces moments l\u00e0, 750 m\u00e8tres, c\u2019est long, long.<br \/>\nArriv\u00e9s sains et saufs dans la jolie ville de AARAU, sur les bords de l\u2019Aar, nous commen\u00e7ons \u00e0 chercher le camping qui normalement (c\u2019est moi la norme) devrait se trouver dans la ville toute voisine de B\u00dcCHS.<\/p>\n<\/div><\/section><\/div>\n\n<div class=\"flex_column av_two_third  flex_column_div av-zero-column-padding first  \" style='border-radius:0px; '><section class=\"av_textblock_section\"  itemscope=\"itemscope\" itemtype=\"https:\/\/schema.org\/CreativeWork\" ><div class='avia_textblock '   itemprop=\"text\" ><p>On cherche, on demande, personne ne conna\u00eet de camping, on v\u00e9rifie sur internet : rien. Rien \u00e0 moins de 30 ou 40 kilom\u00e8tres, et sans garantie\u2026 De plus il est d\u00e9j\u00e0 19 heures, la nuit commence \u00e0 tomber, il pleut des cordes. Aller \u00e0 l\u2019h\u00f4tel ? Tous les prix que nous voyons sur internet sont \u00e0 trois chiffres, et pour Genevi\u00e8ve c\u2019est r\u00e9dhibitoire, notre budget pr\u00e9visionnel ne supporterait pas.<br \/>\nNous optons pour le bivouac. Apr\u00e8s quelques kilom\u00e8tres dans la campagne nous choisissons un bord de rivi\u00e8re o\u00f9 il y a un pont couvert, pont qui nous permet de manger un peu \u00e0 l\u2019abri. Il pleut toujours et nous avons tr\u00e8s froid. Certains passants sont fort \u00e9tonn\u00e9s de nous voir l\u00e0 \u00e0 cette heure tardive, quelques uns prennent le temps de s\u2019enqu\u00e9rir de notre sant\u00e9 (physique et mentale ?) mais aucun n\u2019a l\u2019id\u00e9e de nous proposer un h\u00e9bergement. Pour notre premier bivouac, dans la commune de SUHR, nous dormirons donc bien au frais, les pieds et la t\u00eate sous l\u2019eau. Comme dit Genevi\u00e8ve, c\u2019est un bon vaccin ; apr\u00e8s cela nous ne craindrons plus rien.<\/p>\n<\/div><\/section><\/div>\n<div class=\"flex_column av_one_third  flex_column_div av-zero-column-padding   \" style='border-radius:0px; '><div class='avia-image-container  av-styling-   avia-align-center '  itemscope=\"itemscope\" itemtype=\"https:\/\/schema.org\/ImageObject\"  ><div class='avia-image-container-inner'><img class='avia_image ' src='https:\/\/genevieveetdidier.fr\/wp-content\/uploads\/2018\/02\/A2.jpg' alt='' title='A2'   itemprop=\"thumbnailUrl\"  \/><\/div><\/div><\/div>\n<div class=\"flex_column av_two_third  flex_column_div av-zero-column-padding first  \" style='border-radius:0px; '><section class=\"av_textblock_section\"  itemscope=\"itemscope\" itemtype=\"https:\/\/schema.org\/CreativeWork\" ><div class='avia_textblock '   itemprop=\"text\" ><h3><span style=\"color: #3366ff;\">\u00a0SUHR (AARAU) \u2013 HORW (LUCERNE) 63 kms<\/span><\/h3>\n<p>Nous nous r\u00e9veillons avant le chant du coq car lorsqu\u2019on fait du camping sauvage il faut savoir remballer au plus t\u00f4t ; \u00e0 7 heures nous sommes d\u00e9j\u00e0 sur la voie 3 et beaucoup de joggers n\u2019en croient pas leurs yeux.<br \/>\nNous longeons la vall\u00e9e de la Suhre que nous montons tranquillement en passant par de belles villes (SURSEE, SEMPACH) pour redescendre ensuite vers LUCERNE, ville anim\u00e9e, jeune, avec un superbe lac et de nombreux cyclistes. De plus il fait beau, presque chaud, et le camping que nous avions rep\u00e9r\u00e9 existe bel et bien. Que demander de plus ?<\/p>\n<\/div><\/section><\/div>\n<div class=\"flex_column av_one_third  flex_column_div av-zero-column-padding   \" style='border-radius:0px; '><div class='avia-image-container  av-styling-   avia-align-center '  itemscope=\"itemscope\" itemtype=\"https:\/\/schema.org\/ImageObject\"  ><div class='avia-image-container-inner'><img class='avia_image ' src='https:\/\/genevieveetdidier.fr\/wp-content\/uploads\/2018\/02\/A3.jpg' alt='' title='A3'   itemprop=\"thumbnailUrl\"  \/><\/div><\/div><\/div>\n<\/div><\/div><\/div><!-- close content main div --><\/div><\/div><div id='av_section_2' class='avia-section main_color avia-section-default avia-no-shadow avia-full-stretch avia-bg-style-fixed  av-minimum-height av-minimum-height-50 container_wrap fullsize' style = 'background-repeat: no-repeat; background-image: url(https:\/\/genevieveetdidier.fr\/wp-content\/uploads\/2018\/02\/A4-1.jpg); background-attachment: fixed; background-position: center center; ' data-section-bg-repeat='stretch' ><div class='container' ><div class='template-page content  av-content-full alpha units'><div class='post-entry post-entry-type-page post-entry-585'><div class='entry-content-wrapper clearfix'>\n<div class=\"flex_column av_one_full  flex_column_div av-zero-column-padding first  \" style='border-radius:0px; '><section class=\"av_textblock_section\"  itemscope=\"itemscope\" itemtype=\"https:\/\/schema.org\/CreativeWork\" ><div class='avia_textblock '   itemprop=\"text\" ><h3><span style=\"color: #3366ff;\">HORW \u2013 BELLINZONA 50 kms<\/span><\/h3>\n<p>Petit-d\u00e9jeuner sous la tente et sous la pluie qui est revenue. Nous partons \u00e0 9 heures en profitant d\u2019une accalmie et nous contournons le lac pendant une vingtaine de kilom\u00e8tres sur de belles pistes et avec une m\u00e9t\u00e9o qui se maintient. Ensuite nous prenons le bateau pour traverser le lac.<\/p>\n<p><img loading=\"lazy\" decoding=\"async\" class=\"aligncenter size-medium wp-image-664\" src=\"https:\/\/genevieveetdidier.fr\/wp-content\/uploads\/2018\/02\/20170506_113316-500x281.jpg\" alt=\"\" width=\"500\" height=\"281\" srcset=\"https:\/\/genevieveetdidier.fr\/wp-content\/uploads\/2018\/02\/20170506_113316-500x281.jpg 500w, https:\/\/genevieveetdidier.fr\/wp-content\/uploads\/2018\/02\/20170506_113316-768x432.jpg 768w, https:\/\/genevieveetdidier.fr\/wp-content\/uploads\/2018\/02\/20170506_113316-1030x579.jpg 1030w, https:\/\/genevieveetdidier.fr\/wp-content\/uploads\/2018\/02\/20170506_113316-1500x844.jpg 1500w, https:\/\/genevieveetdidier.fr\/wp-content\/uploads\/2018\/02\/20170506_113316-705x397.jpg 705w, https:\/\/genevieveetdidier.fr\/wp-content\/uploads\/2018\/02\/20170506_113316-450x253.jpg 450w\" sizes=\"auto, (max-width: 500px) 100vw, 500px\" \/><\/p>\n<p style=\"text-align: center;\"><em>Les deux h\u00e9ros, pas peu fiers d\u2019\u00eatre d\u00e9j\u00e0 all\u00e9s aussi loin<\/em><\/p>\n<p>Nous prenons la direction de FL\u00dcELEN par une belle route qui monte un peu et qui \u00e9tait qualifi\u00e9e de dangereuse. En fait elle est assez agr\u00e9able, sauf peut-\u00eatre pour ceux qui sont sujets au vertige, et j\u2019en connais.<br \/>\nDes panneaux routiers confirment ce que nous savions d\u00e9j\u00e0 : le col du Saint Gotthard est ferm\u00e9. Nous allons donc \u00e0 la gare de FL\u00dcELEN pour nous renseigner sur les trains \u00e9ventuels. Vite ! il y a justement un train qui va partir et en moins de temps qu\u2019il ne faut pour le dire nous nous retrouvons \u00e0 BELLINZONA.<\/p>\n<p>Certes il pleut de plus belle, mais cette fois c\u2019est une pluie qui parle italien, et nous cherchons non plus un camping mais un campeggio. Nous le trouvons, bien humide, mais avec un petit resto tout juste alimentaire mais sympa. Nous attaquons notre r\u00e9gime pizza.<\/p>\n<\/div><\/section><\/div>\n<div id='av-masonry-1' class='av-masonry noHover av-flex-size av-large-gap av-hover-overlay-active av-masonry-col-3 av-caption-always av-caption-style- av-masonry-gallery    '  ><div class='av-masonry-container isotope av-js-disabled ' ><div class='av-masonry-entry isotope-item av-masonry-item-no-image '><\/div><a href=\"https:\/\/genevieveetdidier.fr\/wp-content\/uploads\/2018\/02\/A10.jpg\" id='av-masonry-1-item-668' data-av-masonry-item='668' class='av-masonry-entry isotope-item post-668 attachment type-attachment status-inherit hentry  av-masonry-item-with-image' title=\"\"  itemprop=\"thumbnailUrl\" ><div class='av-inner-masonry-sizer'><\/div><figure class='av-inner-masonry main_color'><div class=\"av-masonry-outerimage-container\"><div class=\"av-masonry-image-container\" style=\"background-image: url(https:\/\/genevieveetdidier.fr\/wp-content\/uploads\/2018\/02\/A10.jpg);\"><img decoding=\"async\" src=\"https:\/\/genevieveetdidier.fr\/wp-content\/uploads\/2018\/02\/A10.jpg\" title=\"A10\" alt=\"\" \/><\/div><\/div><\/figure><\/a><!--end av-masonry entry--><a href=\"https:\/\/genevieveetdidier.fr\/wp-content\/uploads\/2018\/02\/A8.jpg\" id='av-masonry-1-item-666' data-av-masonry-item='666' class='av-masonry-entry isotope-item post-666 attachment type-attachment status-inherit hentry  av-masonry-item-with-image' title=\"\"  itemprop=\"thumbnailUrl\" ><div class='av-inner-masonry-sizer'><\/div><figure class='av-inner-masonry main_color'><div class=\"av-masonry-outerimage-container\"><div class=\"av-masonry-image-container\" style=\"background-image: url(https:\/\/genevieveetdidier.fr\/wp-content\/uploads\/2018\/02\/A8.jpg);\"><img decoding=\"async\" src=\"https:\/\/genevieveetdidier.fr\/wp-content\/uploads\/2018\/02\/A8.jpg\" title=\"A8\" alt=\"\" \/><\/div><\/div><\/figure><\/a><!--end av-masonry entry--><a href=\"https:\/\/genevieveetdidier.fr\/wp-content\/uploads\/2018\/02\/A9.jpg\" id='av-masonry-1-item-667' data-av-masonry-item='667' class='av-masonry-entry isotope-item post-667 attachment type-attachment status-inherit hentry  av-masonry-item-with-image' title=\"\"  itemprop=\"thumbnailUrl\" ><div class='av-inner-masonry-sizer'><\/div><figure class='av-inner-masonry main_color'><div class=\"av-masonry-outerimage-container\"><div class=\"av-masonry-image-container\" style=\"background-image: url(https:\/\/genevieveetdidier.fr\/wp-content\/uploads\/2018\/02\/A9.jpg);\"><img decoding=\"async\" src=\"https:\/\/genevieveetdidier.fr\/wp-content\/uploads\/2018\/02\/A9.jpg\" title=\"A9\" alt=\"\" \/><\/div><\/div><\/figure><\/a><!--end av-masonry entry--><a href=\"https:\/\/genevieveetdidier.fr\/wp-content\/uploads\/2018\/02\/A7.jpg\" id='av-masonry-1-item-665' data-av-masonry-item='665' class='av-masonry-entry isotope-item post-665 attachment type-attachment status-inherit hentry  av-masonry-item-with-image' title=\"\"  itemprop=\"thumbnailUrl\" ><div class='av-inner-masonry-sizer'><\/div><figure class='av-inner-masonry main_color'><div class=\"av-masonry-outerimage-container\"><div class=\"av-masonry-image-container\" style=\"background-image: url(https:\/\/genevieveetdidier.fr\/wp-content\/uploads\/2018\/02\/A7.jpg);\"><img decoding=\"async\" src=\"https:\/\/genevieveetdidier.fr\/wp-content\/uploads\/2018\/02\/A7.jpg\" title=\"A7\" alt=\"\" \/><\/div><\/div><\/figure><\/a><!--end av-masonry entry--><a href=\"https:\/\/genevieveetdidier.fr\/wp-content\/uploads\/2018\/02\/20170505_081753-1030x579.jpg\" id='av-masonry-1-item-672' data-av-masonry-item='672' class='av-masonry-entry isotope-item post-672 attachment type-attachment status-inherit hentry  av-masonry-item-with-image' title=\"\"  itemprop=\"thumbnailUrl\" ><div class='av-inner-masonry-sizer'><\/div><figure class='av-inner-masonry main_color'><div class=\"av-masonry-outerimage-container\"><div class=\"av-masonry-image-container\" style=\"background-image: url(https:\/\/genevieveetdidier.fr\/wp-content\/uploads\/2018\/02\/20170505_081753-705x397.jpg);\"><img decoding=\"async\" src=\"https:\/\/genevieveetdidier.fr\/wp-content\/uploads\/2018\/02\/20170505_081753-705x397.jpg\" title=\"20170505_081753\" alt=\"\" \/><\/div><\/div><\/figure><\/a><!--end av-masonry entry--><a href=\"https:\/\/genevieveetdidier.fr\/wp-content\/uploads\/2018\/02\/20170506_131810-1030x579.jpg\" id='av-masonry-1-item-673' data-av-masonry-item='673' class='av-masonry-entry isotope-item post-673 attachment type-attachment status-inherit hentry  av-masonry-item-with-image' title=\"\"  itemprop=\"thumbnailUrl\" ><div class='av-inner-masonry-sizer'><\/div><figure class='av-inner-masonry main_color'><div class=\"av-masonry-outerimage-container\"><div class=\"av-masonry-image-container\" style=\"background-image: url(https:\/\/genevieveetdidier.fr\/wp-content\/uploads\/2018\/02\/20170506_131810-705x397.jpg);\"><img decoding=\"async\" src=\"https:\/\/genevieveetdidier.fr\/wp-content\/uploads\/2018\/02\/20170506_131810-705x397.jpg\" title=\"\" alt=\"\" \/><\/div><\/div><\/figure><\/a><!--end av-masonry entry--><\/div><\/div>\n","protected":false},"excerpt":{"rendered":"","protected":false},"author":1,"featured_media":0,"parent":457,"menu_order":0,"comment_status":"closed","ping_status":"closed","template":"","meta":{"_monsterinsights_skip_tracking":false,"_monsterinsights_sitenote_active":false,"_monsterinsights_sitenote_note":"","_monsterinsights_sitenote_category":0,"footnotes":""},"class_list":["post-585","page","type-page","status-publish","hentry"],"_links":{"self":[{"href":"https:\/\/genevieveetdidier.fr\/index.php?rest_route=\/wp\/v2\/pages\/585","targetHints":{"allow":["GET"]}}],"collection":[{"href":"https:\/\/genevieveetdidier.fr\/index.php?rest_route=\/wp\/v2\/pages"}],"about":[{"href":"https:\/\/genevieveetdidier.fr\/index.php?rest_route=\/wp\/v2\/types\/page"}],"author":[{"embeddable":true,"href":"https:\/\/genevieveetdidier.fr\/index.php?rest_route=\/wp\/v2\/users\/1"}],"replies":[{"embeddable":true,"href":"https:\/\/genevieveetdidier.fr\/index.php?rest_route=%2Fwp%2Fv2%2Fcomments&post=585"}],"version-history":[{"count":19,"href":"https:\/\/genevieveetdidier.fr\/index.php?rest_route=\/wp\/v2\/pages\/585\/revisions"}],"predecessor-version":[{"id":1184,"href":"https:\/\/genevieveetdidier.fr\/index.php?rest_route=\/wp\/v2\/pages\/585\/revisions\/1184"}],"up":[{"embeddable":true,"href":"https:\/\/genevieveetdidier.fr\/index.php?rest_route=\/wp\/v2\/pages\/457"}],"wp:attachment":[{"href":"https:\/\/genevieveetdidier.fr\/index.php?rest_route=%2Fwp%2Fv2%2Fmedia&parent=585"}],"curies":[{"name":"wp","href":"https:\/\/api.w.org\/{rel}","templated":true}]}}