{"id":578,"date":"2018-02-06T12:01:14","date_gmt":"2018-02-06T11:01:14","guid":{"rendered":"http:\/\/genevieveetdidier.fr\/?page_id=578"},"modified":"2020-03-24T16:52:20","modified_gmt":"2020-03-24T15:52:20","slug":"de-luneville-a-mulhouse","status":"publish","type":"page","link":"https:\/\/genevieveetdidier.fr\/?page_id=578","title":{"rendered":"De Lun\u00e9ville \u00e0 B\u00e2le"},"content":{"rendered":"<div class=\"flex_column av_one_third  flex_column_div av-zero-column-padding first  \" style='border-radius:0px; '><section class=\"av_textblock_section\"  itemscope=\"itemscope\" itemtype=\"https:\/\/schema.org\/CreativeWork\" ><div class='avia_textblock '   itemprop=\"text\" ><h2>De Lun\u00e9ville \u00e0 B\u00e2le<\/h2>\n<h2>Du Lundi 1 au 3 mai 2017<\/h2>\n<\/div><\/section><\/div>\n<div class=\"flex_column av_two_fifth  flex_column_div av-zero-column-padding   \" style='border-radius:0px; '><div class='avia-image-container  av-styling-   avia-align-center '  itemscope=\"itemscope\" itemtype=\"https:\/\/schema.org\/ImageObject\"  ><div class='avia-image-container-inner'><img class='avia_image ' src='https:\/\/genevieveetdidier.fr\/wp-content\/uploads\/2018\/03\/carte1.jpg' alt='' title='carte1'   itemprop=\"thumbnailUrl\"  \/><\/div><\/div><\/div>\n<div class=\"flex_column av_one_fourth  flex_column_div av-zero-column-padding   \" style='border-radius:0px; '><div class='avia-button-wrap avia-button-center '><a href='https:\/\/genevieveetdidier.fr\/?page_id=585' class='avia-button  avia-icon_select-yes-left-icon avia-color-teal avia-size-large avia-position-center '   ><span class='avia_button_icon avia_button_icon_left ' aria-hidden='true' data-av_icon='\ue801' data-av_iconfont='entypo-fontello'><\/span><span class='avia_iconbox_title' >Etape suivante<\/span><\/a><\/div><\/div>\n<div class=\"flex_column av_two_third  flex_column_div av-zero-column-padding first  \" style='border-radius:0px; '><section class=\"av_textblock_section\"  itemscope=\"itemscope\" itemtype=\"https:\/\/schema.org\/CreativeWork\" ><div class='avia_textblock '   itemprop=\"text\" ><h2><\/h2>\n<h3><span style=\"color: #3366ff;\"> LUNEVILLE &#8211; GERARDMER 81 kms<\/span><\/h3>\n<p>Derni\u00e8res r\u00e9visions avant de partir.<br \/>\nCa y est, on y va ! Il est 10 heures, le temps est pluvieux. Voil\u00e0 plusieurs mois que nous attendions ce jour. Nous avons planifi\u00e9 notre parcours jusque Venise. Nous savons qu\u2019ensuite nous descendrons l\u2019Italie pour rejoindre la Corse par la Sicile et la Sardaigne. Ensuite nous verrons bien ; il faut \u00eatre \u00e0 Nantes le 20 octobre. Mais irons nous jusque l\u00e0 ? En traversant FRAIMBOIS, MOYEN, le doute s\u2019installe\u2026 arriverons-nous seulement \u00e0 Venise ? Notre projet n\u2019est-il pas un peu insens\u00e9 ?<br \/>\nNous connaissons bien la route jusque G\u00e9rardmer, et elle se fait sans probl\u00e8me, mise \u00e0 part la m\u00e9t\u00e9o. Nous nous abritons deux fois dans des abribus, le temps que \u00e7a passe\u2026 des petites pauses forc\u00e9es. L\u2019abribus vosgien est beau, en bois, avec trois bancs en vis-\u00e0-vis, c\u2019est tr\u00e8s spacieux. La suite de notre voyage nous en fera conna\u00eetre d\u2019autres.<br \/>\nNous suivons la vall\u00e9e de la Mortagne, puis celle de l\u2019Arent\u00e8le, et enfin celle de la Vologne, de triste renomm\u00e9e.<br \/>\nLa m\u00e9t\u00e9o annonce 2 degr\u00e9s pour la nuit, en plus de la pluie, c\u2019est suffisant pour nous convaincre d\u2019aller \u00e0 l\u2019h\u00f4tel (H\u00f4tel du Gai Relai). Notre budget va d\u00e9j\u00e0 en p\u00e2tir mais mieux vaut un bon lit qu\u2019une bonne grippe. Nous mangeons au restaurant de La Cl\u00e9 des Champs, l\u2019ambiance est chaleureuse et le repas est copieux.<\/p>\n<h3><\/h3>\n<p><code><\/code><\/p>\n<\/div><\/section><\/div>\n<div class=\"flex_column av_one_third  flex_column_div av-zero-column-padding   \" style='border-radius:0px; '><div class='avia-image-container  av-styling-   avia-align-center '  itemscope=\"itemscope\" itemtype=\"https:\/\/schema.org\/ImageObject\"  ><div class='avia-image-container-inner'><img class='avia_image ' src='https:\/\/genevieveetdidier.fr\/wp-content\/uploads\/2018\/02\/1_1-495x400.jpg' alt='' title='Kichompr\u00e9'   itemprop=\"thumbnailUrl\"  \/><\/div><\/div><\/div>\n<div class=\"flex_column av_one_full  flex_column_div av-zero-column-padding first  \" style='border-radius:0px; '><section class=\"av_textblock_section\"  itemscope=\"itemscope\" itemtype=\"https:\/\/schema.org\/CreativeWork\" ><div class='avia_textblock '  style='font-size:14px; '  itemprop=\"text\" ><h3><span style=\"color: #3366ff;\">\u00a0GERARDMER &#8211; MULHOUSE 90 kms<\/span><\/h3>\n<h3><\/h3>\n<p><span style=\"color: #3366ff;\"><span style=\"color: #000000;\">D\u00e9part vers 9 heures, le ciel est un peu plus d\u00e9gag\u00e9. Nous traversons les Vosges dans un cadre superbe. Deux cols sont au programme mais ils s\u2019av\u00e8rent assez faciles. Nous aurons aussi deux crevaisons, d\u00e9j\u00e0, et elles n\u2019\u00e9taient pas au programme. Mais c\u2019est l\u2019occasion pour Genevi\u00e8ve de s\u2019entrainer \u00e0 r\u00e9parer un pneu ; je peux envisager l\u2019avenir avec un peu plus de s\u00e9r\u00e9nit\u00e9, elle se d\u00e9brouille tr\u00e8s bien. <\/span><br \/>\n<span style=\"color: #000000;\">La descente vers l\u2019Alsace est glaciale, sous des giboul\u00e9es de pluie et de gr\u00eale. Dans la plaine d\u2019Alsace il fait un peu meilleur et nous profitons des nombreuses pistes cyclables. Les alsaciens pensent au v\u00e9lo, ce n\u2019est pas le cas dans toutes les r\u00e9gions.<\/span><br \/>\n<\/span><\/p>\n<p>Le soir nous campons au camping de l\u2019Ill, au bord de l\u2019eau, et nous mangeons au resto Le Secret : pas mal.<\/p>\n<h6><code>Fond\u00e9e selon la l\u00e9gende autour d'un moulin \u00e0 eau, Mulhouse fut longtemps une cit\u00e9-\u00c9tat qui devint en 1347 la R\u00e9publique de Mulhouse (Stadtrepublik M\u00fclhausen). \u00c0 coups d'alliances, elle affirma son ind\u00e9pendance \u00e0 l'\u00e9gard du Saint-Empire \u00e0 la fin du XV\u00b0si\u00e8cle, puis adopta les id\u00e9es de la R\u00e9forme protestante par l'instauration du calvinisme comme religion d\u2019Etat. Propuls\u00e9e dans l'aventure industrielle en 1746 et \u00ab r\u00e9unie \u00bb \u00e0 la France en 1798, elle devint un des premiers p\u00f4les industriels d'Europe et fut longtemps surnomm\u00e9e le \u00ab Manchester fran\u00e7ais \u00bb. En 1812, la filature dite \u00ab vieux DMC \u00bb est construite et fut longtemps un des symboles de la R\u00e9volution industrielle en Europe. L\u2019aire urbaine de Mulhouse compte aujourd\u2019hui pr\u00e8s de 300 000 habitants. (Wikip\u00e9dia)<\/code><\/h6>\n<\/div><\/section><\/div>\n<div class=\"flex_column av_one_full  flex_column_div av-zero-column-padding first  \" style='border-radius:0px; '><div id='av-masonry-1' class='av-masonry noHover av-fixed-size av-large-gap av-hover-overlay-active av-masonry-col-flexible av-caption-always av-caption-style- av-masonry-gallery    '  ><div class='av-masonry-container isotope av-js-disabled ' ><div class='av-masonry-entry isotope-item av-masonry-item-no-image '><\/div><a href=\"https:\/\/genevieveetdidier.fr\/wp-content\/uploads\/2017\/11\/image5.jpg\" id='av-masonry-1-item-79' data-av-masonry-item='79' class='av-masonry-entry isotope-item post-79 attachment type-attachment status-inherit hentry  av-masonry-item-with-image av-grid-img' title=\"L&#039;entr\u00e9e dans Mulhouse est tr\u00e8s color\u00e9e\"  itemprop=\"thumbnailUrl\" ><div class='av-inner-masonry-sizer'><\/div><figure class='av-inner-masonry main_color'><div class=\"av-masonry-outerimage-container\"><div class=\"av-masonry-image-container\" style=\"background-image: url(https:\/\/genevieveetdidier.fr\/wp-content\/uploads\/2017\/11\/image5.jpg);\"><img decoding=\"async\" src=\"https:\/\/genevieveetdidier.fr\/wp-content\/uploads\/2017\/11\/image5.jpg\" title=\"image5\" alt=\"\" \/><\/div><\/div><figcaption class='av-inner-masonry-content site-background'><div class='av-inner-masonry-content-pos'><div class='av-inner-masonry-content-pos-content'><div class='avia-arrow'><\/div><div class='av-masonry-entry-content entry-content'  itemprop=\"text\" >L'entr\u00e9e dans Mulhouse est tr\u00e8s color\u00e9e<\/div><\/div><\/div><\/figcaption><\/figure><\/a><!--end av-masonry entry--><a href=\"https:\/\/genevieveetdidier.fr\/wp-content\/uploads\/2017\/11\/image3.jpg\" id='av-masonry-1-item-81' data-av-masonry-item='81' class='av-masonry-entry isotope-item post-81 attachment type-attachment status-inherit hentry  av-masonry-item-with-image av-grid-img' title=\"Premi\u00e8re crevaison\"  itemprop=\"thumbnailUrl\" ><div class='av-inner-masonry-sizer'><\/div><figure class='av-inner-masonry main_color'><div class=\"av-masonry-outerimage-container\"><div class=\"av-masonry-image-container\" style=\"background-image: url(https:\/\/genevieveetdidier.fr\/wp-content\/uploads\/2017\/11\/image3.jpg);\"><img decoding=\"async\" src=\"https:\/\/genevieveetdidier.fr\/wp-content\/uploads\/2017\/11\/image3.jpg\" title=\"image3\" alt=\"\" \/><\/div><\/div><figcaption class='av-inner-masonry-content site-background'><div class='av-inner-masonry-content-pos'><div class='av-inner-masonry-content-pos-content'><div class='avia-arrow'><\/div><div class='av-masonry-entry-content entry-content'  itemprop=\"text\" >Premi\u00e8re crevaison<\/div><\/div><\/div><\/figcaption><\/figure><\/a><!--end av-masonry entry--><a href=\"https:\/\/genevieveetdidier.fr\/wp-content\/uploads\/2017\/11\/image4.jpg\" id='av-masonry-1-item-80' data-av-masonry-item='80' class='av-masonry-entry isotope-item post-80 attachment type-attachment status-inherit hentry  av-masonry-item-with-image av-grid-img' title=\"Premier col\"  itemprop=\"thumbnailUrl\" ><div class='av-inner-masonry-sizer'><\/div><figure class='av-inner-masonry main_color'><div class=\"av-masonry-outerimage-container\"><div class=\"av-masonry-image-container\" style=\"background-image: url(https:\/\/genevieveetdidier.fr\/wp-content\/uploads\/2017\/11\/image4.jpg);\"><img decoding=\"async\" src=\"https:\/\/genevieveetdidier.fr\/wp-content\/uploads\/2017\/11\/image4.jpg\" title=\"Premier col\" alt=\"\" \/><\/div><\/div><figcaption class='av-inner-masonry-content site-background'><div class='av-inner-masonry-content-pos'><div class='av-inner-masonry-content-pos-content'><div class='avia-arrow'><\/div><div class='av-masonry-entry-content entry-content'  itemprop=\"text\" >Premier col<\/div><\/div><\/div><\/figcaption><\/figure><\/a><!--end av-masonry entry--><\/div><\/div><\/div>\n<div class=\"flex_column av_two_third  flex_column_div av-zero-column-padding first  \" style='border-radius:0px; '><section class=\"av_textblock_section\"  itemscope=\"itemscope\" itemtype=\"https:\/\/schema.org\/CreativeWork\" ><div class='avia_textblock '   itemprop=\"text\" ><h3>MULHOUSE &#8211; B\u00c2LE 51 kms<\/h3>\n<p>Tout plat, sans pluie, bref que du bonheur sur de belles pistes bien balis\u00e9es le long des canaux.<br \/>\nL\u2019\u00e9tape est courte et cela nous donne le temps de visiter BALE, et en particulier la vieille ville. C\u2019est un quartier tr\u00e8s agr\u00e9able, avec de superbes b\u00e2tisses, cela vaut le d\u00e9tour.<br \/>\nNous nous installons au camping du Petit Port, \u00e0 HUNINGUE, camping tr\u00e8s sympathique avec un accueil tr\u00e8s chaleureux pour les cyclistes. Il est situ\u00e9 pr\u00e8s de la passerelle des Trois pays, France,<br \/>\nSuisse, Allemagne. En trois minutes, \u00e0 pieds, nous faisons trois pays, mais nous choisissons l\u2019Allemagne, tant pour la bi\u00e8re que pour manger le soir (dans un restaurant turc), c\u2019est moins cher.<br \/>\nOrage et bonne pluie le soir.<\/p>\n<\/div><\/section><\/div>\n<div class=\"flex_column av_one_third  flex_column_div av-zero-column-padding   \" style='border-radius:0px; '><div  data-autoplay='true'  data-interval='4'  data-animation='fade'  class='avia-logo-element-container  avia-logo-slider avia-content-slider avia-smallarrow-slider avia-content-slider-active noHover avia-content-slider1 avia-content-slider-odd ' ><div class='avia-smallarrow-slider-heading  no-logo-slider-navigation  no-logo-slider-heading '><\/div><div class='avia-content-slider-inner'><div class='slide-entry-wrap'  itemscope=\"itemscope\" itemtype=\"https:\/\/schema.org\/ImageObject\" ><div  class='slide-entry flex_column no_margin post-entry slide-entry-overview slide-loop-1 slide-parity-odd  av_fullwidth first real-thumbnail'><img loading=\"lazy\" decoding=\"async\"  itemprop=\"thumbnailUrl\"  width=\"328\" height=\"245\" src=\"https:\/\/genevieveetdidier.fr\/wp-content\/uploads\/2018\/02\/1_3.jpg\" class=\"attachment-portfolio size-portfolio\" alt=\"\" \/><\/div><\/div><div class='slide-entry-wrap'  itemscope=\"itemscope\" itemtype=\"https:\/\/schema.org\/ImageObject\" ><div  class='slide-entry flex_column no_margin post-entry slide-entry-overview slide-loop-2 slide-parity-odd  post-entry-last  av_fullwidth first real-thumbnail'><img loading=\"lazy\" decoding=\"async\"  itemprop=\"thumbnailUrl\"  width=\"339\" height=\"244\" src=\"https:\/\/genevieveetdidier.fr\/wp-content\/uploads\/2018\/02\/1_2.jpg\" class=\"attachment-portfolio size-portfolio\" alt=\"\" \/><\/div><\/div><\/div><\/div><\/div>\n<div class=\"flex_column av_one_half  flex_column_div av-zero-column-padding first  \" style='border-radius:0px; '><section class=\"av_textblock_section\"  itemscope=\"itemscope\" itemtype=\"https:\/\/schema.org\/CreativeWork\" ><div class='avia_textblock '  style='font-size:14px; '  itemprop=\"text\" ><h6>L&rsquo;agglom\u00e9ration b\u00e2loise est tri-nationale, puisqu&rsquo;elle englobe notamment les villes de Saint-Louis et Huningue en Alsace, et de Weil am Rhein et Lorrach dans le Bade-Wurtemberg. L\u2019Eurodistrict de B\u00e2le compte 830 000 habitants. En allemand, la r\u00e9gion est connue sous le nom de Dreil\u00e4ndereck (litt\u00e9ralement : l\u2019angle des trois pays), en fran\u00e7ais \u00ab district des trois fronti\u00e8res \u00bb.<\/h6>\n<p><em><em><code><\/code><\/em><\/em><\/p>\n<h6>La passerelle des Trois Pays est un pont qui traverse le Rhin entre les villes de Huningue (France) et de Weil-am-Rhein (Allemagne). Elle d\u00e9tient le record du monde de la plus longue passerelle r\u00e9serv\u00e9e aux pi\u00e9tons et aux v\u00e9los. Son nom vient de sa localisation entre l&rsquo;Allemagne, la France et la Suisse (qui se trouve \u00e0 une centaine de m\u00e8tres du pont). Elle a \u00e9t\u00e9 construite par l&rsquo;architecte franco-autrichien Dietmar Feichtinger.<\/h6>\n<\/div><\/section><\/div>\n<div class=\"flex_column av_one_half  flex_column_div av-zero-column-padding   \" style='border-radius:0px; '><div class='avia-image-container  av-styling-   avia-align-center '  itemscope=\"itemscope\" itemtype=\"https:\/\/schema.org\/ImageObject\"  ><div class='avia-image-container-inner'><img class='avia_image ' src='https:\/\/genevieveetdidier.fr\/wp-content\/uploads\/2018\/02\/1_4-500x371.jpg' alt='' title='1_4'   itemprop=\"thumbnailUrl\"  \/><\/div><\/div><\/div>\n","protected":false},"excerpt":{"rendered":"","protected":false},"author":1,"featured_media":0,"parent":582,"menu_order":1,"comment_status":"closed","ping_status":"closed","template":"","meta":{"_monsterinsights_skip_tracking":false,"_monsterinsights_sitenote_active":false,"_monsterinsights_sitenote_note":"","_monsterinsights_sitenote_category":0,"footnotes":""},"class_list":["post-578","page","type-page","status-publish","hentry"],"_links":{"self":[{"href":"https:\/\/genevieveetdidier.fr\/index.php?rest_route=\/wp\/v2\/pages\/578","targetHints":{"allow":["GET"]}}],"collection":[{"href":"https:\/\/genevieveetdidier.fr\/index.php?rest_route=\/wp\/v2\/pages"}],"about":[{"href":"https:\/\/genevieveetdidier.fr\/index.php?rest_route=\/wp\/v2\/types\/page"}],"author":[{"embeddable":true,"href":"https:\/\/genevieveetdidier.fr\/index.php?rest_route=\/wp\/v2\/users\/1"}],"replies":[{"embeddable":true,"href":"https:\/\/genevieveetdidier.fr\/index.php?rest_route=%2Fwp%2Fv2%2Fcomments&post=578"}],"version-history":[{"count":25,"href":"https:\/\/genevieveetdidier.fr\/index.php?rest_route=\/wp\/v2\/pages\/578\/revisions"}],"predecessor-version":[{"id":602,"href":"https:\/\/genevieveetdidier.fr\/index.php?rest_route=\/wp\/v2\/pages\/578\/revisions\/602"}],"up":[{"embeddable":true,"href":"https:\/\/genevieveetdidier.fr\/index.php?rest_route=\/wp\/v2\/pages\/582"}],"wp:attachment":[{"href":"https:\/\/genevieveetdidier.fr\/index.php?rest_route=%2Fwp%2Fv2%2Fmedia&parent=578"}],"curies":[{"name":"wp","href":"https:\/\/api.w.org\/{rel}","templated":true}]}}