{"id":5359,"date":"2020-03-28T17:35:24","date_gmt":"2020-03-28T16:35:24","guid":{"rendered":"http:\/\/genevieveetdidier.fr\/?page_id=5359"},"modified":"2020-03-29T17:30:14","modified_gmt":"2020-03-29T15:30:14","slug":"france-retour-de-metabief-a-luneville","status":"publish","type":"page","link":"https:\/\/genevieveetdidier.fr\/?page_id=5359","title":{"rendered":"De M\u00e9tabief \u00e0 Lun\u00e9ville"},"content":{"rendered":"<div class=\"flex_column av_one_full  flex_column_div av-zero-column-padding first  \" style='border-radius:0px; '><section class=\"av_textblock_section\"  itemscope=\"itemscope\" itemtype=\"https:\/\/schema.org\/CreativeWork\" ><div class='avia_textblock '   itemprop=\"text\" ><h1 style=\"text-align: right;\"><span style=\"color: #000080;\">De M\u00e9tabief \u00e0 Lun\u00e9ville<\/span><\/h1>\n<h1 style=\"text-align: left;\"><span style=\"color: #000080;\">\u00a0 METABIEF <\/span><\/h1>\n<h2><span style=\"color: #000080;\">Du Dimanche 12 ao\u00fbt jusqu\u2019au 17 ao\u00fbt\u00a0<\/span><\/h2>\n<\/div><\/section><\/div>\n<\/div><\/div><\/div><!-- close content main div --><\/div><\/div><div id='av_section_1' class='avia-section main_color avia-section-default avia-no-shadow avia-bg-style-scroll  container_wrap fullsize' style = 'background-color: #b8f0f2; '  ><div class='container' ><div class='template-page content  av-content-full alpha units'><div class='post-entry post-entry-type-page post-entry-5359'><div class='entry-content-wrapper clearfix'>\n<div class=\"flex_column av_one_full  flex_column_div av-zero-column-padding first  \" style='border-radius:0px; '><p><div class='avia-image-container  av-styling-   avia-align-center '  itemscope=\"itemscope\" itemtype=\"https:\/\/schema.org\/ImageObject\"  ><div class='avia-image-container-inner'><img class='avia_image ' src='https:\/\/genevieveetdidier.fr\/wp-content\/uploads\/2020\/03\/Metabief1-500x375.jpg' alt='' title='Metabief1'   itemprop=\"thumbnailUrl\"  \/><\/div><\/div><br \/>\n<section class=\"av_textblock_section\"  itemscope=\"itemscope\" itemtype=\"https:\/\/schema.org\/CreativeWork\" ><div class='avia_textblock '   itemprop=\"text\" ><p>Une semaine de repos avec les amis. Nous visitons les environs, nous nous promenons, nous mangeons, rions, buvons.<\/p>\n<\/div><\/section><\/p><\/div><div class=\"flex_column av_one_half  flex_column_div av-zero-column-padding first  \" style='border-radius:0px; '><div class='avia-image-container  av-styling-   avia-align-center '  itemscope=\"itemscope\" itemtype=\"https:\/\/schema.org\/ImageObject\"  ><div class='avia-image-container-inner'><img class='avia_image ' src='https:\/\/genevieveetdidier.fr\/wp-content\/uploads\/2020\/03\/Metabief2.jpg' alt='' title='Metabief2'   itemprop=\"thumbnailUrl\"  \/><\/div><\/div><\/div><div class=\"flex_column av_one_half  flex_column_div av-zero-column-padding   \" style='border-radius:0px; '><div class='avia-image-container  av-styling-   avia-align-center '  itemscope=\"itemscope\" itemtype=\"https:\/\/schema.org\/ImageObject\"  ><div class='avia-image-container-inner'><img class='avia_image ' src='https:\/\/genevieveetdidier.fr\/wp-content\/uploads\/2020\/03\/Metabief3.jpg' alt='' title='Metabief3'   itemprop=\"thumbnailUrl\"  \/><\/div><\/div><\/div><section class=\"av_textblock_section\"  itemscope=\"itemscope\" itemtype=\"https:\/\/schema.org\/CreativeWork\" ><div class='avia_textblock '   itemprop=\"text\" ><p style=\"text-align: center;\"><em>Visite et d\u00e9gustation<\/em><\/p>\n<\/div><\/section>\n\n<div class=\"flex_column av_one_full  flex_column_div av-zero-column-padding first  \" style='border-radius:0px; '><p><div class='avia-image-container  av-styling-   avia-align-center '  itemscope=\"itemscope\" itemtype=\"https:\/\/schema.org\/ImageObject\"  ><div class='avia-image-container-inner'><img class='avia_image ' src='https:\/\/genevieveetdidier.fr\/wp-content\/uploads\/2020\/03\/Metabief4-500x375.jpg' alt='' title='Metabief4'   itemprop=\"thumbnailUrl\"  \/><\/div><\/div><br \/>\n<section class=\"av_textblock_section\"  itemscope=\"itemscope\" itemtype=\"https:\/\/schema.org\/CreativeWork\" ><div class='avia_textblock '   itemprop=\"text\" ><p style=\"text-align: center;\"><em>Balade dans la nature, ici au Mont d\u2019Or. Remarquez comme la nature est bien pr\u00e9serv\u00e9e.<\/em><\/p>\n<\/div><\/section><\/p><\/div>\n<div class=\"flex_column av_one_full  flex_column_div av-zero-column-padding first  \" style='border-radius:0px; '><p><div class='avia-image-container  av-styling-   avia-align-center '  itemscope=\"itemscope\" itemtype=\"https:\/\/schema.org\/ImageObject\"  ><div class='avia-image-container-inner'><img class='avia_image ' src='https:\/\/genevieveetdidier.fr\/wp-content\/uploads\/2020\/03\/Metabief5-500x374.jpg' alt='' title='Metabief5'   itemprop=\"thumbnailUrl\"  \/><\/div><\/div><br \/>\n<section class=\"av_textblock_section\"  itemscope=\"itemscope\" itemtype=\"https:\/\/schema.org\/CreativeWork\" ><div class='avia_textblock '   itemprop=\"text\" ><p style=\"text-align: center;\"><em>La m\u00e9t\u00e9o a \u00e9t\u00e9 plut\u00f4t bonne mais certains jours le ciel changeait de couleur.<\/em><\/p>\n<\/div><\/section><\/p><\/div>\n<div class=\"flex_column av_one_full  flex_column_div av-zero-column-padding first  \" style='border-radius:0px; '><p><div class='avia-image-container  av-styling-   avia-align-center '  itemscope=\"itemscope\" itemtype=\"https:\/\/schema.org\/ImageObject\"  ><div class='avia-image-container-inner'><img class='avia_image ' src='https:\/\/genevieveetdidier.fr\/wp-content\/uploads\/2020\/03\/Metabief6-500x365.jpg' alt='' title='Metabief6'   itemprop=\"thumbnailUrl\"  \/><\/div><\/div><br \/>\n<section class=\"av_textblock_section\"  itemscope=\"itemscope\" itemtype=\"https:\/\/schema.org\/CreativeWork\" ><div class='avia_textblock '   itemprop=\"text\" ><p style=\"text-align: left;\">Cette semaine de repos a \u00e9t\u00e9 aussi l\u2019occasion de faire un premier bilan de ce voyage, m\u00eame s\u2019il n\u2019est pas encore termin\u00e9.<\/p>\n<p>Pour le moment nous avons fait 7112 kilom\u00e8tres. Si nous ne tenons compte que des jours o\u00f9 nous roulons nous faisons en moyenne 82 kilom\u00e8tres par jour. Sinon, en tenant compte de nos repos et de nos vacances, cela fait 63 kilom\u00e8tres par jour.<br \/>\nCe qui est s\u00fbr c\u2019est que le bilan moral est bon. M\u00eame si cette ann\u00e9e nous avons souvent souffert de la m\u00e9t\u00e9o celle-ci n\u2019a pas entam\u00e9 notre enthousiasme et apr\u00e8s cinq jours de repos nous sommes d\u00e9j\u00e0 impatients de repartir.<\/p>\n<\/div><\/section><\/p><\/div>\n<div class=\"flex_column av_one_full  flex_column_div av-zero-column-padding first  \" style='border-radius:0px; '><div class='avia-image-container  av-styling-   avia-align-center '  itemscope=\"itemscope\" itemtype=\"https:\/\/schema.org\/ImageObject\"  ><div class='avia-image-container-inner'><img class='avia_image ' src='https:\/\/genevieveetdidier.fr\/wp-content\/uploads\/2020\/03\/Metabief7-500x486.jpg' alt='' title='Metabief7'   itemprop=\"thumbnailUrl\"  \/><\/div><\/div><\/div>\n<div class=\"flex_column av_one_full  flex_column_div av-zero-column-padding first  \" style='border-radius:0px; '><div class='avia-image-container  av-styling-   avia-align-center '  itemscope=\"itemscope\" itemtype=\"https:\/\/schema.org\/ImageObject\"  ><div class='avia-image-container-inner'><img class='avia_image ' src='https:\/\/genevieveetdidier.fr\/wp-content\/uploads\/2020\/03\/Metabief8-500x375.jpg' alt='' title='Metabief8'   itemprop=\"thumbnailUrl\"  \/><\/div><\/div><\/div>\n<div class=\"flex_column av_one_full  flex_column_div av-zero-column-padding first  \" style='border-radius:0px; '><section class=\"av_textblock_section\"  itemscope=\"itemscope\" itemtype=\"https:\/\/schema.org\/CreativeWork\" ><div class='avia_textblock '   itemprop=\"text\" ><h1><span style=\"color: #000080;\">Samedi 18 ao\u00fbt\u00a0 METABIEF \u2013 BAUME LES DAMES,\u00a0 100kms<\/span><\/h1>\n<p>Les vacances entre amis sont finies. Nous avons abus\u00e9 des bonnes choses pendant une semaine, c\u2019\u00e9tait vraiment bien, mais nous sommes contents de retrouver nos v\u00e9los. Nous en avons besoin pour \u00e9liminer les exc\u00e8s et retrouver la condition physique.<\/p>\n<p>Nous partons \u00e0 8h40 vers Malbuisson, par une petite route bord\u00e9e de chasseurs, c\u2019est bien notre chance ! Nous arrivons quand m\u00eame \u00e0 passer et \u00e0 rejoindre le lac indemnes. Nous y croisons un cyclo Allemand qui, comme tous les cyclos solitaires, a une forte envie de causer\u2026<\/p>\n<p>\u00c0 Pontarlier nous prenons une piste (le Chemin du Train) vers Giley. Une vingtaine de kilom\u00e8tres agr\u00e9ables. La suite, sur des petites routes, l\u2019est tout autant. C\u2019est une bonne journ\u00e9e. Il y a du d\u00e9nivel\u00e9 mais nous descendons plus que nous ne montons. Bref c\u2019est beaucoup de plaisir.<\/p>\n<\/div><\/section><br \/>\n<div class='avia-image-container  av-styling-   avia-align-center '  itemscope=\"itemscope\" itemtype=\"https:\/\/schema.org\/ImageObject\"  ><div class='avia-image-container-inner'><img class='avia_image ' src='https:\/\/genevieveetdidier.fr\/wp-content\/uploads\/2020\/03\/Metabief9-500x375.jpg' alt='' title='Metabief9'   itemprop=\"thumbnailUrl\"  \/><\/div><\/div><br \/>\n<section class=\"av_textblock_section\"  itemscope=\"itemscope\" itemtype=\"https:\/\/schema.org\/CreativeWork\" ><div class='avia_textblock '   itemprop=\"text\" ><p style=\"text-align: center;\"><em>Est-ce que ce qui fait plaisir, lorsqu\u2019on voit des pancartes comme celles-l\u00e0, c\u2019est qu\u2019on est content d\u2019avoir mont\u00e9, ou c\u2019est qu\u2019on sait qu\u2019on va redescendre\u00a0?<\/em><\/p>\n<\/div><\/section><\/p><\/div>\n<div class=\"flex_column av_one_full  flex_column_div av-zero-column-padding first  \" style='border-radius:0px; '><section class=\"av_textblock_section\"  itemscope=\"itemscope\" itemtype=\"https:\/\/schema.org\/CreativeWork\" ><div class='avia_textblock '   itemprop=\"text\" ><p>\u00c0 16h30 nous sommes \u00e0 Baume les Dames et nous n\u2019avons pas le sentiment d\u2019avoir fait cent kilom\u00e8tres, comme quoi une semaine de repos, m\u00eame en faisant bombance, cela fait du bien.<\/p>\n<p>Nous retrouvons le camping o\u00f9 nous \u00e9tions au mois de mai mais cette fois nous pouvons profiter du restaurant (la <em>Capitainerie<\/em>) qui \u00e9tait ferm\u00e9 la derni\u00e8re fois. Il y a beaucoup de monde et nous avons la chance d\u2019avoir la derni\u00e8re table non r\u00e9serv\u00e9e. Nous sommes au bord de l\u2019eau, dans un beau cadre, et la cuisine est correcte.<\/p>\n<\/div><\/section><\/div>\n<div class=\"flex_column av_one_full  flex_column_div av-zero-column-padding first  \" style='border-radius:0px; '><section class=\"av_textblock_section\"  itemscope=\"itemscope\" itemtype=\"https:\/\/schema.org\/CreativeWork\" ><div class='avia_textblock '   itemprop=\"text\" ><h1><span style=\"color: #000080;\">Dimanche 19 ao\u00fbt 2019\u00a0\u00a0 BAUME LES DAMES \u2013 MULHOUSE\u00a0 116kms<\/span><\/h1>\n<p>Nous refaisons, en gros, l\u2019\u00e9tape du 6 mai, sans la crevaison mais toujours avec le vent de face (l\u00e9ger cette fois).<\/p>\n<\/div><\/section><br \/>\n<div class='avia-image-container  av-styling-   avia-align-center '  itemscope=\"itemscope\" itemtype=\"https:\/\/schema.org\/ImageObject\"  ><div class='avia-image-container-inner'><img class='avia_image ' src='https:\/\/genevieveetdidier.fr\/wp-content\/uploads\/2020\/03\/france1-500x287.jpg' alt='' title='france1'   itemprop=\"thumbnailUrl\"  \/><\/div><\/div><br \/>\n<section class=\"av_textblock_section\"  itemscope=\"itemscope\" itemtype=\"https:\/\/schema.org\/CreativeWork\" ><div class='avia_textblock '   itemprop=\"text\" ><p>Nous ne nous arr\u00eatons pas avant Mulhouse et nous allons jusqu\u2019au camping de l\u2019Ill que nous avions fr\u00e9quent\u00e9 en 2017 lors de notre deuxi\u00e8me \u00e9tape (il faisait froid, aujourd\u2019hui c\u2019est beaucoup plus estival). Nous mangeons dans le m\u00eame restaurant, le Secret, en face de l\u2019usine Ricola, et nous pouvons manger en terrasse car il fait beau, ce n\u2019est pas mal.<\/p>\n<\/div><\/section><br \/>\n<section class=\"av_textblock_section\"  itemscope=\"itemscope\" itemtype=\"https:\/\/schema.org\/CreativeWork\" ><div class='avia_textblock '   itemprop=\"text\" ><h1><span style=\"color: #000080;\">20 ao\u00fbt\u00a0 MULHOUSE \u2013 STRASBOURG\u00a0 120kms<\/span><\/h1>\n<\/div><\/section><br \/>\n<section class=\"av_textblock_section\"  itemscope=\"itemscope\" itemtype=\"https:\/\/schema.org\/CreativeWork\" ><div class='avia_textblock '   itemprop=\"text\" ><h1 style=\"text-align: center;\"><\/h1>\n<p>Nous ne nous attendions pas \u00e0 retrouver la canicule mais aujourd\u2019hui nous avons \u00e9t\u00e9 servis. Heureusement nous avons eu de nombreux kilom\u00e8tres ombrag\u00e9s, d\u2019abord dans la for\u00eat de Hardt et en fin de journ\u00e9e le long du canal qui monte vers Strasbourg.<\/p>\n<\/div><\/section><\/p><\/div><div class=\"flex_column av_one_half  flex_column_div av-zero-column-padding first  \" style='border-radius:0px; '><div class='avia-image-container  av-styling-   avia-align-center '  itemscope=\"itemscope\" itemtype=\"https:\/\/schema.org\/ImageObject\"  ><div class='avia-image-container-inner'><img class='avia_image ' src='https:\/\/genevieveetdidier.fr\/wp-content\/uploads\/2020\/03\/france2-500x359.jpg' alt='' title='france2'   itemprop=\"thumbnailUrl\"  \/><\/div><\/div><\/div><\/p>\n<div class=\"flex_column av_one_half  flex_column_div av-zero-column-padding   \" style='border-radius:0px; '><div class='avia-image-container  av-styling-   avia-align-center '  itemscope=\"itemscope\" itemtype=\"https:\/\/schema.org\/ImageObject\"  ><div class='avia-image-container-inner'><img class='avia_image ' src='https:\/\/genevieveetdidier.fr\/wp-content\/uploads\/2020\/03\/france3-500x375.jpg' alt='' title='france3'   itemprop=\"thumbnailUrl\"  \/><\/div><\/div><\/div>\n<div class=\"flex_column av_one_full  flex_column_div av-zero-column-padding first  \" style='border-radius:0px; '><section class=\"av_textblock_section\"  itemscope=\"itemscope\" itemtype=\"https:\/\/schema.org\/CreativeWork\" ><div class='avia_textblock '   itemprop=\"text\" ><p style=\"text-align: center;\"><em>La France devrait bien s\u2019inspirer de son pays voisin, l\u2019Alsace, pour faire des pistes cyclables.<\/em><\/p>\n<\/div><\/section><\/div>\n<div class=\"flex_column av_one_full  flex_column_div av-zero-column-padding first  \" style='border-radius:0px; '><section class=\"av_textblock_section\"  itemscope=\"itemscope\" itemtype=\"https:\/\/schema.org\/CreativeWork\" ><div class='avia_textblock '   itemprop=\"text\" ><p>Dans l\u2019ensemble la journ\u00e9e a \u00e9t\u00e9 agr\u00e9able mais fatigante quand m\u00eame, et notre d\u00e9ception a \u00e9t\u00e9 grande lorsque nous nous sommes pr\u00e9sent\u00e9s au camping de Strasbourg et que l\u2019on nous a dit qu\u2019il \u00e9tait complet. C\u2019\u00e9tait la premi\u00e8re fois que cela nous arrivait. Nous n\u2019avions plus le courage, ni le temps, d\u2019aller chercher un camping plus loin. Fallait-il prendre une chambre \u00e0 l\u2019h\u00f4tel\u00a0? Finalement nous nous sommes dit qu\u2019il \u00e9tait peut-\u00eatre pr\u00e9f\u00e9rable de prendre le train pour rentrer directement chez nous. C\u2019est ce que nous avons fait, et \u00e0 20h30 nous \u00e9tions \u00e0 la maison. Nous ne pensions pas rentrer si vite\u00a0!<\/p>\n<p>Prendre le train avec des v\u00e9los, en France comme \u00e0 l\u2019\u00e9tranger, ce n\u2019est jamais une partie de plaisir. Rien n\u2019est pr\u00e9vu pour. M\u00eame quand il y a des ascenseurs ils sont trop petits.<\/p>\n<\/div><\/section><\/div>\n<div class=\"flex_column av_one_half  flex_column_div av-zero-column-padding first  \" style='border-radius:0px; '><p><div class='avia-image-container  av-styling-   avia-align-center '  itemscope=\"itemscope\" itemtype=\"https:\/\/schema.org\/ImageObject\"  ><div class='avia-image-container-inner'><img class='avia_image ' src='https:\/\/genevieveetdidier.fr\/wp-content\/uploads\/2020\/03\/france4-500x374.jpg' alt='' title='france4'   itemprop=\"thumbnailUrl\"  \/><\/div><\/div><br \/>\n<section class=\"av_textblock_section\"  itemscope=\"itemscope\" itemtype=\"https:\/\/schema.org\/CreativeWork\" ><div class='avia_textblock '   itemprop=\"text\" ><p style=\"text-align: center;\"><em>Le bord des rives est tr\u00e8s fr\u00e9quent\u00e9. Ils sont gentils mais ils font de gros d\u00e9g\u00e2ts.<\/em><\/p>\n<\/div><\/section><\/p><\/div>\n<div class=\"flex_column av_one_half  flex_column_div av-zero-column-padding   \" style='border-radius:0px; '><section class=\"av_textblock_section\"  itemscope=\"itemscope\" itemtype=\"https:\/\/schema.org\/CreativeWork\" ><div class='avia_textblock '   itemprop=\"text\" ><h2><span style=\"color: #000080;\">Du 21 au 26 ao\u00fbt\u00a0 LUNEVILLE\u00a0 47kms<\/span><\/h2>\n<p>Trois jours de repos \u00e0 Lun\u00e9ville, pour faire un peu de m\u00e9nage et faire des confitures de mirabelles\u00a0: il y en a plein\u00a0!<\/p>\n<p>Le weekend nous allons \u00e0 Ramonchamp, dans les Vosges, pour une session de travail de l\u2019APMEP.<\/p>\n<\/div><\/section><\/div>\n","protected":false},"excerpt":{"rendered":"","protected":false},"author":1,"featured_media":0,"parent":5352,"menu_order":1,"comment_status":"closed","ping_status":"closed","template":"","meta":{"_monsterinsights_skip_tracking":false,"_monsterinsights_sitenote_active":false,"_monsterinsights_sitenote_note":"","_monsterinsights_sitenote_category":0,"footnotes":""},"class_list":["post-5359","page","type-page","status-publish","hentry"],"_links":{"self":[{"href":"https:\/\/genevieveetdidier.fr\/index.php?rest_route=\/wp\/v2\/pages\/5359","targetHints":{"allow":["GET"]}}],"collection":[{"href":"https:\/\/genevieveetdidier.fr\/index.php?rest_route=\/wp\/v2\/pages"}],"about":[{"href":"https:\/\/genevieveetdidier.fr\/index.php?rest_route=\/wp\/v2\/types\/page"}],"author":[{"embeddable":true,"href":"https:\/\/genevieveetdidier.fr\/index.php?rest_route=\/wp\/v2\/users\/1"}],"replies":[{"embeddable":true,"href":"https:\/\/genevieveetdidier.fr\/index.php?rest_route=%2Fwp%2Fv2%2Fcomments&post=5359"}],"version-history":[{"count":8,"href":"https:\/\/genevieveetdidier.fr\/index.php?rest_route=\/wp\/v2\/pages\/5359\/revisions"}],"predecessor-version":[{"id":5418,"href":"https:\/\/genevieveetdidier.fr\/index.php?rest_route=\/wp\/v2\/pages\/5359\/revisions\/5418"}],"up":[{"embeddable":true,"href":"https:\/\/genevieveetdidier.fr\/index.php?rest_route=\/wp\/v2\/pages\/5352"}],"wp:attachment":[{"href":"https:\/\/genevieveetdidier.fr\/index.php?rest_route=%2Fwp%2Fv2%2Fmedia&parent=5359"}],"curies":[{"name":"wp","href":"https:\/\/api.w.org\/{rel}","templated":true}]}}