{"id":5352,"date":"2020-03-28T16:44:07","date_gmt":"2020-03-28T15:44:07","guid":{"rendered":"http:\/\/genevieveetdidier.fr\/?page_id=5352"},"modified":"2020-04-28T14:48:26","modified_gmt":"2020-04-28T12:48:26","slug":"france-de-zurich-a-luneville","status":"publish","type":"page","link":"https:\/\/genevieveetdidier.fr\/?page_id=5352","title":{"rendered":"France Retour 2018"},"content":{"rendered":"<div class=\"flex_column av_one_full  flex_column_div av-zero-column-padding first  \" style='border-radius:0px; '><section class=\"av_textblock_section\"  itemscope=\"itemscope\" itemtype=\"https:\/\/schema.org\/CreativeWork\" ><div class='avia_textblock '   itemprop=\"text\" ><h1 style=\"text-align: center;\">France de Zurich \u00e0 Lun\u00e9ville<\/h1>\n<p style=\"text-align: center;\">par le chemin des \u00e9coliers<\/p>\n<\/div><\/section><br \/>\n<div class='avia-image-container  av-styling-   avia-align-center '  itemscope=\"itemscope\" itemtype=\"https:\/\/schema.org\/ImageObject\"  ><div class='avia-image-container-inner'><img class='avia_image ' src='https:\/\/genevieveetdidier.fr\/wp-content\/uploads\/2020\/03\/carte-France2018.png' alt='' title='carte France2018'   itemprop=\"thumbnailUrl\"  \/><\/div><\/div><\/p><\/div>\n<div class=\"flex_column av_one_half  flex_column_div av-zero-column-padding first  \" style='border-radius:0px; '><p><div class='avia-button-wrap avia-button-center '><a href='https:\/\/genevieveetdidier.fr\/?page_id=5359' class='avia-button  avia-icon_select-yes-left-icon avia-color-teal avia-size-small avia-position-center '   ><span class='avia_button_icon avia_button_icon_left ' aria-hidden='true' data-av_icon='\ue866' data-av_iconfont='entypo-fontello'><\/span><span class='avia_iconbox_title' >De M\u00e9tabief \u00e0 Lun\u00e9ville<\/span><\/a><\/div><br \/>\n<div class='avia-button-wrap avia-button-center '><a href='https:\/\/genevieveetdidier.fr\/?page_id=5382' class='avia-button  avia-icon_select-yes-left-icon avia-color-teal avia-size-small avia-position-center '   ><span class='avia_button_icon avia_button_icon_left ' aria-hidden='true' data-av_icon='\ue866' data-av_iconfont='entypo-fontello'><\/span><span class='avia_iconbox_title' >Un petit tour dans le Nord<\/span><\/a><\/div><br \/>\n<div class='avia-button-wrap avia-button-center '><a href='https:\/\/genevieveetdidier.fr\/?page_id=5419' class='avia-button  avia-icon_select-yes-left-icon avia-color-teal avia-size-small avia-position-center '   ><span class='avia_button_icon avia_button_icon_left ' aria-hidden='true' data-av_icon='\ue866' data-av_iconfont='entypo-fontello'><\/span><span class='avia_iconbox_title' >Un tour \u00e0 l\u2019Ouest<\/span><\/a><\/div><\/p><\/div><div class=\"flex_column av_one_half  flex_column_div av-zero-column-padding   \" style='border-radius:0px; '><div class='avia-image-container  av-styling-   avia-align-center '  itemscope=\"itemscope\" itemtype=\"https:\/\/schema.org\/ImageObject\"  ><div class='avia-image-container-inner'><img class='avia_image ' src='https:\/\/genevieveetdidier.fr\/wp-content\/uploads\/2018\/10\/20181016_102742-500x281.jpg' alt='' title='20181016_102742'   itemprop=\"thumbnailUrl\"  \/><\/div><\/div><\/div><\/p>\n","protected":false},"excerpt":{"rendered":"","protected":false},"author":1,"featured_media":0,"parent":390,"menu_order":16,"comment_status":"closed","ping_status":"closed","template":"","meta":{"_monsterinsights_skip_tracking":false,"_monsterinsights_sitenote_active":false,"_monsterinsights_sitenote_note":"","_monsterinsights_sitenote_category":0,"footnotes":""},"class_list":["post-5352","page","type-page","status-publish","hentry"],"_links":{"self":[{"href":"https:\/\/genevieveetdidier.fr\/index.php?rest_route=\/wp\/v2\/pages\/5352","targetHints":{"allow":["GET"]}}],"collection":[{"href":"https:\/\/genevieveetdidier.fr\/index.php?rest_route=\/wp\/v2\/pages"}],"about":[{"href":"https:\/\/genevieveetdidier.fr\/index.php?rest_route=\/wp\/v2\/types\/page"}],"author":[{"embeddable":true,"href":"https:\/\/genevieveetdidier.fr\/index.php?rest_route=\/wp\/v2\/users\/1"}],"replies":[{"embeddable":true,"href":"https:\/\/genevieveetdidier.fr\/index.php?rest_route=%2Fwp%2Fv2%2Fcomments&post=5352"}],"version-history":[{"count":8,"href":"https:\/\/genevieveetdidier.fr\/index.php?rest_route=\/wp\/v2\/pages\/5352\/revisions"}],"predecessor-version":[{"id":5544,"href":"https:\/\/genevieveetdidier.fr\/index.php?rest_route=\/wp\/v2\/pages\/5352\/revisions\/5544"}],"up":[{"embeddable":true,"href":"https:\/\/genevieveetdidier.fr\/index.php?rest_route=\/wp\/v2\/pages\/390"}],"wp:attachment":[{"href":"https:\/\/genevieveetdidier.fr\/index.php?rest_route=%2Fwp%2Fv2%2Fmedia&parent=5352"}],"curies":[{"name":"wp","href":"https:\/\/api.w.org\/{rel}","templated":true}]}}