{"id":5344,"date":"2020-03-27T17:57:48","date_gmt":"2020-03-27T16:57:48","guid":{"rendered":"http:\/\/genevieveetdidier.fr\/?page_id=5344"},"modified":"2020-04-28T14:48:09","modified_gmt":"2020-04-28T12:48:09","slug":"autriche-de-bratislava-slovaquie-a-berne-suisse","status":"publish","type":"page","link":"https:\/\/genevieveetdidier.fr\/?page_id=5344","title":{"rendered":"Autriche, de Bratislava (Slovaquie) \u00e0 Berne (Suisse)"},"content":{"rendered":"<\/div><\/div><\/div><!-- close content main div --><\/div><\/div><div id='av_section_1' class='avia-section main_color avia-section-default avia-no-shadow avia-bg-style-scroll  container_wrap fullsize' style = 'background-color: #97efb4; '  ><div class='container' ><div class='template-page content  av-content-full alpha units'><div class='post-entry post-entry-type-page post-entry-5344'><div class='entry-content-wrapper clearfix'>\n<div class=\"flex_column av_one_full  flex_column_div av-zero-column-padding first  \" style='border-radius:0px; '><section class=\"av_textblock_section\"  itemscope=\"itemscope\" itemtype=\"https:\/\/schema.org\/CreativeWork\" ><div class='avia_textblock '   itemprop=\"text\" ><h1 style=\"text-align: center;\"><span style=\"color: #000080;\">AUTRICHE<\/span><\/h1>\n<h1 style=\"text-align: center;\"><span style=\"color: #000080;\">de Bratislava (Slovaquie) \u00e0 Berne (Suisse)<\/span><\/h1>\n<\/div><\/section><\/div><div class=\"flex_column av_one_half  flex_column_div av-zero-column-padding first  \" style='border-radius:0px; '><div class='avia-image-container  av-styling-   avia-align-center '  itemscope=\"itemscope\" itemtype=\"https:\/\/schema.org\/ImageObject\"  ><div class='avia-image-container-inner'><img class='avia_image ' src='https:\/\/genevieveetdidier.fr\/wp-content\/uploads\/2020\/03\/carte_autriche2018-500x190.png' alt='' title='carte_autriche2018'   itemprop=\"thumbnailUrl\"  \/><\/div><\/div><\/div><div class=\"flex_column av_one_half  flex_column_div av-zero-column-padding   \" style='border-radius:0px; '><div class='avia-image-container  av-styling-   avia-align-center '  itemscope=\"itemscope\" itemtype=\"https:\/\/schema.org\/ImageObject\"  ><div class='avia-image-container-inner'><img class='avia_image ' src='https:\/\/genevieveetdidier.fr\/wp-content\/uploads\/2020\/03\/autriche2018.png' alt='' title='autriche2018'   itemprop=\"thumbnailUrl\"  \/><\/div><\/div><\/div><div class=\"flex_column av_one_full  flex_column_div av-zero-column-padding first  \" style='border-radius:0px; '><div class='template-blog  av-blog-meta-author-disabled av-blog-meta-comments-disabled av-blog-meta-category-disabled av-blog-meta-tag-disabled'  itemscope=\"itemscope\" itemtype=\"https:\/\/schema.org\/Blog\" ><article class='post-entry post-entry-type-standard post-entry-2681 post-loop-1 post-parity-odd single-big with-slider post-2681 post type-post status-publish format-standard has-post-thumbnail hentry category-autriche category-suisse tag-2018-autriche'  itemscope=\"itemscope\" itemtype=\"https:\/\/schema.org\/BlogPosting\" ><div class='blog-meta'><\/div><div class='entry-content-wrapper clearfix standard-content'><header class=\"entry-content-header\"><span class=\"blog-categories minor-meta\"><a href=\"https:\/\/genevieveetdidier.fr\/?cat=53\" rel=\"tag\">Autriche<\/a>, <a href=\"https:\/\/genevieveetdidier.fr\/?cat=7\" rel=\"tag\">Suisse<\/a> <\/span><h2 class='post-title entry-title'  itemprop=\"headline\" >\t<a href='https:\/\/genevieveetdidier.fr\/?p=2681' rel='bookmark' title='Lien permanent : De Vienne \u00e0 Zurich en train'>De Vienne \u00e0 Zurich en train\t\t\t<span class='post-format-icon minor-meta'><\/span>\t<\/a><\/h2><span class=\"av-vertical-delimiter\"><\/span><div class=\"big-preview single-big\"><a href=\"https:\/\/genevieveetdidier.fr\/?p=2681\" title=\"De Vienne \u00e0 Zurich en train\"><img loading=\"lazy\" decoding=\"async\" width=\"1210\" height=\"423\" src=\"https:\/\/genevieveetdidier.fr\/wp-content\/uploads\/2018\/08\/20180809_220348-1210x423.jpg\" class=\"attachment-entry_without_sidebar size-entry_without_sidebar wp-post-image\" alt=\"\" \/><\/a><\/div><div class=\"entry-content\"  itemprop=\"text\" >\n<p>Arriv\u00e9s \u00e0 8h, bien avant l&rsquo;heure de d\u00e9part du train \u00e0 Vienne nous \u00e9tions pr\u00eats \u00e0 suivre scrupuleusement le parcours concoct\u00e9 par l&rsquo;agent de l&rsquo;OBB avec toutes nos r\u00e9servations pour les v\u00e9los. Le train au d\u00e9part\u00a0 de Salzbourg avait du retard rendant impossible la correspondance\u00a0 vers Zurich. Qu&rsquo;\u00e0 cela ne tienne ! A Schwartzach un agent non moins z\u00e9l\u00e9 nous a \u00e9tabli une feuille de route un peu plus complexe mais qui se terminait l\u00e0 o\u00f9 nous le souhaitions. La correspondance \u00e0\u00a0 Worgl devait s&rsquo;effectuer tr\u00e8s rapidement ; nous avions le num\u00e9ro du quai confirm\u00e9 par le contr\u00f4leur&#8230;.et ce n&rsquo;\u00e9tait pas le bon. Nous avons vu partir notre train \u00e0 notre arriv\u00e9e sur le quai. Un dame aimable nous a \u00e9tabli une ni\u00e8me feuille de route en pr\u00e9cisant qu&rsquo;il n&rsquo;y avait plus de r\u00e9servation possible pour nos v\u00e9los. Il devait suffire d&rsquo;affirmer que nous en poss\u00e9dions une. Ce que nous fimes avec succ\u00e8s. Nous arrivons \u00e0 Zurich \u00e0 23h et il y a peu de chance que nous poursuivions notre voyage comme pr\u00e9vu. Ah que l&rsquo;on est mieux \u00e0 v\u00e9lo!<\/p>\n<\/div><span class='post-meta-infos'><time class='date-container minor-meta updated' >9 ao\u00fbt 2018<\/time><span class='text-sep text-sep-date'>\/<\/span><span class='comment-container minor-meta'><a href=\"https:\/\/genevieveetdidier.fr\/?p=2681#comments\" class=\"comments-link\" >2 Commentaires<\/a><\/span><span class='text-sep text-sep-comment'>\/<\/span><span class=\"blog-author minor-meta\">par <span class=\"entry-author-link\" ><span class=\"vcard author\"><span class=\"fn\"><a href=\"https:\/\/genevieveetdidier.fr\/?author=1\" title=\"Articles par admin2725\" rel=\"author\">admin2725<\/a><\/span><\/span><\/span><\/span><\/span><\/header><footer class=\"entry-footer\"><\/footer><div class='post_delimiter'><\/div><\/div><div class='post_author_timeline'><\/div><span class='hidden'>\n\t\t\t<span class='av-structured-data'  itemscope=\"itemscope\" itemtype=\"https:\/\/schema.org\/ImageObject\"  itemprop='image'>\n\t\t\t\t\t   <span itemprop='url' >https:\/\/genevieveetdidier.fr\/wp-content\/uploads\/2018\/08\/20180809_220348.jpg<\/span>\n\t\t\t\t\t   <span itemprop='height' >2322<\/span>\n\t\t\t\t\t   <span itemprop='width' >4128<\/span>\n\t\t\t\t  <\/span><span class='av-structured-data'  itemprop=\"publisher\" itemtype=\"https:\/\/schema.org\/Organization\" itemscope=\"itemscope\" >\n\t\t\t\t<span itemprop='name'>admin2725<\/span>\n\t\t\t\t<span itemprop='logo' itemscope itemtype='http:\/\/schema.org\/ImageObject'>\n\t\t\t\t   <span itemprop='url'>http:\/\/genevieveetdidier.fr\/wp-content\/uploads\/2023\/07\/cropped-photo2-scaled-1-500x500.jpg<\/span>\n\t\t\t\t <\/span>\n\t\t\t  <\/span><span class='av-structured-data'  itemprop=\"author\" itemscope=\"itemscope\" itemtype=\"https:\/\/schema.org\/Person\" ><span itemprop='name'>admin2725<\/span><\/span><span class='av-structured-data'  itemprop=\"datePublished\" datetime=\"2018-08-09T22:30:19+02:00\" >2018-08-09 22:30:19<\/span><span class='av-structured-data'  itemprop=\"dateModified\" itemtype=\"https:\/\/schema.org\/dateModified\" >2020-03-27 17:58:22<\/span><span class='av-structured-data'  itemprop=\"mainEntityOfPage\" itemtype=\"https:\/\/schema.org\/mainEntityOfPage\" ><span itemprop='name'>De Vienne \u00e0 Zurich en train<\/span><\/span><\/span><\/article><article class='post-entry post-entry-type-standard post-entry-2677 post-loop-2 post-parity-even single-big with-slider post-2677 post type-post status-publish format-standard has-post-thumbnail hentry category-autriche tag-2018-autriche'  itemscope=\"itemscope\" itemtype=\"https:\/\/schema.org\/BlogPosting\" ><div class='blog-meta'><\/div><div class='entry-content-wrapper clearfix standard-content'><header class=\"entry-content-header\"><span class=\"blog-categories minor-meta\"><a href=\"https:\/\/genevieveetdidier.fr\/?cat=53\" rel=\"tag\">Autriche<\/a> <\/span><h2 class='post-title entry-title'  itemprop=\"headline\" >\t<a href='https:\/\/genevieveetdidier.fr\/?p=2677' rel='bookmark' title='Lien permanent : De Bratislava \u00e0 Vienne, 84 km'>De Bratislava \u00e0 Vienne, 84 km\t\t\t<span class='post-format-icon minor-meta'><\/span>\t<\/a><\/h2><span class=\"av-vertical-delimiter\"><\/span><div class=\"big-preview single-big\"><a href=\"https:\/\/genevieveetdidier.fr\/?p=2677\" title=\"De Bratislava \u00e0 Vienne, 84 km\"><img loading=\"lazy\" decoding=\"async\" width=\"1210\" height=\"423\" src=\"https:\/\/genevieveetdidier.fr\/wp-content\/uploads\/2018\/08\/20180808_095514-1210x423.jpg\" class=\"attachment-entry_without_sidebar size-entry_without_sidebar wp-post-image\" alt=\"\" \/><\/a><\/div><div class=\"entry-content\"  itemprop=\"text\" >\r\n<p>Une \u00e9tape que nous croyions courte et facile s&rsquo;est transform\u00e9e en un parcours tr\u00e8s\u00a0 fatigant. Deux raisons principales de\u00a0 ce changement : la chaleur tenace et les travaux sur la piste qui imposaient de longues d\u00e9viations. Nous avons cependant appr\u00e9ci\u00e9 l&rsquo;eurovelo 6 avec ses pistes en propre et ses paysages coquets dans les villages ou le long du Danube. L&rsquo;arriv\u00e9e dans Vienne est facile. Pour rejoindre le camping il fallait traverser la ville du nord\u00a0 au sud. Les nombreuses pistes cyclables sont bien commodes.<\/p>\r\n<\/div><span class='post-meta-infos'><time class='date-container minor-meta updated' >9 ao\u00fbt 2018<\/time><span class='text-sep text-sep-date'>\/<\/span><span class=\"blog-author minor-meta\">par <span class=\"entry-author-link\" ><span class=\"vcard author\"><span class=\"fn\"><a href=\"https:\/\/genevieveetdidier.fr\/?author=1\" title=\"Articles par admin2725\" rel=\"author\">admin2725<\/a><\/span><\/span><\/span><\/span><\/span><\/header><footer class=\"entry-footer\"><\/footer><div class='post_delimiter'><\/div><\/div><div class='post_author_timeline'><\/div><span class='hidden'>\n\t\t\t<span class='av-structured-data'  itemscope=\"itemscope\" itemtype=\"https:\/\/schema.org\/ImageObject\"  itemprop='image'>\n\t\t\t\t\t   <span itemprop='url' >https:\/\/genevieveetdidier.fr\/wp-content\/uploads\/2018\/08\/20180808_095514.jpg<\/span>\n\t\t\t\t\t   <span itemprop='height' >2322<\/span>\n\t\t\t\t\t   <span itemprop='width' >4128<\/span>\n\t\t\t\t  <\/span><span class='av-structured-data'  itemprop=\"publisher\" itemtype=\"https:\/\/schema.org\/Organization\" itemscope=\"itemscope\" >\n\t\t\t\t<span itemprop='name'>admin2725<\/span>\n\t\t\t\t<span itemprop='logo' itemscope itemtype='http:\/\/schema.org\/ImageObject'>\n\t\t\t\t   <span itemprop='url'>http:\/\/genevieveetdidier.fr\/wp-content\/uploads\/2023\/07\/cropped-photo2-scaled-1-500x500.jpg<\/span>\n\t\t\t\t <\/span>\n\t\t\t  <\/span><span class='av-structured-data'  itemprop=\"author\" itemscope=\"itemscope\" itemtype=\"https:\/\/schema.org\/Person\" ><span itemprop='name'>admin2725<\/span><\/span><span class='av-structured-data'  itemprop=\"datePublished\" datetime=\"2018-08-09T13:04:33+02:00\" >2018-08-09 13:04:33<\/span><span class='av-structured-data'  itemprop=\"dateModified\" itemtype=\"https:\/\/schema.org\/dateModified\" >2020-03-27 18:02:49<\/span><span class='av-structured-data'  itemprop=\"mainEntityOfPage\" itemtype=\"https:\/\/schema.org\/mainEntityOfPage\" ><span itemprop='name'>De Bratislava \u00e0 Vienne, 84 km<\/span><\/span><\/span><\/article><article class='post-entry post-entry-type-standard post-entry-2020 post-loop-3 post-parity-odd post-entry-last single-big with-slider post-2020 post type-post status-publish format-standard has-post-thumbnail hentry category-autriche category-italie tag-2018-autriche'  itemscope=\"itemscope\" itemtype=\"https:\/\/schema.org\/BlogPosting\" ><div class='blog-meta'><\/div><div class='entry-content-wrapper clearfix standard-content'><header class=\"entry-content-header\"><span class=\"blog-categories minor-meta\"><a href=\"https:\/\/genevieveetdidier.fr\/?cat=53\" rel=\"tag\">Autriche<\/a>, <a href=\"https:\/\/genevieveetdidier.fr\/?cat=5\" rel=\"tag\">Italie<\/a> <\/span><h2 class='post-title entry-title'  itemprop=\"headline\" >\t<a href='https:\/\/genevieveetdidier.fr\/?p=2020' rel='bookmark' title='Lien permanent : De Villach \u00e0 Gemona, 104 km.'>De Villach \u00e0 Gemona, 104 km.\t\t\t<span class='post-format-icon minor-meta'><\/span>\t<\/a><\/h2><span class=\"av-vertical-delimiter\"><\/span><div class=\"big-preview single-big\"><a href=\"https:\/\/genevieveetdidier.fr\/?p=2020\" title=\"De Villach \u00e0 Gemona, 104 km.\"><img loading=\"lazy\" decoding=\"async\" width=\"1210\" height=\"423\" src=\"https:\/\/genevieveetdidier.fr\/wp-content\/uploads\/2018\/05\/20180520_125844-1210x423.jpg\" class=\"attachment-entry_without_sidebar size-entry_without_sidebar wp-post-image\" alt=\"\" \/><\/a><\/div><div class=\"entry-content\"  itemprop=\"text\" ><div class=\"read-more-link\"><a href=\"https:\/\/genevieveetdidier.fr\/?p=2020\" class=\"more-link\">Lire la suite<span class=\"more-link-arrow\"><\/span><\/a><\/div>\n<\/div><span class='post-meta-infos'><time class='date-container minor-meta updated' >20 mai 2018<\/time><span class='text-sep text-sep-date'>\/<\/span><span class='comment-container minor-meta'><a href=\"https:\/\/genevieveetdidier.fr\/?p=2020#respond\" class=\"comments-link\" >0 Commentaires<\/a><\/span><span class='text-sep text-sep-comment'>\/<\/span><span class=\"blog-author minor-meta\">par <span class=\"entry-author-link\" ><span class=\"vcard author\"><span class=\"fn\"><a href=\"https:\/\/genevieveetdidier.fr\/?author=1\" title=\"Articles par admin2725\" rel=\"author\">admin2725<\/a><\/span><\/span><\/span><\/span><\/span><\/header><footer class=\"entry-footer\"><\/footer><div class='post_delimiter'><\/div><\/div><div class='post_author_timeline'><\/div><span class='hidden'>\n\t\t\t<span class='av-structured-data'  itemscope=\"itemscope\" itemtype=\"https:\/\/schema.org\/ImageObject\"  itemprop='image'>\n\t\t\t\t\t   <span itemprop='url' >https:\/\/genevieveetdidier.fr\/wp-content\/uploads\/2018\/05\/20180520_125844.jpg<\/span>\n\t\t\t\t\t   <span itemprop='height' >2322<\/span>\n\t\t\t\t\t   <span itemprop='width' >4128<\/span>\n\t\t\t\t  <\/span><span class='av-structured-data'  itemprop=\"publisher\" itemtype=\"https:\/\/schema.org\/Organization\" itemscope=\"itemscope\" >\n\t\t\t\t<span itemprop='name'>admin2725<\/span>\n\t\t\t\t<span itemprop='logo' itemscope itemtype='http:\/\/schema.org\/ImageObject'>\n\t\t\t\t   <span itemprop='url'>http:\/\/genevieveetdidier.fr\/wp-content\/uploads\/2023\/07\/cropped-photo2-scaled-1-500x500.jpg<\/span>\n\t\t\t\t <\/span>\n\t\t\t  <\/span><span class='av-structured-data'  itemprop=\"author\" itemscope=\"itemscope\" itemtype=\"https:\/\/schema.org\/Person\" ><span itemprop='name'>admin2725<\/span><\/span><span class='av-structured-data'  itemprop=\"datePublished\" datetime=\"2018-05-20T18:03:40+02:00\" >2018-05-20 18:03:40<\/span><span class='av-structured-data'  itemprop=\"dateModified\" itemtype=\"https:\/\/schema.org\/dateModified\" >2025-04-23 16:16:42<\/span><span class='av-structured-data'  itemprop=\"mainEntityOfPage\" itemtype=\"https:\/\/schema.org\/mainEntityOfPage\" ><span itemprop='name'>De Villach \u00e0 Gemona, 104 km.<\/span><\/span><\/span><\/article><div class='single-big'><nav class='pagination'><span class='pagination-meta'>Page 1 sur 2<\/span><span class='current'>1<\/span><a href='https:\/\/genevieveetdidier.fr\/index.php?rest_route=%2Fwp%2Fv2%2Fpages%2F5344&#038;paged=2' class='inactive' >2<\/a><\/nav>\n<\/div><\/div><\/div><\/p>\n","protected":false},"excerpt":{"rendered":"","protected":false},"author":1,"featured_media":0,"parent":390,"menu_order":15,"comment_status":"closed","ping_status":"closed","template":"","meta":{"_monsterinsights_skip_tracking":false,"_monsterinsights_sitenote_active":false,"_monsterinsights_sitenote_note":"","_monsterinsights_sitenote_category":0,"footnotes":""},"class_list":["post-5344","page","type-page","status-publish","hentry"],"_links":{"self":[{"href":"https:\/\/genevieveetdidier.fr\/index.php?rest_route=\/wp\/v2\/pages\/5344","targetHints":{"allow":["GET"]}}],"collection":[{"href":"https:\/\/genevieveetdidier.fr\/index.php?rest_route=\/wp\/v2\/pages"}],"about":[{"href":"https:\/\/genevieveetdidier.fr\/index.php?rest_route=\/wp\/v2\/types\/page"}],"author":[{"embeddable":true,"href":"https:\/\/genevieveetdidier.fr\/index.php?rest_route=\/wp\/v2\/users\/1"}],"replies":[{"embeddable":true,"href":"https:\/\/genevieveetdidier.fr\/index.php?rest_route=%2Fwp%2Fv2%2Fcomments&post=5344"}],"version-history":[{"count":4,"href":"https:\/\/genevieveetdidier.fr\/index.php?rest_route=\/wp\/v2\/pages\/5344\/revisions"}],"predecessor-version":[{"id":5353,"href":"https:\/\/genevieveetdidier.fr\/index.php?rest_route=\/wp\/v2\/pages\/5344\/revisions\/5353"}],"up":[{"embeddable":true,"href":"https:\/\/genevieveetdidier.fr\/index.php?rest_route=\/wp\/v2\/pages\/390"}],"wp:attachment":[{"href":"https:\/\/genevieveetdidier.fr\/index.php?rest_route=%2Fwp%2Fv2%2Fmedia&parent=5344"}],"curies":[{"name":"wp","href":"https:\/\/api.w.org\/{rel}","templated":true}]}}