{"id":461,"date":"2018-02-02T12:18:30","date_gmt":"2018-02-02T11:18:30","guid":{"rendered":"http:\/\/genevieveetdidier.fr\/?page_id=461"},"modified":"2025-07-11T18:16:37","modified_gmt":"2025-07-11T16:16:37","slug":"slovenie","status":"publish","type":"page","link":"https:\/\/genevieveetdidier.fr\/?page_id=461","title":{"rendered":"Slov\u00e9nie"},"content":{"rendered":"<div class=\"flex_column av_one_fifth  flex_column_div av-zero-column-padding first  \" style='border-radius:0px; '><p><div class='avia-image-container avia_animated_image avia_animate_when_almost_visible pop-up av-styling-   avia-align-center '  itemscope=\"itemscope\" itemtype=\"https:\/\/schema.org\/ImageObject\"  ><div class='avia-image-container-inner'><img class='avia_image ' src='https:\/\/genevieveetdidier.fr\/wp-content\/uploads\/2018\/03\/M1.png' alt='' title='Slov\u00e9nie'   itemprop=\"thumbnailUrl\"  \/><\/div><\/div><br \/>\n<section class=\"av_textblock_section\"  itemscope=\"itemscope\" itemtype=\"https:\/\/schema.org\/CreativeWork\" ><div class='avia_textblock '   itemprop=\"text\" ><\/div><\/section><\/p><\/div>\n<div class=\"flex_column av_two_fifth  flex_column_div av-zero-column-padding   \" style='border-radius:0px; '><section class=\"av_textblock_section\"  itemscope=\"itemscope\" itemtype=\"https:\/\/schema.org\/CreativeWork\" ><div class='avia_textblock '   itemprop=\"text\" ><h1 style=\"text-align: center;\"><span style=\"color: #000080;\"><strong>De l\u2019Italie \u00e0 la Hongrie\u00a0: c\u2019est la semaine slov\u00e8ne.<\/strong><\/span><\/h1>\n<h2><b><i>Un pays en plein essor, <\/i><\/b><\/h2>\n<h2><b><i>une petite Suisse \u00e0 des prix pour fran\u00e7ais. <\/i><\/b><\/h2>\n<h2><b>Un pays tr\u00e8s agr\u00e9able \u00e0 faire \u00e0 v\u00e9lo<\/b><\/h2>\n<p>De forme longue, la <strong>R\u00e9publique de Slov\u00e9nie<\/strong>, en slov\u00e8ne <em>Slovenija<\/em> et <em>Republika Slovenija<\/em>, est un pays d\u2019Europe centrale d\u2019un peu plus de 20000 km\u00b2 et de 2 millions d\u2019habitants. Elle est membre de l&rsquo;Union europ\u00e9enne depuis 2004. Elle est bord\u00e9e par la mer Adriatique, l\u2019Italie, l\u2019Autriche, la Hongrie et la Croatie. Au\u00a0xx<sup>e<\/sup>\u00a0si\u00e8cle, elle faisait partie de la Yougoslavie avant d&rsquo;obtenir son ind\u00e9pendance le 25 juin 1991. Elle a rejoint la zone euro, puis l&rsquo;espace Schengen en 2007. Elle est membre de l&rsquo;OTAN depuis le 29 mars 2004. (Wikip\u00e9dia)<\/p>\n<\/div><\/section><\/div>\n<div class=\"flex_column av_one_third  flex_column_div av-zero-column-padding   \" style='border-radius:0px; '><div class='avia-image-container  av-styling-   avia-align-center '  itemscope=\"itemscope\" itemtype=\"https:\/\/schema.org\/ImageObject\"  ><div class='avia-image-container-inner'><img class='avia_image ' src='https:\/\/genevieveetdidier.fr\/wp-content\/uploads\/2018\/03\/M2.jpg' alt='' title='Parcours en Slov\u00e9nie'   itemprop=\"thumbnailUrl\"  \/><\/div><\/div><\/div>\n<div class=\"flex_column av_one_half  flex_column_div av-zero-column-padding first  \" style='border-radius:0px; '><p><div class='avia-image-container  av-styling-   avia-align-center '  itemscope=\"itemscope\" itemtype=\"https:\/\/schema.org\/ImageObject\"  ><div class='avia-image-container-inner'><img class='avia_image ' src='https:\/\/genevieveetdidier.fr\/wp-content\/uploads\/2025\/07\/slovenie1-500x375.jpg' alt='' title='slovenie1'   itemprop=\"thumbnailUrl\"  \/><\/div><\/div><br \/>\n<section class=\"av_textblock_section\"  itemscope=\"itemscope\" itemtype=\"https:\/\/schema.org\/CreativeWork\" ><div class='avia_textblock '   itemprop=\"text\" ><p><span style=\"font-weight: 400;\">Une petite Suisse en devenir : des paysages verts, vallonn\u00e9s bien \u201ctondus\u201d, des gens souriants qui disent volontiers bonjour. L\u2019alimentation et l\u2019h\u00e9bergement ne sont pas tr\u00e8s chers, comme l\u2019Italie du sud. Bref un pays o\u00f9 il semble bon vivre. On a un peu l\u2019impression que le pays \u201cs\u2019am\u00e9ricanise\u201d vite avec des symboles de r\u00e9ussite ostentatoires comme le 4\u00d74 et la belle maison.<\/span><\/p>\n<\/div><\/section><\/p><\/div><div class=\"flex_column av_one_half  flex_column_div av-zero-column-padding   \" style='border-radius:0px; '><p><div class='avia-image-container  av-styling-   avia-align-center '  itemscope=\"itemscope\" itemtype=\"https:\/\/schema.org\/ImageObject\"  ><div class='avia-image-container-inner'><img class='avia_image ' src='https:\/\/genevieveetdidier.fr\/wp-content\/uploads\/2025\/07\/slovenie2-500x254.jpg' alt='' title='slovenie2'   itemprop=\"thumbnailUrl\"  \/><\/div><\/div><br \/>\n<section class=\"av_textblock_section\"  itemscope=\"itemscope\" itemtype=\"https:\/\/schema.org\/CreativeWork\" ><div class='avia_textblock '   itemprop=\"text\" ><p><b><i>En plus il y a des campings <\/i><\/b><\/p>\n<p><b><i>et c\u2019est beau<\/i><\/b><\/p>\n<\/div><\/section><br \/>\n<div class='avia-image-container  av-styling-   avia-align-center '  itemscope=\"itemscope\" itemtype=\"https:\/\/schema.org\/ImageObject\"  ><div class='avia-image-container-inner'><img class='avia_image ' src='https:\/\/genevieveetdidier.fr\/wp-content\/uploads\/2025\/07\/slovenie3-500x370.jpg' alt='' title='slovenie3'   itemprop=\"thumbnailUrl\"  \/><\/div><\/div><\/p><\/div><div  data-autoplay=''  data-interval='5'  data-animation='fade'  data-show_slide_delay='90'  class='avia-content-slider avia-content-grid-active avia-content-slider1 avia-content-slider-odd '  itemscope=\"itemscope\" itemtype=\"https:\/\/schema.org\/Blog\" ><div class='avia-content-slider-inner'><div class='slide-entry-wrap'><article class='slide-entry flex_column  post-entry post-entry-2046 slide-entry-overview slide-loop-1 slide-parity-odd  av_one_third first real-thumbnail'  itemscope=\"itemscope\" itemtype=\"https:\/\/schema.org\/BlogPosting\" itemprop=\"blogPost\" ><a href='https:\/\/genevieveetdidier.fr\/?p=2046' data-rel='slide-1' class='slide-image' title=''><img loading=\"lazy\" decoding=\"async\" width=\"495\" height=\"400\" src=\"https:\/\/genevieveetdidier.fr\/wp-content\/uploads\/2018\/05\/20180523_102854-495x400.jpg\" class=\"attachment-portfolio size-portfolio wp-post-image\" alt=\"\" srcset=\"https:\/\/genevieveetdidier.fr\/wp-content\/uploads\/2018\/05\/20180523_102854-495x400.jpg 495w, https:\/\/genevieveetdidier.fr\/wp-content\/uploads\/2018\/05\/20180523_102854-845x684.jpg 845w\" sizes=\"auto, (max-width: 495px) 100vw, 495px\" \/><\/a><div class='slide-content'><header class=\"entry-content-header\"><span class=\"blog-categories minor-meta\"><a href=\"https:\/\/genevieveetdidier.fr\/?cat=145\" rel=\"tag\">2017<\/a>, <a href=\"https:\/\/genevieveetdidier.fr\/?cat=54\" rel=\"tag\">Croatie<\/a>, <a href=\"https:\/\/genevieveetdidier.fr\/?cat=6\" rel=\"tag\">Slov\u00e9nie<\/a> <\/span><h3 class='slide-entry-title entry-title'  itemprop=\"headline\" ><a href='https:\/\/genevieveetdidier.fr\/?p=2046' title='De Ankaran \u00e0 Rijeka, 81 km'>De Ankaran \u00e0 Rijeka, 81 km<\/a><\/h3><span class=\"av-vertical-delimiter\"><\/span><\/header><div class='slide-entry-excerpt entry-content'  itemprop=\"text\" >\r\n\r\n<\/div><\/div><footer class=\"entry-footer\"><div class='slide-meta'><div class='slide-meta-comments'><a href='https:\/\/genevieveetdidier.fr\/?p=2046#respond'>0 Commentaires<\/a><\/div><div class='slide-meta-del'>\/<\/div><time class='slide-meta-time updated'  itemprop=\"datePublished\" datetime=\"2018-05-23T18:00:24+02:00\" >23 mai 2018<\/time><\/div><\/footer><span class='hidden'>\n\t\t\t<span class='av-structured-data'  itemscope=\"itemscope\" itemtype=\"https:\/\/schema.org\/ImageObject\"  itemprop='image'>\n\t\t\t\t\t   <span itemprop='url' >https:\/\/genevieveetdidier.fr\/wp-content\/uploads\/2018\/05\/20180523_102854.jpg<\/span>\n\t\t\t\t\t   <span itemprop='height' >2322<\/span>\n\t\t\t\t\t   <span itemprop='width' >4128<\/span>\n\t\t\t\t  <\/span><span class='av-structured-data'  itemprop=\"publisher\" itemtype=\"https:\/\/schema.org\/Organization\" itemscope=\"itemscope\" >\n\t\t\t\t<span itemprop='name'>admin2725<\/span>\n\t\t\t\t<span itemprop='logo' itemscope itemtype='http:\/\/schema.org\/ImageObject'>\n\t\t\t\t   <span itemprop='url'>http:\/\/genevieveetdidier.fr\/wp-content\/uploads\/2023\/07\/cropped-photo2-scaled-1-500x500.jpg<\/span>\n\t\t\t\t <\/span>\n\t\t\t  <\/span><span class='av-structured-data'  itemprop=\"author\" itemscope=\"itemscope\" itemtype=\"https:\/\/schema.org\/Person\" ><span itemprop='name'>admin2725<\/span><\/span><span class='av-structured-data'  itemprop=\"datePublished\" datetime=\"2018-05-22T19:28:49+02:00\" >2018-05-23 18:00:24<\/span><span class='av-structured-data'  itemprop=\"dateModified\" itemtype=\"https:\/\/schema.org\/dateModified\" >2025-07-11 18:26:48<\/span><span class='av-structured-data'  itemprop=\"mainEntityOfPage\" itemtype=\"https:\/\/schema.org\/mainEntityOfPage\" ><span itemprop='name'>De Ankaran \u00e0 Rijeka, 81 km<\/span><\/span><\/span><\/article><article class='slide-entry flex_column  post-entry post-entry-2040 slide-entry-overview slide-loop-2 slide-parity-even  post-entry-last  av_one_third  real-thumbnail'  itemscope=\"itemscope\" itemtype=\"https:\/\/schema.org\/BlogPosting\" itemprop=\"blogPost\" ><a href='https:\/\/genevieveetdidier.fr\/?p=2040' data-rel='slide-1' class='slide-image' title=''><img loading=\"lazy\" decoding=\"async\" width=\"495\" height=\"400\" src=\"https:\/\/genevieveetdidier.fr\/wp-content\/uploads\/2018\/05\/20180522_190407-495x400.jpg\" class=\"attachment-portfolio size-portfolio wp-post-image\" alt=\"\" srcset=\"https:\/\/genevieveetdidier.fr\/wp-content\/uploads\/2018\/05\/20180522_190407-495x400.jpg 495w, https:\/\/genevieveetdidier.fr\/wp-content\/uploads\/2018\/05\/20180522_190407-845x684.jpg 845w\" sizes=\"auto, (max-width: 495px) 100vw, 495px\" \/><\/a><div class='slide-content'><header class=\"entry-content-header\"><span class=\"blog-categories minor-meta\"><a href=\"https:\/\/genevieveetdidier.fr\/?cat=5\" rel=\"tag\">Italie<\/a>, <a href=\"https:\/\/genevieveetdidier.fr\/?cat=6\" rel=\"tag\">Slov\u00e9nie<\/a> <\/span><h3 class='slide-entry-title entry-title'  itemprop=\"headline\" ><a href='https:\/\/genevieveetdidier.fr\/?p=2040' title='De Aquilea \u00e0  Ankaran, 70 km.'>De Aquilea \u00e0  Ankaran, 70 km.<\/a><\/h3><span class=\"av-vertical-delimiter\"><\/span><\/header><div class='slide-entry-excerpt entry-content'  itemprop=\"text\" >\r\n\r\n<\/div><\/div><footer class=\"entry-footer\"><div class='slide-meta'><div class='slide-meta-comments'><a href='https:\/\/genevieveetdidier.fr\/?p=2040#respond'>0 Commentaires<\/a><\/div><div class='slide-meta-del'>\/<\/div><time class='slide-meta-time updated'  itemprop=\"datePublished\" datetime=\"2018-05-22T19:28:49+02:00\" >22 mai 2018<\/time><\/div><\/footer><span class='hidden'>\n\t\t\t<span class='av-structured-data'  itemscope=\"itemscope\" itemtype=\"https:\/\/schema.org\/ImageObject\"  itemprop='image'>\n\t\t\t\t\t   <span itemprop='url' >https:\/\/genevieveetdidier.fr\/wp-content\/uploads\/2018\/05\/20180522_190407.jpg<\/span>\n\t\t\t\t\t   <span itemprop='height' >2322<\/span>\n\t\t\t\t\t   <span itemprop='width' >4128<\/span>\n\t\t\t\t  <\/span><span class='av-structured-data'  itemprop=\"publisher\" itemtype=\"https:\/\/schema.org\/Organization\" itemscope=\"itemscope\" >\n\t\t\t\t<span itemprop='name'>admin2725<\/span>\n\t\t\t\t<span itemprop='logo' itemscope itemtype='http:\/\/schema.org\/ImageObject'>\n\t\t\t\t   <span itemprop='url'>http:\/\/genevieveetdidier.fr\/wp-content\/uploads\/2023\/07\/cropped-photo2-scaled-1-500x500.jpg<\/span>\n\t\t\t\t <\/span>\n\t\t\t  <\/span><span class='av-structured-data'  itemprop=\"author\" itemscope=\"itemscope\" itemtype=\"https:\/\/schema.org\/Person\" ><span itemprop='name'>admin2725<\/span><\/span><span class='av-structured-data'  itemprop=\"datePublished\" datetime=\"2018-05-22T19:28:49+02:00\" >2018-05-22 19:28:49<\/span><span class='av-structured-data'  itemprop=\"dateModified\" itemtype=\"https:\/\/schema.org\/dateModified\" >2018-05-23 17:46:23<\/span><span class='av-structured-data'  itemprop=\"mainEntityOfPage\" itemtype=\"https:\/\/schema.org\/mainEntityOfPage\" ><span itemprop='name'>De Aquilea \u00e0  Ankaran, 70 km.<\/span><\/span><\/span><\/article><\/div><\/div><\/div><\/p>\n","protected":false},"excerpt":{"rendered":"","protected":false},"author":1,"featured_media":0,"parent":5494,"menu_order":26,"comment_status":"closed","ping_status":"closed","template":"","meta":{"_monsterinsights_skip_tracking":false,"_monsterinsights_sitenote_active":false,"_monsterinsights_sitenote_note":"","_monsterinsights_sitenote_category":0,"footnotes":""},"class_list":["post-461","page","type-page","status-publish","hentry"],"_links":{"self":[{"href":"https:\/\/genevieveetdidier.fr\/index.php?rest_route=\/wp\/v2\/pages\/461","targetHints":{"allow":["GET"]}}],"collection":[{"href":"https:\/\/genevieveetdidier.fr\/index.php?rest_route=\/wp\/v2\/pages"}],"about":[{"href":"https:\/\/genevieveetdidier.fr\/index.php?rest_route=\/wp\/v2\/types\/page"}],"author":[{"embeddable":true,"href":"https:\/\/genevieveetdidier.fr\/index.php?rest_route=\/wp\/v2\/users\/1"}],"replies":[{"embeddable":true,"href":"https:\/\/genevieveetdidier.fr\/index.php?rest_route=%2Fwp%2Fv2%2Fcomments&post=461"}],"version-history":[{"count":18,"href":"https:\/\/genevieveetdidier.fr\/index.php?rest_route=\/wp\/v2\/pages\/461\/revisions"}],"predecessor-version":[{"id":11160,"href":"https:\/\/genevieveetdidier.fr\/index.php?rest_route=\/wp\/v2\/pages\/461\/revisions\/11160"}],"up":[{"embeddable":true,"href":"https:\/\/genevieveetdidier.fr\/index.php?rest_route=\/wp\/v2\/pages\/5494"}],"wp:attachment":[{"href":"https:\/\/genevieveetdidier.fr\/index.php?rest_route=%2Fwp%2Fv2%2Fmedia&parent=461"}],"curies":[{"name":"wp","href":"https:\/\/api.w.org\/{rel}","templated":true}]}}