{"id":459,"date":"2018-02-02T12:18:11","date_gmt":"2018-02-02T11:18:11","guid":{"rendered":"http:\/\/genevieveetdidier.fr\/?page_id=459"},"modified":"2020-04-04T11:30:47","modified_gmt":"2020-04-04T09:30:47","slug":"slovaquie","status":"publish","type":"page","link":"https:\/\/genevieveetdidier.fr\/?page_id=459","title":{"rendered":"Slovaquie 2017"},"content":{"rendered":"<\/div><\/div><\/div><!-- close content main div --><\/div><\/div><div class='clear'><\/div><div id='sub_menu1' class='av-submenu-container header_color  av-sticky-submenu container_wrap fullsize'   style='z-index:301'><div class='container av-menu-mobile-disabled '><ul id=\"menu-menu_slovaquie\" class=\"av-subnav-menu av-submenu-pos-center\"><li id=\"menu-item-1336\" class=\"menu-item menu-item-type-post_type menu-item-object-page menu-item-has-children menu-item-top-level menu-item-top-level-1\"><a href=\"https:\/\/genevieveetdidier.fr\/?page_id=459\" itemprop=\"url\"><span class=\"avia-bullet\"><\/span><span class=\"avia-menu-text\">Slovaquie 2017<\/span><span class=\"avia-menu-fx\"><span class=\"avia-arrow-wrap\"><span class=\"avia-arrow\"><\/span><\/span><\/span><\/a>\n\n\n<ul class=\"sub-menu\">\n\t<li id=\"menu-item-1335\" class=\"menu-item menu-item-type-post_type menu-item-object-page\"><a href=\"https:\/\/genevieveetdidier.fr\/?page_id=1304\" itemprop=\"url\"><span class=\"avia-bullet\"><\/span><span class=\"avia-menu-text\">De Sahy \u00e0 Namestovo<\/span><\/a><\/li>\n<\/ul>\n<\/li>\n<\/ul><\/div><\/div><div class='sticky_placeholder'><\/div>\n<div class=\"flex_column av_one_third  flex_column_div av-zero-column-padding first  \" style='border-radius:0px; '><div class='avia-image-container  av-styling-   avia-align-center '  itemscope=\"itemscope\" itemtype=\"https:\/\/schema.org\/ImageObject\"  ><div class='avia-image-container-inner'><img class='avia_image ' src='https:\/\/genevieveetdidier.fr\/wp-content\/uploads\/2018\/04\/SL1.png' alt='' title='Slovaquie'   itemprop=\"thumbnailUrl\"  \/><\/div><\/div><\/div>\n<div class=\"flex_column av_two_third  flex_column_div av-zero-column-padding   \" style='border-radius:0px; '><section class=\"av_textblock_section\"  itemscope=\"itemscope\" itemtype=\"https:\/\/schema.org\/CreativeWork\" ><div class='avia_textblock '   itemprop=\"text\" ><h3>La <strong>R\u00e9publique slovaque<\/strong>, en slovaque <em>Slovensk\u00e1 republika<\/em>, est un pays situ\u00e9 en Europe centrale, au c\u0153ur de l&rsquo;Europe continentale et \u00e0 l&rsquo;est de l&rsquo;Union europ\u00e9enne, dont elle est membre depuis 2004. Elle a fait partie de la Tch\u00e9coslovaquie jusqu\u2019en 1992. Sa superficie est de 50000 km\u00b2 et elle compte 5\u00a0500 000 habitants.<\/h3>\n<\/div><\/section><\/div>\n","protected":false},"excerpt":{"rendered":"","protected":false},"author":1,"featured_media":0,"parent":317,"menu_order":0,"comment_status":"closed","ping_status":"closed","template":"","meta":{"_monsterinsights_skip_tracking":false,"_monsterinsights_sitenote_active":false,"_monsterinsights_sitenote_note":"","_monsterinsights_sitenote_category":0,"footnotes":""},"class_list":["post-459","page","type-page","status-publish","hentry"],"_links":{"self":[{"href":"https:\/\/genevieveetdidier.fr\/index.php?rest_route=\/wp\/v2\/pages\/459","targetHints":{"allow":["GET"]}}],"collection":[{"href":"https:\/\/genevieveetdidier.fr\/index.php?rest_route=\/wp\/v2\/pages"}],"about":[{"href":"https:\/\/genevieveetdidier.fr\/index.php?rest_route=\/wp\/v2\/types\/page"}],"author":[{"embeddable":true,"href":"https:\/\/genevieveetdidier.fr\/index.php?rest_route=\/wp\/v2\/users\/1"}],"replies":[{"embeddable":true,"href":"https:\/\/genevieveetdidier.fr\/index.php?rest_route=%2Fwp%2Fv2%2Fcomments&post=459"}],"version-history":[{"count":5,"href":"https:\/\/genevieveetdidier.fr\/index.php?rest_route=\/wp\/v2\/pages\/459\/revisions"}],"predecessor-version":[{"id":5537,"href":"https:\/\/genevieveetdidier.fr\/index.php?rest_route=\/wp\/v2\/pages\/459\/revisions\/5537"}],"up":[{"embeddable":true,"href":"https:\/\/genevieveetdidier.fr\/index.php?rest_route=\/wp\/v2\/pages\/317"}],"wp:attachment":[{"href":"https:\/\/genevieveetdidier.fr\/index.php?rest_route=%2Fwp%2Fv2%2Fmedia&parent=459"}],"curies":[{"name":"wp","href":"https:\/\/api.w.org\/{rel}","templated":true}]}}