{"id":457,"date":"2018-02-02T12:17:53","date_gmt":"2018-02-02T11:17:53","guid":{"rendered":"http:\/\/genevieveetdidier.fr\/?page_id=457"},"modified":"2020-04-04T11:31:08","modified_gmt":"2020-04-04T09:31:08","slug":"suisse","status":"publish","type":"page","link":"https:\/\/genevieveetdidier.fr\/?page_id=457","title":{"rendered":"Suisse 2017"},"content":{"rendered":"<div class=\"flex_column av_one_half  flex_column_div av-zero-column-padding first  \" style='border-radius:0px; '><div class='avia-image-container  av-styling-  noHover  av-overlay-hover-deactivate  avia-align-center '  itemscope=\"itemscope\" itemtype=\"https:\/\/schema.org\/ImageObject\"  ><div class='avia-image-container-inner'><a href='https:\/\/genevieveetdidier.fr\/?page_id=585' class='avia_image'  ><div class='av-image-caption-overlay'><div class='av-caption-image-overlay-bg' style='opacity:0.2; background-color:#ffffff; '><\/div><div class='av-image-caption-overlay-position'><div class='av-image-caption-overlay-center' style='color:#000000; font-size:18px; '><p>De B\u00e2le \u00e0 Bellinzona<\/p>\n<\/div><\/div><\/div><img class='avia_image ' src='https:\/\/genevieveetdidier.fr\/wp-content\/uploads\/2018\/02\/20170506_131810-500x281.jpg' alt='' title=''  itemprop=\"thumbnailUrl\"  \/><\/a><\/div><\/div><\/div><div class=\"flex_column av_one_half  flex_column_div av-zero-column-padding   \" style='border-radius:0px; '><section class=\"av_textblock_section\"  itemscope=\"itemscope\" itemtype=\"https:\/\/schema.org\/CreativeWork\" ><div class='avia_textblock '   itemprop=\"text\" ><p dir=\"ltr\" style=\"line-height: 1.38; margin-top: 0pt; margin-bottom: 0pt;\"><span style=\"font-size: 11pt; font-family: Arial; color: #000000; background-color: transparent; font-weight: 400; font-style: normal; font-variant: normal; text-decoration: none; vertical-align: baseline; white-space: pre-wrap;\">Perceptions<\/span><\/p>\n<p dir=\"ltr\" style=\"line-height: 1.38; margin-top: 0pt; margin-bottom: 0pt;\"><span style=\"font-size: 11pt; font-family: Arial; color: #000000; background-color: transparent; font-weight: 400; font-style: normal; font-variant: normal; text-decoration: none; vertical-align: baseline; white-space: pre-wrap;\">La Suisse est un pays tr\u00e8s soign\u00e9 avec des montagnes dont l\u2019herbe est mieux tondue que notre pelouse. Les pistes cyclables sont \u00a0nombreuses et bien fl\u00e9ch\u00e9es ; \u00a0les automobilistes sont respectueux du code de la route et des cyclistes. Les travaux routiers sont signal\u00e9s bien en amont et des d\u00e9viations sont pr\u00e9vues pour les v\u00e9los. \u00a0Nous avons vu une d\u00e9viation dans un champ tapiss\u00e9e de plaques de caoutchouc pour que les v\u00e9los ne s\u2019embourbent pas. La nourriture est bonne, particuli\u00e8rement le fromage. \u2026.mais la vie est ch\u00e8re, au moins 20 % sup\u00e9rieure \u00e0 la vie fran\u00e7aise. Les campings et h\u00f4tels sont 50% plus chers.<\/span><\/p>\n<\/div><\/section><\/div><\/p>\n<div id='av-masonry-1' class='av-masonry noHover av-flex-size av-large-gap av-hover-overlay-active av-masonry-col-flexible av-caption-always av-caption-style- av-masonry-gallery    '  ><div class='av-masonry-container isotope av-js-disabled ' ><div class='av-masonry-entry isotope-item av-masonry-item-no-image '><\/div><a href=\"https:\/\/genevieveetdidier.fr\/wp-content\/uploads\/2018\/02\/20170503_153920-e1518214979249-579x1030.jpg\" id='av-masonry-1-item-678' data-av-masonry-item='678' class='av-masonry-entry isotope-item post-678 attachment type-attachment status-inherit hentry  av-masonry-item-with-image' title=\"\"  itemprop=\"thumbnailUrl\" ><div class='av-inner-masonry-sizer'><\/div><figure class='av-inner-masonry main_color'><div class=\"av-masonry-outerimage-container\"><div class=\"av-masonry-image-container\" style=\"background-image: url(https:\/\/genevieveetdidier.fr\/wp-content\/uploads\/2018\/02\/20170503_153920-e1518214979249-397x705.jpg);\"><img decoding=\"async\" src=\"https:\/\/genevieveetdidier.fr\/wp-content\/uploads\/2018\/02\/20170503_153920-e1518214979249-397x705.jpg\" title=\"\" alt=\"\" \/><\/div><\/div><\/figure><\/a><!--end av-masonry entry--><a href=\"https:\/\/genevieveetdidier.fr\/wp-content\/uploads\/2018\/02\/20170505_131749-1030x579.jpg\" id='av-masonry-1-item-679' data-av-masonry-item='679' class='av-masonry-entry isotope-item post-679 attachment type-attachment status-inherit hentry  av-masonry-item-with-image' title=\"\"  itemprop=\"thumbnailUrl\" ><div class='av-inner-masonry-sizer'><\/div><figure class='av-inner-masonry main_color'><div class=\"av-masonry-outerimage-container\"><div class=\"av-masonry-image-container\" style=\"background-image: url(https:\/\/genevieveetdidier.fr\/wp-content\/uploads\/2018\/02\/20170505_131749-705x397.jpg);\"><img decoding=\"async\" src=\"https:\/\/genevieveetdidier.fr\/wp-content\/uploads\/2018\/02\/20170505_131749-705x397.jpg\" title=\"20170505_131749\" alt=\"\" \/><\/div><\/div><\/figure><\/a><!--end av-masonry entry--><a href=\"https:\/\/genevieveetdidier.fr\/wp-content\/uploads\/2018\/02\/20170503_151231-1030x579.jpg\" id='av-masonry-1-item-680' data-av-masonry-item='680' class='av-masonry-entry isotope-item post-680 attachment type-attachment status-inherit hentry  av-masonry-item-with-image' title=\"\"  itemprop=\"thumbnailUrl\" ><div class='av-inner-masonry-sizer'><\/div><figure class='av-inner-masonry main_color'><div class=\"av-masonry-outerimage-container\"><div class=\"av-masonry-image-container\" style=\"background-image: url(https:\/\/genevieveetdidier.fr\/wp-content\/uploads\/2018\/02\/20170503_151231-705x397.jpg);\"><img decoding=\"async\" src=\"https:\/\/genevieveetdidier.fr\/wp-content\/uploads\/2018\/02\/20170503_151231-705x397.jpg\" title=\"20170503_151231\" alt=\"\" \/><\/div><\/div><\/figure><\/a><!--end av-masonry entry--><a href=\"https:\/\/genevieveetdidier.fr\/wp-content\/uploads\/2018\/02\/20170503_152358-1030x579.jpg\" id='av-masonry-1-item-681' data-av-masonry-item='681' class='av-masonry-entry isotope-item post-681 attachment type-attachment status-inherit hentry  av-masonry-item-with-image' title=\"\"  itemprop=\"thumbnailUrl\" ><div class='av-inner-masonry-sizer'><\/div><figure class='av-inner-masonry main_color'><div class=\"av-masonry-outerimage-container\"><div class=\"av-masonry-image-container\" style=\"background-image: url(https:\/\/genevieveetdidier.fr\/wp-content\/uploads\/2018\/02\/20170503_152358-705x397.jpg);\"><img decoding=\"async\" src=\"https:\/\/genevieveetdidier.fr\/wp-content\/uploads\/2018\/02\/20170503_152358-705x397.jpg\" title=\"20170503_152358\" alt=\"\" \/><\/div><\/div><\/figure><\/a><!--end av-masonry entry--><a href=\"https:\/\/genevieveetdidier.fr\/wp-content\/uploads\/2018\/02\/20170504_140657-1030x579.jpg\" id='av-masonry-1-item-682' data-av-masonry-item='682' class='av-masonry-entry isotope-item post-682 attachment type-attachment status-inherit hentry  av-masonry-item-with-image' title=\"\"  itemprop=\"thumbnailUrl\" ><div class='av-inner-masonry-sizer'><\/div><figure class='av-inner-masonry main_color'><div class=\"av-masonry-outerimage-container\"><div class=\"av-masonry-image-container\" style=\"background-image: url(https:\/\/genevieveetdidier.fr\/wp-content\/uploads\/2018\/02\/20170504_140657-705x397.jpg);\"><img decoding=\"async\" src=\"https:\/\/genevieveetdidier.fr\/wp-content\/uploads\/2018\/02\/20170504_140657-705x397.jpg\" title=\"20170504_140657\" alt=\"\" \/><\/div><\/div><\/figure><\/a><!--end av-masonry entry--><a href=\"https:\/\/genevieveetdidier.fr\/wp-content\/uploads\/2018\/02\/20170506_113230-1030x579.jpg\" id='av-masonry-1-item-683' data-av-masonry-item='683' class='av-masonry-entry isotope-item post-683 attachment type-attachment status-inherit hentry  av-masonry-item-with-image' title=\"\"  itemprop=\"thumbnailUrl\" ><div class='av-inner-masonry-sizer'><\/div><figure class='av-inner-masonry main_color'><div class=\"av-masonry-outerimage-container\"><div class=\"av-masonry-image-container\" style=\"background-image: url(https:\/\/genevieveetdidier.fr\/wp-content\/uploads\/2018\/02\/20170506_113230-705x397.jpg);\"><img decoding=\"async\" src=\"https:\/\/genevieveetdidier.fr\/wp-content\/uploads\/2018\/02\/20170506_113230-705x397.jpg\" title=\"20170506_113230\" alt=\"\" \/><\/div><\/div><\/figure><\/a><!--end av-masonry entry--><\/div><\/div>\n","protected":false},"excerpt":{"rendered":"","protected":false},"author":1,"featured_media":0,"parent":317,"menu_order":0,"comment_status":"closed","ping_status":"closed","template":"","meta":{"_monsterinsights_skip_tracking":false,"_monsterinsights_sitenote_active":false,"_monsterinsights_sitenote_note":"","_monsterinsights_sitenote_category":0,"footnotes":""},"class_list":["post-457","page","type-page","status-publish","hentry"],"_links":{"self":[{"href":"https:\/\/genevieveetdidier.fr\/index.php?rest_route=\/wp\/v2\/pages\/457","targetHints":{"allow":["GET"]}}],"collection":[{"href":"https:\/\/genevieveetdidier.fr\/index.php?rest_route=\/wp\/v2\/pages"}],"about":[{"href":"https:\/\/genevieveetdidier.fr\/index.php?rest_route=\/wp\/v2\/types\/page"}],"author":[{"embeddable":true,"href":"https:\/\/genevieveetdidier.fr\/index.php?rest_route=\/wp\/v2\/users\/1"}],"replies":[{"embeddable":true,"href":"https:\/\/genevieveetdidier.fr\/index.php?rest_route=%2Fwp%2Fv2%2Fcomments&post=457"}],"version-history":[{"count":5,"href":"https:\/\/genevieveetdidier.fr\/index.php?rest_route=\/wp\/v2\/pages\/457\/revisions"}],"predecessor-version":[{"id":5539,"href":"https:\/\/genevieveetdidier.fr\/index.php?rest_route=\/wp\/v2\/pages\/457\/revisions\/5539"}],"up":[{"embeddable":true,"href":"https:\/\/genevieveetdidier.fr\/index.php?rest_route=\/wp\/v2\/pages\/317"}],"wp:attachment":[{"href":"https:\/\/genevieveetdidier.fr\/index.php?rest_route=%2Fwp%2Fv2%2Fmedia&parent=457"}],"curies":[{"name":"wp","href":"https:\/\/api.w.org\/{rel}","templated":true}]}}