{"id":406,"date":"2018-01-30T18:23:27","date_gmt":"2018-01-30T17:23:27","guid":{"rendered":"http:\/\/genevieveetdidier.fr\/?page_id=406"},"modified":"2025-07-11T18:32:19","modified_gmt":"2025-07-11T16:32:19","slug":"italie","status":"publish","type":"page","link":"https:\/\/genevieveetdidier.fr\/?page_id=406","title":{"rendered":"Italie 2017"},"content":{"rendered":"<section class=\"av_textblock_section\"  itemscope=\"itemscope\" itemtype=\"https:\/\/schema.org\/CreativeWork\" ><div class='avia_textblock '   itemprop=\"text\" ><h1><span style=\"color: #000080;\"><strong>Italie<\/strong><\/span><\/h1>\n<\/div><\/section>\n<div class=\"flex_column av_two_fifth  flex_column_div av-zero-column-padding first  \" style='border-radius:0px; '><section class=\"av_textblock_section\"  itemscope=\"itemscope\" itemtype=\"https:\/\/schema.org\/CreativeWork\" ><div class='avia_textblock '   itemprop=\"text\" ><h1><\/h1>\n<p>Parcourue pendant deux mois et demi. Nous avons d\u00e9couvert un pays tr\u00e8s vari\u00e9, riche en paysages, en soleil, en puissance de voix&#8230;.<\/p>\n<h3><strong>Routes<\/strong><\/h3>\n<p><span style=\"font-weight: 400;\">Les routes secondaires sont tr\u00e8s mal entretenues. Certaines sont ferm\u00e9es \u00e0 la circulation car elles sont devenues tr\u00e8s dangereuses par suite d&rsquo;effondrement.<\/span><\/p>\n<p>Les pistes cyclables sont de plus en plus rares en descendant vers le sud.<\/p>\n<\/div><\/section><\/div>\n<div class=\"flex_column av_three_fifth  flex_column_div av-zero-column-padding   \" style='border-radius:0px; '><div class='avia-image-container  av-styling-   avia-align-center '  itemscope=\"itemscope\" itemtype=\"https:\/\/schema.org\/ImageObject\"  ><div class='avia-image-container-inner'><img class='avia_image ' src='https:\/\/genevieveetdidier.fr\/wp-content\/uploads\/2020\/03\/carte-italie-2017-446x500.png' alt='' title='carte italie 2017'   itemprop=\"thumbnailUrl\"  \/><\/div><\/div><\/div>\n<div class=\"flex_column av_one_half  flex_column_div av-zero-column-padding first  \" style='border-radius:0px; '><section class=\"av_textblock_section\"  itemscope=\"itemscope\" itemtype=\"https:\/\/schema.org\/CreativeWork\" ><div class='avia_textblock '   itemprop=\"text\" ><h3><strong>Les ordures<\/strong><\/h3>\n<p><span style=\"font-weight: 400;\">Dans les zones montagneuses il n\u2019y a pas de probl\u00e8me de ramassage des ordures. D\u00e8s qu\u2019on arrive dans une zone plus peupl\u00e9e, surtout en bord de mer, les personnes vivant en p\u00e9riph\u00e9rie sont condamn\u00e9es \u00e0 \u00e9voluer dans des ordures avec des odeurs naus\u00e9abondes. C\u2019est aussi l\u00e0 que l\u2019on trouve,\u00a0\u00a0malheureusement pour elles, les prostitu\u00e9es assises sur leurs chaises en plastique au milieu des d\u00e9chets au carrefour de chemins. \u00a0Elles sont pour la plupart jeunes, noires ou roumaines.<\/span><\/p>\n<\/div><\/section><\/div>\n<div class=\"flex_column av_one_half  flex_column_div av-zero-column-padding   \" style='border-radius:0px; '><div class='avia-image-container  av-styling-   avia-align-center '  itemscope=\"itemscope\" itemtype=\"https:\/\/schema.org\/ImageObject\"  ><div class='avia-image-container-inner'><img class='avia_image ' src='https:\/\/genevieveetdidier.fr\/wp-content\/uploads\/2018\/02\/20170601_144042-500x281.jpg' alt='' title='20170601_144042'   itemprop=\"thumbnailUrl\"  \/><\/div><\/div><\/div>\n<div class=\"flex_column av_one_half  flex_column_div av-zero-column-padding first  \" style='border-radius:0px; '><section class=\"av_textblock_section\"  itemscope=\"itemscope\" itemtype=\"https:\/\/schema.org\/CreativeWork\" ><div class='avia_textblock '   itemprop=\"text\" ><h3><strong>Les immigr\u00e9s <\/strong><\/h3>\n<p><span style=\"font-weight: 400;\">Des\u00a0 \u00ab\u00a0hommes solitaires,\u00a0<\/span>jeunes et noirs\u00a0 sur un v\u00e9lo\u00a0\u00bb\u00a0 sont des\u00a0 images\u00a0 \u00a0rencontr\u00e9es tr\u00e8s fr\u00e9quemment depuis la plaine du P\u00f4. Ces immigr\u00e9s travaillent dans les champs et viennent chercher, parfois dans des conditions qui font penser \u00e0 l&rsquo;esclavage, leur salaire aupr\u00e8s de leur employeur.\u00a0 En approchant de Messine on en retrouve en grand nombre le long des routes qui remontent vers le nord. Quatre d\u2019entre eux , pr\u00e8s d\u2019une benne de r\u00e9cup\u00e9ration d\u2019habits usag\u00e9s, cherchaient leur bonheur et riaient en faisant leurs essayages. Un gamin d&rsquo;une douzaine d&rsquo;ann\u00e9es \u00e9tait rayonnant d&rsquo;avoir trouv\u00e9 un clou pour consolider son bidonville. Quelle \u00e9nergie, quel enthousiasme et quelle esp\u00e9rance !<\/p>\n<h3><strong>Les constructions <\/strong><\/h3>\n<p><span style=\"font-weight: 400;\">Dans toute l\u2019Italie on voit de grandes constructions inachev\u00e9es et envahies par les herbes folles. On a l\u2019impression de grands projets non aboutis. O\u00f9 est le probl\u00e8me \u00a0? Subventions \u00a0?<\/span><\/p>\n<\/div><\/section><\/div>\n<div class=\"flex_column av_one_half  flex_column_div av-zero-column-padding   \" style='border-radius:0px; '><div class='avia-image-container  av-styling-   avia-align-center '  itemscope=\"itemscope\" itemtype=\"https:\/\/schema.org\/ImageObject\"  ><div class='avia-image-container-inner'><img class='avia_image ' src='https:\/\/genevieveetdidier.fr\/wp-content\/uploads\/2018\/02\/20170603_121056-500x281.jpg' alt='' title='20170603_121056'   itemprop=\"thumbnailUrl\"  \/><\/div><\/div><\/div>\n<div class=\"flex_column av_three_fourth  flex_column_div av-zero-column-padding first  \" style='border-radius:0px; '><section class=\"av_textblock_section\"  itemscope=\"itemscope\" itemtype=\"https:\/\/schema.org\/CreativeWork\" ><div class='avia_textblock '   itemprop=\"text\" ><h2>Bilan cycliste<\/h2>\n<p>De mani\u00e8re g\u00e9n\u00e9rale on peut dire que les Italiens, dans le sud, ne se soucient gu\u00e8re des cyclistes. Cela n\u2019est pas dans leurs pr\u00e9occupations. Et d\u2019ailleurs il y a tr\u00e8s peu de cyclistes.<\/p>\n<p>Il y a peu de pistes cyclables hormis parfois en ville, des pistes qui font 200 m\u00e8tres de long, qui ne m\u00e8nent nulle part et n\u2019ont aucune utilit\u00e9\u00a0; elles sont souvent dans des zones paisibles, mais lorsque cela serait n\u00e9cessaire il n\u2019y a rien, moins que rien.<\/p>\n<p>Faire du v\u00e9lo en Italie suppose d\u2019\u00eatre pr\u00eat \u00e0 affronter les nu\u00e9es de voitures qui passent dans tous les sens, en ne respectant aucune r\u00e8gle. \u00catre pr\u00eat \u00e0 rouler sur des routes o\u00f9 il n\u2019y a aucun espace sur les cot\u00e9s, o\u00f9 les voitures, les camions, les bus (ce sont les pires) ne respecteront jamais plus de 50 centim\u00e8tres pour vous d\u00e9passer. Bref la seule solution c\u2019est de s\u2019imposer, comme eux, c&rsquo;est-\u00e0-dire de ne pas vous soucier d\u2019eux, en priant le ciel et le padre Pio (il est partout pr\u00e9sent) que cela passe, et \u00e7a passe\u00a0!<\/p>\n<p>Il faut savoir que les campings sont inexistants \u00e0 l\u2019int\u00e9rieur des terres, mais avec ebooking on trouve des h\u00e9bergements \u00e0 des prix raisonnables. Seuls les bords de mer ont des campings, pas toujours au top mais presque toujours accueillants, et plus on descend vers le sud moins il y a d\u2019eau chaude\u2026 dans les douches.<\/p>\n<p>Les montagnes de l\u2019int\u00e9rieur sont superbes et beaucoup plus paisibles que les routes du bord de mer, mais elles sont un peu plus sportives. Que ce soit pour une raison, la pente, ou pour une autre, la circulation, on se prend souvent \u00e0 r\u00eaver de faire quelques kilom\u00e8tres sur des pistes allemandes ou hollandaises. Les seuls cyclo randonneurs que nous croisons sont de ces deux nationalit\u00e9s\u00a0: est-ce un hasard\u00a0?<\/p>\n<p>Cela dit, m\u00eame si nous d\u00e9conseillons fortement de vouloir suivre la SS106 en v\u00e9lo, m\u00eame si nous pouvons \u00e9mettre quelques regrets sur l\u2019\u00e9quipement routier, force est de reconna\u00eetre que l\u2019Italie est un pays absolument magnifique. \u00a0\u00a0\u00a0\u00a0\u00a0\u00a0\u00a0C\u2019est un vrai bonheur que de le d\u00e9couvrir \u00e0 chaque virage.<\/p>\n<\/div><\/section><\/div>\n<div class=\"flex_column av_one_fourth  flex_column_div av-zero-column-padding   \" style='border-radius:0px; '><div class='avia-image-container  av-styling-   avia-align-center '  itemscope=\"itemscope\" itemtype=\"https:\/\/schema.org\/ImageObject\"  ><div class='avia-image-container-inner'><img class='avia_image ' src='https:\/\/genevieveetdidier.fr\/wp-content\/uploads\/2018\/04\/s12-500x402.jpg' alt='' title=''   itemprop=\"thumbnailUrl\"  \/><\/div><\/div><\/div>\n","protected":false},"excerpt":{"rendered":"","protected":false},"author":1,"featured_media":0,"parent":317,"menu_order":0,"comment_status":"closed","ping_status":"closed","template":"","meta":{"_monsterinsights_skip_tracking":false,"_monsterinsights_sitenote_active":false,"_monsterinsights_sitenote_note":"","_monsterinsights_sitenote_category":0,"footnotes":""},"class_list":["post-406","page","type-page","status-publish","hentry"],"_links":{"self":[{"href":"https:\/\/genevieveetdidier.fr\/index.php?rest_route=\/wp\/v2\/pages\/406","targetHints":{"allow":["GET"]}}],"collection":[{"href":"https:\/\/genevieveetdidier.fr\/index.php?rest_route=\/wp\/v2\/pages"}],"about":[{"href":"https:\/\/genevieveetdidier.fr\/index.php?rest_route=\/wp\/v2\/types\/page"}],"author":[{"embeddable":true,"href":"https:\/\/genevieveetdidier.fr\/index.php?rest_route=\/wp\/v2\/users\/1"}],"replies":[{"embeddable":true,"href":"https:\/\/genevieveetdidier.fr\/index.php?rest_route=%2Fwp%2Fv2%2Fcomments&post=406"}],"version-history":[{"count":32,"href":"https:\/\/genevieveetdidier.fr\/index.php?rest_route=\/wp\/v2\/pages\/406\/revisions"}],"predecessor-version":[{"id":5533,"href":"https:\/\/genevieveetdidier.fr\/index.php?rest_route=\/wp\/v2\/pages\/406\/revisions\/5533"}],"up":[{"embeddable":true,"href":"https:\/\/genevieveetdidier.fr\/index.php?rest_route=\/wp\/v2\/pages\/317"}],"wp:attachment":[{"href":"https:\/\/genevieveetdidier.fr\/index.php?rest_route=%2Fwp%2Fv2%2Fmedia&parent=406"}],"curies":[{"name":"wp","href":"https:\/\/api.w.org\/{rel}","templated":true}]}}