{"id":3652,"date":"2019-04-12T09:35:36","date_gmt":"2019-04-12T07:35:36","guid":{"rendered":"http:\/\/genevieveetdidier.fr\/?page_id=3652"},"modified":"2020-04-28T14:47:59","modified_gmt":"2020-04-28T12:47:59","slug":"slovaquie","status":"publish","type":"page","link":"https:\/\/genevieveetdidier.fr\/?page_id=3652","title":{"rendered":"Slovaquie 2018"},"content":{"rendered":"<div class=\"flex_column av_one_full  flex_column_div av-zero-column-padding first  \" style='border-radius:0px; '><section class=\"av_textblock_section\"  itemscope=\"itemscope\" itemtype=\"https:\/\/schema.org\/CreativeWork\" ><div class='avia_textblock '   itemprop=\"text\" ><h1 style=\"text-align: center;\"><span style=\"color: #000080;\">SLOVAQUIE<\/span><\/h1>\n<\/div><\/section><br \/>\n<section class=\"av_textblock_section\"  itemscope=\"itemscope\" itemtype=\"https:\/\/schema.org\/CreativeWork\" ><div class='avia_textblock '   itemprop=\"text\" ><h3 class=\"wp-block-heading\" style=\"text-align: center;\">\u00a0<\/h3>\n<figure class=\"wp-block-image\"><img decoding=\"async\" src=\"blob:https:\/\/genevieveetdidier.fr\/a0821ef6-b51c-4a6a-8770-b502c233bc23\" alt=\"\" \/><\/figure>\n<div class=\"wp-block-image\">\n<figure class=\"aligncenter\"><img loading=\"lazy\" decoding=\"async\" width=\"612\" height=\"529\" class=\"wp-image-3655\" src=\"https:\/\/genevieveetdidier.fr\/wp-content\/uploads\/2019\/04\/Slovaquie.jpg\" alt=\"\" srcset=\"https:\/\/genevieveetdidier.fr\/wp-content\/uploads\/2019\/04\/Slovaquie.jpg 612w, https:\/\/genevieveetdidier.fr\/wp-content\/uploads\/2019\/04\/Slovaquie-500x432.jpg 500w, https:\/\/genevieveetdidier.fr\/wp-content\/uploads\/2019\/04\/Slovaquie-450x389.jpg 450w\" sizes=\"auto, (max-width: 612px) 100vw, 612px\" \/><\/figure>\n<\/div>\n<h3 class=\"wp-block-heading\" style=\"text-align: center;\">De Gyor \u00e0 Bratislava, 92 km<\/h3>\n<p>Beaucoup de pistes cyclables agr\u00e9ables aujourd&rsquo;hui en for\u00eat ou sur des digues le long du Danube\u00a0 et les cyclistes ne s&rsquo;y trompent pas : ils sont devenus de plus en plus nombreux en approchant de Bratislava. Nous avons en particulier rencontr\u00e9 des \u00ab\u00a0voyages organis\u00e9s \u00a0\u00bb de Vienne \u00e0 Budapest. Les participants ont leurs bagages port\u00e9s d&rsquo;h\u00f4tel en h\u00f4tel et ils n&rsquo;ont qu&rsquo;\u00e0 suivre leur feuille de route; cela ne nous fait pas r\u00eaver!<\/p>\n<figure class=\"wp-block-image\"><img loading=\"lazy\" decoding=\"async\" width=\"1030\" height=\"579\" class=\"wp-image-2675\" src=\"https:\/\/genevieveetdidier.fr\/wp-content\/uploads\/2018\/08\/20180807_134709-1030x579.jpg\" alt=\"\" srcset=\"https:\/\/genevieveetdidier.fr\/wp-content\/uploads\/2018\/08\/20180807_134709-1030x579.jpg 1030w, https:\/\/genevieveetdidier.fr\/wp-content\/uploads\/2018\/08\/20180807_134709-500x281.jpg 500w, https:\/\/genevieveetdidier.fr\/wp-content\/uploads\/2018\/08\/20180807_134709-768x432.jpg 768w, https:\/\/genevieveetdidier.fr\/wp-content\/uploads\/2018\/08\/20180807_134709-1500x844.jpg 1500w, https:\/\/genevieveetdidier.fr\/wp-content\/uploads\/2018\/08\/20180807_134709-705x397.jpg 705w, https:\/\/genevieveetdidier.fr\/wp-content\/uploads\/2018\/08\/20180807_134709-450x253.jpg 450w\" sizes=\"auto, (max-width: 1030px) 100vw, 1030px\" \/><\/figure>\n<figure class=\"wp-block-image\"><img loading=\"lazy\" decoding=\"async\" width=\"1030\" height=\"579\" class=\"wp-image-2672\" src=\"https:\/\/genevieveetdidier.fr\/wp-content\/uploads\/2018\/08\/20180807_165943-1030x579.jpg\" alt=\"\" srcset=\"https:\/\/genevieveetdidier.fr\/wp-content\/uploads\/2018\/08\/20180807_165943-1030x579.jpg 1030w, https:\/\/genevieveetdidier.fr\/wp-content\/uploads\/2018\/08\/20180807_165943-500x281.jpg 500w, https:\/\/genevieveetdidier.fr\/wp-content\/uploads\/2018\/08\/20180807_165943-768x432.jpg 768w, https:\/\/genevieveetdidier.fr\/wp-content\/uploads\/2018\/08\/20180807_165943-1500x844.jpg 1500w, https:\/\/genevieveetdidier.fr\/wp-content\/uploads\/2018\/08\/20180807_165943-705x397.jpg 705w, https:\/\/genevieveetdidier.fr\/wp-content\/uploads\/2018\/08\/20180807_165943-450x253.jpg 450w\" sizes=\"auto, (max-width: 1030px) 100vw, 1030px\" \/><\/figure>\n<\/div><\/section><\/p><\/div>","protected":false},"excerpt":{"rendered":"","protected":false},"author":1,"featured_media":2670,"parent":390,"menu_order":14,"comment_status":"closed","ping_status":"closed","template":"","meta":{"_monsterinsights_skip_tracking":false,"_monsterinsights_sitenote_active":false,"_monsterinsights_sitenote_note":"","_monsterinsights_sitenote_category":0,"footnotes":""},"class_list":["post-3652","page","type-page","status-publish","has-post-thumbnail","hentry"],"_links":{"self":[{"href":"https:\/\/genevieveetdidier.fr\/index.php?rest_route=\/wp\/v2\/pages\/3652","targetHints":{"allow":["GET"]}}],"collection":[{"href":"https:\/\/genevieveetdidier.fr\/index.php?rest_route=\/wp\/v2\/pages"}],"about":[{"href":"https:\/\/genevieveetdidier.fr\/index.php?rest_route=\/wp\/v2\/types\/page"}],"author":[{"embeddable":true,"href":"https:\/\/genevieveetdidier.fr\/index.php?rest_route=\/wp\/v2\/users\/1"}],"replies":[{"embeddable":true,"href":"https:\/\/genevieveetdidier.fr\/index.php?rest_route=%2Fwp%2Fv2%2Fcomments&post=3652"}],"version-history":[{"count":8,"href":"https:\/\/genevieveetdidier.fr\/index.php?rest_route=\/wp\/v2\/pages\/3652\/revisions"}],"predecessor-version":[{"id":5543,"href":"https:\/\/genevieveetdidier.fr\/index.php?rest_route=\/wp\/v2\/pages\/3652\/revisions\/5543"}],"up":[{"embeddable":true,"href":"https:\/\/genevieveetdidier.fr\/index.php?rest_route=\/wp\/v2\/pages\/390"}],"wp:featuredmedia":[{"embeddable":true,"href":"https:\/\/genevieveetdidier.fr\/index.php?rest_route=\/wp\/v2\/media\/2670"}],"wp:attachment":[{"href":"https:\/\/genevieveetdidier.fr\/index.php?rest_route=%2Fwp%2Fv2%2Fmedia&parent=3652"}],"curies":[{"name":"wp","href":"https:\/\/api.w.org\/{rel}","templated":true}]}}