{"id":3575,"date":"2019-04-10T18:39:53","date_gmt":"2019-04-10T16:39:53","guid":{"rendered":"http:\/\/genevieveetdidier.fr\/?page_id=3575"},"modified":"2020-05-02T15:19:02","modified_gmt":"2020-05-02T13:19:02","slug":"bulgarie-de-elhovo-a-corabia","status":"publish","type":"page","link":"https:\/\/genevieveetdidier.fr\/?page_id=3575","title":{"rendered":"Bulgarie, de Elhovo \u00e0 Corabia"},"content":{"rendered":"<div class=\"flex_column av_one_full  flex_column_div av-zero-column-padding first  \" style='border-radius:0px; '><section class=\"av_textblock_section\"  itemscope=\"itemscope\" itemtype=\"https:\/\/schema.org\/CreativeWork\" ><div class='avia_textblock '   itemprop=\"text\" ><h1 style=\"text-align: center;\"><span style=\"color: #000080;\">BULGARIE<\/span><\/h1>\n<\/div><\/section><\/div>\r\n<section class=\"av_textblock_section\"  itemscope=\"itemscope\" itemtype=\"https:\/\/schema.org\/CreativeWork\" ><div class='avia_textblock '   itemprop=\"text\" ><\/p>\n<div class=\"wp-block-image\">\n<figure class=\"aligncenter\"><img loading=\"lazy\" decoding=\"async\" width=\"672\" height=\"534\" class=\"wp-image-3576\" src=\"https:\/\/genevieveetdidier.fr\/wp-content\/uploads\/2019\/04\/Bulgarie.jpg\" alt=\"\" srcset=\"https:\/\/genevieveetdidier.fr\/wp-content\/uploads\/2019\/04\/Bulgarie.jpg 672w, https:\/\/genevieveetdidier.fr\/wp-content\/uploads\/2019\/04\/Bulgarie-500x397.jpg 500w, https:\/\/genevieveetdidier.fr\/wp-content\/uploads\/2019\/04\/Bulgarie-450x358.jpg 450w\" sizes=\"auto, (max-width: 672px) 100vw, 672px\" \/><\/figure>\n<\/div>\n<h3 class=\"wp-block-heading\" style=\"text-align: center;\">De Elhovo \u00e0 Burgas, 98 km<\/h3>\n<p><\/p>\n<\/div><\/section>\r\n<div class=\"flex_column av_one_half  flex_column_div av-zero-column-padding first  \" style='border-radius:0px; '><div class='avia-image-container  av-styling-   avia-align-center '  itemscope=\"itemscope\" itemtype=\"https:\/\/schema.org\/ImageObject\"  ><div class='avia-image-container-inner'><img class='avia_image ' src='https:\/\/genevieveetdidier.fr\/wp-content\/uploads\/2018\/07\/20180715_122601-500x281.jpg' alt='' title='20180715_122601'   itemprop=\"thumbnailUrl\"  \/><\/div><\/div><\/div>\r\n<div class=\"flex_column av_one_half  flex_column_div av-zero-column-padding   \" style='border-radius:0px; '><section class=\"av_textblock_section\"  itemscope=\"itemscope\" itemtype=\"https:\/\/schema.org\/CreativeWork\" ><div class='avia_textblock '   itemprop=\"text\" ><p>Un v\u00e9ritable changement de d\u00e9cor aujourd&rsquo;hui : nous avons roul\u00e9 dans un cadre verdoyant, vallonn\u00e9, bois\u00e9 ou cultiv\u00e9 avec des champs de tournesol \u00e0 perte de vue. Nous avons travers\u00e9 quelques villages et bourgs qui ont besoin de s\u00e9rieux am\u00e9nagements : les routes pav\u00e9es sont compl\u00e8tement d\u00e9fonc\u00e9es, les quelques jeux install\u00e9s pour les enfants ne sont pas entretenus et aucune maison n&rsquo;a une fleur pour \u00e9gayer sa fa\u00e7ade. Le pouvoir d&rsquo;achat moyen bulgare doit \u00eatre faible au regard du cout de la vie.<\/p>\n<\/div><\/section><\/div>\r\n<div class=\"flex_column av_one_half  flex_column_div av-zero-column-padding first  \" style='border-radius:0px; '><div class='avia-image-container  av-styling-   avia-align-center '  itemscope=\"itemscope\" itemtype=\"https:\/\/schema.org\/ImageObject\"  ><div class='avia-image-container-inner'><img class='avia_image ' src='https:\/\/genevieveetdidier.fr\/wp-content\/uploads\/2018\/07\/20180715_193158-500x281.jpg' alt='' title='20180715_193158'   itemprop=\"thumbnailUrl\"  \/><\/div><\/div><\/div>\r\n<div class=\"flex_column av_one_half  flex_column_div av-zero-column-padding   \" style='border-radius:0px; '><section class=\"av_textblock_section\"  itemscope=\"itemscope\" itemtype=\"https:\/\/schema.org\/CreativeWork\" ><div class='avia_textblock '   itemprop=\"text\" ><p>Et ce soir que faisaient les Bulgares au restaurant\u00a0 ?<\/p>\n<\/div><\/section><\/div>\r\n<section class=\"av_textblock_section\"  itemscope=\"itemscope\" itemtype=\"https:\/\/schema.org\/CreativeWork\" ><div class='avia_textblock '   itemprop=\"text\" ><\/p>\n<h3 class=\"wp-block-heading\" style=\"text-align: center;\">De Burgas \u00e0 Nesebar, 48 km<\/h3>\n<p><\/p>\n<\/div><\/section>\r\n<div class=\"flex_column av_one_half  flex_column_div av-zero-column-padding first  \" style='border-radius:0px; '><section class=\"av_textblock_section\"  itemscope=\"itemscope\" itemtype=\"https:\/\/schema.org\/CreativeWork\" ><div class='avia_textblock '   itemprop=\"text\" ><p>La Bulgarie est un pays de contraste : villages pauvres sans am\u00e9nagement et quartiers tr\u00e8s ais\u00e9s&#8230;.Nos journ\u00e9es sont sur le m\u00eame mod\u00e8le. Nous avons commenc\u00e9 sur une superbe piste cyclable empruntant une lagune. Nous avons d\u00e9couvert les bains de boue noire et les \u00ab\u00a0trempouillages \u00a0\u00bb dans une eau rouge\u00e2tre. La piste cyclable en cours d&rsquo;ach\u00e8vement se transformait en un chemin de terre de moins en moins praticable. Nous avons rejoint la grande route qui est interdite aux v\u00e9los. Nous avions d\u00e9cid\u00e9 de rejoindre Varna, ville situ\u00e9e plus au nord,\u00a0 en plusieurs \u00e9tapes mais notre projet devenait impossible car il y a peu de routes en Bulgarie. Nous avons donc parcouru 20 km pour rejoindre la ville de Nesebar situ\u00e9e \u00e0 5 km de l\u00e0 o\u00f9 nous \u00e9tions. Demain nous nous reposons et nous r\u00e9fl\u00e9chissons \u00e0 la suite de notre parcours!<\/p>\n<p>Je me suis baign\u00e9e dans la Mer noire: objectif atteint !<\/p>\n<\/div><\/section><\/div>\r\n<div class=\"flex_column av_one_half  flex_column_div av-zero-column-padding   \" style='border-radius:0px; '><p><div class='avia-image-container  av-styling-   avia-align-center '  itemscope=\"itemscope\" itemtype=\"https:\/\/schema.org\/ImageObject\"  ><div class='avia-image-container-inner'><img class='avia_image ' src='https:\/\/genevieveetdidier.fr\/wp-content\/uploads\/2018\/07\/20180716_095622-500x281.jpg' alt='' title='20180716_095622'   itemprop=\"thumbnailUrl\"  \/><\/div><\/div><br \/>\n<section class=\"av_textblock_section\"  itemscope=\"itemscope\" itemtype=\"https:\/\/schema.org\/CreativeWork\" ><div class='avia_textblock '   itemprop=\"text\" ><p>Des chantiers immobiliers immenses en cours de construction dans des zones d\u00e9sertiques alors que d&rsquo;autres bien situ\u00e9s sur le littoral sont abandonn\u00e9s<\/p>\n<\/div><\/section><br \/>\n<div class='avia-image-container  av-styling-   avia-align-center '  itemscope=\"itemscope\" itemtype=\"https:\/\/schema.org\/ImageObject\"  ><div class='avia-image-container-inner'><img class='avia_image ' src='https:\/\/genevieveetdidier.fr\/wp-content\/uploads\/2018\/07\/20180716_081544-e1531765559600-281x500.jpg' alt='' title='20180716_081544'   itemprop=\"thumbnailUrl\"  \/><\/div><\/div><\/p><\/div>\r\n<section class=\"av_textblock_section\"  itemscope=\"itemscope\" itemtype=\"https:\/\/schema.org\/CreativeWork\" ><div class='avia_textblock '   itemprop=\"text\" ><\/div><\/section>\r\n<section class=\"av_textblock_section\"  itemscope=\"itemscope\" itemtype=\"https:\/\/schema.org\/CreativeWork\" ><div class='avia_textblock '   itemprop=\"text\" ><\/p>\n<h3 class=\"wp-block-heading\" style=\"text-align: center;\">Visite de Nesebar, 11 km<\/h3>\n<p><\/p>\n<\/div><\/section>\r\n<div class=\"flex_column av_one_half  flex_column_div av-zero-column-padding first  \" style='border-radius:0px; '><section class=\"av_textblock_section\"  itemscope=\"itemscope\" itemtype=\"https:\/\/schema.org\/CreativeWork\" ><div class='avia_textblock '   itemprop=\"text\" ><p>Nous nous devions de visiter Nesebar, ville class\u00e9e au patrimoine mondial de l&rsquo;Unesco : ses vestiges, ses \u00e9glises, sa situation privil\u00e9gi\u00e9e sur une presqu&rsquo;\u00eele, ses touristes, ses attrape- touristes (bijoux, magnets, fourrures &#8230;).<\/p>\n<p>Nous avons rencontr\u00e9 deux jeunes cyclotouristes toulousains qui effectuent un p\u00e9riple assez proche du notre. Cela nous a permis d&rsquo;\u00e9changer nos exp\u00e9riences.<\/p>\n<p>Un bel orage a \u00e9clat\u00e9 en fin de journ\u00e9e\u00a0 et a rendu la mer noire.<\/p>\n<p>Demain nous partons cap \u00e0 l&rsquo;ouest en direction du Danube. Nous avons opt\u00e9 pour la montagne plut\u00f4t que pour l&rsquo;autoroute!<\/p>\n<\/div><\/section><\/div>\r\n<div class=\"flex_column av_one_half  flex_column_div av-zero-column-padding   \" style='border-radius:0px; '><div class='avia-image-container  av-styling-   avia-align-center '  itemscope=\"itemscope\" itemtype=\"https:\/\/schema.org\/ImageObject\"  ><div class='avia-image-container-inner'><img class='avia_image ' src='https:\/\/genevieveetdidier.fr\/wp-content\/uploads\/2018\/07\/20180717_095250-500x281.jpg' alt='' title='20180717_095250'   itemprop=\"thumbnailUrl\"  \/><\/div><\/div><\/div>\r\n<div class=\"flex_column av_one_full  flex_column_div av-zero-column-padding first  \" style='border-radius:0px; '><div class='avia-image-container  av-styling-   avia-align-center '  itemscope=\"itemscope\" itemtype=\"https:\/\/schema.org\/ImageObject\"  ><div class='avia-image-container-inner'><img class='avia_image ' src='https:\/\/genevieveetdidier.fr\/wp-content\/uploads\/2018\/07\/20180717_161402-500x281.jpg' alt='' title='20180717_161402'   itemprop=\"thumbnailUrl\"  \/><\/div><\/div><\/div>\r\n<section class=\"av_textblock_section\"  itemscope=\"itemscope\" itemtype=\"https:\/\/schema.org\/CreativeWork\" ><div class='avia_textblock '   itemprop=\"text\" ><\/p>\n<h3 class=\"wp-block-heading\" style=\"text-align: center;\">De Nesebar \u00e0 Asparuhovo, 88 km<\/h3>\n<p><\/p>\n<\/div><\/section>\r\n<section class=\"av_textblock_section\"  itemscope=\"itemscope\" itemtype=\"https:\/\/schema.org\/CreativeWork\" ><div class='avia_textblock '   itemprop=\"text\" ><\/div><\/section>\r\n<div class=\"flex_column av_one_half  flex_column_div av-zero-column-padding first  \" style='border-radius:0px; '><section class=\"av_textblock_section\"  itemscope=\"itemscope\" itemtype=\"https:\/\/schema.org\/CreativeWork\" ><div class='avia_textblock '   itemprop=\"text\" ><p>Nous avons choisi de quitter la c\u00f4te et ses routes surcharg\u00e9es et nous n&rsquo;avons pas regrett\u00e9 notre choix. Nous avons chemin\u00e9 sur des petites routes tranquilles entre vignes et arbres fruitiers. Nous avons achet\u00e9 des p\u00eaches sur le bord de la route et le paysan nous a donn\u00e9 en plus des prunes. Nous avons travers\u00e9 des villages paisibles. &#8230; sauf un. Le d\u00e9ploiement des forces de l&rsquo;ordre nous semblant particuli\u00e8rement important nous avons interrog\u00e9 un \u00ab\u00a0costume-cravate \u00ab\u00a0. Il nous a dit que c&rsquo;\u00e9tait le pr\u00e9sident de la r\u00e9publique bulgare qui tenait un meeting l\u00e0 \u00e0 Ruen.<\/p>\n<p>Notre village \u00e9tape se situe au bord d&rsquo;un lac dont les formes ressemblent aux bouches de Kotor ; c&rsquo;est magnifique!<\/p>\n<p>Nous voici donc repartis de bons pieds avec plein de belles images dans les yeux.<\/p>\n<\/div><\/section><\/div><div class=\"flex_column av_one_half  flex_column_div av-zero-column-padding   \" style='border-radius:0px; '><div class='avia-image-container  av-styling-   avia-align-center '  itemscope=\"itemscope\" itemtype=\"https:\/\/schema.org\/ImageObject\"  ><div class='avia-image-container-inner'><img class='avia_image ' src='https:\/\/genevieveetdidier.fr\/wp-content\/uploads\/2018\/07\/20180718_1804370-500x281.jpg' alt='' title='20180718_180437(0)'   itemprop=\"thumbnailUrl\"  \/><\/div><\/div><\/div><\/p>\r\n<section class=\"av_textblock_section\"  itemscope=\"itemscope\" itemtype=\"https:\/\/schema.org\/CreativeWork\" ><div class='avia_textblock '   itemprop=\"text\" ><\/div><\/section>\r\n<div class=\"flex_column av_one_third  flex_column_div av-zero-column-padding first  \" style='border-radius:0px; '><div class='avia-image-container  av-styling-   avia-align-center '  itemscope=\"itemscope\" itemtype=\"https:\/\/schema.org\/ImageObject\"  ><div class='avia-image-container-inner'><img class='avia_image ' src='https:\/\/genevieveetdidier.fr\/wp-content\/uploads\/2018\/07\/Bulgarie6-500x357.jpg' alt='' title='Bulgarie6'   itemprop=\"thumbnailUrl\"  \/><\/div><\/div><\/div>\r\n<div class=\"flex_column av_one_third  flex_column_div av-zero-column-padding   \" style='border-radius:0px; '><div class='avia-image-container  av-styling-   avia-align-center '  itemscope=\"itemscope\" itemtype=\"https:\/\/schema.org\/ImageObject\"  ><div class='avia-image-container-inner'><img class='avia_image ' src='https:\/\/genevieveetdidier.fr\/wp-content\/uploads\/2018\/07\/Bulgarie5-500x320.jpg' alt='' title='Bulgarie5'   itemprop=\"thumbnailUrl\"  \/><\/div><\/div><\/div>\r\n<div class=\"flex_column av_one_third  flex_column_div av-zero-column-padding   \" style='border-radius:0px; '><div class='avia-image-container  av-styling-   avia-align-center '  itemscope=\"itemscope\" itemtype=\"https:\/\/schema.org\/ImageObject\"  ><div class='avia-image-container-inner'><img class='avia_image ' src='https:\/\/genevieveetdidier.fr\/wp-content\/uploads\/2018\/07\/Bulgarie4-500x403.jpg' alt='' title='Bulgarie4'   itemprop=\"thumbnailUrl\"  \/><\/div><\/div><\/div>\r\n<section class=\"av_textblock_section\"  itemscope=\"itemscope\" itemtype=\"https:\/\/schema.org\/CreativeWork\" ><div class='avia_textblock '   itemprop=\"text\" ><\/p>\n<h3 class=\"wp-block-heading\" style=\"text-align: center;\">De Asparuhovo \u00e0 T\u0103rgovi\u0161te, 85 km<\/h3>\n<p><\/p>\n<\/div><\/section>\r\n<div class=\"flex_column av_one_half  flex_column_div av-zero-column-padding first  \" style='border-radius:0px; '><div class='avia-image-container  av-styling-   avia-align-center '  itemscope=\"itemscope\" itemtype=\"https:\/\/schema.org\/ImageObject\"  ><div class='avia-image-container-inner'><img class='avia_image ' src='https:\/\/genevieveetdidier.fr\/wp-content\/uploads\/2018\/07\/20180719_104039-500x281.jpg' alt='' title='20180719_104039'   itemprop=\"thumbnailUrl\"  \/><\/div><\/div><\/div>\r\n<div class=\"flex_column av_one_half  flex_column_div av-zero-column-padding   \" style='border-radius:0px; '><section class=\"av_textblock_section\"  itemscope=\"itemscope\" itemtype=\"https:\/\/schema.org\/CreativeWork\" ><div class='avia_textblock '   itemprop=\"text\" ><p>Une belle journ\u00e9e dans une campagne vallonn\u00e9e avec des tournesols \u00e0 perte de vue. Nous avons b\u00e9n\u00e9fici\u00e9 de routes tranquilles, traversant des villages peu entretenus. Les bordures de trottoir existent mais sont envahis par les herbes.<\/p>\n<\/div><\/section><\/div>\r\n<div class=\"flex_column av_one_half  flex_column_div av-zero-column-padding first  \" style='border-radius:0px; '><p><div class='avia-image-container  av-styling-   avia-align-center '  itemscope=\"itemscope\" itemtype=\"https:\/\/schema.org\/ImageObject\"  ><div class='avia-image-container-inner'><img class='avia_image ' src='https:\/\/genevieveetdidier.fr\/wp-content\/uploads\/2018\/07\/20180720_065943-500x281.jpg' alt='' title='Targovichte'   itemprop=\"thumbnailUrl\"  \/><\/div><\/div><br \/>\n<section class=\"av_textblock_section\"  itemscope=\"itemscope\" itemtype=\"https:\/\/schema.org\/CreativeWork\" ><div class='avia_textblock '   itemprop=\"text\" ><p>L&rsquo;h\u00f4tel familial R\u00e9gna tenu par un pal\u00e9ontologue<\/p>\n<\/div><\/section><\/p><\/div>\r\n<div class=\"flex_column av_one_half  flex_column_div av-zero-column-padding   \" style='border-radius:0px; '><p><div class='avia-image-container  av-styling-   avia-align-center '  itemscope=\"itemscope\" itemtype=\"https:\/\/schema.org\/ImageObject\"  ><div class='avia-image-container-inner'><img class='avia_image ' src='https:\/\/genevieveetdidier.fr\/wp-content\/uploads\/2018\/07\/20180719_194000-500x281.jpg' alt='' title='Targovichte'   itemprop=\"thumbnailUrl\"  \/><\/div><\/div><br \/>\n<section class=\"av_textblock_section\"  itemscope=\"itemscope\" itemtype=\"https:\/\/schema.org\/CreativeWork\" ><div class='avia_textblock '   itemprop=\"text\" ><p>Le restaurant \u00ab\u00a0Architecte \u00a0\u00bb : de la tr\u00e8s bonne cuisine<\/p>\n<\/div><\/section><\/p><\/div>\r\n<section class=\"av_textblock_section\"  itemscope=\"itemscope\" itemtype=\"https:\/\/schema.org\/CreativeWork\" ><div class='avia_textblock '   itemprop=\"text\" ><\/p>\n<h3 class=\"wp-block-heading\" style=\"text-align: center;\">De Targovichte \u00e0 Byala, 89 km<\/h3>\n<p><\/p>\n<\/div><\/section>\r\n<div class=\"flex_column av_one_half  flex_column_div av-zero-column-padding first  \" style='border-radius:0px; '><section class=\"av_textblock_section\"  itemscope=\"itemscope\" itemtype=\"https:\/\/schema.org\/CreativeWork\" ><div class='avia_textblock '   itemprop=\"text\" ><p>Nous avons retrouv\u00e9 notre route d\u00e9partementale et ses petits villages o\u00f9 les toits de tuiles \u00e9mergent au milieu des fleurs comme \u00e0 Pogoritsa.<\/p>\n<p>C&rsquo;\u00e9tait jour de march\u00e9 \u00e0 Popovo et je n&rsquo;ai pas r\u00e9sist\u00e9 \u00e0 parcourir la halle aux l\u00e9gumes propos\u00e9s par une multitude de producteurs locaux.\u00a0 Tomates, p\u00eaches,\u00a0 poivrons&#8230; tout \u00e9tait color\u00e9,\u00a0 de premi\u00e8re fra\u00eecheur et \u00e0 moins d&rsquo;un euro le kilo.<\/p>\n<p>Nous sommes ensuite arriv\u00e9s dans une zone de travaux d&rsquo;une vingtaine de kilom\u00e8tres. Hormis la difficult\u00e9 de rouler sur une zone d\u00e9fonc\u00e9e nous \u00e9tions dans un nuage de poussi\u00e8re permanent.<\/p>\n<p>Nous avons\u00a0 d\u00e9cid\u00e9 de faire une pause\u00a0 et nous avons d\u00e9couvert \u00e0 Kovachevets un ch\u00e2teau romain du quatri\u00e8me si\u00e8cle \u00e9tendu sur quarante hectares. Des fouilles sont toujours en cours.<\/p>\n<p>Une autre petite pause s&rsquo;est impos\u00e9e pour laisser passer un orage.<\/p>\n<p>Demain ce sera le Danube.<\/p>\n<\/div><\/section><\/div>\r\n<div class=\"flex_column av_one_half  flex_column_div av-zero-column-padding   \" style='border-radius:0px; '><p><div class='avia-image-container  av-styling-   avia-align-center '  itemscope=\"itemscope\" itemtype=\"https:\/\/schema.org\/ImageObject\"  ><div class='avia-image-container-inner'><img class='avia_image ' src='https:\/\/genevieveetdidier.fr\/wp-content\/uploads\/2018\/07\/20180720_115615-500x281.jpg' alt='' title='Kovachevets'   itemprop=\"thumbnailUrl\"  \/><\/div><\/div><br \/>\n<section class=\"av_textblock_section\"  itemscope=\"itemscope\" itemtype=\"https:\/\/schema.org\/CreativeWork\" ><div class='avia_textblock '   itemprop=\"text\" ><p style=\"text-align: center;\"><strong><em>Kovachevets<\/em><\/strong><\/p>\n<\/div><\/section><\/p><\/div>\r\n<section class=\"av_textblock_section\"  itemscope=\"itemscope\" itemtype=\"https:\/\/schema.org\/CreativeWork\" ><div class='avia_textblock '   itemprop=\"text\" ><\/p>\n<h3 class=\"wp-block-heading\" style=\"text-align: center;\">De Byala \u00e0 B\u00e9n\u00e9l\u00e9, 77 km<\/h3>\n<p><\/p>\n<\/div><\/section>\r\n<div class=\"flex_column av_one_half  flex_column_div av-zero-column-padding first  \" style='border-radius:0px; '><section class=\"av_textblock_section\"  itemscope=\"itemscope\" itemtype=\"https:\/\/schema.org\/CreativeWork\" ><div class='avia_textblock '   itemprop=\"text\" ><p>Nous avons parcouru une tr\u00e8s belle \u00e9tape aujourd&rsquo;hui.\u00a0 Nous avons d&rsquo;abord suivi une petite rivi\u00e8re, la Jantra, pour \u00e9viter la grande route. Apr\u00e8s un beau pont nous nous retrouvions au mieux des fleurs et des oiseaux : hirondelles,\u00a0 martinets, cigognes et tous ceux que l&rsquo;on ne sait pas nommer.<\/p>\n<p>Nous avons rejoint le Danube \u00e0 Vardim.<\/p>\n<p>Nous avons fait nos courses \u00e0 Svitchov et d\u00e9jeun\u00e9 sur un banc du parc public. Un vieil homme se promenait avec un grand serpent dans la main.<\/p>\n<p>Nous sommes install\u00e9s ce soir dans un village au bord du Danube. L&rsquo;ambiance est assez bizarre. De nombreuses rues sont pi\u00e9tonnes et tr\u00e8s larges mais sont d\u00e9sertes.<\/p>\n<\/div><\/section><\/div>\r\n<div class=\"flex_column av_one_half  flex_column_div av-zero-column-padding   \" style='border-radius:0px; '><p><div class='avia-image-container  av-styling-   avia-align-center '  itemscope=\"itemscope\" itemtype=\"https:\/\/schema.org\/ImageObject\"  ><div class='avia-image-container-inner'><img class='avia_image ' src='https:\/\/genevieveetdidier.fr\/wp-content\/uploads\/2018\/07\/20180721_072818-500x281.jpg' alt='' title='Pont sur la Jantra'   itemprop=\"thumbnailUrl\"  \/><\/div><\/div><br \/>\n<section class=\"av_textblock_section\"  itemscope=\"itemscope\" itemtype=\"https:\/\/schema.org\/CreativeWork\" ><div class='avia_textblock '   itemprop=\"text\" ><p>Pont sur la Jantra<\/p>\n<\/div><\/section><\/p><\/div>\r\n<div class=\"flex_column av_one_full  flex_column_div av-zero-column-padding first  \" style='border-radius:0px; '><p><div class='avia-image-container  av-styling-   avia-align-center '  itemscope=\"itemscope\" itemtype=\"https:\/\/schema.org\/ImageObject\"  ><div class='avia-image-container-inner'><img class='avia_image ' src='https:\/\/genevieveetdidier.fr\/wp-content\/uploads\/2018\/07\/20180721_102717-500x281.jpg' alt='' title='Vardim'   itemprop=\"thumbnailUrl\"  \/><\/div><\/div><br \/>\n<section class=\"av_textblock_section\"  itemscope=\"itemscope\" itemtype=\"https:\/\/schema.org\/CreativeWork\" ><div class='avia_textblock '   itemprop=\"text\" ><p>Le Danube \u00e0 Vardim<\/p>\n<\/div><\/section><\/p><\/div>\r\n<section class=\"av_textblock_section\"  itemscope=\"itemscope\" itemtype=\"https:\/\/schema.org\/CreativeWork\" ><div class='avia_textblock '   itemprop=\"text\" ><\/p>\n<h3 class=\"wp-block-heading\" style=\"text-align: center;\">De B\u00e9l\u00e9n\u00e9 \u00e0 Corabia, 70 km<\/h3>\n<p><\/p>\n<\/div><\/section>\r\n<div class=\"flex_column av_one_half  flex_column_div av-zero-column-padding first  \" style='border-radius:0px; '><section class=\"av_textblock_section\"  itemscope=\"itemscope\" itemtype=\"https:\/\/schema.org\/CreativeWork\" ><div class='avia_textblock '   itemprop=\"text\" ><p>Une petite grimpette de 200m de d\u00e9nivel\u00e9 pour rejoindre Nikopol a occup\u00e9 une partie de notre matin\u00e9e. Une crevaison du pneu arri\u00e8re de Didier, toujours lui, (le pneu arri\u00e8re) a rempli le temps compl\u00e9mentaire. Le bac pour traverser et le Danube et la fronti\u00e8re bulgaro-roumaine \u00e9tait \u00e0 12 heures. Nous sommes arriv\u00e9s avec 10 minutes d&rsquo;avance. Nous avons pu ainsi admirer le savoir-faire des passeurs pour \u00e9quilibrer leur barge, faisant reculer ou avancer des camions au fur et \u00e0 mesure du remplissage .<\/p>\n<p>Nous avons fait les courses \u00e0 Turgu Margele en Roumanie\u00a0 les prix sont comparables aux prix bulgares.<\/p>\n<p>Nous avons long\u00e9 le Danube sur une trentaine de kilom\u00e8tres sans aucun d\u00e9nivel\u00e9. Quelques berges sont remplis de touristes du dimanche qui se baignent aux c\u00f4t\u00e9s\u00a0 des vaches qui appr\u00e9cient aussi l&rsquo;eau boueuse. Nous nous sommes arr\u00eat\u00e9s dans une \u00ab\u00a0pension \u00a0\u00bb \u00e0 25 euros la chambre. Point de camping dans ce secteur.<\/p>\n<\/div><\/section><\/div>\r\n<div class=\"flex_column av_one_half  flex_column_div av-zero-column-padding   \" style='border-radius:0px; '><p><div class='avia-image-container  av-styling-   avia-align-center '  itemscope=\"itemscope\" itemtype=\"https:\/\/schema.org\/ImageObject\"  ><div class='avia-image-container-inner'><img class='avia_image ' src='https:\/\/genevieveetdidier.fr\/wp-content\/uploads\/2018\/07\/20180722_154700-500x281.jpg' alt='' title='20180722_154700'   itemprop=\"thumbnailUrl\"  \/><\/div><\/div><br \/>\n<section class=\"av_textblock_section\"  itemscope=\"itemscope\" itemtype=\"https:\/\/schema.org\/CreativeWork\" ><div class='avia_textblock '   itemprop=\"text\" ><p>Le Danube vu de la pension de Corabia<\/p>\n<\/div><\/section><\/p><\/div>","protected":false},"excerpt":{"rendered":"","protected":false},"author":1,"featured_media":2493,"parent":390,"menu_order":10,"comment_status":"closed","ping_status":"closed","template":"","meta":{"_monsterinsights_skip_tracking":false,"_monsterinsights_sitenote_active":false,"_monsterinsights_sitenote_note":"","_monsterinsights_sitenote_category":0,"footnotes":""},"class_list":["post-3575","page","type-page","status-publish","has-post-thumbnail","hentry"],"_links":{"self":[{"href":"https:\/\/genevieveetdidier.fr\/index.php?rest_route=\/wp\/v2\/pages\/3575","targetHints":{"allow":["GET"]}}],"collection":[{"href":"https:\/\/genevieveetdidier.fr\/index.php?rest_route=\/wp\/v2\/pages"}],"about":[{"href":"https:\/\/genevieveetdidier.fr\/index.php?rest_route=\/wp\/v2\/types\/page"}],"author":[{"embeddable":true,"href":"https:\/\/genevieveetdidier.fr\/index.php?rest_route=\/wp\/v2\/users\/1"}],"replies":[{"embeddable":true,"href":"https:\/\/genevieveetdidier.fr\/index.php?rest_route=%2Fwp%2Fv2%2Fcomments&post=3575"}],"version-history":[{"count":6,"href":"https:\/\/genevieveetdidier.fr\/index.php?rest_route=\/wp\/v2\/pages\/3575\/revisions"}],"predecessor-version":[{"id":5832,"href":"https:\/\/genevieveetdidier.fr\/index.php?rest_route=\/wp\/v2\/pages\/3575\/revisions\/5832"}],"up":[{"embeddable":true,"href":"https:\/\/genevieveetdidier.fr\/index.php?rest_route=\/wp\/v2\/pages\/390"}],"wp:featuredmedia":[{"embeddable":true,"href":"https:\/\/genevieveetdidier.fr\/index.php?rest_route=\/wp\/v2\/media\/2493"}],"wp:attachment":[{"href":"https:\/\/genevieveetdidier.fr\/index.php?rest_route=%2Fwp%2Fv2%2Fmedia&parent=3575"}],"curies":[{"name":"wp","href":"https:\/\/api.w.org\/{rel}","templated":true}]}}