{"id":3571,"date":"2019-04-10T18:43:48","date_gmt":"2019-04-10T16:43:48","guid":{"rendered":"http:\/\/genevieveetdidier.fr\/?page_id=3571"},"modified":"2020-04-28T14:45:49","modified_gmt":"2020-04-28T12:45:49","slug":"turquie-de-edhirne-a-elhovo","status":"publish","type":"page","link":"https:\/\/genevieveetdidier.fr\/?page_id=3571","title":{"rendered":"Turquie, de Edhirne \u00e0 Elhovo"},"content":{"rendered":"<div class=\"flex_column av_one_full  flex_column_div av-zero-column-padding first  \" style='border-radius:0px; '><section class=\"av_textblock_section\"  itemscope=\"itemscope\" itemtype=\"https:\/\/schema.org\/CreativeWork\" ><div class='avia_textblock '   itemprop=\"text\" ><h1 style=\"text-align: center;\"><span style=\"color: #000080;\">TURQUIE,<\/span><\/h1>\n<h2 style=\"text-align: center;\"><span style=\"color: #000080;\">De Edirne \u00e0 Elhovo<\/span><\/h2>\n<\/div><\/section><\/div>\r\n<section class=\"av_textblock_section\"  itemscope=\"itemscope\" itemtype=\"https:\/\/schema.org\/CreativeWork\" ><div class='avia_textblock '   itemprop=\"text\" ><\/p>\n<div class=\"wp-block-image\">\n<figure class=\"aligncenter\"><img loading=\"lazy\" decoding=\"async\" width=\"372\" height=\"543\" class=\"wp-image-3580\" src=\"https:\/\/genevieveetdidier.fr\/wp-content\/uploads\/2019\/04\/Turquie.jpg\" alt=\"\" srcset=\"https:\/\/genevieveetdidier.fr\/wp-content\/uploads\/2019\/04\/Turquie.jpg 372w, https:\/\/genevieveetdidier.fr\/wp-content\/uploads\/2019\/04\/Turquie-343x500.jpg 343w\" sizes=\"auto, (max-width: 372px) 100vw, 372px\" \/><\/figure>\n<\/div>\n<h3 class=\"wp-block-heading\" style=\"text-align: center;\">De Edirne \u00e0 Elhovo, 79 km<\/h3>\n<p><\/p>\n<\/div><\/section>\r\n<div class=\"flex_column av_one_half  flex_column_div av-zero-column-padding first  \" style='border-radius:0px; '><section class=\"av_textblock_section\"  itemscope=\"itemscope\" itemtype=\"https:\/\/schema.org\/CreativeWork\" ><div class='avia_textblock '  style='font-size:14px; '  itemprop=\"text\" ><p>Une petite escapade en Turquie aujourd&rsquo;hui car c&rsquo;est notre chemin pour rejoindre la Mer noire. Nous n&rsquo;avons donc qu&rsquo;un tout petit aper\u00e7u de ce pays. Je n&rsquo;ai pas appr\u00e9ci\u00e9 le regard d\u00e9sapprobateur des hommes d&rsquo;un certain \u00e2ge quand ils me voyaient \u00e0 v\u00e9lo, \u00e9paules nues et en short. Ils ne semblaient pas choqu\u00e9s par les femmes qui tiraient des charrettes \u00e9normes !<\/p>\n<p>J&rsquo;ai \u00e9t\u00e9 \u00e9tonn\u00e9e par les contrastes\u00a0 : des rues pauvres o\u00f9 des gens assis \u00e0 terre se reposent contigues \u00e0 des rues ais\u00e9es, pav\u00e9es et fleuries.<\/p>\n<p>Edirne est une ville pav\u00e9e et comporte de nombreux minarets. L&rsquo;appel \u00e0 5 heures du matin a r\u00e9veill\u00e9 Didier qui pensait avoir dormi longtemps.<\/p>\n<p>Nous arrivons en Bulgarie. Hormis la \u00ab\u00a0grande route \u00a0\u00bb nous retrouvons les nombreux pav\u00e9s de l&rsquo;est.<\/p>\n<\/div><\/section><\/div><div class=\"flex_column av_one_half  flex_column_div av-zero-column-padding   \" style='border-radius:0px; '><div class='avia-image-container  av-styling-   avia-align-center '  itemscope=\"itemscope\" itemtype=\"https:\/\/schema.org\/ImageObject\"  ><div class='avia-image-container-inner'><img class='avia_image ' src='https:\/\/genevieveetdidier.fr\/wp-content\/uploads\/2018\/07\/Vendeur-Edirne-500x456.jpg' alt='' title='Vendeur Edirne'   itemprop=\"thumbnailUrl\"  \/><\/div><\/div><\/div><\/p>","protected":false},"excerpt":{"rendered":"","protected":false},"author":1,"featured_media":0,"parent":390,"menu_order":9,"comment_status":"closed","ping_status":"closed","template":"","meta":{"_monsterinsights_skip_tracking":false,"_monsterinsights_sitenote_active":false,"_monsterinsights_sitenote_note":"","_monsterinsights_sitenote_category":0,"footnotes":""},"class_list":["post-3571","page","type-page","status-publish","hentry"],"_links":{"self":[{"href":"https:\/\/genevieveetdidier.fr\/index.php?rest_route=\/wp\/v2\/pages\/3571","targetHints":{"allow":["GET"]}}],"collection":[{"href":"https:\/\/genevieveetdidier.fr\/index.php?rest_route=\/wp\/v2\/pages"}],"about":[{"href":"https:\/\/genevieveetdidier.fr\/index.php?rest_route=\/wp\/v2\/types\/page"}],"author":[{"embeddable":true,"href":"https:\/\/genevieveetdidier.fr\/index.php?rest_route=\/wp\/v2\/users\/1"}],"replies":[{"embeddable":true,"href":"https:\/\/genevieveetdidier.fr\/index.php?rest_route=%2Fwp%2Fv2%2Fcomments&post=3571"}],"version-history":[{"count":5,"href":"https:\/\/genevieveetdidier.fr\/index.php?rest_route=\/wp\/v2\/pages\/3571\/revisions"}],"predecessor-version":[{"id":5605,"href":"https:\/\/genevieveetdidier.fr\/index.php?rest_route=\/wp\/v2\/pages\/3571\/revisions\/5605"}],"up":[{"embeddable":true,"href":"https:\/\/genevieveetdidier.fr\/index.php?rest_route=\/wp\/v2\/pages\/390"}],"wp:attachment":[{"href":"https:\/\/genevieveetdidier.fr\/index.php?rest_route=%2Fwp%2Fv2%2Fmedia&parent=3571"}],"curies":[{"name":"wp","href":"https:\/\/api.w.org\/{rel}","templated":true}]}}