{"id":3521,"date":"2019-04-07T17:46:28","date_gmt":"2019-04-07T15:46:28","guid":{"rendered":"http:\/\/genevieveetdidier.fr\/?page_id=3521"},"modified":"2020-05-01T16:59:18","modified_gmt":"2020-05-01T14:59:18","slug":"albanie-de-buljarika-a-ksamil","status":"publish","type":"page","link":"https:\/\/genevieveetdidier.fr\/?page_id=3521","title":{"rendered":"Albanie, de Buljarika \u00e0 Ksamil"},"content":{"rendered":"<div class=\"flex_column av_one_half  flex_column_div av-zero-column-padding first  \" style='border-radius:0px; '><section class=\"av_textblock_section\"  itemscope=\"itemscope\" itemtype=\"https:\/\/schema.org\/CreativeWork\" ><div class='avia_textblock '   itemprop=\"text\" ><h1 class=\"wp-block-heading\" style=\"text-align: center;\"><span style=\"color: #000080;\">ALBANIE<\/span><\/h1>\n<h3 style=\"text-align: center;\">De Buljarika \u00e0 Shkoder, 64 km<\/h3>\n<\/div><\/section><\/div>\r\n<div class=\"flex_column av_one_half  flex_column_div av-zero-column-padding   \" style='border-radius:0px; '><p><div class='avia-image-container  av-styling-   avia-align-center '  itemscope=\"itemscope\" itemtype=\"https:\/\/schema.org\/ImageObject\"  ><div class='avia-image-container-inner'><img class='avia_image ' src='https:\/\/genevieveetdidier.fr\/wp-content\/uploads\/2020\/05\/albanie1-500x377.jpg' alt='' title='albanie1'   itemprop=\"thumbnailUrl\"  \/><\/div><\/div><br \/>\n<section class=\"av_textblock_section\"  itemscope=\"itemscope\" itemtype=\"https:\/\/schema.org\/CreativeWork\" ><div class='avia_textblock '   itemprop=\"text\" ><p style=\"text-align: center;\"><em>Rozafa Castle. Le drapeau albanais flotte enfin sur nos t\u00eates\u00a0: c\u2019\u00e9tait l\u2019un de nos objectifs.<\/em><\/p>\n<\/div><\/section><\/p><\/div><section class=\"av_textblock_section\"  itemscope=\"itemscope\" itemtype=\"https:\/\/schema.org\/CreativeWork\" ><div class='avia_textblock '   itemprop=\"text\" ><p>Nous avons quitt\u00e9 la mer par un col desservi par une route passag\u00e8re. Mon frein hydraulique avant fuyait et la descente sur Bar fut effectu\u00e9e avec prudence. A la sortie de la ville nous avons aper\u00e7u un marchand de v\u00e9lo, un des seuls rencontr\u00e9s au Mont\u00e9n\u00e9gro. Il ne pouvait rien faire pour nous mais il nous a conseill\u00e9 une personne comp\u00e9tente ; un vrai r\u00e9seau. On a cherch\u00e9 l&rsquo;h\u00f4tel \u00ab\u00a0Berline\u00a0\u00bb. Un habitu\u00e9 a appel\u00e9 un serveur qui est all\u00e9 chercher le patron. Celui-ci a appel\u00e9 son fr\u00e8re et a enfourch\u00e9 son v\u00e9lo nous invitant \u00e0 le suivre. Trois cents m\u00e8tres plus loin, son fr\u00e8re a ouvert son atelier et a chang\u00e9 le frein en trente minutes. Voil\u00e0 je pouvais continuer sur les montagnes albanaises.<\/p>\n<p>Nous avons continu\u00e9 notre chemin et la route est devenue tr\u00e8s tranquille dans la campagne. L&rsquo;acc\u00e8s principal \u00e9tait interdit aux voitures pour cause de travaux.<\/p>\n<p>Pour entrer en Albanie nous passons la fronti\u00e8re sans difficult\u00e9 et sans trop d\u2019attente. Une dizaine de kilom\u00e8tres plus loin nous nous arr\u00eatons au camping de Shkoder qui a l\u2019air tr\u00e8s bien. Nous irons visiter la ville plus longuement demain.<\/p>\n<p>Nous mangeons \u00e0 un restaurant proche du camping, un restaurant qui se veut tr\u00e8s styl\u00e9, sur la terrasse, dans un tr\u00e8s beau parc, et le gar\u00e7on qui nous sert dit savoir parler fran\u00e7ais. C\u2019est une tr\u00e8s belle soir\u00e9e, mais dans la nuit il y a de l\u2019orage.<\/p>\n<p>On a franchi la fronti\u00e8re albanaise et les gens semblent tr\u00e8s accueillants ; ils n&rsquo;ont pas encore vu trop de touristes.<\/p>\n<p>Les minarets ont remplac\u00e9 les clochers et on peut voir beaucoup de vieux cimeti\u00e8res.<\/p>\n<\/div><\/section><\/p>\r\n<div class=\"flex_column av_one_half  flex_column_div av-zero-column-padding first  \" style='border-radius:0px; '><div class='avia-image-container  av-styling-   avia-align-center '  itemscope=\"itemscope\" itemtype=\"https:\/\/schema.org\/ImageObject\"  ><div class='avia-image-container-inner'><img class='avia_image ' src='https:\/\/genevieveetdidier.fr\/wp-content\/uploads\/2018\/06\/20180605_131021-500x281.jpg' alt='' title='20180605_131021'   itemprop=\"thumbnailUrl\"  \/><\/div><\/div><\/div>\r\n<div class=\"flex_column av_one_half  flex_column_div av-zero-column-padding   \" style='border-radius:0px; '><div class='avia-image-container  av-styling-   avia-align-center '  itemscope=\"itemscope\" itemtype=\"https:\/\/schema.org\/ImageObject\"  ><div class='avia-image-container-inner'><img class='avia_image ' src='https:\/\/genevieveetdidier.fr\/wp-content\/uploads\/2018\/06\/20180605_125625-500x281.jpg' alt='' title='20180605_125625'   itemprop=\"thumbnailUrl\"  \/><\/div><\/div><\/div>\r\n<section class=\"av_textblock_section\"  itemscope=\"itemscope\" itemtype=\"https:\/\/schema.org\/CreativeWork\" ><div class='avia_textblock '   itemprop=\"text\" ><\/p>\n<h3 class=\"wp-block-heading\" style=\"text-align: center;\">De Shkoder \u00e0 Fushe Kruje, 99 km<\/h3>\n<p><\/p>\n<\/div><\/section>\r\n<div class=\"flex_column av_one_half  flex_column_div av-zero-column-padding first  \" style='border-radius:0px; '><section class=\"av_textblock_section\"  itemscope=\"itemscope\" itemtype=\"https:\/\/schema.org\/CreativeWork\" ><div class='avia_textblock '   itemprop=\"text\" ><p>Notre journ\u00e9e a\u00a0 commenc\u00e9 par la visite de Shkoder pour obtenir des Lek, monnaie albanaise. Notre premier \u00e9tonnement fut le nombre de v\u00e9los et la pr\u00e9sence d&rsquo;une piste cyclable. M\u00eame si les cyclistes roulent sur la chauss\u00e9e \u00e0\u00a0 contresens et que les automobiles sont gar\u00e9es n&rsquo;importe o\u00f9 sur la chauss\u00e9e nous n&rsquo;avions pas vu une telle proportion de cyclistes depuis l&rsquo;Allemagne.<\/p>\n<p>Nous avons vu aussi , tout proche du centre-ville,\u00a0 un important bidonville . Tout le monde ne vit pas dans l&rsquo;aisance&#8230;<\/p>\n<p>Les rues sont pleines de petites boutiques et l&rsquo;on rencontr\u00e9 \u00e9galement de nombreux \u00e9tals sur le trottoir. On trouve essentiellement des l\u00e9gumes,\u00a0 des produits d&rsquo;entretien et des friperies .<\/p>\n<p>Nous avons emprunt\u00e9 la route Shkoder &#8211; Tirana . Pour une route reliant la capitale \u00e0 une ville importante la circulation n&rsquo;\u00e9tait pas dense. Apr\u00e8s\u00a0 une dizaine de kilom\u00e8tres assez bruyants nous avons\u00a0 \u00a0 quand m\u00eame opt\u00e9 pour une petite route. La r\u00e9fection d&rsquo;un pont nous a\u00a0 oblig\u00e9s \u00e0 rouler\u00a0 sur des petits chemins. Un albanais qui cueillait des cerises nous en\u00a0 a offert. Nous rencontron beaucoup d&rsquo;albanais tr\u00e8s avenants, tr\u00e8s sympathiques.<\/p>\n<p>Notre parcours s&rsquo;est termin\u00e9 par une vingtaine de kilom\u00e8tres sur de la caillasse. Les travaux d&rsquo;\u00e9quipement sont en grand nombre \u00e0 r\u00e9aliser.<\/p>\n<p>Les papiers\u00a0 sur le bord des routes (voir photo jointe) sont envoy\u00e9s depuis les bus par des \u00e9coliers. Nous avons pens\u00e9 que cela pouvait \u00eatre pour les vacances scolaires car on a vu ce ph\u00e9nom\u00e8ne \u00e0 plusieurs reprises.<\/p>\n<\/div><\/section><\/div>\r\n<div class=\"flex_column av_one_half  flex_column_div av-zero-column-padding   \" style='border-radius:0px; '><p><div class='avia-image-container  av-styling-   avia-align-center '  itemscope=\"itemscope\" itemtype=\"https:\/\/schema.org\/ImageObject\"  ><div class='avia-image-container-inner'><img class='avia_image ' src='https:\/\/genevieveetdidier.fr\/wp-content\/uploads\/2018\/06\/20180606_084503-500x281.jpg' alt='' title='20180606_084503'   itemprop=\"thumbnailUrl\"  \/><\/div><\/div><br \/>\n<div class='avia-image-container  av-styling-   avia-align-center '  itemscope=\"itemscope\" itemtype=\"https:\/\/schema.org\/ImageObject\"  ><div class='avia-image-container-inner'><img class='avia_image ' src='https:\/\/genevieveetdidier.fr\/wp-content\/uploads\/2018\/06\/20180606_142715-500x281.jpg' alt='' title='20180606_142715'   itemprop=\"thumbnailUrl\"  \/><\/div><\/div><\/p><\/div>\r\n<div class=\"flex_column av_one_full  flex_column_div av-zero-column-padding first  \" style='border-radius:0px; '><\/div>\r\n<section class=\"av_textblock_section\"  itemscope=\"itemscope\" itemtype=\"https:\/\/schema.org\/CreativeWork\" ><div class='avia_textblock '   itemprop=\"text\" ><\/p>\n<h3 class=\"wp-block-heading\" style=\"text-align: center;\">De Fushe Kruje \u00e0 Lushnje, 89 km<\/h3>\n<p><\/p>\n<\/div><\/section>\r\n<section class=\"av_textblock_section\"  itemscope=\"itemscope\" itemtype=\"https:\/\/schema.org\/CreativeWork\" ><div class='avia_textblock '   itemprop=\"text\" ><\/div><\/section>\r\n<div class=\"flex_column av_one_full  flex_column_div av-zero-column-padding first  \" style='border-radius:0px; '><section class=\"av_textblock_section\"  itemscope=\"itemscope\" itemtype=\"https:\/\/schema.org\/CreativeWork\" ><div class='avia_textblock '   itemprop=\"text\" ><p>Un trajet aujourd&rsquo;hui essentiellement sur des grandes routes voire autoroutes m\u00eame si on ne reconna\u00eet pas vraiment nos voies europ\u00e9ennes. Au milieu des Mercedes, des camions, on peut voir des gens qui marchent sur le bas c\u00f4t\u00e9, des \u00e2nes tirant des charrettes, des vendeurs de past\u00e8ques, des v\u00e9los &#8230; Nous avons opt\u00e9 pour un chemin de terre pour nous reposer un instant du bruit et nous avons rencontr\u00e9 un berger et ses ch\u00e8vres.<\/p>\n<p>Nous nous sommes install\u00e9s dans un h\u00f4tel (20\u20ac la nuit avec petit d\u00e9jeuner ).<\/p>\n<p>Beaucoup de monde circule le soir dans les rues pour profiter de la fra\u00eecheur mais seuls les hommes sont attabl\u00e9s aux terrasses des caf\u00e9s .<\/p>\n<\/div><\/section><\/div>\r\n<div class=\"flex_column av_one_full  flex_column_div av-zero-column-padding first  \" style='border-radius:0px; '><div class='avia-image-container  av-styling-   avia-align-center '  itemscope=\"itemscope\" itemtype=\"https:\/\/schema.org\/ImageObject\"  ><div class='avia-image-container-inner'><img class='avia_image ' src='https:\/\/genevieveetdidier.fr\/wp-content\/uploads\/2018\/06\/20180607_104135-500x281.jpg' alt='' title='20180607_104135'   itemprop=\"thumbnailUrl\"  \/><\/div><\/div><\/div>\r\n<section class=\"av_textblock_section\"  itemscope=\"itemscope\" itemtype=\"https:\/\/schema.org\/CreativeWork\" ><div class='avia_textblock '   itemprop=\"text\" ><\/p>\n<h3 class=\"wp-block-heading\" style=\"text-align: center;\">De Lushne \u00e0 Radhime, 78 km<\/h3>\n<p><\/p>\n<\/div><\/section>\r\n<div class=\"flex_column av_one_full  flex_column_div av-zero-column-padding first  \" style='border-radius:0px; '><section class=\"av_textblock_section\"  itemscope=\"itemscope\" itemtype=\"https:\/\/schema.org\/CreativeWork\" ><div class='avia_textblock '   itemprop=\"text\" ><p>Les quarante premiers kilom\u00e8tres furent difficiles non pas \u00e0 cause du d\u00e9nivel\u00e9 mais \u00e0 cause de la circulation. \u00catre excessivement attentif dans un environnement tr\u00e8s\u00a0 bruyant est fatigant. Une nouvelle autoroute a \u00e9t\u00e9 cr\u00e9\u00e9e apr\u00e8s\u00a0 Fier, laissant l&rsquo;ancienne route \u00e0 l&rsquo;abandon mais surtout avec tr\u00e8s peu de voitures. On a pu respirer, admirer le paysage et les oliviers. Nous avons pique-niqu\u00e9 sur un muret en bord de route et un Albanais nous a offert quatre belles tomates qu&rsquo;il venait de r\u00e9colter .<\/p>\n<p>Nous avons retrouv\u00e9 la mer et ses marais salants \u00e0\u00a0 Vlora. Le vent du sud est aussi de la partie avec de fortes rafales.<\/p>\n<p>Nous sommes install\u00e9s dans un camping en bord de mer. L&rsquo;eau est d\u00e9licieuse et on peut observer plein de beaux poissons .<\/p>\n<\/div><\/section><\/div>\r\n<div class=\"flex_column av_one_full  flex_column_div av-zero-column-padding first  \" style='border-radius:0px; '><div class='avia-image-container  av-styling-   avia-align-center '  itemscope=\"itemscope\" itemtype=\"https:\/\/schema.org\/ImageObject\"  ><div class='avia-image-container-inner'><img class='avia_image ' src='https:\/\/genevieveetdidier.fr\/wp-content\/uploads\/2018\/06\/20180608_181050-500x281.jpg' alt='' title='20180608_181050'   itemprop=\"thumbnailUrl\"  \/><\/div><\/div><\/div>\r\n<section class=\"av_textblock_section\"  itemscope=\"itemscope\" itemtype=\"https:\/\/schema.org\/CreativeWork\" ><div class='avia_textblock '   itemprop=\"text\" ><\/p>\n<h3 class=\"wp-block-heading\" style=\"text-align: center;\">De Radhime \u00e0 Borsh, 78 km<\/h3>\n<p><\/p>\n<\/div><\/section>\r\n<section class=\"av_textblock_section\"  itemscope=\"itemscope\" itemtype=\"https:\/\/schema.org\/CreativeWork\" ><div class='avia_textblock '   itemprop=\"text\" ><p>Une \u00e9tape magnifique avec des paysages exceptionnels mais avec un d\u00e9nivel\u00e9 aussi exceptionnel. Nous sommes partis, apr\u00e8s un orage et une bonne averse, de la plage et nous avons atteint un col \u00e0 1035m au bout de 23 km avec des mont\u00e9es fort irr\u00e9guli\u00e8res, voire des descentes de temps en temps. Nous pensions que nous avions fait le gros de la journ\u00e9e et c&rsquo;est l\u00e0 que nous nous trompons ! Nous avons franchi de nouveaux plusieurs cols. Entre montagnes et mers les sites travers\u00e9s \u00e9taient tr\u00e8s divers avec des couleurs \u00e9tonnantes. Nous avons aussi perdu quelques litres d&rsquo;eau.<\/p>\n<\/div><\/section>\r\n<div class=\"flex_column av_one_half  flex_column_div av-zero-column-padding first  \" style='border-radius:0px; '><div class='avia-image-container  av-styling-   avia-align-center '  itemscope=\"itemscope\" itemtype=\"https:\/\/schema.org\/ImageObject\"  ><div class='avia-image-container-inner'><img class='avia_image ' src='https:\/\/genevieveetdidier.fr\/wp-content\/uploads\/2018\/06\/20180609_144830-500x281.jpg' alt='' title='20180609_144830'   itemprop=\"thumbnailUrl\"  \/><\/div><\/div><\/div>\r\n<div class=\"flex_column av_one_half  flex_column_div av-zero-column-padding   \" style='border-radius:0px; '><div class='avia-image-container  av-styling-   avia-align-center '  itemscope=\"itemscope\" itemtype=\"https:\/\/schema.org\/ImageObject\"  ><div class='avia-image-container-inner'><img class='avia_image ' src='https:\/\/genevieveetdidier.fr\/wp-content\/uploads\/2018\/06\/20180609_125925-500x281.jpg' alt='' title='20180609_125925'   itemprop=\"thumbnailUrl\"  \/><\/div><\/div><\/div>\r\n<section class=\"av_textblock_section\"  itemscope=\"itemscope\" itemtype=\"https:\/\/schema.org\/CreativeWork\" ><div class='avia_textblock '   itemprop=\"text\" ><\/p>\n<h3 class=\"wp-block-heading\" style=\"text-align: center;\">De Borsh \u00e0 Ksamil, 61 km<\/h3>\n<p><\/p>\n<\/div><\/section>\r\n<div class=\"flex_column av_one_full  flex_column_div av-zero-column-padding first  \" style='border-radius:0px; '><section class=\"av_textblock_section\"  itemscope=\"itemscope\" itemtype=\"https:\/\/schema.org\/CreativeWork\" ><div class='avia_textblock '   itemprop=\"text\" ><p>Nous pensions en avoir fini avec les forts d\u00e9nivel\u00e9s mais c&rsquo;\u00e9tait mal conna\u00eetre l&rsquo;Albanie. Jusque Sarande nous avons alterner mont\u00e9es et descentes \u00e0 10% toujours avec des paysages magnifiques.<\/p>\n<p>Nous avons retrouv\u00e9 le monde et les c\u00f4tes urbanis\u00e9es \u00e0 Sarande. Difficile de trouver un coin pour pique-niquer en dehors des plages priv\u00e9es . Nous avons d\u00fb aller jusque Ksalim pour nous installer dans un camping.<\/p>\n<p>Nous avons mis notre apr\u00e8s-midi \u00e0 profit\u00a0 pour visiter le site arch\u00e9ologique de Butrint, qui date du huiti\u00e8me si\u00e8cle avant JC et class\u00e9 au patrimoine mondial de l&rsquo;UNESCO.<\/p>\n<\/div><\/section><\/div>\r\n<div class=\"flex_column av_one_half  flex_column_div av-zero-column-padding first  \" style='border-radius:0px; '><div class='avia-image-container  av-styling-   avia-align-center '  itemscope=\"itemscope\" itemtype=\"https:\/\/schema.org\/ImageObject\"  ><div class='avia-image-container-inner'><img class='avia_image ' src='https:\/\/genevieveetdidier.fr\/wp-content\/uploads\/2018\/06\/20180610_170502-500x281.jpg' alt='' title='20180610_170502'   itemprop=\"thumbnailUrl\"  \/><\/div><\/div><\/div>\r\n<div class=\"flex_column av_one_half  flex_column_div av-zero-column-padding   \" style='border-radius:0px; '><div class='avia-image-container  av-styling-   avia-align-center '  itemscope=\"itemscope\" itemtype=\"https:\/\/schema.org\/ImageObject\"  ><div class='avia-image-container-inner'><img class='avia_image ' src='https:\/\/genevieveetdidier.fr\/wp-content\/uploads\/2018\/06\/20180610_161518-500x281.jpg' alt='' title='20180610_161518'   itemprop=\"thumbnailUrl\"  \/><\/div><\/div><\/div>","protected":false},"excerpt":{"rendered":"","protected":false},"author":1,"featured_media":0,"parent":390,"menu_order":7,"comment_status":"closed","ping_status":"closed","template":"","meta":{"_monsterinsights_skip_tracking":false,"_monsterinsights_sitenote_active":false,"_monsterinsights_sitenote_note":"","_monsterinsights_sitenote_category":0,"footnotes":""},"class_list":["post-3521","page","type-page","status-publish","hentry"],"_links":{"self":[{"href":"https:\/\/genevieveetdidier.fr\/index.php?rest_route=\/wp\/v2\/pages\/3521","targetHints":{"allow":["GET"]}}],"collection":[{"href":"https:\/\/genevieveetdidier.fr\/index.php?rest_route=\/wp\/v2\/pages"}],"about":[{"href":"https:\/\/genevieveetdidier.fr\/index.php?rest_route=\/wp\/v2\/types\/page"}],"author":[{"embeddable":true,"href":"https:\/\/genevieveetdidier.fr\/index.php?rest_route=\/wp\/v2\/users\/1"}],"replies":[{"embeddable":true,"href":"https:\/\/genevieveetdidier.fr\/index.php?rest_route=%2Fwp%2Fv2%2Fcomments&post=3521"}],"version-history":[{"count":7,"href":"https:\/\/genevieveetdidier.fr\/index.php?rest_route=\/wp\/v2\/pages\/3521\/revisions"}],"predecessor-version":[{"id":5824,"href":"https:\/\/genevieveetdidier.fr\/index.php?rest_route=\/wp\/v2\/pages\/3521\/revisions\/5824"}],"up":[{"embeddable":true,"href":"https:\/\/genevieveetdidier.fr\/index.php?rest_route=\/wp\/v2\/pages\/390"}],"wp:attachment":[{"href":"https:\/\/genevieveetdidier.fr\/index.php?rest_route=%2Fwp%2Fv2%2Fmedia&parent=3521"}],"curies":[{"name":"wp","href":"https:\/\/api.w.org\/{rel}","templated":true}]}}