{"id":3473,"date":"2019-03-31T18:54:51","date_gmt":"2019-03-31T16:54:51","guid":{"rendered":"http:\/\/genevieveetdidier.fr\/?page_id=3473"},"modified":"2020-05-01T16:56:00","modified_gmt":"2020-05-01T14:56:00","slug":"montenegro-de-zaton-a-zelenika","status":"publish","type":"page","link":"https:\/\/genevieveetdidier.fr\/?page_id=3473","title":{"rendered":"Montenegro, de Zaton \u00e0 Shkoder"},"content":{"rendered":"<div class=\"flex_column av_one_half  flex_column_div av-zero-column-padding first  \" style='border-radius:0px; '><section class=\"av_textblock_section\"  itemscope=\"itemscope\" itemtype=\"https:\/\/schema.org\/CreativeWork\" ><div class='avia_textblock '   itemprop=\"text\" ><h1 style=\"text-align: center;\"><strong>Mont\u00e9n\u00e9gro<\/strong><\/h1>\n<h1 style=\"text-align: center;\"><span style=\"color: #000080;\">De Zaton \u00e0 Shkoder<\/span><\/h1>\n<\/div><\/section><\/div><div class=\"flex_column av_one_half  flex_column_div av-zero-column-padding   \" style='border-radius:0px; '><section class=\"av_textblock_section\"  itemscope=\"itemscope\" itemtype=\"https:\/\/schema.org\/CreativeWork\" ><div class='avia_textblock '   itemprop=\"text\" ><p><iframe loading=\"lazy\" src=\"https:\/\/www.google.com\/maps\/d\/embed?mid=16m7s_IisEToxK27sYDMM9Iue18mQROd7\" width=\"640\" height=\"480\"><\/iframe><\/p>\n<\/div><\/section><\/div><\/p>\r\n<div class=\"flex_column av_one_full  flex_column_div av-zero-column-padding first  \" style='border-radius:0px; '><section class=\"av_textblock_section\"  itemscope=\"itemscope\" itemtype=\"https:\/\/schema.org\/CreativeWork\" ><div class='avia_textblock '   itemprop=\"text\" ><h1><strong><span style=\"color: #000080;\">2 juin\u00a0 ZATON \u2013 ZELENICA 66kms<\/span><\/strong><\/h1>\n<p>Nous n\u2019avons pas pr\u00e9cipit\u00e9 notre d\u00e9part, mais \u00e0 8h15 nous n\u2019avions toujours vu personne au camping et nous avons donc \u00e9t\u00e9 contraints de partir sans payer.<\/p>\n<p>Pour aller jusque Dubrovnik il y a du monde sur la route, et cela monte bien. Mais l\u2019entr\u00e9e dans la ville se fait sans trop de difficult\u00e9s.<\/p>\n<\/div><\/section><\/div>\r\n<div class=\"flex_column av_one_full  flex_column_div av-zero-column-padding first  \" style='border-radius:0px; '><p><div class='avia-image-container  av-styling-   avia-align-center '  itemscope=\"itemscope\" itemtype=\"https:\/\/schema.org\/ImageObject\"  ><div class='avia-image-container-inner'><img class='avia_image ' src='https:\/\/genevieveetdidier.fr\/wp-content\/uploads\/2020\/05\/dubrovnik1-500x273.jpg' alt='' title='dubrovnik1'   itemprop=\"thumbnailUrl\"  \/><\/div><\/div><br \/>\n<section class=\"av_textblock_section\"  itemscope=\"itemscope\" itemtype=\"https:\/\/schema.org\/CreativeWork\" ><div class='avia_textblock '   itemprop=\"text\" ><p style=\"text-align: center;\"><em>L\u2019arriv\u00e9e \u00e0 Dubrovnik est d\u00e9j\u00e0 grandiose<\/em><\/p>\n<\/div><\/section><br \/>\n<section class=\"av_textblock_section\"  itemscope=\"itemscope\" itemtype=\"https:\/\/schema.org\/CreativeWork\" ><div class='avia_textblock '   itemprop=\"text\" ><p>La ville fortifi\u00e9e est une merveille et nous prenons le temps d\u2019y fl\u00e2ner un peu. Nous poussons nos v\u00e9los sur le port et dans les petites rues, en \u00e9vitant quand m\u00eame les escaliers \u00e9troits.<\/p>\n<\/div><\/section><\/p><\/div>\r\n<div class=\"flex_column av_one_half  flex_column_div av-zero-column-padding first  \" style='border-radius:0px; '><div class='avia-image-container  av-styling-   avia-align-center '  itemscope=\"itemscope\" itemtype=\"https:\/\/schema.org\/ImageObject\"  ><div class='avia-image-container-inner'><img class='avia_image ' src='https:\/\/genevieveetdidier.fr\/wp-content\/uploads\/2020\/05\/dubrovnik2-500x382.jpg' alt='' title='dubrovnik2'   itemprop=\"thumbnailUrl\"  \/><\/div><\/div><\/div>\r\n<div class=\"flex_column av_one_half  flex_column_div av-zero-column-padding   \" style='border-radius:0px; '><div class='avia-image-container  av-styling-   avia-align-center '  itemscope=\"itemscope\" itemtype=\"https:\/\/schema.org\/ImageObject\"  ><div class='avia-image-container-inner'><img class='avia_image ' src='https:\/\/genevieveetdidier.fr\/wp-content\/uploads\/2020\/05\/dubrovnik3-500x369.jpg' alt='' title='dubrovnik3'   itemprop=\"thumbnailUrl\"  \/><\/div><\/div><\/div>\r\n<div class=\"flex_column av_one_full  flex_column_div av-zero-column-padding first  \" style='border-radius:0px; '><div class='avia-image-container  av-styling-   avia-align-center '  itemscope=\"itemscope\" itemtype=\"https:\/\/schema.org\/ImageObject\"  ><div class='avia-image-container-inner'><img class='avia_image ' src='https:\/\/genevieveetdidier.fr\/wp-content\/uploads\/2020\/05\/dubrovnik4-500x252.jpg' alt='' title='dubrovnik4'   itemprop=\"thumbnailUrl\"  \/><\/div><\/div><\/div>\r\n<div class=\"flex_column av_one_full  flex_column_div av-zero-column-padding first  \" style='border-radius:0px; '><p><div class='avia-image-container  av-styling-   avia-align-center '  itemscope=\"itemscope\" itemtype=\"https:\/\/schema.org\/ImageObject\"  ><div class='avia-image-container-inner'><img class='avia_image ' src='https:\/\/genevieveetdidier.fr\/wp-content\/uploads\/2020\/05\/dubrovnik5-500x187.jpg' alt='' title='dubrovnik5'   itemprop=\"thumbnailUrl\"  \/><\/div><\/div><br \/>\n<section class=\"av_textblock_section\"  itemscope=\"itemscope\" itemtype=\"https:\/\/schema.org\/CreativeWork\" ><div class='avia_textblock '   itemprop=\"text\" ><p style=\"text-align: center;\"><em>Vu de loin, cela reste encore beau<\/em><\/p>\n<\/div><\/section><\/p><\/div>\r\n<section class=\"av_textblock_section\"  itemscope=\"itemscope\" itemtype=\"https:\/\/schema.org\/CreativeWork\" ><div class='avia_textblock '   itemprop=\"text\" ><p>Pour sortir de Dubrovnik il faut grimper une bonne cote. Nous le faisons, au d\u00e9but, en compagnie d\u2019un cyclo Tch\u00e8que, mais il finit en marchant, pr\u00e9textant qu\u2019il est bon de faire fonctionner d\u2019autres muscles\u2026 \u00e0 noter que nous ne voyons pas beaucoup de cyclotouristes\u00a0: une avant-hier, deux avant avant-hier, mais auparavant pas un depuis Trieste.<\/p>\n<p>Nos probl\u00e8mes m\u00e9caniques commencent \u00e0 devenir de plus en plus s\u00e9rieux mais nous ne voyons pas l\u2019ombre d\u2019un r\u00e9parateur v\u00e9lo.<\/p>\n<p>Nous continuons vers le Mont\u00e9n\u00e9gro, tant pis pour les kunas qui nous restent. La route monte encore bien jusque l\u2019a\u00e9roport de Dubrovnik qu\u2019ils sont all\u00e9s percher sur un plateau. Ensuite, jusque la fronti\u00e8re, c\u2019est plut\u00f4t descendant.<\/p>\n<p>Sur cette route nous avons vu deux jeunes autostoppeurs qui nous ont dit \u00ab\u00a0bonjour\u00a0\u00bb (en fran\u00e7ais dans le texte). Nous avons bien bavard\u00e9 avec eux\u00a0; il s\u2019agissait d\u2019\u00e9tudiants de Science-Po Paris qui devaient faire un parcours en stop pour traverser l\u2019Europe et aller jusqu\u2019en Ukraine. Ils \u00e9taient plusieurs bin\u00f4mes \u00e0 faire ainsi la route, et ils changeaient de partenaire chaque jour. Ils devaient arriver \u00e0 Odessa pour le 20 juin. Nous avons vu un autre bin\u00f4me un peu plus loin.<\/p>\n<p>\u00c0 la fronti\u00e8re du Mont\u00e9n\u00e9gro nous avons crois\u00e9 un cyclo Fran\u00e7ais qui venait d\u2019Italie (il avait fait Bari-Bar en bateau) et nous lui avons \u00e9chang\u00e9 les kunas qui nous restaient\u00a0: une aubaine car il n\u2019y a pas de change aux fronti\u00e8res. Ce cycliste Ami\u00e9nois \u00e9tait parti de Palerme, avait fait le tour de Sicile, et il semblait bien fatigu\u00e9 et bien d\u00e9moralis\u00e9. Il venait d\u2019apprendre aussi qu\u2019il avait perdu plusieurs centaines d\u2019euros en consultant internet au Mont\u00e9n\u00e9gro, et contrairement \u00e0 l\u2019Italie, il faut payer tr\u00e8s cher pour y avoir acc\u00e8s\u00a0!<\/p>\n<p>Le passage de la fronti\u00e8re est assez long\u00a0; il y a une grande queue, heureusement qu\u2019ils font passer les v\u00e9los sur le cot\u00e9.<\/p>\n<p>Nous avons du mal \u00e0 trouver un camping. Nous nous sommes install\u00e9s dans la verdure, un peu \u00e0 l\u2019\u00e9cart de la route, mais ce n\u2019est pas le grand silence.<\/p>\n<\/div><\/section>\r\n<section class=\"av_textblock_section\"  itemscope=\"itemscope\" itemtype=\"https:\/\/schema.org\/CreativeWork\" ><div class='avia_textblock '   itemprop=\"text\" ><\/p>\n<h3 class=\"wp-block-heading\" style=\"text-align: center;\">De Zelenika \u00e0 Buljarika, 65km<\/h3>\n<p><\/p>\n<\/div><\/section>\r\n<section class=\"av_textblock_section\"  itemscope=\"itemscope\" itemtype=\"https:\/\/schema.org\/CreativeWork\" ><div class='avia_textblock '   itemprop=\"text\" ><\/div><\/section>\r\n<div class=\"flex_column av_one_half  flex_column_div av-zero-column-padding first  \" style='border-radius:0px; '><section class=\"av_textblock_section\"  itemscope=\"itemscope\" itemtype=\"https:\/\/schema.org\/CreativeWork\" ><div class='avia_textblock '   itemprop=\"text\" ><p>D\u00e9part \u00e0 8 heures p\u00e9tantes\u00a0: m\u00eame les militaires ne sont pas aussi ponctuels. \u00c0 cette heure l\u00e0 il n\u2019y a pas trop de monde sur les routes, surtout un dimanche direz-vous, mais d\u00e9trompez-vous car les dimanches ne semblent pas \u00eatre ch\u00f4m\u00e9s au Mont\u00e9n\u00e9gro.<\/p>\n<p>Nous longeons les Bouches de Kotor, tr\u00e8s joli site, avant de les traverser sur un ferry \u00e0 1 euro par personne. Vu le spectacle et les kilom\u00e8tres que cela fait gagner, ce n\u2019est pas cher du tout.<\/p>\n<p>Par la suite la route devient de plus en plus encombr\u00e9e et bruyante.<\/p>\n<p>Avant Budva, sur les conseils d\u2019un Allemand francophone (il avait pass\u00e9 son enfance au Maroc), nous prenons une belle petite route qui monte bien raide (plut\u00f4t que le tunnel) et qui arrive en haut de Budva, \u00e0 <em>l\u2019acquapark<\/em>.<\/p>\n<\/div><\/section><\/div>\r\n<div class=\"flex_column av_one_half  flex_column_div av-zero-column-padding   \" style='border-radius:0px; '><div class='avia-image-container  av-styling-   avia-align-center '  itemscope=\"itemscope\" itemtype=\"https:\/\/schema.org\/ImageObject\"  ><div class='avia-image-container-inner'><img class='avia_image ' src='https:\/\/genevieveetdidier.fr\/wp-content\/uploads\/2020\/04\/montenegro6.jpg' alt='' title='Bouches de Kotor'   itemprop=\"thumbnailUrl\"  \/><\/div><\/div><\/div>\r\n<div class=\"flex_column av_one_full  flex_column_div av-zero-column-padding first  \" style='border-radius:0px; '><div class='avia-image-container  av-styling-   avia-align-center '  itemscope=\"itemscope\" itemtype=\"https:\/\/schema.org\/ImageObject\"  ><div class='avia-image-container-inner'><img class='avia_image ' src='https:\/\/genevieveetdidier.fr\/wp-content\/uploads\/2020\/04\/montenegro7.jpg' alt='' title='montenegro7'   itemprop=\"thumbnailUrl\"  \/><\/div><\/div><\/div>\r\n<div class=\"flex_column av_one_half  flex_column_div av-zero-column-padding first  \" style='border-radius:0px; '><section class=\"av_textblock_section\"  itemscope=\"itemscope\" itemtype=\"https:\/\/schema.org\/CreativeWork\" ><div class='avia_textblock '   itemprop=\"text\" ><p>Budva est une \u00e9norme station baln\u00e9aire, du genre de celles que nous \u00e9vitons soigneusement en France. C\u2019est affreux de voir autant de parasols et de viande morte \u00e9tal\u00e9e sur le sable. Mais cela semble \u00eatre le genre de tourisme appr\u00e9ci\u00e9 par les Mont\u00e9n\u00e9grins (et d\u2019autres).<\/p>\n<p>Un peu plus loin nous passons dans une zone verte hyper luxueuse, o\u00f9 il y a beaucoup moins de monde (tout se paye\u00a0!) et qui semble avoir la pr\u00e9f\u00e9rence des Russes, enfin des Russes qui ont une grosse voiture.<\/p>\n<\/div><\/section><\/div>\r\n<div class=\"flex_column av_one_half  flex_column_div av-zero-column-padding   \" style='border-radius:0px; '><p><div class='avia-image-container  av-styling-   avia-align-center '  itemscope=\"itemscope\" itemtype=\"https:\/\/schema.org\/ImageObject\"  ><div class='avia-image-container-inner'><img class='avia_image ' src='https:\/\/genevieveetdidier.fr\/wp-content\/uploads\/2018\/06\/20180603_131907-500x281.jpg' alt='' title='20180603_131907'   itemprop=\"thumbnailUrl\"  \/><\/div><\/div><br \/>\n<section class=\"av_textblock_section\"  itemscope=\"itemscope\" itemtype=\"https:\/\/schema.org\/CreativeWork\" ><div class='avia_textblock '   itemprop=\"text\" ><p style=\"text-align: center;\"><em>Bof beauf\u2026<\/em><\/p>\n<\/div><\/section><br \/>\n<div class='avia-image-container  av-styling-   avia-align-center '  itemscope=\"itemscope\" itemtype=\"https:\/\/schema.org\/ImageObject\"  ><div class='avia-image-container-inner'><img class='avia_image ' src='https:\/\/genevieveetdidier.fr\/wp-content\/uploads\/2020\/05\/montenegro8-500x310.jpg' alt='' title='montenegro8'   itemprop=\"thumbnailUrl\"  \/><\/div><\/div><\/p><\/div>\r\n<div class=\"flex_column av_three_fifth  flex_column_div av-zero-column-padding first  \" style='border-radius:0px; '><div class='avia-image-container  av-styling-   avia-align-center '  itemscope=\"itemscope\" itemtype=\"https:\/\/schema.org\/ImageObject\"  ><div class='avia-image-container-inner'><img class='avia_image ' src='https:\/\/genevieveetdidier.fr\/wp-content\/uploads\/2020\/05\/montenegro10-500x250.jpg' alt='' title='montenegro10'   itemprop=\"thumbnailUrl\"  \/><\/div><\/div><\/div>\r\n<div class=\"flex_column av_two_fifth  flex_column_div av-zero-column-padding   \" style='border-radius:0px; '><section class=\"av_textblock_section\"  itemscope=\"itemscope\" itemtype=\"https:\/\/schema.org\/CreativeWork\" ><div class='avia_textblock '   itemprop=\"text\" ><p>Ce quartier hupp\u00e9 est situ\u00e9 juste au-dessus de la magnifique presqu\u2019\u00eele de Sveti-Stefan. Ce ne sont qu\u2019h\u00f4tels et r\u00e9sidences de luxe, gardiens, barri\u00e8res, p\u00e9ages\u2026 et nous y avons m\u00eame vu une voiture de police, ce qui est pourtant assez rare dans ce pays (et en Croatie).<\/p>\n<\/div><\/section><\/div>\r\n<div class=\"flex_column av_one_full  flex_column_div av-zero-column-padding first  \" style='border-radius:0px; '><section class=\"av_textblock_section\"  itemscope=\"itemscope\" itemtype=\"https:\/\/schema.org\/CreativeWork\" ><div class='avia_textblock '   itemprop=\"text\" ><p>Notre sentiment, en longeant la c\u00f4te, c\u2019est que le Mont\u00e9n\u00e9gro est en train de commettre l\u2019erreur commise par la Costa-Brava et d\u2019autres r\u00e9gions superbes\u00a0: \u00e7a b\u00e9tonne et \u00e7a construit \u00e0 tout va\u00a0! Adieu les beaux paysages (et il y en a beaucoup ici). Tout va devenir lieu de consommation, tout va \u00eatre brad\u00e9, jusqu\u2019\u00e0 ce que personne n\u2019ait plus envie d\u2019y venir sinon les circuits touristiques \u00e0 bas prix.<\/p>\n<p>Nous avons visit\u00e9 deux campings mais ils \u00e9taient invivables. L\u2019un d\u2019entre eux ressemblait plus \u00e0 une friche qu\u2019\u00e0 un camping\u00a0; j\u2019y ai roul\u00e9 sur un serpent \u00e9norme (nous en voyons beaucoup par ici). L\u2019autre \u00e9tait \u00e0 un carrefour, autant dire sur la route. Nous nous arr\u00eatons au troisi\u00e8me, il a l\u2019air bien. Il y a de l\u2019herbe, ce qui est assez rare pour \u00eatre mentionn\u00e9, et il a l\u2019avantage d\u2019\u00eatre pr\u00e8s de la plage. Plouf fait Genevi\u00e8ve.<\/p>\n<p>Le restaurant o\u00f9 nous mangeons est d\u2019un bon rapport qualit\u00e9\/prix\u00a0: toutes les conditions sont r\u00e9unies pour que nous nous reposions l\u00e0 une journ\u00e9e.<\/p>\n<\/div><\/section><\/div>\r\n<div class=\"flex_column av_one_full  flex_column_div av-zero-column-padding first  \" style='border-radius:0px; '><section class=\"av_textblock_section\"  itemscope=\"itemscope\" itemtype=\"https:\/\/schema.org\/CreativeWork\" ><div class='avia_textblock '   itemprop=\"text\" ><h3 class=\"wp-block-heading\" style=\"text-align: center;\">Repos \u00e0 Buljarika<\/h3>\n<\/div><\/section><br \/>\n<section class=\"av_textblock_section\"  itemscope=\"itemscope\" itemtype=\"https:\/\/schema.org\/CreativeWork\" ><div class='avia_textblock '   itemprop=\"text\" ><h1><span style=\"color: #000080;\"><strong>4 juin\u00a0 BULJARICA\u00a0<\/strong><\/span><\/h1>\n<p>Notre tente est install\u00e9e dans un endroit peu ombrag\u00e9, surtout le matin, et d\u00e8s le r\u00e9veil il fait d\u00e9j\u00e0 tr\u00e8s chaud. Pour d\u00e9jeuner nous nous r\u00e9fugions dans un petit coin du camping, plus au frais sur l\u2019herbe verte, et nos voisins d\u2019en-face, des Serbes, viennent nous proposer spontan\u00e9ment une table et des chaises. C\u2019est le grand confort.<\/p>\n<p>Nous allons profiter de la journ\u00e9e pour essayer de faire la lessive (cela devient urgent) mais notre but sera surtout de nous reposer. Nous nous documentons aussi sur l\u2019histoire de ce petit pays qu\u2019est le Mont\u00e9n\u00e9gro. Ce qui y est surprenant c\u2019est la diversit\u00e9 des langues et des religions. Ce n\u2019est en rien une nation, mais il y a une v\u00e9ritable volont\u00e9 politique d\u2019unifier et de faire progresser ce pays. \u00c0 lire la constitution mont\u00e9n\u00e9grine il y a aussi un souci \u00e9cologique, mais sur le terrain nous ne l\u2019avions pas remarqu\u00e9.<\/p>\n<p>Sinon mon activit\u00e9 principale va \u00eatre de cultiver l\u2019art de ne rien faire. Tout en restant modeste, je dois reconna\u00eetre que je suis d\u00e9j\u00e0 assez bon dans cet art, mais cela ne co\u00fbte rien d\u2019entretenir un peu ses talents.<\/p>\n<p>Notre voisin de droite est un Suisse naturopathe qui reste dans ce camping toute l\u2019ann\u00e9e, depuis un temps certain, uniquement pour travailler au calme.<\/p>\n<\/div><\/section><\/p><\/div>\r\n<div class=\"flex_column av_one_half  flex_column_div av-zero-column-padding first  \" style='border-radius:0px; '><section class=\"av_textblock_section\"  itemscope=\"itemscope\" itemtype=\"https:\/\/schema.org\/CreativeWork\" ><div class='avia_textblock '   itemprop=\"text\" ><p>Notre voisin de droite est un Suisse naturopathe qui reste dans ce camping toute l\u2019ann\u00e9e, depuis un temps certain, uniquement pour travailler au calme.<\/p>\n<\/div><\/section><\/div>\r\n<div class=\"flex_column av_one_half  flex_column_div av-zero-column-padding   \" style='border-radius:0px; '><div class='avia-image-container  av-styling-   avia-align-center '  itemscope=\"itemscope\" itemtype=\"https:\/\/schema.org\/ImageObject\"  ><div class='avia-image-container-inner'><img class='avia_image ' src='https:\/\/genevieveetdidier.fr\/wp-content\/uploads\/2020\/05\/montenegro11-500x375.jpg' alt='' title='montenegro11'   itemprop=\"thumbnailUrl\"  \/><\/div><\/div><\/div>\r\n<div class=\"flex_column av_one_full  flex_column_div av-zero-column-padding first  \" style='border-radius:0px; '><div class='avia-image-container  av-styling-   avia-align-center '  itemscope=\"itemscope\" itemtype=\"https:\/\/schema.org\/ImageObject\"  ><div class='avia-image-container-inner'><img class='avia_image ' src='https:\/\/genevieveetdidier.fr\/wp-content\/uploads\/2018\/06\/20180604_150209-500x281.jpg' alt='' title='20180604_150209'   itemprop=\"thumbnailUrl\"  \/><\/div><\/div><\/div>\r\n<div class='avia-image-container  av-styling-   avia-align-center '  itemscope=\"itemscope\" itemtype=\"https:\/\/schema.org\/ImageObject\"  ><div class='avia-image-container-inner'><img class='avia_image ' src='https:\/\/genevieveetdidier.fr\/wp-content\/uploads\/2018\/06\/20180604_172746-500x281.jpg' alt='' title='20180604_172746'   itemprop=\"thumbnailUrl\"  \/><\/div><\/div>\r\n<div class=\"flex_column av_one_full  flex_column_div av-zero-column-padding first  \" style='border-radius:0px; '><section class=\"av_textblock_section\"  itemscope=\"itemscope\" itemtype=\"https:\/\/schema.org\/CreativeWork\" ><div class='avia_textblock '   itemprop=\"text\" ><h1><strong><span style=\"color: #000080;\">5 juin\u00a0 BULJARICA \u2013 SHKODER 64kms<\/span><\/strong><\/h1>\n<p>Un petit col de 4 kilom\u00e8tres pour d\u00e9marrer, \u00e7a r\u00e9chauffe\u2026 Mais la route qui nous m\u00e8ne jusque Bar n\u2019est pas plus dr\u00f4le que les jours pr\u00e9c\u00e9dents. C\u2019est l\u2019inconv\u00e9nient des routes de bord de mer\u00a0: il y a toujours du monde.<\/p>\n<p>\u00c0 Bar nous passons devant un r\u00e9parateur de v\u00e9los\u00a0; cela faisait longtemps que nous n\u2019en avions pas vu et comme Genevi\u00e8ve n\u2019a plus de frein arri\u00e8re depuis un moment nous prenons la d\u00e9cision de nous arr\u00eater pour faire r\u00e9parer.<\/p>\n<p>C\u2019est un petit jeune tr\u00e8s sympathique qui tient la boutique et qui nous re\u00e7oit tr\u00e8s bien, mais il ne se sent pas capable de faire cette r\u00e9paration. Par contre il nous conseille d\u2019aller voir Ranko. Ranko n\u2019est pas officiellement r\u00e9parateur, mais d\u2019apr\u00e8s lui il saura faire quelque chose\u2026 Pour trouver Ranko il faut le demander \u00e0 l\u2019h\u00f4tel Berlin qui se trouve \u00e0 un kilom\u00e8tre et qui est tenu par son fr\u00e8re. C\u2019est ce que nous faisons et son fr\u00e8re prend un v\u00e9lo pour nous emmener dans des petites rues, \u00e0 quelques centaines de m\u00e8tres. Ranko nous y attend dans sa petite maison, il a \u00e9t\u00e9 pr\u00e9venu par t\u00e9l\u00e9phone, et il nous ouvre la porte de son garage. Il est bien outill\u00e9 et il s\u2019av\u00e8re \u00eatre un m\u00e9cano super. Apr\u00e8s avoir essay\u00e9 de r\u00e9parer, en vain, il nous propose de changer tout le m\u00e9canisme de freinage. C\u2019est ce qu\u2019il fait en un temps record et pour une somme d\u00e9risoire. Merci Ranko (c\u2019est un ancien champion de v\u00e9lo). Genevi\u00e8ve a des freins neufs et nous pouvons repartir.<\/p>\n<p>La morale de cette histoire c\u2019est qu\u2019il vaudrait mieux avoir un syst\u00e8me de freinage simple, plut\u00f4t que des freins hydrauliques Magura, certes performants lorsqu\u2019ils fonctionnent, mais irr\u00e9parables sans un mat\u00e9riel sp\u00e9cifique.<\/p>\n<p>Quelques kilom\u00e8tres apr\u00e8s Bar nous quittons la grande route pour faire encore une super mont\u00e9e. Mais la suite est tr\u00e8s belle. C\u2019est une petite route, sur le plateau, suivi d\u2019un faux plat descendant, sous le soleil, dans une campagne plus verte, plus cultiv\u00e9e, o\u00f9 les minarets ont remplac\u00e9 les clochers.<\/p>\n<\/div><\/section><br \/>\n<section class=\"av_textblock_section\"  itemscope=\"itemscope\" itemtype=\"https:\/\/schema.org\/CreativeWork\" ><div class='avia_textblock '   itemprop=\"text\" ><p style=\"text-align: center;\"><em>La r\u00e9gion est encore montagneuse<\/em><\/p>\n<\/div><\/section><br \/>\n<div class='avia-image-container  av-styling-   avia-align-center '  itemscope=\"itemscope\" itemtype=\"https:\/\/schema.org\/ImageObject\"  ><div class='avia-image-container-inner'><img class='avia_image ' src='https:\/\/genevieveetdidier.fr\/wp-content\/uploads\/2020\/05\/montenegro12-500x376.jpg' alt='' title='montenegro12'   itemprop=\"thumbnailUrl\"  \/><\/div><\/div><\/p><\/div>\r\n<div class=\"flex_column av_one_half  flex_column_div av-zero-column-padding first  \" style='border-radius:0px; '><div class='avia-image-container  av-styling-   avia-align-center '  itemscope=\"itemscope\" itemtype=\"https:\/\/schema.org\/ImageObject\"  ><div class='avia-image-container-inner'><img class='avia_image ' src='https:\/\/genevieveetdidier.fr\/wp-content\/uploads\/2020\/05\/montenegro13-500x316.jpg' alt='' title='montenegro13'   itemprop=\"thumbnailUrl\"  \/><\/div><\/div><\/div>\r\n<div class=\"flex_column av_one_half  flex_column_div av-zero-column-padding   \" style='border-radius:0px; '><div class='avia-image-container  av-styling-   avia-align-center '  itemscope=\"itemscope\" itemtype=\"https:\/\/schema.org\/ImageObject\"  ><div class='avia-image-container-inner'><img class='avia_image ' src='https:\/\/genevieveetdidier.fr\/wp-content\/uploads\/2020\/05\/montenegro14-500x376.jpg' alt='' title='montenegro14'   itemprop=\"thumbnailUrl\"  \/><\/div><\/div><\/div>\r\n<section class=\"av_textblock_section\"  itemscope=\"itemscope\" itemtype=\"https:\/\/schema.org\/CreativeWork\" ><div class='avia_textblock '   itemprop=\"text\" ><p style=\"text-align: center;\"><em>Une mosqu\u00e9e et un cimeti\u00e8re<\/em><\/p>\n<\/div><\/section>","protected":false},"excerpt":{"rendered":"","protected":false},"author":1,"featured_media":0,"parent":390,"menu_order":6,"comment_status":"closed","ping_status":"closed","template":"","meta":{"_monsterinsights_skip_tracking":false,"_monsterinsights_sitenote_active":false,"_monsterinsights_sitenote_note":"","_monsterinsights_sitenote_category":0,"footnotes":""},"class_list":["post-3473","page","type-page","status-publish","hentry"],"_links":{"self":[{"href":"https:\/\/genevieveetdidier.fr\/index.php?rest_route=\/wp\/v2\/pages\/3473","targetHints":{"allow":["GET"]}}],"collection":[{"href":"https:\/\/genevieveetdidier.fr\/index.php?rest_route=\/wp\/v2\/pages"}],"about":[{"href":"https:\/\/genevieveetdidier.fr\/index.php?rest_route=\/wp\/v2\/types\/page"}],"author":[{"embeddable":true,"href":"https:\/\/genevieveetdidier.fr\/index.php?rest_route=\/wp\/v2\/users\/1"}],"replies":[{"embeddable":true,"href":"https:\/\/genevieveetdidier.fr\/index.php?rest_route=%2Fwp%2Fv2%2Fcomments&post=3473"}],"version-history":[{"count":15,"href":"https:\/\/genevieveetdidier.fr\/index.php?rest_route=\/wp\/v2\/pages\/3473\/revisions"}],"predecessor-version":[{"id":5822,"href":"https:\/\/genevieveetdidier.fr\/index.php?rest_route=\/wp\/v2\/pages\/3473\/revisions\/5822"}],"up":[{"embeddable":true,"href":"https:\/\/genevieveetdidier.fr\/index.php?rest_route=\/wp\/v2\/pages\/390"}],"wp:attachment":[{"href":"https:\/\/genevieveetdidier.fr\/index.php?rest_route=%2Fwp%2Fv2%2Fmedia&parent=3473"}],"curies":[{"name":"wp","href":"https:\/\/api.w.org\/{rel}","templated":true}]}}