{"id":3464,"date":"2019-03-31T18:53:46","date_gmt":"2019-03-31T16:53:46","guid":{"rendered":"http:\/\/genevieveetdidier.fr\/?page_id=3464"},"modified":"2020-04-30T23:32:22","modified_gmt":"2020-04-30T21:32:22","slug":"bosnie-herzegovine-de-blace-a-zaton","status":"publish","type":"page","link":"https:\/\/genevieveetdidier.fr\/?page_id=3464","title":{"rendered":"Bosnie \u2013 Herz\u00e9govine, de Blace \u00e0 Zaton"},"content":{"rendered":"<div class=\"flex_column av_one_full  flex_column_div av-zero-column-padding first  \" style='border-radius:0px; '><section class=\"av_textblock_section\"  itemscope=\"itemscope\" itemtype=\"https:\/\/schema.org\/CreativeWork\" ><div class='avia_textblock '   itemprop=\"text\" ><h1 style=\"text-align: center;\"><strong>Bosnie \u2013 Herz\u00e9govine <\/strong><\/h1>\n<h3 style=\"text-align: center;\">De Blace \u00e0\u00a0 Zaton, 82 km<\/h3>\n<\/div><\/section><\/div>\n<div class=\"flex_column av_one_full  flex_column_div av-zero-column-padding first  \" style='border-radius:0px; '><section class=\"av_textblock_section\"  itemscope=\"itemscope\" itemtype=\"https:\/\/schema.org\/CreativeWork\" ><div class='avia_textblock '   itemprop=\"text\" ><p><iframe loading=\"lazy\" src=\"https:\/\/www.google.com\/maps\/d\/embed?mid=1m6UQIJjmvQfg7fwJYi83olFPRhrf6Pil\" width=\"640\" height=\"480\"><\/iframe><\/p>\n<\/div><\/section><\/div><div class=\"flex_column av_one_half  flex_column_div av-zero-column-padding first  \" style='border-radius:0px; '><section class=\"av_textblock_section\"  itemscope=\"itemscope\" itemtype=\"https:\/\/schema.org\/CreativeWork\" ><div class='avia_textblock '   itemprop=\"text\" ><h1><strong>\u00a0 BLACE \u2013 ZATON 82kms<\/strong><\/h1>\n<p>Une bonne nuit au calme, loin des bruits de la 8 qui pour une fois s\u2019est un peu \u00e9loign\u00e9e de la mer.<\/p>\n<p>Nous faisons encore une dizaine de kilom\u00e8tres sur une toute petite route en balcon au-dessus de la grande plaine couverte d\u2019arbres fruitiers. Ensuite nous retrouvons la 8 que nous allons encore suivre toute la journ\u00e9e. Il fait toujours beau, on s\u2019y habitue bien mieux qu\u2019\u00e0 la pluie. Les paysages sont toujours beaux, on ne se lasse pas du beau, l\u2019extraordinaire n\u2019est jamais ordinaire. Nous montons et nous descendons. C\u2019est une routine de bonheur.<\/p>\n<p>L\u2019originalit\u00e9 de la journ\u00e9e vient du fait que nous traversons la Bosnie Herz\u00e9govine d\u2019Ouest en Est. Nous y faisons les courses dans la petite ville de N\u00e9um. Nous n\u2019avons pas la monnaie locale (mark convertible) mais ils acceptent sans probl\u00e8me les cartes et les kunas (monnaie croate). Le passage des fronti\u00e8res se fait sans difficult\u00e9 mais ils v\u00e9rifient tout de m\u00eame nos papiers.<\/p>\n<p>Il est difficile de trouver un coin d\u2019ombre pour manger le midi. Nous finissons sur un petit morceau de plage pas tr\u00e8s propre.<\/p>\n<\/div><\/section><\/div><div class=\"flex_column av_one_half  flex_column_div av-zero-column-padding   \" style='border-radius:0px; '><div class='avia-image-container  av-styling-   avia-align-center '  itemscope=\"itemscope\" itemtype=\"https:\/\/schema.org\/ImageObject\"  ><div class='avia-image-container-inner'><img class='avia_image ' src='https:\/\/genevieveetdidier.fr\/wp-content\/uploads\/2018\/06\/20180601_090946-500x281.jpg' alt='' title='20180601_090946'   itemprop=\"thumbnailUrl\"  \/><\/div><\/div><\/div><\/p>\n<div class=\"flex_column av_one_full  flex_column_div av-zero-column-padding first  \" style='border-radius:0px; '><p><div class='avia-image-container  av-styling-   avia-align-center '  itemscope=\"itemscope\" itemtype=\"https:\/\/schema.org\/ImageObject\"  ><div class='avia-image-container-inner'><img class='avia_image ' src='https:\/\/genevieveetdidier.fr\/wp-content\/uploads\/2018\/06\/20180601_094401-500x281.jpg' alt='' title='20180601_094401'   itemprop=\"thumbnailUrl\"  \/><\/div><\/div><br \/>\n<section class=\"av_textblock_section\"  itemscope=\"itemscope\" itemtype=\"https:\/\/schema.org\/CreativeWork\" ><div class='avia_textblock '   itemprop=\"text\" ><p style=\"text-align: center;\"><em>Apr\u00e8s la plaine nous montons dans une zone viticole<\/em><\/p>\n<\/div><\/section><\/p><\/div>\n<div class=\"flex_column av_one_half  flex_column_div av-zero-column-padding first  \" style='border-radius:0px; '><p><div class='avia-image-container  av-styling-   avia-align-center '  itemscope=\"itemscope\" itemtype=\"https:\/\/schema.org\/ImageObject\"  ><div class='avia-image-container-inner'><img class='avia_image ' src='https:\/\/genevieveetdidier.fr\/wp-content\/uploads\/2020\/04\/bosnie-500x375.jpg' alt='' title='bosnie'   itemprop=\"thumbnailUrl\"  \/><\/div><\/div><br \/>\n<section class=\"av_textblock_section\"  itemscope=\"itemscope\" itemtype=\"https:\/\/schema.org\/CreativeWork\" ><div class='avia_textblock '   itemprop=\"text\" ><p style=\"text-align: center;\"><em>Seuls au camping<\/em><\/p>\n<\/div><\/section><\/p><\/div>\n<div class=\"flex_column av_one_half  flex_column_div av-zero-column-padding   \" style='border-radius:0px; '><section class=\"av_textblock_section\"  itemscope=\"itemscope\" itemtype=\"https:\/\/schema.org\/CreativeWork\" ><div class='avia_textblock '   itemprop=\"text\" ><p>Nous ne voulons pas aller jusque Dubrovnik car nous pr\u00e9f\u00e9rons garder un peu de temps pour visiter cette ville demain. Nous nous arr\u00eatons dans un petit camping, \u00e0 Zaton. L\u00e0 encore il n\u2019y a personne \u00e0 l\u2019accueil et pour le moment, \u00e0 16 heures, il n\u2019y a qu\u2019un camping car install\u00e9.<\/p>\n<p>Le soir nous mangeons de <em>l\u2019octopuso<\/em> dans un restaurant voisin. C\u2019est tr\u00e8s tr\u00e8s bon.<\/p>\n<\/div><\/section><\/div>\n","protected":false},"excerpt":{"rendered":"","protected":false},"author":1,"featured_media":0,"parent":390,"menu_order":5,"comment_status":"closed","ping_status":"closed","template":"","meta":{"_monsterinsights_skip_tracking":false,"_monsterinsights_sitenote_active":false,"_monsterinsights_sitenote_note":"","_monsterinsights_sitenote_category":0,"footnotes":""},"class_list":["post-3464","page","type-page","status-publish","hentry"],"_links":{"self":[{"href":"https:\/\/genevieveetdidier.fr\/index.php?rest_route=\/wp\/v2\/pages\/3464","targetHints":{"allow":["GET"]}}],"collection":[{"href":"https:\/\/genevieveetdidier.fr\/index.php?rest_route=\/wp\/v2\/pages"}],"about":[{"href":"https:\/\/genevieveetdidier.fr\/index.php?rest_route=\/wp\/v2\/types\/page"}],"author":[{"embeddable":true,"href":"https:\/\/genevieveetdidier.fr\/index.php?rest_route=\/wp\/v2\/users\/1"}],"replies":[{"embeddable":true,"href":"https:\/\/genevieveetdidier.fr\/index.php?rest_route=%2Fwp%2Fv2%2Fcomments&post=3464"}],"version-history":[{"count":13,"href":"https:\/\/genevieveetdidier.fr\/index.php?rest_route=\/wp\/v2\/pages\/3464\/revisions"}],"predecessor-version":[{"id":5767,"href":"https:\/\/genevieveetdidier.fr\/index.php?rest_route=\/wp\/v2\/pages\/3464\/revisions\/5767"}],"up":[{"embeddable":true,"href":"https:\/\/genevieveetdidier.fr\/index.php?rest_route=\/wp\/v2\/pages\/390"}],"wp:attachment":[{"href":"https:\/\/genevieveetdidier.fr\/index.php?rest_route=%2Fwp%2Fv2%2Fmedia&parent=3464"}],"curies":[{"name":"wp","href":"https:\/\/api.w.org\/{rel}","templated":true}]}}