{"id":3424,"date":"2019-03-31T10:19:05","date_gmt":"2019-03-31T08:19:05","guid":{"rendered":"http:\/\/genevieveetdidier.fr\/?page_id=3424"},"modified":"2020-04-28T14:48:48","modified_gmt":"2020-04-28T12:48:48","slug":"slovenie-de-ankaran-a-rijeka","status":"publish","type":"page","link":"https:\/\/genevieveetdidier.fr\/?page_id=3424","title":{"rendered":"Slov\u00e9nie, de Ankaran \u00e0 Rijeka"},"content":{"rendered":"<h3 style=\"text-align: center;\">De Ankaran \u00e0 Rijeka, 81 km<\/h3>\n<div class=\"flex_column av_one_half  flex_column_div av-zero-column-padding first  \" style='border-radius:0px; '><\/div>\n<section class=\"av_textblock_section\"  itemscope=\"itemscope\" itemtype=\"https:\/\/schema.org\/CreativeWork\" ><div class='avia_textblock '   itemprop=\"text\" ><p>La travers\u00e9e de l&rsquo;Istrie nous a beaucoup plu, m\u00eame si nous avons essuy\u00e9 encore quelques averses. C&rsquo;est une r\u00e9gion de petite montagne, verdoyante, avec des pr\u00e9s fleuris, des amas de roches et peu d&rsquo;\u00e2mes qui vivent.<\/p>\n<p>Nous avons crois\u00e9 un poste fronti\u00e8re croate \u00e0 800m d&rsquo;altitude. Nos cartes d&rsquo;identit\u00e9, soigneusement examin\u00e9es ont \u00e9t\u00e9 valid\u00e9es.<\/p>\n<p>La descente sur Rijeka \u00e9tait plus encombr\u00e9e par les voitures mais on est toujours \u00e9tonn\u00e9s d&rsquo;avoir autant de kilom\u00e8tres faciles \u00e0 descendre apr\u00e8s quarante kilom\u00e8tres de mont\u00e9e.<\/p>\n<\/div><\/section>\n<p>\u00a0<\/p>\n<p>\u00a0<\/p>\n<p>\u00a0<\/p>\n\n\n<ul class=\"wp-block-gallery columns-2 is-cropped wp-block-gallery-1 is-layout-flex wp-block-gallery-is-layout-flex\"><li class=\"blocks-gallery-item\"><figure><img loading=\"lazy\" decoding=\"async\" width=\"1030\" height=\"579\" src=\"https:\/\/genevieveetdidier.fr\/wp-content\/uploads\/2018\/05\/20180523_110541-1030x579.jpg\" alt=\"\" data-id=\"2052\" data-link=\"https:\/\/genevieveetdidier.fr\/?attachment_id=2052\" class=\"wp-image-2052\" srcset=\"https:\/\/genevieveetdidier.fr\/wp-content\/uploads\/2018\/05\/20180523_110541-1030x579.jpg 1030w, https:\/\/genevieveetdidier.fr\/wp-content\/uploads\/2018\/05\/20180523_110541-500x281.jpg 500w, https:\/\/genevieveetdidier.fr\/wp-content\/uploads\/2018\/05\/20180523_110541-768x432.jpg 768w, https:\/\/genevieveetdidier.fr\/wp-content\/uploads\/2018\/05\/20180523_110541-1500x844.jpg 1500w, https:\/\/genevieveetdidier.fr\/wp-content\/uploads\/2018\/05\/20180523_110541-705x397.jpg 705w, https:\/\/genevieveetdidier.fr\/wp-content\/uploads\/2018\/05\/20180523_110541-450x253.jpg 450w\" sizes=\"auto, (max-width: 1030px) 100vw, 1030px\" \/><\/figure><\/li><li class=\"blocks-gallery-item\"><figure><img loading=\"lazy\" decoding=\"async\" width=\"1030\" height=\"579\" src=\"https:\/\/genevieveetdidier.fr\/wp-content\/uploads\/2018\/05\/20180523_134415-1030x579.jpg\" alt=\"\" data-id=\"2053\" data-link=\"https:\/\/genevieveetdidier.fr\/?attachment_id=2053\" class=\"wp-image-2053\" srcset=\"https:\/\/genevieveetdidier.fr\/wp-content\/uploads\/2018\/05\/20180523_134415-1030x579.jpg 1030w, https:\/\/genevieveetdidier.fr\/wp-content\/uploads\/2018\/05\/20180523_134415-500x281.jpg 500w, https:\/\/genevieveetdidier.fr\/wp-content\/uploads\/2018\/05\/20180523_134415-768x432.jpg 768w, https:\/\/genevieveetdidier.fr\/wp-content\/uploads\/2018\/05\/20180523_134415-1500x844.jpg 1500w, https:\/\/genevieveetdidier.fr\/wp-content\/uploads\/2018\/05\/20180523_134415-705x397.jpg 705w, https:\/\/genevieveetdidier.fr\/wp-content\/uploads\/2018\/05\/20180523_134415-450x253.jpg 450w\" sizes=\"auto, (max-width: 1030px) 100vw, 1030px\" \/><\/figure><\/li><\/ul>\n","protected":false},"excerpt":{"rendered":"<p>De Ankaran \u00e0 Rijeka, 81 km \u00a0 \u00a0 \u00a0<\/p>\n","protected":false},"author":1,"featured_media":0,"parent":0,"menu_order":0,"comment_status":"closed","ping_status":"closed","template":"","meta":{"_monsterinsights_skip_tracking":false,"_monsterinsights_sitenote_active":false,"_monsterinsights_sitenote_note":"","_monsterinsights_sitenote_category":0,"footnotes":""},"class_list":["post-3424","page","type-page","status-publish","hentry"],"_links":{"self":[{"href":"https:\/\/genevieveetdidier.fr\/index.php?rest_route=\/wp\/v2\/pages\/3424","targetHints":{"allow":["GET"]}}],"collection":[{"href":"https:\/\/genevieveetdidier.fr\/index.php?rest_route=\/wp\/v2\/pages"}],"about":[{"href":"https:\/\/genevieveetdidier.fr\/index.php?rest_route=\/wp\/v2\/types\/page"}],"author":[{"embeddable":true,"href":"https:\/\/genevieveetdidier.fr\/index.php?rest_route=\/wp\/v2\/users\/1"}],"replies":[{"embeddable":true,"href":"https:\/\/genevieveetdidier.fr\/index.php?rest_route=%2Fwp%2Fv2%2Fcomments&post=3424"}],"version-history":[{"count":5,"href":"https:\/\/genevieveetdidier.fr\/index.php?rest_route=\/wp\/v2\/pages\/3424\/revisions"}],"predecessor-version":[{"id":3440,"href":"https:\/\/genevieveetdidier.fr\/index.php?rest_route=\/wp\/v2\/pages\/3424\/revisions\/3440"}],"wp:attachment":[{"href":"https:\/\/genevieveetdidier.fr\/index.php?rest_route=%2Fwp%2Fv2%2Fmedia&parent=3424"}],"curies":[{"name":"wp","href":"https:\/\/api.w.org\/{rel}","templated":true}]}}