{"id":3388,"date":"2019-03-31T09:48:38","date_gmt":"2019-03-31T07:48:38","guid":{"rendered":"http:\/\/genevieveetdidier.fr\/?page_id=3388"},"modified":"2019-03-31T19:10:09","modified_gmt":"2019-03-31T17:10:09","slug":"italie-de-germona-a-ankaran","status":"publish","type":"page","link":"https:\/\/genevieveetdidier.fr\/?page_id=3388","title":{"rendered":"Italie &#8211; De Germona \u00e0 Ankaran"},"content":{"rendered":"\n<div class=\"wp-block-media-text alignwide\" style=\"grid-template-columns:41% auto\"><figure class=\"wp-block-media-text__media\"><img loading=\"lazy\" decoding=\"async\" width=\"334\" height=\"389\" src=\"https:\/\/genevieveetdidier.fr\/wp-content\/uploads\/2019\/03\/De-Gemona-\u00e0-Ankaran.jpg\" alt=\"\" class=\"wp-image-3389\"\/><\/figure><div class=\"wp-block-media-text__content\">\n<p class=\"has-background has-drop-cap has-medium-font-size has-cyan-bluish-gray-background-color\">Italie, de Germona \u00e0 Ankaran<\/p>\n<\/div><\/div>\n\n\n<h3>&nbsp;<\/h3>\n<p style=\"text-align: center;\"><section class=\"av_textblock_section\"  itemscope=\"itemscope\" itemtype=\"https:\/\/schema.org\/CreativeWork\" ><div class='avia_textblock '   itemprop=\"text\" ><p><strong>De Germona \u00e0 Aquilea, 81 km<\/strong><\/p>\n<\/div><\/section><\/p>\n<p><\/p>\n<section class=\"av_textblock_section\"  itemscope=\"itemscope\" itemtype=\"https:\/\/schema.org\/CreativeWork\" ><div class='avia_textblock '   itemprop=\"text\" ><p>Nous avons commenc\u00e9 par avoir quelques difficult\u00e9s \u00e0 trouver la piste ce qui nous a permis de d\u00e9couvrir quelques beaux villages des contreforts des Alpes et, par la m\u00eame occasion de nous chauffer les mollets.<\/p>\n<p>Nous avons ensuite rejoint Udine en traversant son immense zone commerciale longue d&rsquo;une bonne dizaine de kilom\u00e8tres.<\/p>\n<p>Nous avons senti le jasmin et la chaleur m\u00e9diterran\u00e9enne qui nous faisait d\u00e9faut depuis notre d\u00e9part.<\/p>\n<p>La ville de Palmanova nous a int\u00e9ress\u00e9 par sa construction g\u00e9om\u00e9trique.&nbsp; Nous sommes install\u00e9s au camping d&rsquo;Aquilea, village comportant des ruines romaines.<\/p>\n<\/div><\/section>\n<div class=\"flex_column av_one_half  flex_column_div av-zero-column-padding first  \" style='border-radius:0px; '><div class='avia-image-container  av-styling-   avia-align-center '  itemscope=\"itemscope\" itemtype=\"https:\/\/schema.org\/ImageObject\"  ><div class='avia-image-container-inner'><img class='avia_image ' src='https:\/\/genevieveetdidier.fr\/wp-content\/uploads\/2018\/05\/20180521_153916-500x281.jpg' alt='' title='20180521_153916'   itemprop=\"thumbnailUrl\"  \/><\/div><\/div><\/div>\n<div class=\"flex_column av_one_half  flex_column_div av-zero-column-padding   \" style='border-radius:0px; '><div class='avia-image-container  av-styling-   avia-align-center '  itemscope=\"itemscope\" itemtype=\"https:\/\/schema.org\/ImageObject\"  ><div class='avia-image-container-inner'><img class='avia_image ' src='https:\/\/genevieveetdidier.fr\/wp-content\/uploads\/2018\/05\/20180521_151111-500x281.jpg' alt='' title='20180521_151111'   itemprop=\"thumbnailUrl\"  \/><\/div><\/div><\/div>\n<p><\/p>\n<p style=\"text-align: center;\"><section class=\"av_textblock_section\"  itemscope=\"itemscope\" itemtype=\"https:\/\/schema.org\/CreativeWork\" ><div class='avia_textblock '   itemprop=\"text\" ><h3 style=\"text-align: center;\"><strong>De Aquilea \u00e0&nbsp; Ankaran, 70 km<\/strong><\/h3>\n<\/div><\/section><\/p>\n<section class=\"av_textblock_section\"  itemscope=\"itemscope\" itemtype=\"https:\/\/schema.org\/CreativeWork\" ><div class='avia_textblock '   itemprop=\"text\" ><\/div><\/section>\n<div class=\"flex_column av_one_half  flex_column_div av-zero-column-padding first  \" style='border-radius:0px; '><section class=\"av_textblock_section\"  itemscope=\"itemscope\" itemtype=\"https:\/\/schema.org\/CreativeWork\" ><div class='avia_textblock '   itemprop=\"text\" ><p>Nous avons commenc\u00e9 la matin\u00e9e en attendant sous la tente que la pluie cesse. Las d&rsquo;attendre nous sommes partis et nous avons \u00e9t\u00e9 copieusement arros\u00e9s toute la journ\u00e9e. Heureusement l &lsquo;air est doux et nous ne souffrons pas du froid.<\/p>\n<p>Pour rejoindre Trieste nous avons long\u00e9 la c\u00f4te et cela aurait sans doute \u00e9t\u00e9 magnifique avec le soleil.<\/p>\n<p>Pour pique-niquer nous nous sommes r\u00e9fugi\u00e9s dans le vieux port de Trieste (qui se dit Trst en slov\u00e8ne). Les anciens b\u00e2timents sont immenses et laissent deviner l&rsquo;activit\u00e9 portuaire florissante de Trieste.<\/p>\n<p>Nous avons suivi une piste cyclable pour sortir de la ville qui nous a fait remonter sur les hauteurs.<\/p>\n<p>Nous sommes install\u00e9s en Slov\u00e9nie dans un camping en bord de mer esp\u00e9rant le beau temps pour demain .<\/p>\n<\/div><\/section><\/div><div class=\"flex_column av_one_half  flex_column_div av-zero-column-padding   \" style='border-radius:0px; '><div class='avia-image-container  av-styling-   avia-align-center '  itemscope=\"itemscope\" itemtype=\"https:\/\/schema.org\/ImageObject\"  ><div class='avia-image-container-inner'><img class='avia_image ' src='https:\/\/genevieveetdidier.fr\/wp-content\/uploads\/2018\/05\/IMG-20180522-WA0004-500x281.jpeg' alt='' title='IMG-20180522-WA0004'   itemprop=\"thumbnailUrl\"  \/><\/div><\/div><\/div><\/p>\n<\/div><\/div><\/div><!-- close content main div --><\/div><\/div><div id='av_section_1' class='avia-section main_color avia-section-default avia-no-shadow avia-full-stretch avia-bg-style-fixed  av-minimum-height av-minimum-height-50 container_wrap fullsize' style = 'background-repeat: no-repeat; background-image: url(https:\/\/genevieveetdidier.fr\/wp-content\/uploads\/2018\/05\/20180521_095630-500x281.jpg); background-attachment: fixed; background-position: center center; ' data-section-bg-repeat='stretch' ><div class='container' ><div class='template-page content  av-content-full alpha units'><div class='post-entry post-entry-type-page post-entry-3388'><div class='entry-content-wrapper clearfix'>","protected":false},"excerpt":{"rendered":"<p>Italie, de Germona \u00e0 Ankaran &nbsp;<\/p>\n","protected":false},"author":1,"featured_media":0,"parent":0,"menu_order":0,"comment_status":"closed","ping_status":"closed","template":"","meta":{"_monsterinsights_skip_tracking":false,"_monsterinsights_sitenote_active":false,"_monsterinsights_sitenote_note":"","_monsterinsights_sitenote_category":0,"footnotes":""},"class_list":["post-3388","page","type-page","status-publish","hentry"],"_links":{"self":[{"href":"https:\/\/genevieveetdidier.fr\/index.php?rest_route=\/wp\/v2\/pages\/3388","targetHints":{"allow":["GET"]}}],"collection":[{"href":"https:\/\/genevieveetdidier.fr\/index.php?rest_route=\/wp\/v2\/pages"}],"about":[{"href":"https:\/\/genevieveetdidier.fr\/index.php?rest_route=\/wp\/v2\/types\/page"}],"author":[{"embeddable":true,"href":"https:\/\/genevieveetdidier.fr\/index.php?rest_route=\/wp\/v2\/users\/1"}],"replies":[{"embeddable":true,"href":"https:\/\/genevieveetdidier.fr\/index.php?rest_route=%2Fwp%2Fv2%2Fcomments&post=3388"}],"version-history":[{"count":20,"href":"https:\/\/genevieveetdidier.fr\/index.php?rest_route=\/wp\/v2\/pages\/3388\/revisions"}],"predecessor-version":[{"id":3491,"href":"https:\/\/genevieveetdidier.fr\/index.php?rest_route=\/wp\/v2\/pages\/3388\/revisions\/3491"}],"wp:attachment":[{"href":"https:\/\/genevieveetdidier.fr\/index.php?rest_route=%2Fwp%2Fv2%2Fmedia&parent=3388"}],"curies":[{"name":"wp","href":"https:\/\/api.w.org\/{rel}","templated":true}]}}