{"id":3363,"date":"2019-03-29T19:00:45","date_gmt":"2019-03-29T18:00:45","guid":{"rendered":"http:\/\/genevieveetdidier.fr\/?page_id=3363"},"modified":"2020-04-28T14:42:56","modified_gmt":"2020-04-28T12:42:56","slug":"autriche-de-salzbourg-a-gemona","status":"publish","type":"page","link":"https:\/\/genevieveetdidier.fr\/?page_id=3363","title":{"rendered":"Autriche, de Salzburg \u00e0 Gemona"},"content":{"rendered":"<div class=\"flex_column av_two_third  flex_column_div av-zero-column-padding first  \" style='border-radius:0px; '><section class=\"av_textblock_section\"  itemscope=\"itemscope\" itemtype=\"https:\/\/schema.org\/CreativeWork\" ><div class='avia_textblock '   itemprop=\"text\" ><div class=\"wp-block-media-text alignwide\" style=\"grid-template-columns: 31% auto;\">\n<figure>\n<h1 class=\"has-background has-large-font-size has-cyan-bluish-gray-background-color\" style=\"text-align: center;\">\u00a0<\/h1>\n<\/figure>\n<figure class=\"wp-block-media-text__media\"><img loading=\"lazy\" decoding=\"async\" class=\"wp-image-3367 aligncenter\" src=\"https:\/\/genevieveetdidier.fr\/wp-content\/uploads\/2019\/03\/Capture-1.jpg\" alt=\"\" width=\"533\" height=\"775\" srcset=\"https:\/\/genevieveetdidier.fr\/wp-content\/uploads\/2019\/03\/Capture-1.jpg 421w, https:\/\/genevieveetdidier.fr\/wp-content\/uploads\/2019\/03\/Capture-1-344x500.jpg 344w\" sizes=\"auto, (max-width: 533px) 100vw, 533px\" \/><\/figure>\n<div class=\"wp-block-media-text__content\">\n<h1 class=\"has-background has-large-font-size has-cyan-bluish-gray-background-color\">\u00a0<\/h1>\n<\/div>\n<\/div>\n<h3 style=\"text-align: center;\">\u00a0<\/h3>\n<\/div><\/section><\/div>\r\n<div class=\"flex_column av_one_third  flex_column_div av-zero-column-padding   \" style='border-radius:0px; '><section class=\"av_textblock_section\"  itemscope=\"itemscope\" itemtype=\"https:\/\/schema.org\/CreativeWork\" ><div class='avia_textblock '   itemprop=\"text\" ><h1 class=\"has-background has-large-font-size has-cyan-bluish-gray-background-color\" style=\"text-align: center;\"><span style=\"color: #000080;\"><strong>Autriche, de Salzbourg \u00e0 Gemona (Italie)<\/strong><\/span><\/h1>\n<\/div><\/section><\/div>\r\n<div class=\"flex_column av_one_half  flex_column_div av-zero-column-padding first  \" style='border-radius:0px; '><section class=\"av_textblock_section\"  itemscope=\"itemscope\" itemtype=\"https:\/\/schema.org\/CreativeWork\" ><div class='avia_textblock '   itemprop=\"text\" ><h2 style=\"text-align: center;\"><strong><span style=\"color: #000080;\">De Salzburg \u00e0 St Johann, 68 km<\/span><\/strong><\/h2>\n<p>Apr\u00e8s une nuit bien au chaud, nous avons retrouv\u00e9 la compagnie des coll\u00e9giens autrichiens qui, pour leur petit d\u00e9jeuner, pr\u00e9f\u00e8rent en grande majorit\u00e9 les oeufs brouill\u00e9s et les saucisses&#8230; Les salades de fruits et les fromages blancs \u00e9taient pourtant bien app\u00e9tissants.<\/p>\n<p>Nous avons ensuite circul\u00e9 dans la belle ville de Salzburg admirant les tenues vestimentaires locales, la maison natale de Mozart avec son flot de touristes asiatiques et les petites rues pav\u00e9es.<\/p>\n<p>Recherchant le soleil et trouvant la piste \u00ab\u00a0Cyclovia alpe-adria\u00a0\u00bb pour traverser les Alpes, nous avons remont\u00e9 la rivi\u00e8re Salzach d\u00e9couvrant ch\u00e2teaux, cascades, usines thermiques\u00a0 aux d\u00e9tours du chemin.<\/p>\n<p>Pas une goutte de pluie aujourd&rsquo;hui sauf quand nous montions la tente. Le sud a du bon.<\/p>\n<\/div><\/section><\/div>\r\n<div class=\"flex_column av_one_half  flex_column_div av-zero-column-padding   \" style='border-radius:0px; '><div class='avia-image-container  av-styling-   avia-align-center '  itemscope=\"itemscope\" itemtype=\"https:\/\/schema.org\/ImageObject\"  ><div class='avia-image-container-inner'><img class='avia_image ' src='https:\/\/genevieveetdidier.fr\/wp-content\/uploads\/2018\/05\/20180517_181908-e1526747022691-281x500.jpg' alt='' title='Mozart'   itemprop=\"thumbnailUrl\"  \/><\/div><\/div><\/div>\r\n<div class=\"flex_column av_one_half  flex_column_div av-zero-column-padding first  \" style='border-radius:0px; '><div class='avia-image-container  av-styling-   avia-align-center '  itemscope=\"itemscope\" itemtype=\"https:\/\/schema.org\/ImageObject\"  ><div class='avia-image-container-inner'><img class='avia_image ' src='https:\/\/genevieveetdidier.fr\/wp-content\/uploads\/2018\/05\/20180518_142530-e1553883162628-281x500.jpg' alt='' title='Gastein'   itemprop=\"thumbnailUrl\"  \/><\/div><\/div><\/div><div class=\"flex_column av_one_half  flex_column_div av-zero-column-padding   \" style='border-radius:0px; '><section class=\"av_textblock_section\"  itemscope=\"itemscope\" itemtype=\"https:\/\/schema.org\/CreativeWork\" ><div class='avia_textblock '   itemprop=\"text\" ><p>La matin\u00e9e avait bien commenc\u00e9 avec une petite route de montagne, pentue juste ce qu&rsquo;il faut pour se faire les mollets, sentant bon la vache dans toutes les fermes isol\u00e9es travers\u00e9es.<\/p>\n<p>Et puis il a fallu changer de vall\u00e9e, emprunter une grande route qui d\u00e9bouchait sur un tunnel. Nous avons travers\u00e9 ce tunnel en utilisant le trottoir. A la sortie de ce tunnel la route se transformait en 4 voies et il y avait beaucoup de camions. Et au loin se dessinait un second tunnel de 2,5 km de long. Est ce n\u00e9cessaire de pr\u00e9ciser que nous suivions une piste cyclable ? Les panneaux nous proposaient de traverser cette quatre voies pour rejoindre un chemin s\u00e9curis\u00e9. La travers\u00e9e du deuxi\u00e8me tunnel se fit donc en toute s\u00e9curit\u00e9 mais avec un bruit assourdissant .<\/p>\n<\/div><\/section><\/div><\/p>\r\n<div class=\"flex_column av_one_half  flex_column_div av-zero-column-padding first  \" style='border-radius:0px; '><section class=\"av_textblock_section\"  itemscope=\"itemscope\" itemtype=\"https:\/\/schema.org\/CreativeWork\" ><div class='avia_textblock '   itemprop=\"text\" ><p>Nous avons ensuite continu\u00e9 notre longue ascension pour d\u00e9couvrir Gastein et sa cascade qui passe au centre ville. Nous sommes all\u00e9s jusqu&rsquo;au bout de la route \u00ab\u00a0tout en haut\u00a0\u00bb . L\u00e0,\u00a0 seul un train traverse la montagne. Nous sommes arriv\u00e9s au moment o\u00f9 toutes les voitures \u00e9taient d\u00e9j\u00e0 charg\u00e9es.\u00a0 Nous avons saut\u00e9 dans le train,\u00a0 dans la mesure o\u00f9\u00a0 c&rsquo;est possible avec nos v\u00e9los qui p\u00e8sent pr\u00e8s de 50 kilos. Et de l&rsquo;autre c\u00f4t\u00e9 de la montagne il y avait le soleil.\u00a0 C&rsquo;est ce que nous cherchions.<\/p>\n<p>Nous sommes install\u00e9s dans un camp tch\u00e8que de kayakistes.<\/p>\n<\/div><\/section><\/div>\r\n<div class=\"flex_column av_one_half  flex_column_div av-zero-column-padding   \" style='border-radius:0px; '><div class='avia-image-container  av-styling-   avia-align-center '  itemscope=\"itemscope\" itemtype=\"https:\/\/schema.org\/ImageObject\"  ><div class='avia-image-container-inner'><img class='avia_image ' src='https:\/\/genevieveetdidier.fr\/wp-content\/uploads\/2018\/05\/20180518_152527-500x281.jpg' alt='' title='Dans le train'   itemprop=\"thumbnailUrl\"  \/><\/div><\/div><\/div>\r\n<section class=\"av_textblock_section\"  itemscope=\"itemscope\" itemtype=\"https:\/\/schema.org\/CreativeWork\" ><div class='avia_textblock '   itemprop=\"text\" ><\/div><\/section>\r\n<section class=\"av_textblock_section\"  itemscope=\"itemscope\" itemtype=\"https:\/\/schema.org\/CreativeWork\" ><div class='avia_textblock '   itemprop=\"text\" ><h3 style=\"text-align: center;\">De Kolmeritz \u00e0 Villach, 77 km<\/h3>\n<\/div><\/section>\r\n<div class=\"flex_column av_one_full  flex_column_div av-zero-column-padding first  \" style='border-radius:0px; '><section class=\"av_textblock_section\"  itemscope=\"itemscope\" itemtype=\"https:\/\/schema.org\/CreativeWork\" ><div class='avia_textblock '   itemprop=\"text\" ><p>Une \u00e9tape ensoleill\u00e9e, plut\u00f4t facile en suivant les rives de la Drau. Six kilom\u00e8tres apr\u00e8s Villach nous nous sommes pr\u00e9occup\u00e9s de trouver un camping. Comme il fallait envisager au moins quarante kilom\u00e8tres avec une bonne\u00a0 ascension nous avons pr\u00e9f\u00e9r\u00e9 faire demi tour .<\/p>\n<p>Nous sommes donc install\u00e9s dans un camping \u00e0 Villach,\u00a0 le plus cher que nous ayons eu depuis le d\u00e9part, le plus bruyant aussi \u00e0 cause d&rsquo;une route passag\u00e8re. De plus nos voisins imm\u00e9diats semblent beaucoup plus familiers de la bi\u00e8re que du savoir vivre. Enfin ce n&rsquo;est que pour une nuit et l&rsquo;exercice physique de la journ\u00e9e fait dormir.<\/p>\n<\/div><\/section><\/div>\r\n<div class=\"flex_column av_one_full  flex_column_div av-zero-column-padding first  \" style='border-radius:0px; '><p><div class='avia-image-container  av-styling-   avia-align-center '  itemscope=\"itemscope\" itemtype=\"https:\/\/schema.org\/ImageObject\"  ><div class='avia-image-container-inner'><img class='avia_image ' src='https:\/\/genevieveetdidier.fr\/wp-content\/uploads\/2018\/05\/20180519_090513-500x281.jpg' alt='' title='20180519_090513'   itemprop=\"thumbnailUrl\"  \/><\/div><\/div><br \/>\n<section class=\"av_textblock_section\"  itemscope=\"itemscope\" itemtype=\"https:\/\/schema.org\/CreativeWork\" ><div class='avia_textblock '   itemprop=\"text\" ><p>Nous avons mont\u00e9, mont\u00e9 pendant une quarantaine de kilom\u00e8tres. Cela pr\u00e9sente deux avantages : on a le temps d&rsquo;admirer le paysage et de plus l&rsquo;effort nous donne chaud.<\/p>\n<p>Nous avons ensuite descendu pendant une quarantaine de kilom\u00e8tres. Ce n&rsquo;est pas trop fatigant mais il fait froid. De plus nous suivions une ancienne voie de chemin de fer et nous avons emprunt\u00e9 au moins une trentaine de tunnels dont certains faisaient plus de un kilom\u00e8tre de long.<\/p>\n<p>Cette tr\u00e8s belle piste cyclable \u00e9tait barr\u00e9e pour cause de travaux ; un monsieur de l&rsquo;office de tourisme local nous attendait sur le bord de la piste pour nous indiquer la d\u00e9viation \u00e0 prendre. Un dimanche de Pentec\u00f4te, \u00eatre ainsi au service des cyclistes est remarquable .<\/p>\n<p>Nous sommes dans un camping \u00e0 Gemona, entour\u00e9s de jeunes escaladeurs.<\/p>\n<\/div><\/section><\/p><\/div><div class=\"flex_column av_one_full  flex_column_div av-zero-column-padding first  \" style='border-radius:0px; '><div class='avia-image-container  av-styling-   avia-align-center '  itemscope=\"itemscope\" itemtype=\"https:\/\/schema.org\/ImageObject\"  ><div class='avia-image-container-inner'><img class='avia_image ' src='https:\/\/genevieveetdidier.fr\/wp-content\/uploads\/2018\/05\/20180520_113713-500x281.jpg' alt='' title='Compteur sur la Cyclovia'   itemprop=\"thumbnailUrl\"  \/><\/div><\/div><\/div><\/p>\r\n<div class='av-catalogue-container '><ul class='av-catalogue-list'><\/ul><\/div>","protected":false},"excerpt":{"rendered":"","protected":false},"author":1,"featured_media":0,"parent":390,"menu_order":3,"comment_status":"closed","ping_status":"closed","template":"","meta":{"_monsterinsights_skip_tracking":false,"_monsterinsights_sitenote_active":false,"_monsterinsights_sitenote_note":"","_monsterinsights_sitenote_category":0,"footnotes":""},"class_list":["post-3363","page","type-page","status-publish","hentry"],"_links":{"self":[{"href":"https:\/\/genevieveetdidier.fr\/index.php?rest_route=\/wp\/v2\/pages\/3363","targetHints":{"allow":["GET"]}}],"collection":[{"href":"https:\/\/genevieveetdidier.fr\/index.php?rest_route=\/wp\/v2\/pages"}],"about":[{"href":"https:\/\/genevieveetdidier.fr\/index.php?rest_route=\/wp\/v2\/types\/page"}],"author":[{"embeddable":true,"href":"https:\/\/genevieveetdidier.fr\/index.php?rest_route=\/wp\/v2\/users\/1"}],"replies":[{"embeddable":true,"href":"https:\/\/genevieveetdidier.fr\/index.php?rest_route=%2Fwp%2Fv2%2Fcomments&post=3363"}],"version-history":[{"count":27,"href":"https:\/\/genevieveetdidier.fr\/index.php?rest_route=\/wp\/v2\/pages\/3363\/revisions"}],"predecessor-version":[{"id":5733,"href":"https:\/\/genevieveetdidier.fr\/index.php?rest_route=\/wp\/v2\/pages\/3363\/revisions\/5733"}],"up":[{"embeddable":true,"href":"https:\/\/genevieveetdidier.fr\/index.php?rest_route=\/wp\/v2\/pages\/390"}],"wp:attachment":[{"href":"https:\/\/genevieveetdidier.fr\/index.php?rest_route=%2Fwp%2Fv2%2Fmedia&parent=3363"}],"curies":[{"name":"wp","href":"https:\/\/api.w.org\/{rel}","templated":true}]}}