{"id":3343,"date":"2019-03-28T23:35:10","date_gmt":"2019-03-28T22:35:10","guid":{"rendered":"http:\/\/genevieveetdidier.fr\/?page_id=3343"},"modified":"2020-04-28T14:42:50","modified_gmt":"2020-04-28T12:42:50","slug":"de-landsberg-am-lech-a-salzburg","status":"publish","type":"page","link":"https:\/\/genevieveetdidier.fr\/?page_id=3343","title":{"rendered":"Allemagne De Landsberg am Lech \u00e0 Salzburg"},"content":{"rendered":"<section class=\"av_textblock_section\"  itemscope=\"itemscope\" itemtype=\"https:\/\/schema.org\/CreativeWork\" ><div class='avia_textblock '   itemprop=\"text\" ><\/p>\n<h1 class=\"wp-block-heading\" style=\"text-align: center;\"><span style=\"color: #000080;\">ALLEMAGNE :\u00a0<\/span>De Landsberg am Lech \u00e0 Salzburg<\/h1>\n<h3 style=\"text-align: center;\">\u00a0<\/h3>\n<\/div><\/section>\r\n<div class=\"flex_column av_one_full  flex_column_div av-zero-column-padding first  \" style='border-radius:0px; '><section class=\"av_textblock_section\"  itemscope=\"itemscope\" itemtype=\"https:\/\/schema.org\/CreativeWork\" ><div class='avia_textblock '   itemprop=\"text\" ><h3 style=\"text-align: center;\">De Landsberg \u00e0 M\u00fcnchen, 67 km<\/h3>\n<\/div><\/section><\/div>\r\n<div class=\"flex_column av_one_half  flex_column_div av-zero-column-padding first  \" style='border-radius:0px; '><section class=\"av_textblock_section\"  itemscope=\"itemscope\" itemtype=\"https:\/\/schema.org\/CreativeWork\" ><div class='avia_textblock '   itemprop=\"text\" ><p>Nous avons essuy\u00e9 un fort orage hier soir. Un touriste du camping, d\u00e9sol\u00e9 de voir notre tente humide, est venu nous proposer de nous installer dans son combi volkswagen. Il nous disait que l&rsquo;humidit\u00e9 n&rsquo;est pas bonne pour notre sant\u00e9. C&rsquo;\u00e9tait un geste aimable qui nous touchait mais, comme nous nous croyons encore jeunes, nous avons pr\u00e9f\u00e9r\u00e9 notre tipi.<\/p>\n<p>Le lendemain midi pendant le pique-nique nous avons r\u00e9ussi \u00e0 s\u00e9cher la toile.<\/p>\n<\/div><\/section><\/div>\r\n<div class=\"flex_column av_one_half  flex_column_div av-zero-column-padding   \" style='border-radius:0px; '><div class='avia-image-container  av-styling-   avia-align-center '  itemscope=\"itemscope\" itemtype=\"https:\/\/schema.org\/ImageObject\"  ><div class='avia-image-container-inner'><img class='avia_image ' src='https:\/\/genevieveetdidier.fr\/wp-content\/uploads\/2018\/05\/20180514_175435-500x389.jpg' alt='' title='20180514_175435'   itemprop=\"thumbnailUrl\"  \/><\/div><\/div><\/div>\r\n<div class=\"flex_column av_one_half  flex_column_div av-zero-column-padding first  \" style='border-radius:0px; '><div class='avia-image-container  av-styling-   avia-align-center '  itemscope=\"itemscope\" itemtype=\"https:\/\/schema.org\/ImageObject\"  ><div class='avia-image-container-inner'><img class='avia_image ' src='https:\/\/genevieveetdidier.fr\/wp-content\/uploads\/2018\/05\/20180514_152141-500x281.jpg' alt='' title='20180514_152141'   itemprop=\"thumbnailUrl\"  \/><\/div><\/div><\/div>\r\n<div class=\"flex_column av_one_half  flex_column_div av-zero-column-padding   \" style='border-radius:0px; '><section class=\"av_textblock_section\"  itemscope=\"itemscope\" itemtype=\"https:\/\/schema.org\/CreativeWork\" ><div class='avia_textblock '   itemprop=\"text\" ><p>L&rsquo;\u00e9tape consistait en des faux plats, tr\u00e8s agr\u00e9ables pour progresser.<\/p>\n<p>L&rsquo;arriv\u00e9e \u00e0 Munich par les nombreuses pistes cyclables ne pose pas de probl\u00e8mes.\u00a0 Les v\u00e9los sont monnaie courante ;\u00a0 il n&rsquo;y a qu&rsquo;\u00e0 voir ceux en stationnement pr\u00e8s des bouches de m\u00e9tro.<\/p>\n<\/div><\/section><\/div>\r\n<section class=\"av_textblock_section\"  itemscope=\"itemscope\" itemtype=\"https:\/\/schema.org\/CreativeWork\" ><div class='avia_textblock '   itemprop=\"text\" ><h3 style=\"text-align: center;\">De Munchen \u00e0 Bad Endorf, 86 km<\/h3>\n<\/div><\/section>\r\n<div class=\"flex_column av_one_half  flex_column_div av-zero-column-padding first  \" style='border-radius:0px; '><section class=\"av_textblock_section\"  itemscope=\"itemscope\" itemtype=\"https:\/\/schema.org\/CreativeWork\" ><div class='avia_textblock '   itemprop=\"text\" ><p>Nous avons roul\u00e9 pendant 20 kilom\u00e8tres ce matin pour sortir de l&rsquo;agglom\u00e9ration de Munich. Nous avons emprunt\u00e9 le ring, un p\u00e9riph\u00e9rique sp\u00e9cial v\u00e9los.\u00a0 C&rsquo;est vraiment super en Allemagne.<\/p>\n<p>Nous avons ensuite rencontr\u00e9 un allemand d&rsquo;origine roumaine qui nous a conduits jusqu&rsquo;\u00e0 son lieu de travail\u00a0 (Intel) et nous a indiqu\u00e9 la suite de l&rsquo;itin\u00e9raire: une piste d&rsquo;aviation . Celle l\u00e0\u00a0 on ne l&rsquo;avait pas encore pratiqu\u00e9e\u00a0 !<\/p>\n<\/div><\/section><\/div>\r\n<div class=\"flex_column av_one_half  flex_column_div av-zero-column-padding   \" style='border-radius:0px; '><div class='avia-image-container  av-styling-   avia-align-center '  itemscope=\"itemscope\" itemtype=\"https:\/\/schema.org\/ImageObject\"  ><div class='avia-image-container-inner'><img class='avia_image ' src='https:\/\/genevieveetdidier.fr\/wp-content\/uploads\/2018\/05\/20180515_095248-e1553812353909-281x500.jpg' alt='' title='20180515_095248'   itemprop=\"thumbnailUrl\"  \/><\/div><\/div><\/div>\r\n<div class=\"flex_column av_one_half  flex_column_div av-zero-column-padding first  \" style='border-radius:0px; '><section class=\"av_textblock_section\"  itemscope=\"itemscope\" itemtype=\"https:\/\/schema.org\/CreativeWork\" ><div class='avia_textblock '   itemprop=\"text\" ><p>Nous avons ensuite long\u00e9\u00a0 le Mangfall, affluent de l&rsquo;Inn, jusque Rosenheim. Nous avons contourn\u00e9 le lac de Simsee pour nous installer dans un camping superbe : un silence exceptionnel, une vue directe sur les Alpes&#8230;<\/p>\n<\/div><\/section><\/div>\r\n<div class=\"flex_column av_one_half  flex_column_div av-zero-column-padding   \" style='border-radius:0px; '><div class='avia-image-container  av-styling-   avia-align-center '  itemscope=\"itemscope\" itemtype=\"https:\/\/schema.org\/ImageObject\"  ><div class='avia-image-container-inner'><img class='avia_image ' src='https:\/\/genevieveetdidier.fr\/wp-content\/uploads\/2018\/05\/20180515_193154-500x281.jpg' alt='' title='20180515_193154'   itemprop=\"thumbnailUrl\"  \/><\/div><\/div><\/div>\r\n<section class=\"av_textblock_section\"  itemscope=\"itemscope\" itemtype=\"https:\/\/schema.org\/CreativeWork\" ><div class='avia_textblock '   itemprop=\"text\" ><h3 style=\"text-align: center;\">De Bad Endorf \u00e0\u00a0 Salzbourg, 81 km<\/h3>\n<\/div><\/section>\r\n<div class=\"flex_column av_one_third  flex_column_div av-zero-column-padding first  \" style='border-radius:0px; '><div class='avia-image-container  av-styling-   avia-align-center '  itemscope=\"itemscope\" itemtype=\"https:\/\/schema.org\/ImageObject\"  ><div class='avia-image-container-inner'><img class='avia_image ' src='https:\/\/genevieveetdidier.fr\/wp-content\/uploads\/2018\/05\/20180516_101412-500x281.jpg' alt='' title='20180516_101412'   itemprop=\"thumbnailUrl\"  \/><\/div><\/div><\/div>\r\n<div class=\"flex_column av_two_fifth  flex_column_div av-zero-column-padding   \" style='border-radius:0px; '><section class=\"av_textblock_section\"  itemscope=\"itemscope\" itemtype=\"https:\/\/schema.org\/CreativeWork\" ><div class='avia_textblock '   itemprop=\"text\" ><p>Le vent a souffl\u00e9 fort pendant la nuit s\u00e9chant la tente au fur et \u00e0\u00a0 mesure que la pluie la mouillant.\u00a0 Nous sommes donc partis pratiquement secs le matin et avons contempl\u00e9 les couleurs vertes des lacs Simsee et Chiemsee.<\/p>\n<p>La pluie est tr\u00e8s vite revenue et ne nous a pas quitt\u00e9s de la journ\u00e9e ;\u00a0 la temp\u00e9rature n&rsquo;\u00e9tait pas tr\u00e8s \u00e9lev\u00e9e.\u00a0 Heureusement qu&rsquo;il y avait quelques grimpettes pour nous r\u00e9chauffer\u00a0 !<\/p>\n<\/div><\/section><\/div>\r\n<div class=\"flex_column av_one_third  flex_column_div av-zero-column-padding first  \" style='border-radius:0px; '><section class=\"av_textblock_section\"  itemscope=\"itemscope\" itemtype=\"https:\/\/schema.org\/CreativeWork\" ><div class='avia_textblock '   itemprop=\"text\" ><p>Nous avons d\u00e9couvert la belle ville de Salzburg en longeant le Salzach.<\/p>\n<p>Transis de froid, nous avons pris une chambre dans une auberge de jeunesse. Nous avons ainsi pu analyser l&rsquo;alimentation des autrichiens de 12 &#8211; 14 ans : les l\u00e9gumes ou les fruits ne font pas du tout partie de leur consommation, que ce soient filles ou gar\u00e7ons.<\/p>\n<\/div><\/section><\/div>\r\n<div class=\"flex_column av_two_third  flex_column_div av-zero-column-padding   \" style='border-radius:0px; '><div class='avia-image-container  av-styling-   avia-align-center '  itemscope=\"itemscope\" itemtype=\"https:\/\/schema.org\/ImageObject\"  ><div class='avia-image-container-inner'><img class='avia_image ' src='https:\/\/genevieveetdidier.fr\/wp-content\/uploads\/2018\/05\/20180516_200950-500x281.jpg' alt='' title='20180516_200950'   itemprop=\"thumbnailUrl\"  \/><\/div><\/div><\/div>","protected":false},"excerpt":{"rendered":"","protected":false},"author":1,"featured_media":0,"parent":390,"menu_order":2,"comment_status":"closed","ping_status":"closed","template":"","meta":{"_monsterinsights_skip_tracking":false,"_monsterinsights_sitenote_active":false,"_monsterinsights_sitenote_note":"","_monsterinsights_sitenote_category":0,"footnotes":""},"class_list":["post-3343","page","type-page","status-publish","hentry"],"_links":{"self":[{"href":"https:\/\/genevieveetdidier.fr\/index.php?rest_route=\/wp\/v2\/pages\/3343","targetHints":{"allow":["GET"]}}],"collection":[{"href":"https:\/\/genevieveetdidier.fr\/index.php?rest_route=\/wp\/v2\/pages"}],"about":[{"href":"https:\/\/genevieveetdidier.fr\/index.php?rest_route=\/wp\/v2\/types\/page"}],"author":[{"embeddable":true,"href":"https:\/\/genevieveetdidier.fr\/index.php?rest_route=\/wp\/v2\/users\/1"}],"replies":[{"embeddable":true,"href":"https:\/\/genevieveetdidier.fr\/index.php?rest_route=%2Fwp%2Fv2%2Fcomments&post=3343"}],"version-history":[{"count":14,"href":"https:\/\/genevieveetdidier.fr\/index.php?rest_route=\/wp\/v2\/pages\/3343\/revisions"}],"predecessor-version":[{"id":5302,"href":"https:\/\/genevieveetdidier.fr\/index.php?rest_route=\/wp\/v2\/pages\/3343\/revisions\/5302"}],"up":[{"embeddable":true,"href":"https:\/\/genevieveetdidier.fr\/index.php?rest_route=\/wp\/v2\/pages\/390"}],"wp:attachment":[{"href":"https:\/\/genevieveetdidier.fr\/index.php?rest_route=%2Fwp%2Fv2%2Fmedia&parent=3343"}],"curies":[{"name":"wp","href":"https:\/\/api.w.org\/{rel}","templated":true}]}}