{"id":3317,"date":"2019-03-28T22:58:42","date_gmt":"2019-03-28T21:58:42","guid":{"rendered":"http:\/\/genevieveetdidier.fr\/?page_id=3317"},"modified":"2020-03-25T18:29:47","modified_gmt":"2020-03-25T17:29:47","slug":"de-montchouvet-a-baume-les-dames","status":"publish","type":"page","link":"https:\/\/genevieveetdidier.fr\/?page_id=3317","title":{"rendered":"France -2-, de Montchouvet \u00e0 Baume les Dames"},"content":{"rendered":"<div class=\"flex_column av_four_fifth  flex_column_div av-zero-column-padding first  \" style='border-radius:0px; '><section class=\"av_textblock_section\"  itemscope=\"itemscope\" itemtype=\"https:\/\/schema.org\/CreativeWork\" ><div class='avia_textblock '   itemprop=\"text\" ><h2 class=\"wp-block-heading\">De Montchouvet \u00e0 Baume les Dames<\/h2>\n<div class=\"wp-block-image\">\n<figure class=\"aligncenter\"><img loading=\"lazy\" decoding=\"async\" width=\"440\" height=\"504\" class=\"wp-image-3602\" src=\"https:\/\/genevieveetdidier.fr\/wp-content\/uploads\/2019\/04\/france2.jpg\" alt=\"\" srcset=\"https:\/\/genevieveetdidier.fr\/wp-content\/uploads\/2019\/04\/france2.jpg 440w, https:\/\/genevieveetdidier.fr\/wp-content\/uploads\/2019\/04\/france2-437x500.jpg 437w\" sizes=\"auto, (max-width: 440px) 100vw, 440px\" \/><\/figure>\n<\/div>\n<h3 class=\"wp-block-heading\" style=\"text-align: center;\">De Montchouvet \u00e0 Cordelles 77 km<\/h3>\n<\/div><\/section><\/div><div class=\"flex_column av_one_fifth  flex_column_div av-zero-column-padding   \" style='border-radius:0px; '><p><div class='avia-button-wrap avia-button-center '><a href='https:\/\/genevieveetdidier.fr\/?page_id=1792' class='avia-button  avia-icon_select-yes-left-icon avia-color-teal avia-size-small avia-position-center '   ><span class='avia_button_icon avia_button_icon_left ' aria-hidden='true' data-av_icon='\ue800' data-av_iconfont='entypo-fontello'><\/span><span class='avia_iconbox_title' >Etape pr\u00e9c\u00e9dente<\/span><\/a><\/div><br \/>\n<div  class='hr hr-default '><span class='hr-inner ' ><span class='hr-inner-style'><\/span><\/span><\/div><br \/>\n<div class='avia-button-wrap avia-button-center '><a href='https:\/\/genevieveetdidier.fr\/?page_id=3249' class='avia-button  avia-icon_select-yes-left-icon avia-color-teal avia-size-small avia-position-center '   ><span class='avia_button_icon avia_button_icon_left ' aria-hidden='true' data-av_icon='\ue800' data-av_iconfont='entypo-fontello'><\/span><span class='avia_iconbox_title' >Etape suivante<\/span><\/a><\/div><\/p><\/div><div class=\"flex_column av_one_full  flex_column_div av-zero-column-padding first  \" style='border-radius:0px; '><section class=\"av_textblock_section\"  itemscope=\"itemscope\" itemtype=\"https:\/\/schema.org\/CreativeWork\" ><div class='avia_textblock '   itemprop=\"text\" ><p>Le paysage enneig\u00e9 \u00e0 notre r\u00e9veil ne nous a pas fait retarder notre d\u00e9part. La descente depuis le col de Joanziecq s&rsquo;est faite sous les flocons. Une crevaison,\u00a0 la premi\u00e8re de notre p\u00e9riple m&rsquo;a permis de r\u00e9viser mes comp\u00e9tences m\u00e9caniques sous l&rsquo;oeil avise de Serge.<\/p>\n<p>Nous avons emprunt\u00e9 ensuite de petites routes le long de la Loire sous le soleil.<\/p>\n<p>Nous nous sommes install\u00e9s au camping de Cordelles.\u00a0 2\u00b0 sont pr\u00e9vus pour la nuit. On va garder les chaussettes.<\/p>\n<\/div><\/section><\/div><\/p>\r\n<div class=\"flex_column av_one_third  flex_column_div av-zero-column-padding first  \" style='border-radius:0px; '><div class='avia-image-container  av-styling-   avia-align-center '  itemscope=\"itemscope\" itemtype=\"https:\/\/schema.org\/ImageObject\"  ><div class='avia-image-container-inner'><img class='avia_image ' src='https:\/\/genevieveetdidier.fr\/wp-content\/uploads\/2018\/05\/IMG_0253-500x375.jpg' alt='' title='Le d\u00e9part de Montchouvet'   itemprop=\"thumbnailUrl\"  \/><\/div><\/div><\/div>\r\n<div class=\"flex_column av_one_third  flex_column_div av-zero-column-padding   \" style='border-radius:0px; '><div class='avia-image-container  av-styling-circle   avia-align-center '  itemscope=\"itemscope\" itemtype=\"https:\/\/schema.org\/ImageObject\"  ><div class='avia-image-container-inner'><img class='avia_image ' src='https:\/\/genevieveetdidier.fr\/wp-content\/uploads\/2018\/05\/20180501_112359-2-e1553796867160-281x500.jpg' alt='' title='20180501_112359'   itemprop=\"thumbnailUrl\"  \/><\/div><\/div><\/div>\r\n<div class=\"flex_column av_one_third  flex_column_div av-zero-column-padding   \" style='border-radius:0px; '><div class='avia-image-container  av-styling-   avia-align-center '  itemscope=\"itemscope\" itemtype=\"https:\/\/schema.org\/ImageObject\"  ><div class='avia-image-container-inner'><img class='avia_image ' src='https:\/\/genevieveetdidier.fr\/wp-content\/uploads\/2018\/05\/20180501_163457-500x281.jpg' alt='' title='Le ch\u00e2teau de la Roche'   itemprop=\"thumbnailUrl\"  \/><\/div><\/div><\/div>\r\n<section class=\"av_textblock_section\"  itemscope=\"itemscope\" itemtype=\"https:\/\/schema.org\/CreativeWork\" ><div class='avia_textblock '   itemprop=\"text\" ><\/p>\n<p>\u00a0<\/p>\n<h3 class=\"wp-block-heading\" style=\"text-align: center;\">De Cordelles \u00e0 Matour, 93 km<\/h3>\n<p><\/p>\n<\/div><\/section>\r\n<div class=\"flex_column av_two_third  flex_column_div av-zero-column-padding first  \" style='border-radius:0px; '><section class=\"av_textblock_section\"  itemscope=\"itemscope\" itemtype=\"https:\/\/schema.org\/CreativeWork\" ><div class='avia_textblock '   itemprop=\"text\" ><p>Apr\u00e8s un bon petit d\u00e9jeuner au camping pour se donner de l&rsquo;\u00e9nergie perdue pendant la nuit fra\u00eeche,\u00a0 nous avons travers\u00e9 la Loire au barrage de Villerest. Nous avons travers\u00e9 Roanne et pr\u00e9par\u00e9 notre pique nique dans les rues pi\u00e9tonnes. Nous avons retrouv\u00e9 pour une dizaine de kilom\u00e8tres la piste cyclable emprunt\u00e9e \u00e0 l&rsquo;aller. Nous avons ensuite bifurqu\u00e9 vers l&rsquo;ouest \u00e0\u00a0 Marsigny. Le Charolais avec ses bocages, ses bovins muscl\u00e9s\u00a0 et le march\u00e9 \u00e0\u00a0 bestiaux de Saint Christophe en Brionnais sont vraiment \u00e0\u00a0 d\u00e9couvrir.<\/p>\n<p>Nous plantons notre tente \u00e0\u00a0 Matour.<\/p>\n<\/div><\/section><\/div>\r\n<div class=\"flex_column av_one_third  flex_column_div av-zero-column-padding   \" style='border-radius:0px; '><\/div>\r\n<section class=\"av_textblock_section\"  itemscope=\"itemscope\" itemtype=\"https:\/\/schema.org\/CreativeWork\" ><div class='avia_textblock '   itemprop=\"text\" ><\/p>\n<h3 style=\"text-align: center;\">\u00a0<\/h3>\n<h3 style=\"text-align: center;\">De Matour \u00e0 Chalon sur Sa\u00f4ne, 80 km<\/h3>\n<p><\/p>\n<\/div><\/section>\r\n<section class=\"av_textblock_section\"  itemscope=\"itemscope\" itemtype=\"https:\/\/schema.org\/CreativeWork\" ><div class='avia_textblock '   itemprop=\"text\" ><\/div><\/section>\r\n<\/div><\/div><\/div><!-- close content main div --><\/div><\/div><div id='av_section_1' class='avia-section main_color avia-section-default avia-no-shadow avia-bg-style-scroll  container_wrap fullsize' style = 'background-color: #cecece; '  ><div class='container' ><div class='template-page content  av-content-full alpha units'><div class='post-entry post-entry-type-page post-entry-3317'><div class='entry-content-wrapper clearfix'><div class=\"flex_column av_one_half  flex_column_div av-zero-column-padding first  \" style='border-radius:0px; '><section class=\"av_textblock_section\"  itemscope=\"itemscope\" itemtype=\"https:\/\/schema.org\/CreativeWork\" ><div class='avia_textblock '   itemprop=\"text\" ><p>Apr\u00e8s un bon d\u00e9jeuner au camping nous nous sommes dirig\u00e9s vers Cluny par de petites routes pour \u00e9viter la circulation.\u00a0 Cela nous a valu quelques tr\u00e8s bonnes grimpettes favorables \u00e0 la formation des mollets. Nous avons travers\u00e9 de beaux hameaux avec des fermes ais\u00e9es.<\/p>\n<p>Nous avons ensuite rejoint une voie verte au sud de Cluny et l&rsquo;avons suivi jusque Chalon\u00a0 sur\u00a0 Sa\u00f4ne ;\u00a0 c&rsquo;est bien confortable si ce n&rsquo;est que nous avions un vent de face sur tout le trajet.<\/p>\n<p>Nous sommes install\u00e9s au bord de la Sa\u00f4ne dans un camping de Chalon pour\u00a0 la nuit. Va -t-il pleuvoir\u00a0 ? Les temp\u00e9ratures ne sont pas encore tr\u00e8s cl\u00e9mentes.<\/p>\n<\/div><\/section><\/div><div class=\"flex_column av_one_half  flex_column_div av-zero-column-padding   \" style='border-radius:0px; '><div class='avia-image-container  av-styling-   avia-align-center '  itemscope=\"itemscope\" itemtype=\"https:\/\/schema.org\/ImageObject\"  ><div class='avia-image-container-inner'><img class='avia_image ' src='https:\/\/genevieveetdidier.fr\/wp-content\/uploads\/2018\/05\/20180503_115959-500x281.jpg' alt='' title='Le ch\u00e2teau de Cormatin'   itemprop=\"thumbnailUrl\"  \/><\/div><\/div><\/div>\r\n<section class=\"av_textblock_section\"  itemscope=\"itemscope\" itemtype=\"https:\/\/schema.org\/CreativeWork\" ><div class='avia_textblock '   itemprop=\"text\" ><\/p>\n<h3 style=\"text-align: center;\">De Chalon sur Sa\u00f4ne \u00e0 Dole, 91km.<\/h3>\n<\/div><\/section>\r\n<div class=\"flex_column av_one_half  flex_column_div av-zero-column-padding first  \" style='border-radius:0px; '><section class=\"av_textblock_section\"  itemscope=\"itemscope\" itemtype=\"https:\/\/schema.org\/CreativeWork\" ><div class='avia_textblock '   itemprop=\"text\" ><p>Une \u00e9tape toute plate mais&#8230; un vent &#8230;un vent de face qui ne nous a gu\u00e8re quitt\u00e9. Cela saoule et fatigue !<\/p>\n<p>Heureusement une bonne bi\u00e8re nous attend \u00e0 Dole avec un accueil\u00a0 chaleureux\u00a0 !<\/p>\n<\/div><\/section><\/div>\r\n<div class=\"flex_column av_one_half  flex_column_div av-zero-column-padding   \" style='border-radius:0px; '><div class='avia-image-container  av-styling-   avia-align-center '  itemscope=\"itemscope\" itemtype=\"https:\/\/schema.org\/ImageObject\"  ><div class='avia-image-container-inner'><img class='avia_image ' src='https:\/\/genevieveetdidier.fr\/wp-content\/uploads\/2018\/05\/G0021837_1525445940352_high-500x375.jpg' alt='' title='La c\u00f4te d&#039;or plate'   itemprop=\"thumbnailUrl\"  \/><\/div><\/div><\/div>\r\n<section class=\"av_textblock_section\"  itemscope=\"itemscope\" itemtype=\"https:\/\/schema.org\/CreativeWork\" ><div class='avia_textblock '   itemprop=\"text\" ><h3 style=\"text-align: center;\">De Dole \u00e0\u00a0 Baume les dames, 100 km<\/h3>\n<\/div><\/section>\r\n<div class=\"flex_column av_one_half  flex_column_div av-zero-column-padding first  \" style='border-radius:0px; '><section class=\"av_textblock_section\"  itemscope=\"itemscope\" itemtype=\"https:\/\/schema.org\/CreativeWork\" ><div class='avia_textblock '   itemprop=\"text\" ><p>Une \u00e9tape sur l&rsquo;eurovelo 6, tr\u00e8s bien fl\u00e9ch\u00e9e,\u00a0 sans surprise de direction.<\/p>\n<p>Nous avons b\u00e9n\u00e9fici\u00e9\u00a0 d&rsquo;un soleil cl\u00e9ment . Sans le vent de face persistant cela aurait \u00e9t\u00e9 parfait.<\/p>\n<p>Le Doubs est une rivi\u00e8re enserr\u00e9e dans des gorges et le silence r\u00e8gne.<\/p>\n<p>De nombreux cyclistes et cyclotourisme b\u00e9n\u00e9ficient de cet am\u00e9nagement de qualit\u00e9 .<\/p>\n<\/div><\/section><\/div>\r\n<div class=\"flex_column av_one_half  flex_column_div av-zero-column-padding   \" style='border-radius:0px; '><div class='avia-image-container  av-styling-   avia-align-center '  itemscope=\"itemscope\" itemtype=\"https:\/\/schema.org\/ImageObject\"  ><div class='avia-image-container-inner'><img class='avia_image ' src='https:\/\/genevieveetdidier.fr\/wp-content\/uploads\/2018\/05\/20180505_140855-500x281.jpg' alt='' title='Citadelle de Besan\u00e7on'   itemprop=\"thumbnailUrl\"  \/><\/div><\/div><\/div>","protected":false},"excerpt":{"rendered":"","protected":false},"author":1,"featured_media":0,"parent":3594,"menu_order":2,"comment_status":"closed","ping_status":"closed","template":"","meta":{"_monsterinsights_skip_tracking":false,"_monsterinsights_sitenote_active":false,"_monsterinsights_sitenote_note":"","_monsterinsights_sitenote_category":0,"footnotes":""},"class_list":["post-3317","page","type-page","status-publish","hentry"],"_links":{"self":[{"href":"https:\/\/genevieveetdidier.fr\/index.php?rest_route=\/wp\/v2\/pages\/3317","targetHints":{"allow":["GET"]}}],"collection":[{"href":"https:\/\/genevieveetdidier.fr\/index.php?rest_route=\/wp\/v2\/pages"}],"about":[{"href":"https:\/\/genevieveetdidier.fr\/index.php?rest_route=\/wp\/v2\/types\/page"}],"author":[{"embeddable":true,"href":"https:\/\/genevieveetdidier.fr\/index.php?rest_route=\/wp\/v2\/users\/1"}],"replies":[{"embeddable":true,"href":"https:\/\/genevieveetdidier.fr\/index.php?rest_route=%2Fwp%2Fv2%2Fcomments&post=3317"}],"version-history":[{"count":17,"href":"https:\/\/genevieveetdidier.fr\/index.php?rest_route=\/wp\/v2\/pages\/3317\/revisions"}],"predecessor-version":[{"id":5299,"href":"https:\/\/genevieveetdidier.fr\/index.php?rest_route=\/wp\/v2\/pages\/3317\/revisions\/5299"}],"up":[{"embeddable":true,"href":"https:\/\/genevieveetdidier.fr\/index.php?rest_route=\/wp\/v2\/pages\/3594"}],"wp:attachment":[{"href":"https:\/\/genevieveetdidier.fr\/index.php?rest_route=%2Fwp%2Fv2%2Fmedia&parent=3317"}],"curies":[{"name":"wp","href":"https:\/\/api.w.org\/{rel}","templated":true}]}}