{"id":1792,"date":"2018-04-30T16:39:08","date_gmt":"2018-04-30T14:39:08","guid":{"rendered":"http:\/\/genevieveetdidier.fr\/?page_id=1792"},"modified":"2020-03-25T18:25:25","modified_gmt":"2020-03-25T17:25:25","slug":"de-luneville-a-montchouvet","status":"publish","type":"page","link":"https:\/\/genevieveetdidier.fr\/?page_id=1792","title":{"rendered":"France -1-, de Lun\u00e9ville \u00e0 Montchouvet"},"content":{"rendered":"<section class=\"av_textblock_section\"  itemscope=\"itemscope\" itemtype=\"https:\/\/schema.org\/CreativeWork\" ><div class='avia_textblock '   itemprop=\"text\" ><\/div><\/section>\n<div class=\"flex_column av_one_third  flex_column_div av-zero-column-padding first  \" style='border-radius:0px; '><section class=\"av_textblock_section\"  itemscope=\"itemscope\" itemtype=\"https:\/\/schema.org\/CreativeWork\" ><div class='avia_textblock '   itemprop=\"text\" ><h2>De Lun\u00e9ville \u00e0 Montchouvet<\/h2>\n<h2>Du 22 avril au 1 mai<\/h2>\n<\/div><\/section><\/div>\n<div class=\"flex_column av_two_fifth  flex_column_div av-zero-column-padding   \" style='border-radius:0px; '><div class='avia-image-container  av-styling-   avia-align-center '  itemscope=\"itemscope\" itemtype=\"https:\/\/schema.org\/ImageObject\"  ><div class='avia-image-container-inner'><img class='avia_image ' src='https:\/\/genevieveetdidier.fr\/wp-content\/uploads\/2018\/04\/Screenshot_2018-04-30-11-57-38-500x313.png' alt='' title='Carte1'   itemprop=\"thumbnailUrl\"  \/><\/div><\/div><\/div>\n<div class=\"flex_column av_one_fourth  flex_column_div av-zero-column-padding   \" style='border-radius:0px; '><p><div  class='hr hr-default '><span class='hr-inner ' ><span class='hr-inner-style'><\/span><\/span><\/div><br \/>\n<div class='avia-button-wrap avia-button-center '><a href='https:\/\/genevieveetdidier.fr\/?page_id=3317' class='avia-button avia-button-fullwidth  avia-icon_select-no avia-color-teal '  style='color:#ffffff; ' ><span class='avia_iconbox_title' >Etape suivante<\/span><span class='avia_button_background avia-button avia-button-fullwidth avia-color-teal' ><\/span><\/a><\/div><\/p><\/div><\/div><\/div><\/div><!-- close content main div --><\/div><\/div><div id='av_section_1' class='avia-section main_color avia-section-default avia-no-shadow avia-bg-style-scroll  container_wrap fullsize'   ><div class='container' ><div class='template-page content  av-content-full alpha units'><div class='post-entry post-entry-type-page post-entry-1792'><div class='entry-content-wrapper clearfix'>\n<div class=\"flex_column av_two_third  flex_column_div av-zero-column-padding first  \" style='border-radius:0px; '><div class='avia-image-container  av-styling-   avia-align-center '  itemscope=\"itemscope\" itemtype=\"https:\/\/schema.org\/ImageObject\"  ><div class='avia-image-container-inner'><img class='avia_image ' src='https:\/\/genevieveetdidier.fr\/wp-content\/uploads\/2018\/04\/wp-1524416147489-1616581882-410x500.jpg' alt='' title='Le tour de la mirabelle'   itemprop=\"thumbnailUrl\"  \/><\/div><\/div><\/div><div class=\"flex_column av_one_third  flex_column_div av-zero-column-padding   \" style='border-radius:0px; '><section class=\"av_textblock_section\"  itemscope=\"itemscope\" itemtype=\"https:\/\/schema.org\/CreativeWork\" ><div class='avia_textblock '   itemprop=\"text\" ><h3>De Lun\u00e9ville \u00e0 Fontenoy le Ch\u00e2teau, 99 km.<\/h3>\n<p>Sous un soleil radieux nous avons chevauch\u00e9 nos bicyclettes \u00e9quip\u00e9es pour un nouveau p\u00e9riple.<\/p>\n<p>Nous avons crois\u00e9 le \u00ab\u00a0Tour de la mirabelle \u00ab\u00a0pr\u00e8s d\u2019Essey la C\u00f4te, campagne verte et bien vallonn\u00e9e.<\/p>\n<p>Pas tr\u00e8s \u00e9colo ce circuit \u00e0 v\u00e9lo accompagn\u00e9 d\u2019au moins une centaine de motos et de voitures. C\u2019est pourtant le jour de la Terre aujourd\u2019hui !<\/p>\n<p>Le vent transportait beaucoup de pollens irritants pour les yeux. Tout cela n\u2019a pas du tout entam\u00e9 notre bonheur de traverser les Vosges fleuries, souvent le long d\u2019un canal.<\/p>\n<p>Nous sommes arriv\u00e9s \u00e0 Fontenoy le Ch\u00e2teau o\u00f9 on peut remarquer des traces de la richesse pass\u00e9e : la dentelle blanche, le kirsch et les couverts.<\/p>\n<p>C&rsquo;est un tr\u00e8s joli village en d\u00e9cr\u00e9pitude.\u00a0 L&rsquo;h\u00f4tel du \u00ab\u00a0Moulin Coutant\u00a0\u00bb o\u00f9\u00a0 nous avons pass\u00e9 la premi\u00e8re nuit est d&rsquo;un excellent rapport qualit\u00e9 prix : \u00e0 recommander<\/p>\n<\/div><\/section><\/div><div class=\"flex_column av_one_full  flex_column_div av-zero-column-padding first  \" style='border-radius:0px; '><div class='avia-image-container  av-styling-   avia-align-center '  itemscope=\"itemscope\" itemtype=\"https:\/\/schema.org\/ImageObject\"  ><div class='avia-image-container-inner'><img class='avia_image ' src='https:\/\/genevieveetdidier.fr\/wp-content\/uploads\/2018\/04\/GOPR1745_1525099079897_high-500x375.jpg' alt='' title='DCIM101GOPROGOPR1745.JPG'   itemprop=\"thumbnailUrl\"  \/><\/div><\/div><\/div>\n<\/p>\n<div class=\"flex_column av_one_third  flex_column_div av-zero-column-padding first  \" style='border-radius:0px; '><section class=\"av_textblock_section\"  itemscope=\"itemscope\" itemtype=\"https:\/\/schema.org\/CreativeWork\" ><div class='avia_textblock '   itemprop=\"text\" ><h3>De Fontenoy le ch\u00e2teau \u00e0 Gray,\u00a0 118 km.<\/h3>\n<p>Nous avons pris une photo de le fresque de Julie Daubi\u00e9, premi\u00e8re femme fran\u00e7aise ayant obtenu le baccalaur\u00e9at en 1861, avant de quitter Fontenoy le Ch\u00e2teau.\u00a0Juste le temps que la premi\u00e8re averse arrive. L\u2019avantage de la pluie c\u2019est qu\u2019on ne souffre pas de la chaleur. De plus les pollens en suspension dans l\u2019air la veille ne nous irritaient plus les yeux. On avait de quoi se les rincer !<\/p>\n<p>Nous avons ensuite emprunt\u00e9 la voie cyclable \u00a0\u00bb Charles le T\u00e9m\u00e9raire \u00a0\u00bb qui est bien fl\u00e9ch\u00e9e mais qui suit tous les m\u00e9andres de la Sa\u00f4ne.\u00a0 Voil\u00e0 ce qui explique la longueur de notre \u00e9tape :\u00a0 la ligne droite n\u2019\u00e9tait pas du tout une bonne estimation !<\/p>\n<p>Le calme, les paysages verdoyants avec les troupeaux de bovins\u00a0 nous ont fait appr\u00e9cier ces nombreux kilom\u00e8tres .<\/p>\n<\/div><\/section><\/div>\n<div class=\"flex_column av_two_third  flex_column_div av-zero-column-padding   \" style='border-radius:0px; '><div  data-autoplay='false'  data-interval='5'  data-animation='slide'  data-show_slide_delay='30'  class='avia-content-slider-element-container avia-content-slider-element-slider avia-content-slider avia-smallarrow-slider avia-content-slider-active avia-content-slider1 avia-content-slider-odd  av_inherit_color'  style=' color:#b02b2c; '><div class='avia-smallarrow-slider-heading  no-content-slider-heading '><div class='new-special-heading'>&nbsp;<\/div><div class='avia-slideshow-arrows avia-slideshow-controls'><a href='#prev' class='prev-slide' aria-hidden='true' data-av_icon='\ue87c' data-av_iconfont='entypo-fontello'>Pr\u00e9c\u00e9dent<\/a><a href='#next' class='next-slide' aria-hidden='true' data-av_icon='\ue87d' data-av_iconfont='entypo-fontello'>Suivant<\/a><\/div><\/div><div class='avia-content-slider-inner'><div class='slide-entry-wrap'><section class='slide-entry flex_column post-entry slide-entry-overview slide-loop-1 slide-parity-odd  av_fullwidth first'  itemscope=\"itemscope\" itemtype=\"https:\/\/schema.org\/CreativeWork\" ><h3 class='slide-entry-title entry-title'  itemprop=\"headline\" >D\u00e9part dans le brouillard <\/h3><div class='slide-entry-excerpt entry-content'  itemprop=\"text\" ><p><img loading=\"lazy\" decoding=\"async\" class=\"aligncenter size-medium wp-image-1786\" src=\"https:\/\/genevieveetdidier.fr\/wp-content\/uploads\/2018\/04\/gopr1754_1524583340367_high-346277715-1-500x375.jpg\" alt=\"\" width=\"500\" height=\"375\" \/><\/p>\n<\/div><\/section><\/div><div class='slide-entry-wrap'><section class='slide-entry flex_column post-entry slide-entry-overview slide-loop-2 slide-parity-odd  post-entry-last  av_fullwidth first'  itemscope=\"itemscope\" itemtype=\"https:\/\/schema.org\/CreativeWork\" ><h3 class='slide-entry-title entry-title'  itemprop=\"headline\" >Premi\u00e8re bacheli\u00e8re en 1861<\/h3><div class='slide-entry-excerpt entry-content'  itemprop=\"text\" ><p><img loading=\"lazy\" decoding=\"async\" class=\"aligncenter size-medium wp-image-1780\" src=\"https:\/\/genevieveetdidier.fr\/wp-content\/uploads\/2018\/04\/20180423_090701-e1524512233245-281x500.jpg\" alt=\"\" width=\"281\" height=\"500\" srcset=\"https:\/\/genevieveetdidier.fr\/wp-content\/uploads\/2018\/04\/20180423_090701-e1524512233245-281x500.jpg 281w, https:\/\/genevieveetdidier.fr\/wp-content\/uploads\/2018\/04\/20180423_090701-e1524512233245-768x1365.jpg 768w, https:\/\/genevieveetdidier.fr\/wp-content\/uploads\/2018\/04\/20180423_090701-e1524512233245-579x1030.jpg 579w, https:\/\/genevieveetdidier.fr\/wp-content\/uploads\/2018\/04\/20180423_090701-e1524512233245-844x1500.jpg 844w, https:\/\/genevieveetdidier.fr\/wp-content\/uploads\/2018\/04\/20180423_090701-e1524512233245-397x705.jpg 397w, https:\/\/genevieveetdidier.fr\/wp-content\/uploads\/2018\/04\/20180423_090701-e1524512233245-450x800.jpg 450w\" sizes=\"auto, (max-width: 281px) 100vw, 281px\" \/><\/p>\n<\/div><\/section><\/div><\/div><\/div><\/div>\n<\/div><\/div><\/div><!-- close content main div --><\/div><\/div><div id='av_section_2' class='avia-section main_color avia-section-default avia-no-shadow avia-bg-style-scroll  container_wrap fullsize' style = 'background-color: #d8d8d8; '  ><div class='container' ><div class='template-page content  av-content-full alpha units'><div class='post-entry post-entry-type-page post-entry-1792'><div class='entry-content-wrapper clearfix'>\n<div class=\"flex_column av_one_half  flex_column_div av-zero-column-padding first  \" style='border-radius:0px; '><section class=\"av_textblock_section\"  itemscope=\"itemscope\" itemtype=\"https:\/\/schema.org\/CreativeWork\" ><div class='avia_textblock '   itemprop=\"text\" ><h3>De Gray \u00e0 Nuits Saint Georges, 85 km.<\/h3>\n<p>Nous avons commenc\u00e9 par 30 kilom\u00e8tres dans le brouillard avant de retrouver des petits villages bourguignons bien coquets. Les pancartes affichent des noms connus comme Vosne Roman\u00e9e.\u00a0 Nous faisons \u00e9tape \u00e0 Nuits Saint\u00a0 Georges.<\/p>\n<\/div><\/section><\/div><div class=\"flex_column av_one_half  flex_column_div av-zero-column-padding   \" style='border-radius:0px; '><div class='avia-image-container  av-styling-   avia-align-center '  itemscope=\"itemscope\" itemtype=\"https:\/\/schema.org\/ImageObject\"  ><div class='avia-image-container-inner'><img class='avia_image ' src='https:\/\/genevieveetdidier.fr\/wp-content\/uploads\/2018\/04\/gopr1754_1524583340367_high-346277715-1-500x375.jpg' alt='' title='D\u00e9part dans le brouillard'   itemprop=\"thumbnailUrl\"  \/><\/div><\/div><\/div>\n\n<div class=\"flex_column av_one_half  flex_column_div av-zero-column-padding first  \" style='border-radius:0px; '><div class='avia-image-container  av-styling-   avia-align-center '  itemscope=\"itemscope\" itemtype=\"https:\/\/schema.org\/ImageObject\"  ><div class='avia-image-container-inner'><img class='avia_image ' src='https:\/\/genevieveetdidier.fr\/wp-content\/uploads\/2018\/04\/20180426_202207-500x436.jpg' alt='' title='Lilas'   itemprop=\"thumbnailUrl\"  \/><\/div><\/div><\/div>\n<div class=\"flex_column av_one_half  flex_column_div av-zero-column-padding   \" style='border-radius:0px; '><section class=\"av_textblock_section\"  itemscope=\"itemscope\" itemtype=\"https:\/\/schema.org\/CreativeWork\" ><div class='avia_textblock '   itemprop=\"text\" ><h3>De Nuits Saint Georges\u00a0 \u00e0 G\u00e9nelard, 107 km.<\/h3>\n<p>Toujours sous le soleil mais avec un vent de face de 10 km\/h, nous avons travers\u00e9 le vignoble bourguignon et ses villages coquets de maisons en pierres.<\/p>\n<p>L&rsquo;air sentait bon le lilas tout le long du parcours.<\/p>\n<\/div><\/section><\/div>\n<\/div><\/div><\/div><!-- close content main div --><\/div><\/div><div id='av_section_3' class='avia-section main_color avia-section-default avia-no-shadow avia-bg-style-scroll  container_wrap fullsize' style = 'background-color: #d8d8d8; '  ><div class='container' ><div class='template-page content  av-content-full alpha units'><div class='post-entry post-entry-type-page post-entry-1792'><div class='entry-content-wrapper clearfix'>\n<div class=\"flex_column av_one_half  flex_column_div av-zero-column-padding first  \" style='border-radius:0px; '><section class=\"av_textblock_section\"  itemscope=\"itemscope\" itemtype=\"https:\/\/schema.org\/CreativeWork\" ><div class='avia_textblock '   itemprop=\"text\" ><h3>De G\u00e9nelard \u00e0 Feurs, 127 km.<\/h3>\n<p>Nous avons \u00e9t\u00e9 re\u00e7us comme des rois chez Denis et Colette. Connaissant notre faible pour le Bourgogne et la pr\u00e9f\u00e9rence\u00a0 de Colette pour le Chambertin,\u00a0 Denis n&rsquo;a pas h\u00e9sit\u00e9 \u00e0 nous faire d\u00e9guster un grand cru.<\/p>\n<p>Frais et dispos, le lendemain\u00a0 G\u00e9nelard \u00e0 Roann, nous avons bien roul\u00e9 de G\u00e9nelard \u00e0 Roanne ; nous avons long\u00e9 un canal jusque Paray le Monial puis emprunt\u00e9 une piste cyclable. Nous sommes arriv\u00e9s \u00e0 14 heures un peu affam\u00e9s \u00e0 Roanne mais contents d&rsquo;avoir parcouru cette distance dans une campagne calme et verdoyante.<\/p>\n<p>De Roanne \u00e0 Neulise, nous avons mont\u00e9 notre premi\u00e8re belle c\u00f4te de notre p\u00e9riple, prenant le temps, vu la vitesse de notre ascension d&rsquo;admirer toutes les fleurs du talus.<\/p>\n<p>Ensuite les choses se sont compliqu\u00e9es ;\u00a0 la route nationale \u00e9tait d\u00e9vi\u00e9e sur \u00ab\u00a0notre\u00a0\u00bb d\u00e9partementale pour cause de travaux. Nous avons tent\u00e9 de cohabiter quelques kilom\u00e8tres avec les poids lourds mais nous avons vite craint pour notre survie.\u00a0 Nous avons choisi d&rsquo;allonger notre parcours en empruntant des routes secondaires.<\/p>\n<p>Nous sommes h\u00e9berg\u00e9s dans une chambre d&rsquo;h\u00f4tes et nous n&rsquo;avons pas besoin de berceuses ce soir.<\/p>\n<\/div><\/section><\/div><div class=\"flex_column av_one_half  flex_column_div av-zero-column-padding   \" style='border-radius:0px; '><div class='avia-image-container  av-styling-   avia-align-center '  itemscope=\"itemscope\" itemtype=\"https:\/\/schema.org\/ImageObject\"  ><div class='avia-image-container-inner'><img class='avia_image ' src='https:\/\/genevieveetdidier.fr\/wp-content\/uploads\/2018\/04\/20180426_125110-500x281.jpg' alt='' title='La Loire'   itemprop=\"thumbnailUrl\"  \/><\/div><\/div><\/div>\n\n<div class=\"flex_column av_one_half  flex_column_div av-zero-column-padding first  \" style='border-radius:0px; '><section class=\"av_textblock_section\"  itemscope=\"itemscope\" itemtype=\"https:\/\/schema.org\/CreativeWork\" ><div class='avia_textblock '   itemprop=\"text\" ><h3>De Feurs a Montchouvet, 107 km.<\/h3>\n<p>Nous avons emprunt\u00e9 de jolies petites routes dans la vall\u00e9e de la\u00a0 Loire puis fait l&rsquo;ascension de notre premier col du p\u00e9riple \u00e0 1140m, le tout sous un soleil radieux.<\/p>\n<p>\u00c7a y est,\u00a0 nous sommes arriv\u00e9s \u00e0 Montchouvet .<\/p>\n<p>La pluie est pr\u00e9vue pour les jours suivants mais ce n&rsquo;est pas grave , nous ferons la f\u00eate \u00e0 l&rsquo;int\u00e9rieur .<\/p>\n<\/div><\/section><\/div>\n<div class=\"flex_column av_one_half  flex_column_div av-zero-column-padding   \" style='border-radius:0px; '><div class='avia-image-container  av-styling-   avia-align-center '  itemscope=\"itemscope\" itemtype=\"https:\/\/schema.org\/ImageObject\"  ><div class='avia-image-container-inner'><img class='avia_image ' src='https:\/\/genevieveetdidier.fr\/wp-content\/uploads\/2018\/04\/1524841267221-706217813-500x281.jpg' alt='' title='Montchouvet'   itemprop=\"thumbnailUrl\"  \/><\/div><\/div><\/div>\n","protected":false},"excerpt":{"rendered":"","protected":false},"author":1,"featured_media":0,"parent":3594,"menu_order":1,"comment_status":"closed","ping_status":"closed","template":"","meta":{"_monsterinsights_skip_tracking":false,"_monsterinsights_sitenote_active":false,"_monsterinsights_sitenote_note":"","_monsterinsights_sitenote_category":0,"footnotes":""},"class_list":["post-1792","page","type-page","status-publish","hentry"],"_links":{"self":[{"href":"https:\/\/genevieveetdidier.fr\/index.php?rest_route=\/wp\/v2\/pages\/1792","targetHints":{"allow":["GET"]}}],"collection":[{"href":"https:\/\/genevieveetdidier.fr\/index.php?rest_route=\/wp\/v2\/pages"}],"about":[{"href":"https:\/\/genevieveetdidier.fr\/index.php?rest_route=\/wp\/v2\/types\/page"}],"author":[{"embeddable":true,"href":"https:\/\/genevieveetdidier.fr\/index.php?rest_route=\/wp\/v2\/users\/1"}],"replies":[{"embeddable":true,"href":"https:\/\/genevieveetdidier.fr\/index.php?rest_route=%2Fwp%2Fv2%2Fcomments&post=1792"}],"version-history":[{"count":15,"href":"https:\/\/genevieveetdidier.fr\/index.php?rest_route=\/wp\/v2\/pages\/1792\/revisions"}],"predecessor-version":[{"id":5297,"href":"https:\/\/genevieveetdidier.fr\/index.php?rest_route=\/wp\/v2\/pages\/1792\/revisions\/5297"}],"up":[{"embeddable":true,"href":"https:\/\/genevieveetdidier.fr\/index.php?rest_route=\/wp\/v2\/pages\/3594"}],"wp:attachment":[{"href":"https:\/\/genevieveetdidier.fr\/index.php?rest_route=%2Fwp%2Fv2%2Fmedia&parent=1792"}],"curies":[{"name":"wp","href":"https:\/\/api.w.org\/{rel}","templated":true}]}}