{"id":1725,"date":"2018-04-20T23:22:19","date_gmt":"2018-04-20T21:22:19","guid":{"rendered":"http:\/\/genevieveetdidier.fr\/?page_id=1725"},"modified":"2020-03-24T17:08:12","modified_gmt":"2020-03-24T16:08:12","slug":"de-nantes-a-luneville","status":"publish","type":"page","link":"https:\/\/genevieveetdidier.fr\/?page_id=1725","title":{"rendered":"De Nantes \u00e0 Lun\u00e9ville"},"content":{"rendered":"<div class=\"flex_column av_one_third  flex_column_div av-zero-column-padding first  \" style='border-radius:0px; '><section class=\"av_textblock_section\"  itemscope=\"itemscope\" itemtype=\"https:\/\/schema.org\/CreativeWork\" ><div class='avia_textblock '   itemprop=\"text\" ><h2>De Nantes \u00e0 Lun\u00e9ville<\/h2>\n<h2>Du 28 octobre au 1 novembre 2017<\/h2>\n<\/div><\/section><\/div>\n<div class=\"flex_column av_two_fifth  flex_column_div av-zero-column-padding   \" style='border-radius:0px; '><div class='avia-image-container  av-styling-   avia-align-center '  itemscope=\"itemscope\" itemtype=\"https:\/\/schema.org\/ImageObject\"  ><div class='avia-image-container-inner'><img class='avia_image ' src='https:\/\/genevieveetdidier.fr\/wp-content\/uploads\/2018\/04\/carte27-500x187.jpg' alt='' title='carte27'   itemprop=\"thumbnailUrl\"  \/><\/div><\/div><\/div>\n<div class=\"flex_column av_one_fourth  flex_column_div av-zero-column-padding   \" style='border-radius:0px; '><p><div class='avia-button-wrap avia-button-center '><a href='https:\/\/genevieveetdidier.fr\/?page_id=1697' class='avia-button  avia-icon_select-yes-left-icon avia-color-teal avia-size-small avia-position-center '   ><span class='avia_button_icon avia_button_icon_left ' aria-hidden='true' data-av_icon='\ue800' data-av_iconfont='entypo-fontello'><\/span><span class='avia_iconbox_title' >Etape pr\u00e9c\u00e9dente<\/span><\/a><\/div><br \/>\n<div  class='hr hr-default '><span class='hr-inner ' ><span class='hr-inner-style'><\/span><\/span><\/div><br \/>\n<div class='avia-button-wrap avia-button-center '><a href='https:\/\/genevieveetdidier.fr\/' class='avia-button  avia-icon_select-yes-left-icon avia-color-teal avia-size-small avia-position-center '   ><span class='avia_button_icon avia_button_icon_left ' aria-hidden='true' data-av_icon='\ue800' data-av_iconfont='entypo-fontello'><\/span><span class='avia_iconbox_title' >Retour \u00e0 l\u2019accueil<\/span><\/a><\/div><\/p><\/div><div class=\"flex_column av_one_full  flex_column_div av-zero-column-padding first  \" style='border-radius:0px; '><section class=\"av_textblock_section\"  itemscope=\"itemscope\" itemtype=\"https:\/\/schema.org\/CreativeWork\" ><div class='avia_textblock '   itemprop=\"text\" ><h3>NANTES \u2013 VARADES 60 kms<\/h3>\n<p>Les pistes cyclables le long de la Loire sont tr\u00e8s agr\u00e9ables, m\u00eame dans le brouillard du matin. Nous passons par OUDON (\u00a0?) et nous mangeons \u00e0 ANCENIS, beau bourg. Le soleil nous rejoint pour la fin du repas.<\/p>\n<p>Il n\u2019y a gu\u00e8re de camping mais nous trouvons sans probl\u00e8me un petit h\u00f4tel \u00e0 VARADES et nous y arrivons assez t\u00f4t pour avoir le temps de visiter SAINT FLORENT LE VIEIL et sa basilique.<\/p>\n<p>L\u2019h\u00f4tel, qui ne fait pas restaurant aujourd\u2019hui, est situ\u00e9 juste en face d\u2019une pizzeria\u00a0: \u00e7a y est, \u00e7a recommence\u00a0!<\/p>\n<\/div><\/section><\/div><\/p>\n<div class=\"flex_column av_one_full  flex_column_div av-zero-column-padding first  \" style='border-radius:0px; '><p><div class='avia-image-container  av-styling-   avia-align-center '  itemscope=\"itemscope\" itemtype=\"https:\/\/schema.org\/ImageObject\"  ><div class='avia-image-container-inner'><img class='avia_image ' src='https:\/\/genevieveetdidier.fr\/wp-content\/uploads\/2018\/04\/G23-1-1030x773.jpg' alt='' title='La Loire'   itemprop=\"thumbnailUrl\"  \/><\/div><\/div><br \/>\n<section class=\"av_textblock_section\"  itemscope=\"itemscope\" itemtype=\"https:\/\/schema.org\/CreativeWork\" ><div class='avia_textblock '   itemprop=\"text\" ><p style=\"text-align: center;\"><em>La Loire, version brume et version soleil<\/em><\/p>\n<\/div><\/section><br \/>\n<div class='avia-image-container  av-styling-   avia-align-center '  itemscope=\"itemscope\" itemtype=\"https:\/\/schema.org\/ImageObject\"  ><div class='avia-image-container-inner'><img class='avia_image ' src='https:\/\/genevieveetdidier.fr\/wp-content\/uploads\/2018\/04\/G24-1-1030x534.jpg' alt='' title='La Loire'   itemprop=\"thumbnailUrl\"  \/><\/div><\/div><\/p><\/div>\n<\/div><\/div><\/div><!-- close content main div --><\/div><\/div><div id='av_section_1' class='avia-section main_color avia-section-default avia-no-shadow avia-bg-style-scroll  container_wrap fullsize' style = 'background-color: #dbdbdb; '  ><div class='container' ><div class='template-page content  av-content-full alpha units'><div class='post-entry post-entry-type-page post-entry-1725'><div class='entry-content-wrapper clearfix'>\n<div class=\"flex_column av_two_third  flex_column_div av-zero-column-padding first  \" style='border-radius:0px; '><section class=\"av_textblock_section\"  itemscope=\"itemscope\" itemtype=\"https:\/\/schema.org\/CreativeWork\" ><div class='avia_textblock '   itemprop=\"text\" ><h3>VARADES \u2013 SAUMUR 98 kms<\/h3>\n<p>Des zones rocheuses, des zones de vignes, des villages superbes (SAVIERE par exemple), de beaux ch\u00e2teaux partout, des maisons troglodytes apr\u00e8s GENNES, des zones bois\u00e9es, de belles demeures de pierre abrit\u00e9es par de longues digues, le parcours au long de la Loire est vraiment tr\u00e8s vari\u00e9 et tr\u00e8s agr\u00e9able. M\u00eame si la m\u00e9t\u00e9o n\u2019est pas terrible, il bruine sans arr\u00eats, c\u2019est une belle journ\u00e9e.<\/p>\n<p>Le soir nous sommes contents de trouver un bel h\u00f4tel \u00e0 SAUMUR (h\u00f4tel Kyriad), et un bon resto (la Bourse). L\u2019h\u00f4tel a bien pris en compte le tourisme \u00e0 v\u00e9lo\u00a0: nos montures sont bien log\u00e9es.<\/p>\n<p><em>\u00a0<\/em><\/p>\n<\/div><\/section><\/div><div class=\"flex_column av_one_third  flex_column_div av-zero-column-padding   \" style='border-radius:0px; '><div class='avia-image-container  av-styling-   avia-align-center '  itemscope=\"itemscope\" itemtype=\"https:\/\/schema.org\/ImageObject\"  ><div class='avia-image-container-inner'><img class='avia_image ' src='https:\/\/genevieveetdidier.fr\/wp-content\/uploads\/2018\/04\/G25-1.jpg' alt='' title='Le pont de Saumur'   itemprop=\"thumbnailUrl\"  \/><\/div><\/div><\/div>\n\n<div class=\"flex_column av_one_half  flex_column_div av-zero-column-padding first  \" style='border-radius:0px; '><section class=\"av_textblock_section\"  itemscope=\"itemscope\" itemtype=\"https:\/\/schema.org\/CreativeWork\" ><div class='avia_textblock '   itemprop=\"text\" ><h3>SAUMUR \u2013 TOURS 83 kms<\/h3>\n<p><em>Le ch\u00e2teau de Saumur<\/em><\/p>\n<p>Juste apr\u00e8s SAUMUR nous passons par de superbes villages troglodytiques\u00a0; il y a m\u00eame des ch\u00e2teaux troglodytes\u00a0!<\/p>\n<\/div><\/section><\/div>\n<div class=\"flex_column av_one_half  flex_column_div av-zero-column-padding   \" style='border-radius:0px; '><p><div class='avia-image-container  av-styling-   avia-align-center '  itemscope=\"itemscope\" itemtype=\"https:\/\/schema.org\/ImageObject\"  ><div class='avia-image-container-inner'><img class='avia_image ' src='https:\/\/genevieveetdidier.fr\/wp-content\/uploads\/2018\/04\/G26-1.jpg' alt='' title='Saumur'   itemprop=\"thumbnailUrl\"  \/><\/div><\/div><br \/>\n<section class=\"av_textblock_section\"  itemscope=\"itemscope\" itemtype=\"https:\/\/schema.org\/CreativeWork\" ><div class='avia_textblock '   itemprop=\"text\" ><h3><\/h3>\n<p style=\"text-align: center;\"><em>Le ch\u00e2teau de Saumur<\/em><\/p>\n<\/div><\/section><\/p><\/div>\n<div class=\"flex_column av_one_half  flex_column_div av-zero-column-padding first  \" style='border-radius:0px; '><div class='avia-image-container  av-styling-   avia-align-center '  itemscope=\"itemscope\" itemtype=\"https:\/\/schema.org\/ImageObject\"  ><div class='avia-image-container-inner'><img class='avia_image ' src='https:\/\/genevieveetdidier.fr\/wp-content\/uploads\/2018\/04\/G27-1-500x371.jpg' alt='' title='Village troglodytique'   itemprop=\"thumbnailUrl\"  \/><\/div><\/div><\/div>\n<div class=\"flex_column av_one_half  flex_column_div av-zero-column-padding   \" style='border-radius:0px; '><div class='avia-image-container  av-styling-   avia-align-center '  itemscope=\"itemscope\" itemtype=\"https:\/\/schema.org\/ImageObject\"  ><div class='avia-image-container-inner'><img class='avia_image ' src='https:\/\/genevieveetdidier.fr\/wp-content\/uploads\/2018\/04\/G28-1-500x354.jpg' alt='' title='Village troglodytique'   itemprop=\"thumbnailUrl\"  \/><\/div><\/div><\/div>\n<div class=\"flex_column av_one_half  flex_column_div av-zero-column-padding first  \" style='border-radius:0px; '><section class=\"av_textblock_section\"  itemscope=\"itemscope\" itemtype=\"https:\/\/schema.org\/CreativeWork\" ><div class='avia_textblock '   itemprop=\"text\" ><p>Pour notre dernier jour au bord de la Loire le soleil est l\u00e0, mais le vent est assez fort et bien froid, et exceptionnellement, pour nous, il vient de l\u2019Est\u00a0! Nous n\u2019avons vraiment pas de veine\u00a0!<\/p>\n<p>Nous continuons \u00e0 suivre la piste de <em>La Loire \u00e0 v\u00e9lo<\/em>, et elle nous m\u00e8ne \u00e0 notre dernier <em>Ibis Budget<\/em>, celui de TOURS.<\/p>\n<\/div><\/section><\/div>\n<div class=\"flex_column av_one_half  flex_column_div av-zero-column-padding   \" style='border-radius:0px; '><div class='avia-image-container  av-styling-   avia-align-center '  itemscope=\"itemscope\" itemtype=\"https:\/\/schema.org\/ImageObject\"  ><div class='avia-image-container-inner'><img class='avia_image ' src='https:\/\/genevieveetdidier.fr\/wp-content\/uploads\/2018\/04\/G29-1-500x375.jpg' alt='' title='Tours'   itemprop=\"thumbnailUrl\"  \/><\/div><\/div><\/div>\n<\/div><\/div><\/div><!-- close content main div --><\/div><\/div><div id='av_section_2' class='avia-section main_color avia-section-default avia-no-shadow avia-bg-style-scroll  container_wrap fullsize' style = 'background-color: #dbdbdb; '  ><div class='container' ><div class='template-page content  av-content-full alpha units'><div class='post-entry post-entry-type-page post-entry-1725'><div class='entry-content-wrapper clearfix'>\n<div class=\"flex_column av_two_third  flex_column_div av-zero-column-padding first  \" style='border-radius:0px; '><section class=\"av_textblock_section\"  itemscope=\"itemscope\" itemtype=\"https:\/\/schema.org\/CreativeWork\" ><div class='avia_textblock '   itemprop=\"text\" ><h3>TOURS \u2013 LUNEVILLE 64 kms<\/h3>\n<p>Nous allons \u00e0 la gare de SAINT PIERRE DES CORPS pour prendre le TGV. \u00c0 part les traditionnels escaliers pour rejoindre les quais (l\u2019ascenseur est trop petit) cela se fait sans probl\u00e8mes. Il y a peu de monde dans notre wagon et nous avons de la place.<\/p>\n<p>Nous arrivons en Lorraine un peu avant 13 heures et nous faisons les 60 kilom\u00e8tres jusque LUNEVILLE sous un soleil radieux.<\/p>\n<\/div><\/section><\/div><div class=\"flex_column av_one_third  flex_column_div av-zero-column-padding   \" style='border-radius:0px; '><div class='avia-image-container  av-styling-   avia-align-center '  itemscope=\"itemscope\" itemtype=\"https:\/\/schema.org\/ImageObject\"  ><div class='avia-image-container-inner'><img class='avia_image ' src='https:\/\/genevieveetdidier.fr\/wp-content\/uploads\/2018\/04\/G30-1.jpg' alt='' title='TGV'   itemprop=\"thumbnailUrl\"  \/><\/div><\/div><\/div><div class=\"flex_column av_one_full  flex_column_div av-zero-column-padding first  \" style='border-radius:0px; '><div class='avia-image-container  av-styling-   avia-align-center '  itemscope=\"itemscope\" itemtype=\"https:\/\/schema.org\/ImageObject\"  ><div class='avia-image-container-inner'><img class='avia_image ' src='https:\/\/genevieveetdidier.fr\/wp-content\/uploads\/2018\/04\/G31-1.jpg' alt='' title='La Lorraine'   itemprop=\"thumbnailUrl\"  \/><\/div><\/div><\/div><div class=\"flex_column av_one_full  flex_column_div av-zero-column-padding first  \" style='border-radius:0px; '><section class=\"av_textblock_section\"  itemscope=\"itemscope\" itemtype=\"https:\/\/schema.org\/CreativeWork\" ><div class='avia_textblock '   itemprop=\"text\" ><p style=\"text-align: center;\"><em>Pour finir, nous prenons des \u00ab\u00a0routes\u00a0\u00bb tranquilles<\/em><\/p>\n<p>Nous sommes accueillis par Antoine et Mathilde qui ont fait le m\u00e9nage et la cuisine. Que demander de plus\u00a0? C\u2019est le grand confort. On se croirait \u00e0 l\u2019h\u00f4tel\u00a0!<\/p>\n<\/div><\/section><\/div>\n\n","protected":false},"excerpt":{"rendered":"","protected":false},"author":1,"featured_media":0,"parent":582,"menu_order":6,"comment_status":"closed","ping_status":"closed","template":"","meta":{"_monsterinsights_skip_tracking":false,"_monsterinsights_sitenote_active":false,"_monsterinsights_sitenote_note":"","_monsterinsights_sitenote_category":0,"footnotes":""},"class_list":["post-1725","page","type-page","status-publish","hentry"],"_links":{"self":[{"href":"https:\/\/genevieveetdidier.fr\/index.php?rest_route=\/wp\/v2\/pages\/1725","targetHints":{"allow":["GET"]}}],"collection":[{"href":"https:\/\/genevieveetdidier.fr\/index.php?rest_route=\/wp\/v2\/pages"}],"about":[{"href":"https:\/\/genevieveetdidier.fr\/index.php?rest_route=\/wp\/v2\/types\/page"}],"author":[{"embeddable":true,"href":"https:\/\/genevieveetdidier.fr\/index.php?rest_route=\/wp\/v2\/users\/1"}],"replies":[{"embeddable":true,"href":"https:\/\/genevieveetdidier.fr\/index.php?rest_route=%2Fwp%2Fv2%2Fcomments&post=1725"}],"version-history":[{"count":3,"href":"https:\/\/genevieveetdidier.fr\/index.php?rest_route=\/wp\/v2\/pages\/1725\/revisions"}],"predecessor-version":[{"id":5278,"href":"https:\/\/genevieveetdidier.fr\/index.php?rest_route=\/wp\/v2\/pages\/1725\/revisions\/5278"}],"up":[{"embeddable":true,"href":"https:\/\/genevieveetdidier.fr\/index.php?rest_route=\/wp\/v2\/pages\/582"}],"wp:attachment":[{"href":"https:\/\/genevieveetdidier.fr\/index.php?rest_route=%2Fwp%2Fv2%2Fmedia&parent=1725"}],"curies":[{"name":"wp","href":"https:\/\/api.w.org\/{rel}","templated":true}]}}