{"id":1697,"date":"2018-04-20T22:39:40","date_gmt":"2018-04-20T20:39:40","guid":{"rendered":"http:\/\/genevieveetdidier.fr\/?page_id=1697"},"modified":"2020-03-24T17:05:38","modified_gmt":"2020-03-24T16:05:38","slug":"de-mesquer-a-nantes","status":"publish","type":"page","link":"https:\/\/genevieveetdidier.fr\/?page_id=1697","title":{"rendered":"De Mesquer \u00e0 Nantes"},"content":{"rendered":"<div class=\"flex_column av_one_third  flex_column_div av-zero-column-padding first  \" style='border-radius:0px; '><section class=\"av_textblock_section\"  itemscope=\"itemscope\" itemtype=\"https:\/\/schema.org\/CreativeWork\" ><div class='avia_textblock '   itemprop=\"text\" ><h2>De Mesquer \u00e0 Nantes<\/h2>\n<h2>Du 20\u00a0 au\u00a0 27 octobre 2017<\/h2>\n<\/div><\/section><\/div>\n<div class=\"flex_column av_two_fifth  flex_column_div av-zero-column-padding   \" style='border-radius:0px; '><div class='avia-image-container  av-styling-   avia-align-center '  itemscope=\"itemscope\" itemtype=\"https:\/\/schema.org\/ImageObject\"  ><div class='avia-image-container-inner'><img class='avia_image ' src='https:\/\/genevieveetdidier.fr\/wp-content\/uploads\/2018\/04\/carte24-500x321.jpg' alt='' title='carte24'   itemprop=\"thumbnailUrl\"  \/><\/div><\/div><\/div>\n<div class=\"flex_column av_one_fourth  flex_column_div av-zero-column-padding   \" style='border-radius:0px; '><p><div class='avia-button-wrap avia-button-center '><a href='https:\/\/genevieveetdidier.fr\/?page_id=1675' class='avia-button  avia-icon_select-yes-left-icon avia-color-teal avia-size-small avia-position-center '   ><span class='avia_button_icon avia_button_icon_left ' aria-hidden='true' data-av_icon='\ue800' data-av_iconfont='entypo-fontello'><\/span><span class='avia_iconbox_title' >Etape pr\u00e9c\u00e9dente<\/span><\/a><\/div><br \/>\n<div  class='hr hr-default '><span class='hr-inner ' ><span class='hr-inner-style'><\/span><\/span><\/div><br \/>\n<div class='avia-button-wrap avia-button-center '><a href='https:\/\/genevieveetdidier.fr\/?page_id=1725' class='avia-button  avia-icon_select-yes-left-icon avia-color-teal avia-size-small avia-position-center '   ><span class='avia_button_icon avia_button_icon_left ' aria-hidden='true' data-av_icon='\ue800' data-av_iconfont='entypo-fontello'><\/span><span class='avia_iconbox_title' >Etape suivante<\/span><\/a><\/div><\/p><\/div><div class=\"flex_column av_one_full  flex_column_div av-zero-column-padding first  \" style='border-radius:0px; '><section class=\"av_textblock_section\"  itemscope=\"itemscope\" itemtype=\"https:\/\/schema.org\/CreativeWork\" ><div class='avia_textblock '   itemprop=\"text\" ><h3>MESQUER \u2013 SAINT HERBLAIN 97 kms<\/h3>\n<p>Nous remontons un peu au Nord (par LA CHAPELLE DES MARAIS) afin de pouvoir traverser tout le marais de la Bri\u00e8re, mais c\u2019est un peu d\u00e9cevant car il y a beaucoup de zones construites.<\/p>\n<p>La d\u00e9ception est encore plus grande lorsque nous sortons des marais car nous entrons dans une zone industrielle, avec en particulier des stockages de p\u00e9trole et de gaz qui ne sont pas sans odeurs. \u00c7a ne sent pas la rose\u00a0!<\/p>\n<p>Les derniers kilom\u00e8tres, une fois pass\u00e9 DONGES, sont beaucoup plus champ\u00eatres et agr\u00e9ables. Ce soir nous inspecterons l\u2019Ibis Budget de SAINT HERBLAIN, une ville d\u2019une tr\u00e8s grande \u00e9tendue qui donne le sentiment de n\u2019\u00eatre qu\u2019un vaste centre commercial.<\/p>\n<\/div><\/section><\/div><\/p>\n<\/div><\/div><\/div><!-- close content main div --><\/div><\/div><div id='av_section_1' class='avia-section main_color avia-section-default avia-no-shadow avia-full-stretch avia-bg-style-fixed  av-minimum-height av-minimum-height-75 container_wrap fullsize' style = 'background-repeat: no-repeat; background-image: url(https:\/\/genevieveetdidier.fr\/wp-content\/uploads\/2018\/04\/G10.jpg); background-attachment: fixed; background-position: center center; ' data-section-bg-repeat='stretch' ><div class='container' ><div class='template-page content  av-content-full alpha units'><div class='post-entry post-entry-type-page post-entry-1697'><div class='entry-content-wrapper clearfix'>\n<div class=\"flex_column av_one_full  flex_column_div av-zero-column-padding first  \" style='border-radius:0px; '><section class=\"av_textblock_section\"  itemscope=\"itemscope\" itemtype=\"https:\/\/schema.org\/CreativeWork\" ><div class='avia_textblock '   itemprop=\"text\" ><h3>SAINT HERBLAIN \u2013 NANTES 17 kms<\/h3>\n<p>Direction la fac de droit de NANTES o\u00f9 doit avoir lieu la conf\u00e9rence d\u2019ouverture des journ\u00e9es de l\u2019APMEP. Avant la conf\u00e9rence nous avons aussi le temps d\u2019aller rep\u00e9rer o\u00f9 se trouve la location que nous avons pour la semaine. Colette et Denis nous y rejoignent vers 14 heures. La maison est spacieuse, ce sera bien.<\/p>\n<p>La conf\u00e9rence de l\u2019apr\u00e8s-midi, <em>Polyn\u00f4mes, femmes et Afrique<\/em>, ne me laissera pas un souvenir imp\u00e9rissable. La conf\u00e9renci\u00e8re est une femme tr\u00e8s bien, cela ne fait aucun doute, mais sa conf\u00e9rence n\u2019est pas tr\u00e8s bien construite et le contenu est assez pauvre.<\/p>\n<p>Le soir, Marie-Line, PC et les enfants nous rejoignent, ils resteront avec nous jusque mardi. Quant \u00e0 nous, nous resterons jusque samedi prochain avec Colette et Denis, le temps de d\u00e9couvrir un peu la ville.<\/p>\n<\/div><\/section><\/div>\n<div class=\"flex_column av_one_full  flex_column_div av-zero-column-padding first  \" style='border-radius:0px; '><p><div class='avia-image-container  av-styling-   avia-align-center '  itemscope=\"itemscope\" itemtype=\"https:\/\/schema.org\/ImageObject\"  ><div class='avia-image-container-inner'><img class='avia_image ' src='https:\/\/genevieveetdidier.fr\/wp-content\/uploads\/2018\/04\/G11-1030x773.jpg' alt='' title='Nantes'   itemprop=\"thumbnailUrl\"  \/><\/div><\/div><br \/>\n<section class=\"av_textblock_section\"  itemscope=\"itemscope\" itemtype=\"https:\/\/schema.org\/CreativeWork\" ><div class='avia_textblock '   itemprop=\"text\" ><p style=\"text-align: center;\"><em>La belle ville de Nantes sait marier l\u2019art moderne et les rues anciennes<\/em><\/p>\n<\/div><\/section><\/p><\/div>\n<div class=\"flex_column av_one_half  flex_column_div av-zero-column-padding first  \" style='border-radius:0px; '><section class=\"av_textblock_section\"  itemscope=\"itemscope\" itemtype=\"https:\/\/schema.org\/CreativeWork\" ><div class='avia_textblock '   itemprop=\"text\" ><h3>Dimanche 23 octobre NANTES journ\u00e9es APMEP<\/h3>\n<p>Ateliers et conf\u00e9rences tr\u00e8s int\u00e9ressants. Le soir, repas \u00e0 la Cigale, restaurant qui se veut chic mais qui est bien trop cher par rapport \u00e0 la qualit\u00e9 de ce qu\u2019ils proposent.<\/p>\n<\/div><\/section><\/div>\n<div class=\"flex_column av_one_half  flex_column_div av-zero-column-padding   \" style='border-radius:0px; '><div class='avia-image-container  av-styling-   avia-align-center '  itemscope=\"itemscope\" itemtype=\"https:\/\/schema.org\/ImageObject\"  ><div class='avia-image-container-inner'><img class='avia_image ' src='https:\/\/genevieveetdidier.fr\/wp-content\/uploads\/2018\/04\/G12-500x367.jpg' alt='' title='La Cigale'   itemprop=\"thumbnailUrl\"  \/><\/div><\/div><\/div>\n<\/div><\/div><\/div><!-- close content main div --><\/div><\/div><div id='av_section_2' class='avia-section main_color avia-section-default avia-no-shadow avia-bg-style-scroll  container_wrap fullsize' style = 'background-color: #dbdbdb; '  ><div class='container' ><div class='template-page content  av-content-full alpha units'><div class='post-entry post-entry-type-page post-entry-1697'><div class='entry-content-wrapper clearfix'>\n<div class=\"flex_column av_one_half  flex_column_div av-zero-column-padding first  \" style='border-radius:0px; '><section class=\"av_textblock_section\"  itemscope=\"itemscope\" itemtype=\"https:\/\/schema.org\/CreativeWork\" ><div class='avia_textblock '   itemprop=\"text\" ><h3>Lundi 23 octobre NANTES journ\u00e9es APMEP<\/h3>\n<p>Je ne vais pas d\u00e9tailler le contenu des journ\u00e9es de travail en math\u00e9matiques, ce serait fastidieux. Disons simplement qu\u2019aujourd\u2019hui, comme souvent, c\u2019\u00e9tait int\u00e9ressant.<\/p>\n<p>V\u00e9ronique, Pierrot, Claire ont aussi particip\u00e9 \u00e0 cette journ\u00e9e. Le soir nous nous retrouvons tous, avec Th\u00e9o, autour d\u2019une raclette.<\/p>\n<h3><\/h3>\n<h3>Mardi 24 octobre NANTES journ\u00e9es APMEP 18 kms<\/h3>\n<p>Belle conf\u00e9rence de cl\u00f4ture, par Joss Leys, sur les fractales.<\/p>\n<p>L\u2019apr\u00e8s-midi nous allons \u00e0 v\u00e9lo \u00e0 LA CHAPELLE SUR ERDRE pour voir la maison de Claire.<\/p>\n<\/div><\/section><\/div><div class=\"flex_column av_one_half  flex_column_div av-zero-column-padding   \" style='border-radius:0px; '><div class='avia-image-container  av-styling-   avia-align-center '  itemscope=\"itemscope\" itemtype=\"https:\/\/schema.org\/ImageObject\"  ><div class='avia-image-container-inner'><img class='avia_image ' src='https:\/\/genevieveetdidier.fr\/wp-content\/uploads\/2018\/04\/G13.jpg' alt='' title='Les fractales par Joss Leys'   itemprop=\"thumbnailUrl\"  \/><\/div><\/div><\/div>\n\n<div class=\"flex_column av_one_half  flex_column_div av-zero-column-padding first  \" style='border-radius:0px; '><section class=\"av_textblock_section\"  itemscope=\"itemscope\" itemtype=\"https:\/\/schema.org\/CreativeWork\" ><div class='avia_textblock '   itemprop=\"text\" ><h3>Mercredi 25 octobre NANTES<\/h3>\n<p>Visite du ch\u00e2teau et de son mus\u00e9e.<\/p>\n<h3>Jeudi 26 octobre NANTES<\/h3>\n<p>Visite de NANTES, de l\u2019ile aux Machines et des nouveaux quartiers, tr\u00e8s int\u00e9ressants.<\/p>\n<\/div><\/section><\/div>\n<div class=\"flex_column av_one_half  flex_column_div av-zero-column-padding   \" style='border-radius:0px; '><div class='avia-image-container  av-styling-   avia-align-center '  itemscope=\"itemscope\" itemtype=\"https:\/\/schema.org\/ImageObject\"  ><div class='avia-image-container-inner'><img class='avia_image ' src='https:\/\/genevieveetdidier.fr\/wp-content\/uploads\/2018\/04\/G14-500x359.jpg' alt='' title='Ch\u00e2teau de Nantes'   itemprop=\"thumbnailUrl\"  \/><\/div><\/div><\/div>\n<div class=\"flex_column av_one_half  flex_column_div av-zero-column-padding first  \" style='border-radius:0px; '><div class='avia-image-container  av-styling-   avia-align-center '  itemscope=\"itemscope\" itemtype=\"https:\/\/schema.org\/ImageObject\"  ><div class='avia-image-container-inner'><img class='avia_image ' src='https:\/\/genevieveetdidier.fr\/wp-content\/uploads\/2018\/04\/G15-500x369.jpg' alt='' title='l\u2019ile aux Machines'   itemprop=\"thumbnailUrl\"  \/><\/div><\/div><\/div>\n<div class=\"flex_column av_one_half  flex_column_div av-zero-column-padding   \" style='border-radius:0px; '><div class='avia-image-container  av-styling-   avia-align-center '  itemscope=\"itemscope\" itemtype=\"https:\/\/schema.org\/ImageObject\"  ><div class='avia-image-container-inner'><img class='avia_image ' src='https:\/\/genevieveetdidier.fr\/wp-content\/uploads\/2018\/04\/G16-500x375.jpg' alt='' title='l\u2019ile aux Machines'   itemprop=\"thumbnailUrl\"  \/><\/div><\/div><\/div>\n<\/div><\/div><\/div><!-- close content main div --><\/div><\/div><div id='av_section_3' class='avia-section main_color avia-section-default avia-no-shadow avia-bg-style-scroll  container_wrap fullsize'   ><div class='container' ><div class='template-page content  av-content-full alpha units'><div class='post-entry post-entry-type-page post-entry-1697'><div class='entry-content-wrapper clearfix'>\n<div class=\"flex_column av_one_full  flex_column_div av-zero-column-padding first  \" style='border-radius:0px; '><section class=\"av_textblock_section\"  itemscope=\"itemscope\" itemtype=\"https:\/\/schema.org\/CreativeWork\" ><div class='avia_textblock '   itemprop=\"text\" ><h3>Vendredi 27 octobre NANTES<\/h3>\n<p>Promenade le long de l\u2019estuaire de la Loire, en voiture et \u00e0 pieds, o\u00f9 sont expos\u00e9es des cr\u00e9ations sculpturales originales.<\/p>\n<p style=\"text-align: center;\"><em>De dr\u00f4les d\u2019animaux dans l\u2019estuaire<\/em><\/p>\n<\/div><\/section><\/div><div class=\"flex_column av_one_half  flex_column_div av-zero-column-padding first  \" style='border-radius:0px; '><div class='avia-image-container  av-styling-   avia-align-center '  itemscope=\"itemscope\" itemtype=\"https:\/\/schema.org\/ImageObject\"  ><div class='avia-image-container-inner'><img class='avia_image ' src='https:\/\/genevieveetdidier.fr\/wp-content\/uploads\/2018\/04\/G17-500x375.jpg' alt='' title='De dr\u00f4les d\u2019animaux dans l\u2019estuaire'   itemprop=\"thumbnailUrl\"  \/><\/div><\/div><\/div><div class=\"flex_column av_one_half  flex_column_div av-zero-column-padding   \" style='border-radius:0px; '><div class='avia-image-container  av-styling-   avia-align-center '  itemscope=\"itemscope\" itemtype=\"https:\/\/schema.org\/ImageObject\"  ><div class='avia-image-container-inner'><img class='avia_image ' src='https:\/\/genevieveetdidier.fr\/wp-content\/uploads\/2018\/04\/G18-500x369.jpg' alt='' title='De dr\u00f4les d\u2019animaux dans l\u2019estuaire'   itemprop=\"thumbnailUrl\"  \/><\/div><\/div><\/div><div class=\"flex_column av_one_half  flex_column_div av-zero-column-padding first  \" style='border-radius:0px; '><div class='avia-image-container  av-styling-   avia-align-center '  itemscope=\"itemscope\" itemtype=\"https:\/\/schema.org\/ImageObject\"  ><div class='avia-image-container-inner'><img class='avia_image ' src='https:\/\/genevieveetdidier.fr\/wp-content\/uploads\/2018\/04\/G19-500x364.jpg' alt='' title='G19'   itemprop=\"thumbnailUrl\"  \/><\/div><\/div><\/div><div class=\"flex_column av_one_half  flex_column_div av-zero-column-padding   \" style='border-radius:0px; '><div class='avia-image-container  av-styling-   avia-align-center '  itemscope=\"itemscope\" itemtype=\"https:\/\/schema.org\/ImageObject\"  ><div class='avia-image-container-inner'><img class='avia_image ' src='https:\/\/genevieveetdidier.fr\/wp-content\/uploads\/2018\/04\/G20.jpg' alt='' title='De dr\u00f4les d\u2019animaux dans l\u2019estuaire'   itemprop=\"thumbnailUrl\"  \/><\/div><\/div><\/div><div class=\"flex_column av_one_third  flex_column_div av-zero-column-padding first  \" style='border-radius:0px; '><div class='avia-image-container  av-styling-   avia-align-center '  itemscope=\"itemscope\" itemtype=\"https:\/\/schema.org\/ImageObject\"  ><div class='avia-image-container-inner'><img class='avia_image ' src='https:\/\/genevieveetdidier.fr\/wp-content\/uploads\/2018\/04\/G21.jpg' alt='' title='Gastronomie'   itemprop=\"thumbnailUrl\"  \/><\/div><\/div><\/div><div class=\"flex_column av_one_third  flex_column_div av-zero-column-padding   \" style='border-radius:0px; '><section class=\"av_textblock_section\"  itemscope=\"itemscope\" itemtype=\"https:\/\/schema.org\/CreativeWork\" ><div class='avia_textblock '   itemprop=\"text\" ><p>N\u2019oublions pas de dire que toute cette semaine a \u00e9t\u00e9 aussi gastronomique. Elle a \u00e9t\u00e9 bien arros\u00e9e, non pas par la pluie, mais par le bon vin de Bourgogne amen\u00e9 par notre joyeux bourguignon, Denis.<\/p>\n<\/div><\/section><\/div><div class=\"flex_column av_one_third  flex_column_div av-zero-column-padding   \" style='border-radius:0px; '><div class='avia-image-container  av-styling-   avia-align-center '  itemscope=\"itemscope\" itemtype=\"https:\/\/schema.org\/ImageObject\"  ><div class='avia-image-container-inner'><img class='avia_image ' src='https:\/\/genevieveetdidier.fr\/wp-content\/uploads\/2018\/04\/G22.jpg' alt='' title='et vins...'   itemprop=\"thumbnailUrl\"  \/><\/div><\/div><\/div>\n\n","protected":false},"excerpt":{"rendered":"","protected":false},"author":1,"featured_media":0,"parent":582,"menu_order":5,"comment_status":"closed","ping_status":"closed","template":"","meta":{"_monsterinsights_skip_tracking":false,"_monsterinsights_sitenote_active":false,"_monsterinsights_sitenote_note":"","_monsterinsights_sitenote_category":0,"footnotes":""},"class_list":["post-1697","page","type-page","status-publish","hentry"],"_links":{"self":[{"href":"https:\/\/genevieveetdidier.fr\/index.php?rest_route=\/wp\/v2\/pages\/1697","targetHints":{"allow":["GET"]}}],"collection":[{"href":"https:\/\/genevieveetdidier.fr\/index.php?rest_route=\/wp\/v2\/pages"}],"about":[{"href":"https:\/\/genevieveetdidier.fr\/index.php?rest_route=\/wp\/v2\/types\/page"}],"author":[{"embeddable":true,"href":"https:\/\/genevieveetdidier.fr\/index.php?rest_route=\/wp\/v2\/users\/1"}],"replies":[{"embeddable":true,"href":"https:\/\/genevieveetdidier.fr\/index.php?rest_route=%2Fwp%2Fv2%2Fcomments&post=1697"}],"version-history":[{"count":5,"href":"https:\/\/genevieveetdidier.fr\/index.php?rest_route=\/wp\/v2\/pages\/1697\/revisions"}],"predecessor-version":[{"id":5276,"href":"https:\/\/genevieveetdidier.fr\/index.php?rest_route=\/wp\/v2\/pages\/1697\/revisions\/5276"}],"up":[{"embeddable":true,"href":"https:\/\/genevieveetdidier.fr\/index.php?rest_route=\/wp\/v2\/pages\/582"}],"wp:attachment":[{"href":"https:\/\/genevieveetdidier.fr\/index.php?rest_route=%2Fwp%2Fv2%2Fmedia&parent=1697"}],"curies":[{"name":"wp","href":"https:\/\/api.w.org\/{rel}","templated":true}]}}