{"id":1675,"date":"2018-04-20T18:26:31","date_gmt":"2018-04-20T16:26:31","guid":{"rendered":"http:\/\/genevieveetdidier.fr\/?page_id=1675"},"modified":"2020-03-24T17:03:06","modified_gmt":"2020-03-24T16:03:06","slug":"de-domfront-a-mesquer","status":"publish","type":"page","link":"https:\/\/genevieveetdidier.fr\/?page_id=1675","title":{"rendered":"De Domfront \u00e0 Mesquer"},"content":{"rendered":"<div class=\"flex_column av_one_third  flex_column_div av-zero-column-padding first  \" style='border-radius:0px; '><section class=\"av_textblock_section\"  itemscope=\"itemscope\" itemtype=\"https:\/\/schema.org\/CreativeWork\" ><div class='avia_textblock '   itemprop=\"text\" ><h2>De Domfront \u00e0 Mesquer<\/h2>\n<h2>Du 9 au 20 octobre 2017<\/h2>\n<\/div><\/section><\/div>\n<div class=\"flex_column av_two_fifth  flex_column_div av-zero-column-padding   \" style='border-radius:0px; '><div class='avia-image-container  av-styling-   avia-align-center '  itemscope=\"itemscope\" itemtype=\"https:\/\/schema.org\/ImageObject\"  ><div class='avia-image-container-inner'><img class='avia_image ' src='https:\/\/genevieveetdidier.fr\/wp-content\/uploads\/2018\/04\/carte24-500x321.jpg' alt='' title='carte24'   itemprop=\"thumbnailUrl\"  \/><\/div><\/div><\/div>\n<div class=\"flex_column av_one_fourth  flex_column_div av-zero-column-padding   \" style='border-radius:0px; '><p><div class='avia-button-wrap avia-button-center '><a href='https:\/\/genevieveetdidier.fr\/?page_id=1645' class='avia-button  avia-icon_select-yes-left-icon avia-color-teal avia-size-small avia-position-center '   ><span class='avia_button_icon avia_button_icon_left ' aria-hidden='true' data-av_icon='\ue800' data-av_iconfont='entypo-fontello'><\/span><span class='avia_iconbox_title' >Etape pr\u00e9c\u00e9dente<\/span><\/a><\/div><br \/>\n<div  class='hr hr-default '><span class='hr-inner ' ><span class='hr-inner-style'><\/span><\/span><\/div><br \/>\n<div class='avia-button-wrap avia-button-center '><a href='https:\/\/genevieveetdidier.fr\/?page_id=1697' class='avia-button  avia-icon_select-yes-left-icon avia-color-teal avia-size-small avia-position-center '   ><span class='avia_button_icon avia_button_icon_left ' aria-hidden='true' data-av_icon='\ue800' data-av_iconfont='entypo-fontello'><\/span><span class='avia_iconbox_title' >Etape suivante<\/span><\/a><\/div><\/p><\/div><div class=\"flex_column av_one_half  flex_column_div av-zero-column-padding first  \" style='border-radius:0px; '><section class=\"av_textblock_section\"  itemscope=\"itemscope\" itemtype=\"https:\/\/schema.org\/CreativeWork\" ><div class='avia_textblock '   itemprop=\"text\" ><h3>DOMFRONT \u2013 BEAUVOIR 79 kms<\/h3>\n<p>Nous sommes toujours sur la <em>V\u00e9losc\u00e9nie<\/em>, cette belle piste qui va au Mont Saint Michel, et elle suit encore une ancienne voie ferr\u00e9e. C\u2019est donc une journ\u00e9e facile et \u00e0 l\u2019abri du vent. Par contre, le brumisateur a fonctionn\u00e9 toute la journ\u00e9e, et parfois avec un r\u00e9glage tr\u00e8s gros. Nous avons le sentiment de rouler dans les nuages et nous sommes bien mouill\u00e9s.<\/p>\n<p>Nous avons eu la chance de trouver un abri super chouette \u00e0 SAINT HILAIRE juste \u00e0 l\u2019heure de midi, pour manger au sec.<\/p>\n<p>Ensuite nous avons d\u00e9couvert le MONT SAINT MICHEL avec l\u2019archange dans les nuages aussi, mais c\u2019est beau quand m\u00eame.<\/p>\n<p>Le camping \u00e0 BEAUVOIR est un camping quatre \u00e9toiles, mais cela reste quand m\u00eame un camping, et le mois d\u2019octobre \u00e9tant ce qu\u2019il est nous n\u2019avons pas encore tr\u00e8s chaud.<\/p>\n<\/div><\/section><\/div><\/p>\n<div class=\"flex_column av_one_half  flex_column_div av-zero-column-padding   \" style='border-radius:0px; '><div class='avia-image-container  av-styling-   avia-align-center '  itemscope=\"itemscope\" itemtype=\"https:\/\/schema.org\/ImageObject\"  ><div class='avia-image-container-inner'><img class='avia_image ' src='https:\/\/genevieveetdidier.fr\/wp-content\/uploads\/2018\/04\/F27.jpg' alt='' title='Le Mont Saint Michel'   itemprop=\"thumbnailUrl\"  \/><\/div><\/div><\/div>\n<\/div><\/div><\/div><!-- close content main div --><\/div><\/div><div id='av_section_1' class='avia-section main_color avia-section-default avia-no-shadow avia-full-stretch avia-bg-style-fixed  av-minimum-height av-minimum-height-75 container_wrap fullsize' style = 'background-repeat: no-repeat; background-image: url(https:\/\/genevieveetdidier.fr\/wp-content\/uploads\/2018\/04\/F28-1030x773.jpg); background-attachment: fixed; background-position: center center; ' data-section-bg-repeat='stretch' ><div class='container' ><div class='template-page content  av-content-full alpha units'><div class='post-entry post-entry-type-page post-entry-1675'><div class='entry-content-wrapper clearfix'>\n<div class=\"flex_column av_one_full  flex_column_div av-zero-column-padding first  \" style='border-radius:0px; '><section class=\"av_textblock_section\"  itemscope=\"itemscope\" itemtype=\"https:\/\/schema.org\/CreativeWork\" ><div class='avia_textblock '   itemprop=\"text\" ><h3>BEAUVOIR \u2013 DINAN 58 kms<\/h3>\n<p>Inutile de regarder une carte pour savoir que nous entrons en Bretagne\u00a0: il suffit de regarder le ciel. S\u2019il ne pleut pas c\u2019est qu\u2019il bruine, et lorsqu\u2019il ne bruine plus il pleut\u2026 C\u2019est un peu exag\u00e9r\u00e9, il y a parfois des \u00e9claircies, br\u00e8ves mais suffisantes pour faire changer les couleurs de la mer. Nous longeons la baie du Mont Saint Michel et c\u2019est vrai que les couleurs sont belles malgr\u00e9 la m\u00e9t\u00e9o, c\u2019est loin d\u2019\u00eatre monotone.<\/p>\n<p>L\u2019\u00e9tape est assez courte. Pour rejoindre DINAN nous prenons parfois des chemins qui ne sont plus pris que par les escargots, c\u2019est une des sp\u00e9cificit\u00e9s du GPS Google. Il aime bien les anciens chemins qui n\u2019existent plus que sur les cartes. Mais c\u2019est amusant.<\/p>\n<p>\u00c0 DINAN nous allons mettre \u00e0 profit une deuxi\u00e8me \u00ab\u00a0box\u00a0\u00bb et nous resterons \u00e0 l\u2019h\u00f4tel deux nuits pour nous reposer. Nous sommes tr\u00e8s en avance sur notre programme (nous devons \u00eatre \u00e0 NANTES le 21 octobre) et nous avons tout notre temps.<\/p>\n<\/div><\/section><\/div>\n<div class=\"flex_column av_one_half  flex_column_div av-zero-column-padding first  \" style='border-radius:0px; '><section class=\"av_textblock_section\"  itemscope=\"itemscope\" itemtype=\"https:\/\/schema.org\/CreativeWork\" ><div class='avia_textblock '   itemprop=\"text\" ><h3>DINAN repos 14 kms<\/h3>\n<p>Les journ\u00e9es de repos sont toujours les plus on\u00e9reuses. Lorsqu\u2019on n\u2019a rien \u00e0 faire on consomme. Nous avons donc profit\u00e9 de la journ\u00e9e pour acheter des chaussures, des habits, une ceinture (j\u2019ai tellement maigri que je pers mon pantalon), des livres etc.<\/p>\n<p>Mais nous avons aussi visit\u00e9 DINAN, ses remparts, ses petites rues pentues\u2026 c\u2019est une cit\u00e9 m\u00e9di\u00e9vale qui m\u00e9rite le d\u00e9tour. La rue Jerzual, avec un d\u00e9nivel\u00e9 de 76 m\u00e8tres, est une curiosit\u00e9 \u00e0 elle seule.<\/p>\n<p>L\u2019h\u00f4tel Campanile, o\u00f9 nous r\u00e9sidons, n\u2019a rien d\u2019exceptionnel, mais le personnel est sympathique.<\/p>\n<\/div><\/section><\/div>\n<div class=\"flex_column av_one_half  flex_column_div av-zero-column-padding   \" style='border-radius:0px; '><div class='avia-image-container  av-styling-   avia-align-center '  itemscope=\"itemscope\" itemtype=\"https:\/\/schema.org\/ImageObject\"  ><div class='avia-image-container-inner'><img class='avia_image ' src='https:\/\/genevieveetdidier.fr\/wp-content\/uploads\/2018\/04\/F29-375x500.jpg' alt='' title='La rue Jerzual'   itemprop=\"thumbnailUrl\"  \/><\/div><\/div><\/div>\n<\/div><\/div><\/div><!-- close content main div --><\/div><\/div><div id='av_section_2' class='avia-section main_color avia-section-default avia-no-shadow avia-bg-style-scroll  container_wrap fullsize' style = 'background-color: #dddddd; '  ><div class='container' ><div class='template-page content  av-content-full alpha units'><div class='post-entry post-entry-type-page post-entry-1675'><div class='entry-content-wrapper clearfix'>\n<div class=\"flex_column av_one_full  flex_column_div av-zero-column-padding first  \" style='border-radius:0px; '><section class=\"av_textblock_section\"  itemscope=\"itemscope\" itemtype=\"https:\/\/schema.org\/CreativeWork\" ><div class='avia_textblock '   itemprop=\"text\" ><h3>DINAN \u2013 RENNES 91 kms<\/h3>\n<p>Nous retraversons la ville de DINAN pour aller rejoindre les bords de la Rance puis nous suivons toute la journ\u00e9e le canal de l\u2019Ille \u00e0 la Rance jusque RENNES. On pourrait penser que c\u2019est monotone mais il n\u2019en est rien\u00a0: les couleurs d\u2019automne donnent un spectacle superbe, surtout quand il y a un petit rayon de soleil (et c\u2019est arriv\u00e9).<\/p>\n<p>Il commence \u00e0 pleuvoir lorsque nous arrivons \u00e0 l\u2019Ibis Budget de Rennes Chantepie. Pluie au d\u00e9part, ce matin, pluie \u00e0 l\u2019arriv\u00e9e, mais entre deux c\u2019\u00e9tait correct.<\/p>\n<p>Nous mangeons au restaurant des Loges.<\/p>\n<\/div><\/section><\/div><div class=\"flex_column av_one_full  flex_column_div av-zero-column-padding first  \" style='border-radius:0px; '><div class='avia-image-container  av-styling-   avia-align-center '  itemscope=\"itemscope\" itemtype=\"https:\/\/schema.org\/ImageObject\"  ><div class='avia-image-container-inner'><img class='avia_image ' src='https:\/\/genevieveetdidier.fr\/wp-content\/uploads\/2018\/04\/F30-1030x773.jpg' alt='' title='Canal de l\u2019Ille \u00e0 la Rance'   itemprop=\"thumbnailUrl\"  \/><\/div><\/div><\/div>\n\n<div class=\"flex_column av_one_half  flex_column_div av-zero-column-padding first  \" style='border-radius:0px; '><section class=\"av_textblock_section\"  itemscope=\"itemscope\" itemtype=\"https:\/\/schema.org\/CreativeWork\" ><div class='avia_textblock '   itemprop=\"text\" ><h3>RENNES \u2013 REDON 91 kms<\/h3>\n<p>Nous prenons le chemin de SAINT JACQUES (la ville bretonne) puis nous passons \u00e0 BRUZ avant de rattraper la Vilaine (tr\u00e8s calme) et de la suivre malgr\u00e9 son nom. Nous mangeons \u00e0 MESSAC et tout notre parcours se passe sans aucun probl\u00e8me et aucune difficult\u00e9.<\/p>\n<p>Arriv\u00e9e \u00e0 REDON \u00e0 16h30. Nous poursuivons notre inspection des h\u00f4tels Ibis Budget\u00a0; celui de REDON est un peu plus spacieux Nous mangeons \u00e0 la Pataterie, c\u2019est une premi\u00e8re, mais nous ne sommes pas trop d\u00e9\u00e7us. Il faut dire que nous avions des pr\u00e9jug\u00e9s un peu n\u00e9gatifs. Non, ce n\u2019est pas tr\u00e8s bien, mais ce n\u2019est pas mal.<\/p>\n<\/div><\/section><\/div>\n<div class=\"flex_column av_one_half  flex_column_div av-zero-column-padding   \" style='border-radius:0px; '><div class='avia-image-container  av-styling-   avia-align-center '  itemscope=\"itemscope\" itemtype=\"https:\/\/schema.org\/ImageObject\"  ><div class='avia-image-container-inner'><img class='avia_image ' src='https:\/\/genevieveetdidier.fr\/wp-content\/uploads\/2018\/04\/F31.jpg' alt='' title='L\u2019ENSAI, \u00e0 Bruz\u00a0: souvenirs souvenirs'   itemprop=\"thumbnailUrl\"  \/><\/div><\/div><\/div>\n<\/div><\/div><\/div><!-- close content main div --><\/div><\/div><div id='av_section_3' class='avia-section main_color avia-section-default avia-no-shadow avia-bg-style-scroll  container_wrap fullsize'   ><div class='container' ><div class='template-page content  av-content-full alpha units'><div class='post-entry post-entry-type-page post-entry-1675'><div class='entry-content-wrapper clearfix'>\n<div class=\"flex_column av_one_full  flex_column_div av-zero-column-padding first  \" style='border-radius:0px; '><section class=\"av_textblock_section\"  itemscope=\"itemscope\" itemtype=\"https:\/\/schema.org\/CreativeWork\" ><div class='avia_textblock '   itemprop=\"text\" ><h3>REDON \u2013 MESQUER 69 kms<\/h3>\n<p>Gros brouillard ce matin. Le brouillard a l\u2019avantage de laisser l\u2019imagination travailler\u00a0: on voit ce qu\u2019on veut.<\/p>\n<p>Apr\u00e8s \u00eatre pass\u00e9 pr\u00e8s du port de REDON, un vrai port, m\u00eame si nous sommes loin de la mer, nous avons suivi la Vilaine que nous imaginions \u00e0 nos c\u00f4t\u00e9s. Puis le soleil a perc\u00e9, et la campagne que nous avons d\u00e9couverte \u00e9tait encore plus jolie que nous ne l\u2019imaginions.<\/p>\n<p>Nous faisons la pause de midi \u00e0 LA ROCHE BERNARD et l\u00e0 nous commen\u00e7ons \u00e0 sentir l\u2019oc\u00e9an, m\u00eame si nous n\u2019y sommes pas encore tout \u00e0 fait. Nous \u00e9tions perch\u00e9s sur un rocher qui domine la rivi\u00e8re, ou le bras de mer\u00a0: il faisait beau comme en \u00e9t\u00e9, c\u2019\u00e9tait joli.<\/p>\n<p>Nous passons quelques marais salants avant d\u2019arriver \u00e0 MESQUER qui se situe non loin de GUERANDE. Monsieur Google a un peu de mal \u00e0 nous trouver le g\u00eete que nous avons r\u00e9serv\u00e9. Monsieur Google se trompe, et je suis content quand il se trompe\u00a0: il n\u2019y a pas que moi\u00a0!<\/p>\n<p>Vu le temps tr\u00e8s estival, Genevi\u00e8ve n\u2019a pas pu s\u2019emp\u00eacher d\u2019aller \u00e0 la plage, tout pr\u00e8s du g\u00eete, et elle s\u2019est baign\u00e9e. Nous avons remis les shorts et les sandalettes\u00a0: c\u2019est l\u2019\u00e9t\u00e9.<\/p>\n<\/div><\/section><\/div><div class=\"flex_column av_one_full  flex_column_div av-zero-column-padding first  \" style='border-radius:0px; '><div class='avia-image-container  av-styling-   avia-align-center '  itemscope=\"itemscope\" itemtype=\"https:\/\/schema.org\/ImageObject\"  ><div class='avia-image-container-inner'><img class='avia_image ' src='https:\/\/genevieveetdidier.fr\/wp-content\/uploads\/2018\/04\/F32-1030x596.jpg' alt='' title='Pause \u00e0 La Roche Bernard'   itemprop=\"thumbnailUrl\"  \/><\/div><\/div><\/div>\n\n<div class=\"flex_column av_one_third  flex_column_div av-zero-column-padding first  \" style='border-radius:0px; '><section class=\"av_textblock_section\"  itemscope=\"itemscope\" itemtype=\"https:\/\/schema.org\/CreativeWork\" ><div class='avia_textblock '   itemprop=\"text\" ><h3>MESQUER 12 kms<\/h3>\n<p>R\u00e9gime poissons, huitres etc. R\u00e9gime promenade \u00e0 v\u00e9lo et \u00e0 pieds. Bref c\u2019est le r\u00e9gime retrait\u00e9 et nous avons l\u2019intention de le prolonger quelques jours avant d\u2019aller \u00e0 NANTES.<\/p>\n<\/div><\/section><\/div>\n<div class=\"flex_column av_two_third  flex_column_div av-zero-column-padding   \" style='border-radius:0px; '><p><div class='avia-image-container  av-styling-   avia-align-center '  itemscope=\"itemscope\" itemtype=\"https:\/\/schema.org\/ImageObject\"  ><div class='avia-image-container-inner'><img class='avia_image ' src='https:\/\/genevieveetdidier.fr\/wp-content\/uploads\/2018\/04\/F33-500x375.jpg' alt='' title='Mesquer'   itemprop=\"thumbnailUrl\"  \/><\/div><\/div><br \/>\n<section class=\"av_textblock_section\"  itemscope=\"itemscope\" itemtype=\"https:\/\/schema.org\/CreativeWork\" ><div class='avia_textblock '   itemprop=\"text\" ><p style=\"text-align: center;\"><em>La petite location o\u00f9 nous allons passer cinq jours<\/em><\/p>\n<\/div><\/section><\/p><\/div>\n<div class=\"flex_column av_one_half  flex_column_div av-zero-column-padding first  \" style='border-radius:0px; '><section class=\"av_textblock_section\"  itemscope=\"itemscope\" itemtype=\"https:\/\/schema.org\/CreativeWork\" ><div class='avia_textblock '   itemprop=\"text\" ><h3>Lundi 16 octobre MESQUER 23 kms<\/h3>\n<p>\u00c9trange journ\u00e9e, jaune et sombre. Le soleil n\u2019est pas parvenu \u00e0 percer les nuages noirs, probablement charg\u00e9s de sable apport\u00e9 par le siroco<a href=\"#_ftn1\" name=\"_ftnref1\">[1]<\/a>. L\u2019ambiance \u00e9tait lourde et inqui\u00e9tante. La lumi\u00e8re \u00e9tait celle d\u2019une \u00e9clipse avec un filtre jaune.<\/p>\n<p>Cela ne nous a pas emp\u00each\u00e9 de bien nous promener, \u00e0 PIRIAC, \u00e0 LA TURBALLE, et il n\u2019a pas plu.<\/p>\n<p><a href=\"#_ftnref1\" name=\"_ftn1\">[1]<\/a> En fait le ciel jaune \u00e9tait d\u00fb \u00e0 la temp\u00eate Oph\u00e9lia qui passait au large et qui allait vers l\u2019Irlande.<\/p>\n<\/div><\/section><\/div>\n<div class=\"flex_column av_one_half  flex_column_div av-zero-column-padding   \" style='border-radius:0px; '><div class='avia-image-container  av-styling-   avia-align-center '  itemscope=\"itemscope\" itemtype=\"https:\/\/schema.org\/ImageObject\"  ><div class='avia-image-container-inner'><img class='avia_image ' src='https:\/\/genevieveetdidier.fr\/wp-content\/uploads\/2018\/04\/G1.jpg' alt='' title='La Turballe, gros port de p\u00e8che'   itemprop=\"thumbnailUrl\"  \/><\/div><\/div><\/div>\n<div class=\"flex_column av_one_full  flex_column_div av-zero-column-padding first  \" style='border-radius:0px; '><section class=\"av_textblock_section\"  itemscope=\"itemscope\" itemtype=\"https:\/\/schema.org\/CreativeWork\" ><div class='avia_textblock '   itemprop=\"text\" ><h3>Mardi 17 octobre MESQUER 28 kms<\/h3>\n<p>Ce matin nous allons au march\u00e9 de SAINT MOLF mais il n\u2019y a gu\u00e8re de marchands. Nous optons donc pour le march\u00e9 de PIRIAC qui est beaucoup mieux achaland\u00e9. Nous y trouvons d\u2019excellentes coquilles Saint Jacques\u00a0!<\/p>\n<p>L\u2019apr\u00e8s-midi nous faisons une grande randonn\u00e9e \u00e0 pieds dans les marais de MESQUER, trois heures pour un v\u00e9ritable safari photographique, trois heures de marche\u00a0: quel repos\u00a0! Mais en rentrant\u00a0: quel repas\u00a0! C\u2019est bien les vacances.<\/p>\n<\/div><\/section><\/div>\n<div class=\"flex_column av_one_half  flex_column_div av-zero-column-padding first  \" style='border-radius:0px; '><div class='avia-image-container  av-styling-   avia-align-center '  itemscope=\"itemscope\" itemtype=\"https:\/\/schema.org\/ImageObject\"  ><div class='avia-image-container-inner'><img class='avia_image ' src='https:\/\/genevieveetdidier.fr\/wp-content\/uploads\/2018\/04\/G2-500x374.jpg' alt='' title='Marais de MESQUER'   itemprop=\"thumbnailUrl\"  \/><\/div><\/div><\/div>\n<div class=\"flex_column av_one_half  flex_column_div av-zero-column-padding   \" style='border-radius:0px; '><div class='avia-image-container  av-styling-   avia-align-center '  itemscope=\"itemscope\" itemtype=\"https:\/\/schema.org\/ImageObject\"  ><div class='avia-image-container-inner'><img class='avia_image ' src='https:\/\/genevieveetdidier.fr\/wp-content\/uploads\/2018\/04\/G3-500x368.jpg' alt='' title='Marais de MESQUER'   itemprop=\"thumbnailUrl\"  \/><\/div><\/div><\/div>\n<\/div><\/div><\/div><!-- close content main div --><\/div><\/div><div id='av_section_4' class='avia-section main_color avia-section-default avia-no-shadow avia-bg-style-scroll  container_wrap fullsize' style = 'background-color: #e0e0e0; '  ><div class='container' ><div class='template-page content  av-content-full alpha units'><div class='post-entry post-entry-type-page post-entry-1675'><div class='entry-content-wrapper clearfix'>\n<div class=\"flex_column av_one_full  flex_column_div av-zero-column-padding first  \" style='border-radius:0px; '><section class=\"av_textblock_section\"  itemscope=\"itemscope\" itemtype=\"https:\/\/schema.org\/CreativeWork\" ><div class='avia_textblock '   itemprop=\"text\" ><h3>Mercredi 18 octobre MESQUER 42 kms<\/h3>\n<p>Nous quittons le bord de mer pour aller voir un peu vers l\u2019int\u00e9rieur, et plus particuli\u00e8rement pour voir la Bri\u00e8re. Nous visitons d\u2019abord le village de KHERINET, village de chaumi\u00e8res, typique de la Bri\u00e8re, puis nous allons nous poser pour manger \u00e0 BRECA, l\u00e0 o\u00f9 commencent vraiment les marais. Le silence est impressionnant, et nos seuls voisins sont tr\u00e8s calmes.<\/p>\n<h6>La Bri\u00e8re, ou Grande Bri\u00e8re est drain\u00e9e par le dernier affluent de la Loire, le Brivet, qui se jette dans l&rsquo;estuaire \u00e0 la limite des communes de Saint-Nazaire et Montoir-de-Bretagne. Son territoire s&rsquo;\u00e9tend sur 490 km<sup>2<\/sup>, dont 170 km<sup>2<\/sup> de zones humides, au c\u0153ur desquelles le marais de Grande Bri\u00e8re Motti\u00e8re couvre \u00e0 lui seul 70 km<sup>2<\/sup>, qui compte 21 communes. Cette zone constitue une des limites naturelles de la presqu&rsquo;\u00eele gu\u00e9randaise. Le territoire de la Bri\u00e8re se caract\u00e9rise aussi par son architecture, avec pr\u00e8s de 3000 toits de chaume, appel\u00e9s chaumi\u00e8res. (Wikip\u00e9dia)<\/h6>\n<\/div><\/section><\/div><div class=\"flex_column av_one_half  flex_column_div av-zero-column-padding first  \" style='border-radius:0px; '><div class='avia-image-container  av-styling-   avia-align-center '  itemscope=\"itemscope\" itemtype=\"https:\/\/schema.org\/ImageObject\"  ><div class='avia-image-container-inner'><img class='avia_image ' src='https:\/\/genevieveetdidier.fr\/wp-content\/uploads\/2018\/04\/G4-500x373.jpg' alt='' title='La Bri\u00e8re'   itemprop=\"thumbnailUrl\"  \/><\/div><\/div><\/div><div class=\"flex_column av_one_half  flex_column_div av-zero-column-padding   \" style='border-radius:0px; '><div class='avia-image-container  av-styling-   avia-align-center '  itemscope=\"itemscope\" itemtype=\"https:\/\/schema.org\/ImageObject\"  ><div class='avia-image-container-inner'><img class='avia_image ' src='https:\/\/genevieveetdidier.fr\/wp-content\/uploads\/2018\/04\/G5-500x375.jpg' alt='' title='... et ses habitants'   itemprop=\"thumbnailUrl\"  \/><\/div><\/div><\/div><div class=\"flex_column av_one_half  flex_column_div av-zero-column-padding first  \" style='border-radius:0px; '><div class='avia-image-container  av-styling-   avia-align-center '  itemscope=\"itemscope\" itemtype=\"https:\/\/schema.org\/ImageObject\"  ><div class='avia-image-container-inner'><img class='avia_image ' src='https:\/\/genevieveetdidier.fr\/wp-content\/uploads\/2018\/04\/G6-500x374.jpg' alt='' title='Kherinet'   itemprop=\"thumbnailUrl\"  \/><\/div><\/div><\/div><div class=\"flex_column av_one_half  flex_column_div av-zero-column-padding   \" style='border-radius:0px; '><div class='avia-image-container  av-styling-   avia-align-center '  itemscope=\"itemscope\" itemtype=\"https:\/\/schema.org\/ImageObject\"  ><div class='avia-image-container-inner'><img class='avia_image ' src='https:\/\/genevieveetdidier.fr\/wp-content\/uploads\/2018\/04\/G7-500x372.jpg' alt='' title='Kherinet'   itemprop=\"thumbnailUrl\"  \/><\/div><\/div><\/div><section class=\"av_textblock_section\"  itemscope=\"itemscope\" itemtype=\"https:\/\/schema.org\/CreativeWork\" ><div class='avia_textblock '   itemprop=\"text\" ><p style=\"text-align: center;\"><em>Les chaumi\u00e8res de Kherinet<\/em><\/p>\n<p>Nous passons ensuite par SAINT LYPHARD et LA PIERRE FENDUE. Une bien belle promenade.<\/p>\n<\/div><\/section>\n\n<div class=\"flex_column av_one_full  flex_column_div av-zero-column-padding first  \" style='border-radius:0px; '><section class=\"av_textblock_section\"  itemscope=\"itemscope\" itemtype=\"https:\/\/schema.org\/CreativeWork\" ><div class='avia_textblock '   itemprop=\"text\" ><h3>Jeudi 19 octobre MESQUER 7 kms<\/h3>\n<p>Repos, mais cette fois un vrai repos. Juste une petite balade le long de la mer, des huitres, de la sole, ce n\u2019est que du plaisir.<\/p>\n<\/div><\/section><\/div>\n<div class=\"flex_column av_one_full  flex_column_div av-zero-column-padding first  \" style='border-radius:0px; '><div class='avia-image-container  av-styling-   avia-align-center '  itemscope=\"itemscope\" itemtype=\"https:\/\/schema.org\/ImageObject\"  ><div class='avia-image-container-inner'><img class='avia_image ' src='https:\/\/genevieveetdidier.fr\/wp-content\/uploads\/2018\/04\/G9-1030x516.jpg' alt='' title='Mesquer'   itemprop=\"thumbnailUrl\"  \/><\/div><\/div><\/div>\n","protected":false},"excerpt":{"rendered":"","protected":false},"author":1,"featured_media":0,"parent":582,"menu_order":4,"comment_status":"closed","ping_status":"closed","template":"","meta":{"_monsterinsights_skip_tracking":false,"_monsterinsights_sitenote_active":false,"_monsterinsights_sitenote_note":"","_monsterinsights_sitenote_category":0,"footnotes":""},"class_list":["post-1675","page","type-page","status-publish","hentry"],"_links":{"self":[{"href":"https:\/\/genevieveetdidier.fr\/index.php?rest_route=\/wp\/v2\/pages\/1675","targetHints":{"allow":["GET"]}}],"collection":[{"href":"https:\/\/genevieveetdidier.fr\/index.php?rest_route=\/wp\/v2\/pages"}],"about":[{"href":"https:\/\/genevieveetdidier.fr\/index.php?rest_route=\/wp\/v2\/types\/page"}],"author":[{"embeddable":true,"href":"https:\/\/genevieveetdidier.fr\/index.php?rest_route=\/wp\/v2\/users\/1"}],"replies":[{"embeddable":true,"href":"https:\/\/genevieveetdidier.fr\/index.php?rest_route=%2Fwp%2Fv2%2Fcomments&post=1675"}],"version-history":[{"count":8,"href":"https:\/\/genevieveetdidier.fr\/index.php?rest_route=\/wp\/v2\/pages\/1675\/revisions"}],"predecessor-version":[{"id":5275,"href":"https:\/\/genevieveetdidier.fr\/index.php?rest_route=\/wp\/v2\/pages\/1675\/revisions\/5275"}],"up":[{"embeddable":true,"href":"https:\/\/genevieveetdidier.fr\/index.php?rest_route=\/wp\/v2\/pages\/582"}],"wp:attachment":[{"href":"https:\/\/genevieveetdidier.fr\/index.php?rest_route=%2Fwp%2Fv2%2Fmedia&parent=1675"}],"curies":[{"name":"wp","href":"https:\/\/api.w.org\/{rel}","templated":true}]}}