{"id":1627,"date":"2018-04-20T11:22:17","date_gmt":"2018-04-20T09:22:17","guid":{"rendered":"http:\/\/genevieveetdidier.fr\/?page_id=1627"},"modified":"2020-03-24T16:58:14","modified_gmt":"2020-03-24T15:58:14","slug":"de-tourcoing-a-boursonne","status":"publish","type":"page","link":"https:\/\/genevieveetdidier.fr\/?page_id=1627","title":{"rendered":"De Tourcoing \u00e0 Boursonne"},"content":{"rendered":"<div class=\"flex_column av_one_third  flex_column_div av-zero-column-padding first  \" style='border-radius:0px; '><section class=\"av_textblock_section\"  itemscope=\"itemscope\" itemtype=\"https:\/\/schema.org\/CreativeWork\" ><div class='avia_textblock '   itemprop=\"text\" ><h2>De Tourcoing \u00e0 Boursonne<\/h2>\n<h2>Du 23 septembre au 1 octobre 2017<\/h2>\n<\/div><\/section><\/div>\n<div class=\"flex_column av_two_fifth  flex_column_div av-zero-column-padding   \" style='border-radius:0px; '><div class='avia-image-container  av-styling-   avia-align-center '  itemscope=\"itemscope\" itemtype=\"https:\/\/schema.org\/ImageObject\"  ><div class='avia-image-container-inner'><img class='avia_image ' src='https:\/\/genevieveetdidier.fr\/wp-content\/uploads\/2018\/04\/carte25.jpg' alt='' title='carte25'   itemprop=\"thumbnailUrl\"  \/><\/div><\/div><\/div>\n<div class=\"flex_column av_one_fourth  flex_column_div av-zero-column-padding   \" style='border-radius:0px; '><p><div class='avia-button-wrap avia-button-center '><a href='https:\/\/genevieveetdidier.fr\/?page_id=1546' class='avia-button  avia-icon_select-yes-left-icon avia-color-teal avia-size-small avia-position-center '   ><span class='avia_button_icon avia_button_icon_left ' aria-hidden='true' data-av_icon='\ue800' data-av_iconfont='entypo-fontello'><\/span><span class='avia_iconbox_title' >Etape pr\u00e9c\u00e9dente<\/span><\/a><\/div><br \/>\n<div  class='hr hr-default '><span class='hr-inner ' ><span class='hr-inner-style'><\/span><\/span><\/div><br \/>\n<div class='avia-button-wrap avia-button-center '><a href='https:\/\/genevieveetdidier.fr\/?page_id=1645' class='avia-button  avia-icon_select-yes-left-icon avia-color-teal avia-size-small avia-position-center '   ><span class='avia_button_icon avia_button_icon_left ' aria-hidden='true' data-av_icon='\ue800' data-av_iconfont='entypo-fontello'><\/span><span class='avia_iconbox_title' >Etape suivante<\/span><\/a><\/div><\/p><\/div><div class=\"flex_column av_one_full  flex_column_div av-zero-column-padding first  \" style='border-radius:0px; '><section class=\"av_textblock_section\"  itemscope=\"itemscope\" itemtype=\"https:\/\/schema.org\/CreativeWork\" ><div class='avia_textblock '   itemprop=\"text\" ><h3>TOURCOING \u2013 CAMBRAI 100 kms<\/h3>\n<p>Pour \u00e9viter de traverser toute l\u2019agglom\u00e9ration lilloise nous remontons vers le Nord-Est pour rejoindre l\u2019Escaut et b\u00e9n\u00e9ficier d\u2019une belle piste. Nous passons par TOURNAI et ensuite nous coupons par WALLERS, la p\u00e9riph\u00e9rie de DENAIN et nous rejoignons encore l\u2019Escaut pour aller jusque CAMBRAI.<\/p>\n<p>Tous ces d\u00e9tours nous donnent l\u2019occasion de suivre le parcours du Paris-Roubaix (la fameuse trou\u00e9e d\u2019Arenberg, Paillencourt etc.) et c\u2019est vrai que ce n\u2019est pas de tout repos.<\/p>\n<\/div><\/section><\/div><\/p>\n<\/div><\/div><\/div><!-- close content main div --><\/div><\/div><div id='av_section_1' class='avia-section main_color avia-section-default avia-no-shadow avia-full-stretch avia-bg-style-fixed  av-minimum-height av-minimum-height-75 container_wrap fullsize' style = 'background-repeat: no-repeat; background-image: url(https:\/\/genevieveetdidier.fr\/wp-content\/uploads\/2018\/04\/F1.jpg); background-attachment: fixed; background-position: center center; ' data-section-bg-repeat='stretch' ><div class='container' ><div class='template-page content  av-content-full alpha units'><div class='post-entry post-entry-type-page post-entry-1627'><div class='entry-content-wrapper clearfix'>\n<div class=\"flex_column av_one_half  flex_column_div av-zero-column-padding first  \" style='border-radius:0px; '><div class='avia-image-container  av-styling-   avia-align-center '  itemscope=\"itemscope\" itemtype=\"https:\/\/schema.org\/ImageObject\"  ><div class='avia-image-container-inner'><img class='avia_image ' src='https:\/\/genevieveetdidier.fr\/wp-content\/uploads\/2018\/04\/F2-500x375.jpg' alt='' title='La chapelle d&#039;Hasnon'   itemprop=\"thumbnailUrl\"  \/><\/div><\/div><\/div>\n<div class=\"flex_column av_one_half  flex_column_div av-zero-column-padding   \" style='border-radius:0px; '><section class=\"av_textblock_section\"  itemscope=\"itemscope\" itemtype=\"https:\/\/schema.org\/CreativeWork\" ><div class='avia_textblock '   itemprop=\"text\" ><p>Au camping de CAMBRAI il y a un autre cycliste, qui vient de Paris et remonte en Belgique. Il y a longtemps que nous n\u2019avions pas crois\u00e9 de randonneur. Hier il \u00e9tait au camping de CHIRY, demain nous y serons probablement.<\/p>\n<h6><em>La r\u00e9gion Nord-Pas-de-Calais et la Belgique proche, t\u00e9moignent encore aujourd\u2019hui d\u2019une pratique ancienne des <strong>arbres, chapelles et calvaires \u00e0 loques<\/strong>. Cette tradition des loques si particuli\u00e8re dans son expression consiste \u00e0 accrocher un objet, ou un morceau de tissus, une \u00ab\u00a0loque\u00a0\u00bb en somme, en \u00e9change d\u2019un v\u0153u ou d\u2019une demande de gu\u00e9rison. On trouve ainsi des v\u00eatements, pansements, bijoux, jouets, rubans, objets personnels, photos\u2026 accroch\u00e9s \u00e0 la grille, sur les murs voire \u00e0 un arbre proche comme c\u2019est le cas pour la <strong>chapelle du Dieu Gibloux \u00e0 HASNON<\/strong>, dans le d\u00e9partement du Nord (59).<\/em><\/h6>\n<\/div><\/section><\/div>\n<div class=\"flex_column av_one_half  flex_column_div av-zero-column-padding first  \" style='border-radius:0px; '><p><div class='avia-image-container  av-styling-   avia-align-center '  itemscope=\"itemscope\" itemtype=\"https:\/\/schema.org\/ImageObject\"  ><div class='avia-image-container-inner'><img class='avia_image ' src='https:\/\/genevieveetdidier.fr\/wp-content\/uploads\/2018\/04\/F3-500x375.jpg' alt='' title='Le routier de Chiry'   itemprop=\"thumbnailUrl\"  \/><\/div><\/div><br \/>\n<section class=\"av_textblock_section\"  itemscope=\"itemscope\" itemtype=\"https:\/\/schema.org\/CreativeWork\" ><div class='avia_textblock '   itemprop=\"text\" ><p style=\"text-align: center;\"><em>Les nappes \u00e0 carreaux donnent le ton, mais la cuisine \u00e9tait bonne\u00a0!<\/em><\/p>\n<\/div><\/section><\/p><\/div>\n<div class=\"flex_column av_one_half  flex_column_div av-zero-column-padding   \" style='border-radius:0px; '><section class=\"av_textblock_section\"  itemscope=\"itemscope\" itemtype=\"https:\/\/schema.org\/CreativeWork\" ><div class='avia_textblock '   itemprop=\"text\" ><h3>CAMBRAI \u2013 CHIRY OURSCAMPS 102 kms<\/h3>\n<p>Une journ\u00e9e sans probl\u00e8me dans la campagne du Nord, de la Somme sur des routes agr\u00e9ables et en suivant souvent des canaux (le canal du Nord).<\/p>\n<p>Le camping de CHIRY ressemble plus \u00e0 un village pour travailleurs pauvres qu\u2019\u00e0 un camping mais c\u2019est bien que cela existe.<\/p>\n<p>Le \u00ab\u00a0routier\u00a0\u00bb dans lequel nous mangeons le soir est assez surprenant aussi (et d\u2019un rapport qualit\u00e9-prix imbattable). La patronne est une \u00ab\u00a0m\u00e8re poule\u00a0\u00bb pour tous les travailleurs esseul\u00e9s qui sont l\u00e0. Elle essaie de leur faire go\u00fbter une cuisine un peu recherch\u00e9e, mais elle a bien du mal \u00e0 les convaincre.<\/p>\n<\/div><\/section><\/div>\n<div class=\"flex_column av_one_full  flex_column_div av-zero-column-padding first  \" style='border-radius:0px; '><div class='avia-image-container  av-styling-   avia-align-center '  itemscope=\"itemscope\" itemtype=\"https:\/\/schema.org\/ImageObject\"  ><div class='avia-image-container-inner'><img class='avia_image ' src='https:\/\/genevieveetdidier.fr\/wp-content\/uploads\/2018\/04\/F5.jpg' alt='' title='Pierrefonds'   itemprop=\"thumbnailUrl\"  \/><\/div><\/div><\/div>\n<div class=\"flex_column av_two_third  flex_column_div av-zero-column-padding first  \" style='border-radius:0px; '><section class=\"av_textblock_section\"  itemscope=\"itemscope\" itemtype=\"https:\/\/schema.org\/CreativeWork\" ><div class='avia_textblock '   itemprop=\"text\" ><h3>CHIRY OURSCAMPS \u2013 BOURSONNE 64 kms<\/h3>\n<p>Nous repassons par l\u2019abbaye d\u2019OURSCAMPS (la photo date de l\u2019ann\u00e9e pr\u00e9c\u00e9dente, aujourd\u2019hui c\u2019est plus gris) puis nous entrons dans les superbes for\u00eats de la plus belle des r\u00e9gions de France (non je ne suis pas chauvin\u00a0!).<\/p>\n<p>Nous prenons quelques chemins un peu trop sablonneux et nous passons bien du temps \u00e0 pousser notre monture. Ceux que nous croisons sont \u00e0 cheval, c\u2019est plus facile.<\/p>\n<p>Nous mangeons pr\u00e8s des \u00e9tangs de Saint-Pierre puis nous passons par PIERREFONDS et nous faisons les courses \u00e0 VILLERS-COTTERETS. Nous mangerons aussi de beaux c\u00e8pes ramass\u00e9s en for\u00eat.<\/p>\n<\/div><\/section><\/div>\n<div class=\"flex_column av_one_third  flex_column_div av-zero-column-padding   \" style='border-radius:0px; '><div class='avia-image-container  av-styling-   avia-align-center '  itemscope=\"itemscope\" itemtype=\"https:\/\/schema.org\/ImageObject\"  ><div class='avia-image-container-inner'><img class='avia_image ' src='https:\/\/genevieveetdidier.fr\/wp-content\/uploads\/2018\/04\/F4-500x375.jpg' alt='' title='Abbaye de Chiry Ourscamp'   itemprop=\"thumbnailUrl\"  \/><\/div><\/div><\/div>\n<\/div><\/div><\/div><!-- close content main div --><\/div><\/div><div id='av_section_2' class='avia-section main_color avia-section-default avia-no-shadow avia-bg-style-scroll  container_wrap fullsize' style = 'background-color: #e2e2e2; '  ><div class='container' ><div class='template-page content  av-content-full alpha units'><div class='post-entry post-entry-type-page post-entry-1627'><div class='entry-content-wrapper clearfix'>\n<div class=\"flex_column av_two_third  flex_column_div av-zero-column-padding first  \" style='border-radius:0px; '><section class=\"av_textblock_section\"  itemscope=\"itemscope\" itemtype=\"https:\/\/schema.org\/CreativeWork\" ><div class='avia_textblock '   itemprop=\"text\" ><h3>BOURSONNE 33 kms<\/h3>\n<p>Nous allons passer quelques jours \u00e0 BOURSONNE avant de reprendre la route vers NANTES.<\/p>\n<p>Nous profitons de notre arr\u00eat pour laisser notre v\u00e9lo en r\u00e9vision. Freins, cassette, cha\u00eene, pneux etc. il y a beaucoup \u00e0 revoir.<\/p>\n<p>Le m\u00e9canicien a fait du bon travail et il nous a rendu nos v\u00e9los. En \u00e9change nous lui avons donn\u00e9 283 euros\u00a0! Notre prix de journ\u00e9e en prend un coup\u00a0!<\/p>\n<p>Nous passons le dimanche avec L\u00e9onie et ses parents, c\u2019est super\u00a0!<\/p>\n<p>L\u00e9onie m\u2019\u00e9pate\u00a0! \u00c0 deux ans et demi elle sait se servir du t\u00e9l\u00e9phone de sa grand-m\u00e8re, elle s\u2019en sert comme appareil photos, elle pr\u00e9pare des sc\u00e8nes, photographie\u2026 je ne sais pas faire tout cela. En plus elle grimpe dans les pommiers. Je ne sais pas le faire non plus\u00a0: c\u2019est vexant. Je ne parlerai pas de sa m\u00e9moire pour reconna\u00eetre les gens sur les photos, on va dire que je ne suis pas objectif. Elle a aussi r\u00e9ussi \u00e0 me faire plier en quatre pour entrer dans la cabane \u00e0 poules de Lucien, c\u2019est dire comme elle est maligne.<\/p>\n<\/div><\/section><\/div><div class=\"flex_column av_one_third  flex_column_div av-zero-column-padding   \" style='border-radius:0px; '><div class='avia-image-container  av-styling-   avia-align-center '  itemscope=\"itemscope\" itemtype=\"https:\/\/schema.org\/ImageObject\"  ><div class='avia-image-container-inner'><img class='avia_image ' src='https:\/\/genevieveetdidier.fr\/wp-content\/uploads\/2018\/04\/F7-500x375.jpg' alt='' title='Boursonne'   itemprop=\"thumbnailUrl\"  \/><\/div><\/div><\/div><div class=\"flex_column av_one_fourth  flex_column_div av-zero-column-padding first  \" style='border-radius:0px; '><section class=\"av_textblock_section\"  itemscope=\"itemscope\" itemtype=\"https:\/\/schema.org\/CreativeWork\" ><div class='avia_textblock '   itemprop=\"text\" ><p style=\"text-align: center;\"><em>C\u2019est toujours la m\u00eame \u00e9glise, c\u2019est l\u2019inconv\u00e9nient d\u2019\u00eatre s\u00e9dentaire<\/em><\/p>\n<\/div><\/section><\/div><div class=\"flex_column av_three_fourth  flex_column_div av-zero-column-padding   \" style='border-radius:0px; '><div class='avia-image-container  av-styling-   avia-align-center '  itemscope=\"itemscope\" itemtype=\"https:\/\/schema.org\/ImageObject\"  ><div class='avia-image-container-inner'><img class='avia_image ' src='https:\/\/genevieveetdidier.fr\/wp-content\/uploads\/2018\/04\/F6-500x375.jpg' alt='' title='L\u2019\u00e9glise de Boursonne'   itemprop=\"thumbnailUrl\"  \/><\/div><\/div><\/div>\n\n","protected":false},"excerpt":{"rendered":"","protected":false},"author":1,"featured_media":0,"parent":582,"menu_order":2,"comment_status":"closed","ping_status":"closed","template":"","meta":{"_monsterinsights_skip_tracking":false,"_monsterinsights_sitenote_active":false,"_monsterinsights_sitenote_note":"","_monsterinsights_sitenote_category":0,"footnotes":""},"class_list":["post-1627","page","type-page","status-publish","hentry"],"_links":{"self":[{"href":"https:\/\/genevieveetdidier.fr\/index.php?rest_route=\/wp\/v2\/pages\/1627","targetHints":{"allow":["GET"]}}],"collection":[{"href":"https:\/\/genevieveetdidier.fr\/index.php?rest_route=\/wp\/v2\/pages"}],"about":[{"href":"https:\/\/genevieveetdidier.fr\/index.php?rest_route=\/wp\/v2\/types\/page"}],"author":[{"embeddable":true,"href":"https:\/\/genevieveetdidier.fr\/index.php?rest_route=\/wp\/v2\/users\/1"}],"replies":[{"embeddable":true,"href":"https:\/\/genevieveetdidier.fr\/index.php?rest_route=%2Fwp%2Fv2%2Fcomments&post=1627"}],"version-history":[{"count":12,"href":"https:\/\/genevieveetdidier.fr\/index.php?rest_route=\/wp\/v2\/pages\/1627\/revisions"}],"predecessor-version":[{"id":5273,"href":"https:\/\/genevieveetdidier.fr\/index.php?rest_route=\/wp\/v2\/pages\/1627\/revisions\/5273"}],"up":[{"embeddable":true,"href":"https:\/\/genevieveetdidier.fr\/index.php?rest_route=\/wp\/v2\/pages\/582"}],"wp:attachment":[{"href":"https:\/\/genevieveetdidier.fr\/index.php?rest_route=%2Fwp%2Fv2%2Fmedia&parent=1627"}],"curies":[{"name":"wp","href":"https:\/\/api.w.org\/{rel}","templated":true}]}}