{"id":1304,"date":"2018-04-10T10:24:49","date_gmt":"2018-04-10T08:24:49","guid":{"rendered":"http:\/\/genevieveetdidier.fr\/?page_id=1304"},"modified":"2018-04-11T11:06:05","modified_gmt":"2018-04-11T09:06:05","slug":"de-sahy-a-namestovo","status":"publish","type":"page","link":"https:\/\/genevieveetdidier.fr\/?page_id=1304","title":{"rendered":"De Sahy \u00e0 Namestovo"},"content":{"rendered":"<div class=\"flex_column av_one_third  flex_column_div av-zero-column-padding first  \" style='border-radius:0px; '><section class=\"av_textblock_section\"  itemscope=\"itemscope\" itemtype=\"https:\/\/schema.org\/CreativeWork\" ><div class='avia_textblock '   itemprop=\"text\" ><h2>De Sahy \u00e0 Namestovo<\/h2>\n<h2>Du 14 au 17 ao\u00fbt 2017<\/h2>\n<\/div><\/section><\/div>\n<div class=\"flex_column av_two_fifth  flex_column_div av-zero-column-padding   \" style='border-radius:0px; '><div class='avia-image-container  av-styling-   avia-align-center '  itemscope=\"itemscope\" itemtype=\"https:\/\/schema.org\/ImageObject\"  ><div class='avia-image-container-inner'><img class='avia_image ' src='https:\/\/genevieveetdidier.fr\/wp-content\/uploads\/2018\/04\/carte16.jpg' alt='' title='carte16'   itemprop=\"thumbnailUrl\"  \/><\/div><\/div><\/div>\n<div class=\"flex_column av_one_fourth  flex_column_div av-zero-column-padding   \" style='border-radius:0px; '><p><div class='avia-button-wrap avia-button-center '><a href='https:\/\/genevieveetdidier.fr\/?page_id=900' class='avia-button avia-button-fullwidth  avia-icon_select-no avia-color-teal '  style='color:#ffffff; ' ><span class='avia_iconbox_title' >Etape pr\u00e9c\u00e9dente<\/span><span class='avia_button_background avia-button avia-button-fullwidth avia-color-teal' ><\/span><\/a><\/div><br \/>\n<div  class='hr hr-default '><span class='hr-inner ' ><span class='hr-inner-style'><\/span><\/span><\/div><br \/>\n<div class='avia-button-wrap avia-button-center '><a href='https:\/\/genevieveetdidier.fr\/?page_id=1364' class='avia-button avia-button-fullwidth  avia-icon_select-no avia-color-teal '  style='color:#ffffff; ' ><span class='avia_iconbox_title' >Etape suivante<\/span><span class='avia_button_background avia-button avia-button-fullwidth avia-color-teal' ><\/span><\/a><\/div><\/p><\/div><div class=\"flex_column av_one_half  flex_column_div av-zero-column-padding first  \" style='border-radius:0px; '><div class='avia-image-container  av-styling-   avia-align-center '  itemscope=\"itemscope\" itemtype=\"https:\/\/schema.org\/ImageObject\"  ><div class='avia-image-container-inner'><img class='avia_image ' src='https:\/\/genevieveetdidier.fr\/wp-content\/uploads\/2018\/04\/SL10.jpg' alt='' title='Sahy'   itemprop=\"thumbnailUrl\"  \/><\/div><\/div><\/div><\/p>\n<div class=\"flex_column av_one_half  flex_column_div av-zero-column-padding   \" style='border-radius:0px; '><section class=\"av_textblock_section\"  itemscope=\"itemscope\" itemtype=\"https:\/\/schema.org\/CreativeWork\" ><div class='avia_textblock '   itemprop=\"text\" ><h3>SAHY<\/h3>\n<p>Nous passons la fronti\u00e8re et entrons en Slovaquie \u00e0 SAHY. Genevi\u00e8ve doit tirer de l\u2019argent pour avoir de la monnaie slovaque\u00a0; elle le fait, toute \u00e9tonn\u00e9e d\u2019avoir des euros, puis va faire des courses. L\u00e0 elle se rend compte que nous avons oubli\u00e9 la carte bleue dans le distributeur. Nous y retournons en h\u00e2te mais bien s\u00fbr la machine a aval\u00e9 la carte. Nous sommes samedi, il est douze heure trente, la banque est ferm\u00e9e et il va falloir attendre lundi pour esp\u00e9rer la r\u00e9cup\u00e9rer. Nous devons donc nous installer \u00e0 SAHY.<\/p>\n<p><em>\u00ab\u00a0Ma carte\u00a0!\u00a0\u00bb<\/em><\/p>\n<\/div><\/section><\/div>\n<div class=\"flex_column av_one_half  flex_column_div av-zero-column-padding first  \" style='border-radius:0px; '><section class=\"av_textblock_section\"  itemscope=\"itemscope\" itemtype=\"https:\/\/schema.org\/CreativeWork\" ><div class='avia_textblock '   itemprop=\"text\" ><p>Apr\u00e8s avoir constat\u00e9 que le camping de la ville n\u2019est plus en \u00e9tat de fonctionner nous optons pour l\u2019h\u00f4tel <em>Villa Romaine<\/em>, sur la place centrale de SAHY. Deux nuits \u00e0 38 euros ne gr\u00e8veront pas trop notre budget et nous permettront de nous reposer dans un vrai lit.<\/p>\n<p>Le soir nous mangeons au restaurant de l\u2019h\u00f4tel\u00a0: 14 euros pour deux, tout compris. La vie n\u2019est pas on\u00e9reuse en Slovaquie, tant mieux.<\/p>\n<p>En Italie nous avions l\u2019habitude de faire l\u2019ouverture des restos, vers 19h30, ici nous sommes toujours les derniers arriv\u00e9s, vers 19h, et nous avons vu des magasins (super march\u00e9s) qui ouvraient \u00e0 5h30 du matin. Il va falloir que nous nous adaptions\u00a0: les rythmes de vie changent avec les fronti\u00e8res.<\/p>\n<\/div><\/section><\/div>\n<div class=\"flex_column av_one_half  flex_column_div av-zero-column-padding   \" style='border-radius:0px; '><div class='avia-image-container  av-styling-   avia-align-center '  itemscope=\"itemscope\" itemtype=\"https:\/\/schema.org\/ImageObject\"  ><div class='avia-image-container-inner'><img class='avia_image ' src='https:\/\/genevieveetdidier.fr\/wp-content\/uploads\/2018\/03\/H32.jpg' alt='' title='Hotel'   itemprop=\"thumbnailUrl\"  \/><\/div><\/div><\/div>\n<div class=\"flex_column av_two_third  flex_column_div av-zero-column-padding first  \" style='border-radius:0px; '><div class='avia-image-container  av-styling-   avia-align-center '  itemscope=\"itemscope\" itemtype=\"https:\/\/schema.org\/ImageObject\"  ><div class='avia-image-container-inner'><img class='avia_image ' src='https:\/\/genevieveetdidier.fr\/wp-content\/uploads\/2018\/03\/H33-375x500.jpg' alt='' title='Sahy'   itemprop=\"thumbnailUrl\"  \/><\/div><\/div><\/div>\n<div class=\"flex_column av_one_third  flex_column_div av-zero-column-padding   \" style='border-radius:0px; '><section class=\"av_textblock_section\"  itemscope=\"itemscope\" itemtype=\"https:\/\/schema.org\/CreativeWork\" ><div class='avia_textblock '   itemprop=\"text\" ><p>La vie \u00e0 l\u2019h\u00f4tel a du bon, surtout \u00e0 ces prix l\u00e0. Repos, promenades dans la ville, repas copieux servis par une serveuse tr\u00e8s intrigu\u00e9e par le fait que nous voyageons en v\u00e9lo, t\u00e9l\u00e9vision pour reprendre contact avec l\u2019actualit\u00e9, etc. Une vie p\u00e9p\u00e8re qui fait du bien.<\/p>\n<\/div><\/section><\/div>\n<\/div><\/div><\/div><!-- close content main div --><\/div><\/div><div id='av_section_1' class='avia-section main_color avia-section-default avia-no-shadow avia-bg-style-scroll  container_wrap fullsize' style = 'background-color: #e5e5e5; '  ><div class='container' ><div class='template-page content  av-content-full alpha units'><div class='post-entry post-entry-type-page post-entry-1304'><div class='entry-content-wrapper clearfix'>\n<div class=\"flex_column av_one_full  flex_column_div av-zero-column-padding first  \" style='border-radius:0px; '><section class=\"av_textblock_section\"  itemscope=\"itemscope\" itemtype=\"https:\/\/schema.org\/CreativeWork\" ><div class='avia_textblock '   itemprop=\"text\" ><h3>SAHY \u2013 ZVOLEN 90 kms<\/h3>\n<p>D\u00e8s 8 heures nous nous pr\u00e9cipitons \u00e0 la banque pour r\u00e9cup\u00e9rer la carte bleue de Genevi\u00e8ve. L\u2019employ\u00e9 de banque nous fait un peu peur en nous disant d\u2019abord qu\u2019il n\u2019a rien trouv\u00e9, mais il v\u00e9rifie et la trouve quand m\u00eame\u00a0; il nous la redonne ensuite sans aucun probl\u00e8me.<\/p>\n<p>Nous partons sur des petites routes tr\u00e8s agr\u00e9ables. Les temp\u00e9ratures ne sont plus caniculaires et en plus il y a beaucoup de for\u00eats, nous sommes au frais, il fait bon rouler. Il y a aussi beaucoup de beaux villages et de belles petites montagnes qui, apr\u00e8s nos premiers 50 kilom\u00e8tres, nous font un peu mal aux jambes, mais on est tr\u00e8s bien.<\/p>\n<p>Une belle descente d\u2019une quinzaine de kilom\u00e8tres nous permet de d\u00e9boucher sur la vall\u00e9e o\u00f9 se trouve SVOLEN, mais nous d\u00e9bouchons sur une autoroute interdite aux v\u00e9los et il nous faut donc faire encore quelques d\u00e9tours avant d\u2019atteindre la ville.<\/p>\n<\/div><\/section><\/div><div class=\"flex_column av_one_third  flex_column_div av-zero-column-padding first  \" style='border-radius:0px; '><div class='avia-image-container  av-styling-   avia-align-center '  itemscope=\"itemscope\" itemtype=\"https:\/\/schema.org\/ImageObject\"  ><div class='avia-image-container-inner'><img class='avia_image ' src='https:\/\/genevieveetdidier.fr\/wp-content\/uploads\/2018\/04\/SL13-1-579x1030.jpg' alt='' title='Zvolen'   itemprop=\"thumbnailUrl\"  \/><\/div><\/div><\/div><div class=\"flex_column av_one_third  flex_column_div av-zero-column-padding   \" style='border-radius:0px; '><section class=\"av_textblock_section\"  itemscope=\"itemscope\" itemtype=\"https:\/\/schema.org\/CreativeWork\" ><div class='avia_textblock '   itemprop=\"text\" ><p>Pour la premi\u00e8re fois nous nous faisons arr\u00eater par la police qui nous fait remarquer gentiment que le port du casque est obligatoire en dehors des villes\u00a0; en fait le policier et sa jeune stagiaire avaient plut\u00f4t envie de discuter, et ils\u00a0 nous posent beaucoup de questions sur notre voyage.<\/p>\n<p>Nous nous installons dans un camping qui a tr\u00e8s mauvaise presse, mais il a l\u2019air tr\u00e8s bien\u00a0: il y a tr\u00e8s peu de monde, tout est bien vert. Certes les sanitaires pourraient \u00eatre plus modernes, mais nous y passons une tr\u00e8s bonne nuit, apr\u00e8s un tr\u00e8s bon repas au restaurant situ\u00e9 \u00e0 l\u2019entr\u00e9e du camping. Comme quoi il ne faut pas se fier aux commentaires qui sont sur internet.<\/p>\n<\/div><\/section><\/div><div class=\"flex_column av_one_third  flex_column_div av-zero-column-padding   \" style='border-radius:0px; '><p><div class='avia-image-container  av-styling-   avia-align-center '  itemscope=\"itemscope\" itemtype=\"https:\/\/schema.org\/ImageObject\"  ><div class='avia-image-container-inner'><img class='avia_image ' src='https:\/\/genevieveetdidier.fr\/wp-content\/uploads\/2018\/04\/SL11.jpg' alt='' title='\u00a0Le ch\u00e2teau de Zvolen'   itemprop=\"thumbnailUrl\"  \/><\/div><\/div><br \/>\n<section class=\"av_textblock_section\"  itemscope=\"itemscope\" itemtype=\"https:\/\/schema.org\/CreativeWork\" ><div class='avia_textblock '   itemprop=\"text\" ><p style=\"text-align: center;\">\u00a0<em>Le ch\u00e2teau de Zvolen<\/em><\/p>\n<\/div><\/section><\/p><\/div>\n\n<div class=\"flex_column av_two_third  flex_column_div av-zero-column-padding first  \" style='border-radius:0px; '><section class=\"av_textblock_section\"  itemscope=\"itemscope\" itemtype=\"https:\/\/schema.org\/CreativeWork\" ><div class='avia_textblock '   itemprop=\"text\" ><h3>ZVOLEN \u2013 RUZOMBEROK 90 kms<\/h3>\n<p>Belle matin\u00e9e, bien fraiche et riche en d\u00e9couvertes. D\u2019abord ZVOLEN et sa belle piste cyclable qui monte vers le Nord, dans la plaine. Ensuite une superbe \u00e9glise en bois (\u00e0 HRONSEK) class\u00e9e au patrimoine mondial de l\u2019UNESCO<\/p>\n<\/div><\/section><\/div>\n<div class=\"flex_column av_one_third  flex_column_div av-zero-column-padding   \" style='border-radius:0px; '><div class='avia-image-container  av-styling-   avia-align-center '  itemscope=\"itemscope\" itemtype=\"https:\/\/schema.org\/ImageObject\"  ><div class='avia-image-container-inner'><img class='avia_image ' src='https:\/\/genevieveetdidier.fr\/wp-content\/uploads\/2018\/04\/SL14-1030x579.jpg' alt='' title='Hronsek'   itemprop=\"thumbnailUrl\"  \/><\/div><\/div><\/div>\n<div class=\"flex_column av_one_half  flex_column_div av-zero-column-padding first  \" style='border-radius:0px; '><div class='avia-image-container  av-styling-   avia-align-center '  itemscope=\"itemscope\" itemtype=\"https:\/\/schema.org\/ImageObject\"  ><div class='avia-image-container-inner'><img class='avia_image ' src='https:\/\/genevieveetdidier.fr\/wp-content\/uploads\/2018\/04\/SL19.jpg' alt='' title='Hronsek'   itemprop=\"thumbnailUrl\"  \/><\/div><\/div><\/div>\n<div class=\"flex_column av_one_half  flex_column_div av-zero-column-padding   \" style='border-radius:0px; '><div class='avia-image-container  av-styling-   avia-align-center '  itemscope=\"itemscope\" itemtype=\"https:\/\/schema.org\/ImageObject\"  ><div class='avia-image-container-inner'><img class='avia_image ' src='https:\/\/genevieveetdidier.fr\/wp-content\/uploads\/2018\/04\/SL18.jpg' alt='' title='SL18'   itemprop=\"thumbnailUrl\"  \/><\/div><\/div><\/div>\n<div class=\"flex_column av_one_half  flex_column_div av-zero-column-padding first  \" style='border-radius:0px; '><section class=\"av_textblock_section\"  itemscope=\"itemscope\" itemtype=\"https:\/\/schema.org\/CreativeWork\" ><div class='avia_textblock '   itemprop=\"text\" ><h6><em>L\u2019\u00e9glise protestante articulaire et son clocher datent du d\u00e9but 18<sup>\u00e8me<\/sup> (les travaux de construction ont dur\u00e9 du 23 octobre 1725 au 31 octobre 1726). Les deux sont construits \u00e0 partir des articles (les lois accept\u00e9es par la di\u00e8te de Sopron en 1681) d\u00e9terminant que\u00a0:<\/em><\/h6>\n<ol>\n<li>\n<h6><em>L\u2019\u00e9glise devait \u00eatre enti\u00e8rement construite en bois. <\/em><\/h6>\n<\/li>\n<li>\n<h6><em>\u00a0La charpente de l\u2019\u00e9glise ne pouvait pas contenir d\u2019\u00e9l\u00e9ments ferreux. <\/em><\/h6>\n<\/li>\n<li>\n<h6><em>L\u2019\u00e9glise ne pouvait pas disposer de tour.<\/em><\/h6>\n<\/li>\n<li>\n<h6><em> L\u2019entr\u00e9e principale dans l\u2019\u00e9glise devait \u00eatre situ\u00e9e hors du village.<\/em><\/h6>\n<\/li>\n<li>\n<h6><em> Les travaux de construction ne pouvaient pas durer plus d\u2019un an.<\/em><\/h6>\n<\/li>\n<\/ol>\n<\/div><\/section><\/div>\n<div class=\"flex_column av_one_half  flex_column_div av-zero-column-padding   \" style='border-radius:0px; '><div class='avia-image-container  av-styling-   avia-align-center '  itemscope=\"itemscope\" itemtype=\"https:\/\/schema.org\/ImageObject\"  ><div class='avia-image-container-inner'><img class='avia_image ' src='https:\/\/genevieveetdidier.fr\/wp-content\/uploads\/2018\/04\/SL15-1030x579.jpg' alt='' title='Hronsek'   itemprop=\"thumbnailUrl\"  \/><\/div><\/div><\/div>\n<\/div><\/div><\/div><!-- close content main div --><\/div><\/div><div id='av_section_2' class='avia-section main_color avia-section-default avia-no-shadow avia-bg-style-scroll  container_wrap fullsize' style = 'background-color: #eaeaea; '  ><div class='container' ><div class='template-page content  av-content-full alpha units'><div class='post-entry post-entry-type-page post-entry-1304'><div class='entry-content-wrapper clearfix'>\n<div class=\"flex_column av_one_full  flex_column_div av-zero-column-padding first  \" style='border-radius:0px; '><section class=\"av_textblock_section\"  itemscope=\"itemscope\" itemtype=\"https:\/\/schema.org\/CreativeWork\" ><div class='avia_textblock '   itemprop=\"text\" ><h3>RUZEMBEROK \u2013 NAMESTOVO 65 kms<\/h3>\n<p>Heureusement que l\u2019\u00e9tape \u00e9tait courte, car elle fut rude. Nous avons voulu prendre des petites routes au d\u00e9but, et nous avons \u00e9t\u00e9 servis\u00a0: en fait nous pouvons dire que nous avons commenc\u00e9 la journ\u00e9e par trois heures de VTT. Nous avons ainsi profit\u00e9 de petits chemins de for\u00eat et m\u00eame de p\u00e2turages fraichement fauch\u00e9s\u00a0: des paysages et des odeurs tr\u00e8s agr\u00e9ables.<\/p>\n<p>Mais au bout de trois heures nous n\u2019avions fait que 20 kilom\u00e8tres. Il a fallu ensuite prendre la route et cela n\u2019a pas toujours \u00e9t\u00e9 dr\u00f4le. La circulation des poids lourds \u00e9tait tr\u00e8s dense, tr\u00e8s rapide aussi, et nous n\u2019avions aucune place pour circuler\u00a0: nous n\u2019avions plus qu\u2019\u00e0 faire nos pri\u00e8res, et Genevi\u00e8ve de chanter \u00e0 tue-t\u00eate.<\/p>\n<\/div><\/section><\/div><div class=\"flex_column av_one_half  flex_column_div av-zero-column-padding first  \" style='border-radius:0px; '><div class='avia-image-container  av-styling-   avia-align-center '  itemscope=\"itemscope\" itemtype=\"https:\/\/schema.org\/ImageObject\"  ><div class='avia-image-container-inner'><img class='avia_image ' src='https:\/\/genevieveetdidier.fr\/wp-content\/uploads\/2018\/04\/SL21.jpg' alt='' title=''   itemprop=\"thumbnailUrl\"  \/><\/div><\/div><\/div><div class=\"flex_column av_one_half  flex_column_div av-zero-column-padding   \" style='border-radius:0px; '><div class='avia-image-container  av-styling-   avia-align-center '  itemscope=\"itemscope\" itemtype=\"https:\/\/schema.org\/ImageObject\"  ><div class='avia-image-container-inner'><img class='avia_image ' src='https:\/\/genevieveetdidier.fr\/wp-content\/uploads\/2018\/04\/SL22.jpg' alt='' title=''   itemprop=\"thumbnailUrl\"  \/><\/div><\/div><\/div>\n\n<\/div><\/div><\/div><!-- close content main div --><\/div><\/div><div id='av_section_3' class='avia-section main_color avia-section-default avia-no-shadow avia-full-stretch avia-bg-style-fixed  av-minimum-height av-minimum-height-50 container_wrap fullsize' style = 'background-repeat: no-repeat; background-image: url(https:\/\/genevieveetdidier.fr\/wp-content\/uploads\/2018\/04\/SL24.jpg); background-attachment: fixed; background-position: center center; ' data-section-bg-repeat='stretch' ><div class='container' ><div class='template-page content  av-content-full alpha units'><div class='post-entry post-entry-type-page post-entry-1304'><div class='entry-content-wrapper clearfix'>\n<div class=\"flex_column av_one_half  flex_column_div av-zero-column-padding first  \" style='border-radius:0px; '><section class=\"av_textblock_section\"  itemscope=\"itemscope\" itemtype=\"https:\/\/schema.org\/CreativeWork\" ><div class='avia_textblock '   itemprop=\"text\" ><p>Apr\u00e8s le ch\u00e2teau de Dracula (\u00e0 ORAVA)<a href=\"#_ftn1\" name=\"_ftnref1\">[1]<\/a> nous avons eu une bonne dizaine de kilom\u00e8tres de grimp\u00e9e, dont plusieurs \u00e0 12%, avant de redescendre dans la vall\u00e9e o\u00f9 se trouve le lac de NAMESTOVO. Nous camperons sur les rives du lac, dans un cadre superbe.<\/p>\n<h6><a href=\"#_ftnref1\" name=\"_ftn1\">[1]<\/a> Le <strong>ch\u00e2teau d\u2019Orava <\/strong>est un ch\u00e2teau construit au xiii<sup>e<\/sup> si\u00e8cle surplombant la rivi\u00e8re Orava dans le nord de la Slovaquie. De nombreuses sc\u00e8nes du film de 1922 <em>Nosferatu le vampire<\/em> y ont \u00e9t\u00e9 tourn\u00e9es. \u00c0 l&rsquo;origine de style \u00a0roman et gothique, il fut r\u00e9nov\u00e9 dans un style renaissance et n\u00e9o-gothique. (Wikip\u00e9dia)<\/h6>\n<\/div><\/section><\/div>\n<div class=\"flex_column av_one_half  flex_column_div av-zero-column-padding   \" style='border-radius:0px; '><div class='avia-image-container  av-styling-   avia-align-center '  itemscope=\"itemscope\" itemtype=\"https:\/\/schema.org\/ImageObject\"  ><div class='avia-image-container-inner'><img class='avia_image ' src='https:\/\/genevieveetdidier.fr\/wp-content\/uploads\/2018\/04\/SL23.jpg' alt='' title='Ch\u00e2teau de Dracula'   itemprop=\"thumbnailUrl\"  \/><\/div><\/div><\/div>\n","protected":false},"excerpt":{"rendered":"","protected":false},"author":1,"featured_media":0,"parent":459,"menu_order":0,"comment_status":"closed","ping_status":"closed","template":"","meta":{"_monsterinsights_skip_tracking":false,"_monsterinsights_sitenote_active":false,"_monsterinsights_sitenote_note":"","_monsterinsights_sitenote_category":0,"footnotes":""},"class_list":["post-1304","page","type-page","status-publish","hentry"],"_links":{"self":[{"href":"https:\/\/genevieveetdidier.fr\/index.php?rest_route=\/wp\/v2\/pages\/1304","targetHints":{"allow":["GET"]}}],"collection":[{"href":"https:\/\/genevieveetdidier.fr\/index.php?rest_route=\/wp\/v2\/pages"}],"about":[{"href":"https:\/\/genevieveetdidier.fr\/index.php?rest_route=\/wp\/v2\/types\/page"}],"author":[{"embeddable":true,"href":"https:\/\/genevieveetdidier.fr\/index.php?rest_route=\/wp\/v2\/users\/1"}],"replies":[{"embeddable":true,"href":"https:\/\/genevieveetdidier.fr\/index.php?rest_route=%2Fwp%2Fv2%2Fcomments&post=1304"}],"version-history":[{"count":6,"href":"https:\/\/genevieveetdidier.fr\/index.php?rest_route=\/wp\/v2\/pages\/1304\/revisions"}],"predecessor-version":[{"id":1308,"href":"https:\/\/genevieveetdidier.fr\/index.php?rest_route=\/wp\/v2\/pages\/1304\/revisions\/1308"}],"up":[{"embeddable":true,"href":"https:\/\/genevieveetdidier.fr\/index.php?rest_route=\/wp\/v2\/pages\/459"}],"wp:attachment":[{"href":"https:\/\/genevieveetdidier.fr\/index.php?rest_route=%2Fwp%2Fv2%2Fmedia&parent=1304"}],"curies":[{"name":"wp","href":"https:\/\/api.w.org\/{rel}","templated":true}]}}