{"id":1158,"date":"2018-04-04T23:41:21","date_gmt":"2018-04-04T21:41:21","guid":{"rendered":"http:\/\/genevieveetdidier.fr\/?page_id=1158"},"modified":"2018-04-06T23:06:56","modified_gmt":"2018-04-06T21:06:56","slug":"sardaigne","status":"publish","type":"page","link":"https:\/\/genevieveetdidier.fr\/?page_id=1158","title":{"rendered":"Sardaigne"},"content":{"rendered":"<div class=\"flex_column av_two_fifth  flex_column_div av-zero-column-padding first  \" style='border-radius:0px; '><section class=\"av_textblock_section\"  itemscope=\"itemscope\" itemtype=\"https:\/\/schema.org\/CreativeWork\" ><div class='avia_textblock '   itemprop=\"text\" ><h2>De Cagliari \u00e0 Propriano<\/h2>\n<h2>Du 2\u00a0 au 6 juillet 2017<\/h2>\n<\/div><\/section><\/div>\n<div class=\"flex_column av_one_third  flex_column_div av-zero-column-padding   \" style='border-radius:0px; '><div class='avia-image-container  av-styling-   avia-align-center '  itemscope=\"itemscope\" itemtype=\"https:\/\/schema.org\/ImageObject\"  ><div class='avia-image-container-inner'><img class='avia_image ' src='https:\/\/genevieveetdidier.fr\/wp-content\/uploads\/2018\/04\/carte11.jpg' alt='' title='carte11'   itemprop=\"thumbnailUrl\"  \/><\/div><\/div><\/div>\n<div class=\"flex_column av_one_fourth  flex_column_div av-zero-column-padding   \" style='border-radius:0px; '><p><div class='avia-button-wrap avia-button-center '><a href='https:\/\/genevieveetdidier.fr\/?page_id=831' class='avia-button  avia-icon_select-yes-left-icon avia-color-teal avia-size-large avia-position-center '   ><span class='avia_button_icon avia_button_icon_left ' aria-hidden='true' data-av_icon='\ue866' data-av_iconfont='entypo-fontello'><\/span><span class='avia_iconbox_title' >Etape pr\u00e9c\u00e9dente<\/span><\/a><\/div><br \/>\n<div  class='hr hr-default '><span class='hr-inner ' ><span class='hr-inner-style'><\/span><\/span><\/div><br \/>\n<div class='avia-button-wrap avia-button-center '><a href='https:\/\/genevieveetdidier.fr\/?page_id=981' class='avia-button  avia-icon_select-yes-left-icon avia-color-teal avia-size-large avia-position-center '   ><span class='avia_button_icon avia_button_icon_left ' aria-hidden='true' data-av_icon='\ue866' data-av_iconfont='entypo-fontello'><\/span><span class='avia_iconbox_title' >Etape suivante<\/span><\/a><\/div><\/p><\/div>\n<div class=\"flex_column av_three_fourth  flex_column_div av-zero-column-padding first  \" style='border-radius:0px; '><section class=\"av_textblock_section\"  itemscope=\"itemscope\" itemtype=\"https:\/\/schema.org\/CreativeWork\" ><div class='avia_textblock '   itemprop=\"text\" ><h6><em>\u00a0La Sardaigne est, par sa surface, la seconde \u00eele de la <\/em><em>mer M\u00e9diterran\u00e9e et une r\u00e9gion autonome \u00e0 statut sp\u00e9cial d&rsquo;Italie dont la d\u00e9nomination officielle est <strong>r\u00e9gion autonome de la Sardaigne<\/strong> (en italien <\/em><em>Regione Autonoma della Sardegna<\/em><em>, en <\/em><em>sarde Regione Aut\u00f2noma de Sardigna). Son statut sp\u00e9cial garantit l&rsquo;autonomie administrative des institutions locales et la protection de ses particularit\u00e9s linguistiques et culturelles. (Wikip\u00e9dia)<\/em><\/h6>\n<\/div><\/section><\/div>\n<div class=\"flex_column av_one_fourth  flex_column_div av-zero-column-padding   \" style='border-radius:0px; '><div class='avia-image-container  av-styling-   avia-align-center '  itemscope=\"itemscope\" itemtype=\"https:\/\/schema.org\/ImageObject\"  ><div class='avia-image-container-inner'><img class='avia_image ' src='https:\/\/genevieveetdidier.fr\/wp-content\/uploads\/2018\/04\/SA3.png' alt='' title='Sardaigne'   itemprop=\"thumbnailUrl\"  \/><\/div><\/div><\/div>\n<\/div><\/div><\/div><!-- close content main div --><\/div><\/div><div id='av_section_1' class='avia-section main_color avia-section-default avia-no-shadow avia-full-stretch avia-bg-style-fixed  av-minimum-height av-minimum-height-50 container_wrap fullsize' style = 'background-repeat: no-repeat; background-image: url(https:\/\/genevieveetdidier.fr\/wp-content\/uploads\/2018\/04\/SA1.jpg); background-attachment: fixed; background-position: center center; ' data-section-bg-repeat='stretch' ><div class='container' ><div class='template-page content  av-content-full alpha units'><div class='post-entry post-entry-type-page post-entry-1158'><div class='entry-content-wrapper clearfix'>\n<div class=\"flex_column av_three_fourth  flex_column_div av-zero-column-padding first  \" style='border-radius:0px; '><section class=\"av_textblock_section\"  itemscope=\"itemscope\" itemtype=\"https:\/\/schema.org\/CreativeWork\" ><div class='avia_textblock '   itemprop=\"text\" ><h3>\u00a0CAGLIARI \u2013 URAS 83 kms<\/h3>\n<p>La nuit n\u2019a pas \u00e9t\u00e9 aussi longue que nous le craignions, les p\u00e9riodes d\u2019endormissement ont d\u00fb \u00eatre nombreuses.<\/p>\n<p>\u00c0 l\u2019arriv\u00e9e \u00e0 CAGLIARI nous avons vu qu\u2019il y avait de gros nuages et nous avons effectivement essuy\u00e9 (c\u2019est le cas de le dire) un gros orage et une pluie tr\u00e8s forte. Heureusement que nous avons pu nous abriter un peu dans l\u2019abri \u00e0 caddy d\u2019un super march\u00e9. Nous ne savions pas que cet orage allait \u00eatre suivi d\u2019un vent tr\u00e8s fort que nous avons eu bien s\u00fbr de face toute la journ\u00e9e. Les gens du pays appellent ce vent le \u00ab\u00a0Mistral\u00a0\u00bb, est-ce le m\u00eame que chez nous, il faudra v\u00e9rifier.<\/p>\n<p>L\u2019\u00e9tape a donc \u00e9t\u00e9 tr\u00e8s dure. Nous remontons vers le nord-ouest, en traversant toute la Sardaigne, les paysages sont tr\u00e8s arides pour ne pas dire d\u00e9sertiques. Nous faisons \u00e9tape \u00e0 URAS, zone un peu plus verte, mais manque de chance une bonne partie du village, et en particulier le B&amp;B o\u00f9 nous allons (il n\u2019y a pas de camping), est priv\u00e9 d\u2019eau.<\/p>\n<p><em>\u00a0<\/em><\/p>\n<p>Le restaurant o\u00f9 nous mangeons le soir est vraiment tr\u00e8s sympathique et tr\u00e8s vivant\u00a0; tout le village doit s\u2019y donner rendez-vous. Gr\u00e2ce \u00e0 la g\u00e9n\u00e9rosit\u00e9 de quelques consommateurs qui viennent discuter avec nous, nous pouvons go\u00fbter, \u00e0 l\u2019ap\u00e9ritif, quelques sp\u00e9cialit\u00e9s locales int\u00e9ressantes.<\/p>\n<p>La suite du repas est amusante et montre combien le manque de langue fait parfois saliver. Genevi\u00e8ve avait command\u00e9 une soupe, elle aime \u00e7a, mais en voyant une grosse assiette de moules passer devant elle, elle se met \u00e0 regretter\u00a0: \u00ab\u00a0j\u2019aimerais bien commander un plat comme \u00e7a mais je ne sais pas comment on dit\u00a0\u00bb. Il est vrai que bien souvent nous commandons \u00ab\u00a0en aveugle\u00a0\u00bb, les menus ne sont pas traduits. Et nous attendons que nos plats arrivent. Et qu\u2019am\u00e8ne le gar\u00e7on\u00a0? je vous le donne en mille \u00c9mile, mon assiette de la mer, d\u2019accord, mais aussi une grosse assiette de moules pour Genevi\u00e8ve. Les incompr\u00e9hensions linguistiques et les faux-amis font parfois bien les choses. La \u00ab\u00a0<em>zuppa di cozze<\/em>\u00a0\u00bb ce n\u2019est pas de la soupe, ce sont des moules\u00a0!<\/p>\n<\/div><\/section><\/div>\n<div class=\"flex_column av_one_fourth  flex_column_div av-zero-column-padding   \" style='border-radius:0px; '><p><div class='avia-image-container  av-styling-   avia-align-center '  itemscope=\"itemscope\" itemtype=\"https:\/\/schema.org\/ImageObject\"  ><div class='avia-image-container-inner'><img class='avia_image ' src='https:\/\/genevieveetdidier.fr\/wp-content\/uploads\/2018\/04\/SA2.jpg' alt='' title='SA2'   itemprop=\"thumbnailUrl\"  \/><\/div><\/div><br \/>\n<section class=\"av_textblock_section\"  itemscope=\"itemscope\" itemtype=\"https:\/\/schema.org\/CreativeWork\" ><div class='avia_textblock '   itemprop=\"text\" ><p><em>\u00a0<\/em><\/p>\n<p style=\"text-align: center;\"><em>Un ange gardien a veill\u00e9 sur nous tout au long de notre p\u00e9riple. Nous avons eu l\u2019occasion de le croiser en Sardaigne.<\/em><\/p>\n<\/div><\/section><\/p><\/div>\n<\/div><\/div><\/div><!-- close content main div --><\/div><\/div><div id='av_section_2' class='avia-section main_color avia-section-default avia-no-shadow avia-bg-style-scroll  container_wrap fullsize' style = 'background-color: #e5e5e5; '  ><div class='container' ><div class='template-page content  av-content-full alpha units'><div class='post-entry post-entry-type-page post-entry-1158'><div class='entry-content-wrapper clearfix'>\n<div class=\"flex_column av_two_third  flex_column_div av-zero-column-padding first  \" style='border-radius:0px; '><section class=\"av_textblock_section\"  itemscope=\"itemscope\" itemtype=\"https:\/\/schema.org\/CreativeWork\" ><div class='avia_textblock '   itemprop=\"text\" ><h3>URAS \u2013 CUGLIERI 71 kms<\/h3>\n<p>Une journ\u00e9e \u00ab\u00a0lisse\u00a0\u00bb, conforme aux pr\u00e9visions, c\u2019est tr\u00e8s rare. La route que nous prenons suit \u00e0 peu pr\u00e8s l\u2019itin\u00e9raire de l\u2019autoroute, mais c\u2019est une route agr\u00e9able. Nous longeons un grand lac puis nous arrivons \u00e0 ORISTANO o\u00f9 il y a beaucoup de bouchons que nous d\u00e9passons all\u00e8grement avec nos v\u00e9los (c\u2019est toujours un plaisir que de narguer, avec le sourire, les automobilistes qui cuisent et pestent dans leur voiture).<\/p>\n<p>Nous prenons ensuite la SS vers BOSA. \u00c7a monte, oui, mais c\u2019est agr\u00e9able, cela se fait bien, la chaleur n\u2019est pas trop accablante (bon, \u00e0 mon avis, dans les c\u00f4tes, ce sont les automobilistes qui doivent nous narguer un peu en nous klaxonnant). Les bords de mer sont plein de charme.<\/p>\n<p>Nous nous arr\u00eatons \u00e0 CUGLIERI, dans un petit g\u00eete, tout en haut d\u2019une petite sente de cette vieille ville perch\u00e9e (eh oui, c\u2019est toujours en-haut\u00a0!). C\u2019est une petite ville de caract\u00e8re et le g\u00eete n\u2019en manque pas non plus\u00a0; de belles pi\u00e8ces vout\u00e9es, une cuisine sans fen\u00eatre, on est comme dans un tonneau au frais dans la cave, on est bien. Le g\u00eete appartient \u00e0 une jeune fille \u00e9tudiante en art, il est d\u00e9cor\u00e9 avec go\u00fbt. Cette fille est partie faire le tour de la Croatie en v\u00e9lo, ce doit \u00eatre quelqu\u2019un de bien, tout comme sa m\u00e8re qui nous accueille. Une bonne nuit de repos et tout est parfait.<\/p>\n<\/div><\/section><\/div><div class=\"flex_column av_one_third  flex_column_div av-zero-column-padding   \" style='border-radius:0px; '><div class='avia-image-container  av-styling-   avia-align-center '  itemscope=\"itemscope\" itemtype=\"https:\/\/schema.org\/ImageObject\"  ><div class='avia-image-container-inner'><img class='avia_image ' src='https:\/\/genevieveetdidier.fr\/wp-content\/uploads\/2018\/04\/SA17.jpg' alt='' title='SA17'   itemprop=\"thumbnailUrl\"  \/><\/div><\/div><\/div>\n\n<div class=\"flex_column av_one_half  flex_column_div av-zero-column-padding first  \" style='border-radius:0px; '><div class='avia-image-container  av-styling-   avia-align-center '  itemscope=\"itemscope\" itemtype=\"https:\/\/schema.org\/ImageObject\"  ><div class='avia-image-container-inner'><img class='avia_image ' src='https:\/\/genevieveetdidier.fr\/wp-content\/uploads\/2018\/04\/SA6.jpg' alt='' title='Vue de Cuglieri'   itemprop=\"thumbnailUrl\"  \/><\/div><\/div><\/div>\n<div class=\"flex_column av_one_half  flex_column_div av-zero-column-padding   \" style='border-radius:0px; '><div class='avia-image-container  av-styling-   avia-align-center '  itemscope=\"itemscope\" itemtype=\"https:\/\/schema.org\/ImageObject\"  ><div class='avia-image-container-inner'><img class='avia_image ' src='https:\/\/genevieveetdidier.fr\/wp-content\/uploads\/2018\/04\/SA4.jpg' alt='' title=''   itemprop=\"thumbnailUrl\"  \/><\/div><\/div><\/div>\n<div class=\"flex_column av_one_full  flex_column_div av-zero-column-padding first  \" style='border-radius:0px; '><section class=\"av_textblock_section\"  itemscope=\"itemscope\" itemtype=\"https:\/\/schema.org\/CreativeWork\" ><div class='avia_textblock '   itemprop=\"text\" ><h3>CUGLIERI \u2013 ALGHERO FERTILIA 72 kms<\/h3>\n<p>C\u2019est superbe. La route sait ajouter du plaisir au bonheur. Plaisir des paysages, du silence, c\u2019est paradisiaque. Nous allons d\u2019abord \u00e0 BOSA. Nous y avions d\u00e9j\u00e0 pass\u00e9 des vacances chez les parents de Joseph, mais y arriver en v\u00e9lo, par la c\u00f4te, c\u2019est encore plus beau.<\/p>\n<p>Ensuite c\u2019est comme dans un r\u00eave\u00a0: 48 kilom\u00e8tres sans un seul village, dans les montagnes arides qui bordent la mer, avec une vue imprenable. Bien s\u00fbr \u00e7a monte, \u00e7a monte, \u00e7a redescend aussi mais ce n\u2019est pas de tout repos. Bien s\u00fbr il fait chaud, tr\u00e8s chaud et il n\u2019y a pas d\u2019ombre. C\u2019est dans le foss\u00e9, \u00e0 l\u2019abri d\u2019un buisson, que nous prendrons notre repas de midi. Bien s\u00fbr ce n\u2019est pas le confort, mais qu\u2019est-ce qu\u2019on est bien\u00a0! S\u00fbrement une des plus belles portions de notre p\u00e9riple.<\/p>\n<\/div><\/section><\/div>\n<div class=\"flex_column av_one_half  flex_column_div av-zero-column-padding first  \" style='border-radius:0px; '><div class='avia-image-container  av-styling-   avia-align-center '  itemscope=\"itemscope\" itemtype=\"https:\/\/schema.org\/ImageObject\"  ><div class='avia-image-container-inner'><img class='avia_image ' src='https:\/\/genevieveetdidier.fr\/wp-content\/uploads\/2018\/04\/SA7.jpg' alt='' title='C\u00f4te ouest de la Sardaigne'   itemprop=\"thumbnailUrl\"  \/><\/div><\/div><\/div>\n<div class=\"flex_column av_one_half  flex_column_div av-zero-column-padding   \" style='border-radius:0px; '><div class='avia-image-container  av-styling-   avia-align-center '  itemscope=\"itemscope\" itemtype=\"https:\/\/schema.org\/ImageObject\"  ><div class='avia-image-container-inner'><img class='avia_image ' src='https:\/\/genevieveetdidier.fr\/wp-content\/uploads\/2018\/04\/SA16-500x281.jpg' alt='' title='C\u00f4te ouest'   itemprop=\"thumbnailUrl\"  \/><\/div><\/div><\/div><div class=\"flex_column av_one_full  flex_column_div av-zero-column-padding first  \" style='border-radius:0px; '><section class=\"av_textblock_section\"  itemscope=\"itemscope\" itemtype=\"https:\/\/schema.org\/CreativeWork\" ><div class='avia_textblock '   itemprop=\"text\" ><p>La route m\u00e8ne \u00e0 ALGHERO, une station baln\u00e9aire tr\u00e8s bien fr\u00e9quent\u00e9e\u00a0; il y a du monde, du beau monde mais la station est belle. Le camping que nous trouvons est un peu plus loin, \u00e0 FERTILIA, et il est situ\u00e9 entre une grande plage de sable blanc et un grand \u00e9tang avec des flamants roses. C\u2019est un grand camping qui n\u2019est peut-\u00eatre pas un mod\u00e8le de calme mais c\u2019est bien quand m\u00eame. Nous sommes install\u00e9s dans la zone la moins ch\u00e8re et elle est assez pr\u00e8s du podium d\u2019animation. Cette nuit nous dormirons au son du karaok\u00e9.<\/p>\n<p>Au cours de notre balade du soir nous avons vu un immeuble, ancien centre de vacances et de voile, qui sert de centre d\u2019accueil et de formation pour les migrants. Cela fait plaisir de voir que certains sont quand m\u00eame pris en charge, mais il en reste beaucoup sur les routes.<\/p>\n<\/div><\/section><\/div><\/p>\n<div id='av-masonry-1' class='av-masonry noHover av-flex-size av-large-gap av-hover-overlay-active av-masonry-col-flexible av-caption-always av-caption-style- av-masonry-gallery    '  ><div class='av-masonry-container isotope av-js-disabled ' ><div class='av-masonry-entry isotope-item av-masonry-item-no-image '><\/div><a href=\"https:\/\/genevieveetdidier.fr\/wp-content\/uploads\/2018\/04\/SA8.jpg\" id='av-masonry-1-item-1206' data-av-masonry-item='1206' class='av-masonry-entry isotope-item post-1206 attachment type-attachment status-inherit hentry  av-masonry-item-with-image' title=\"\"  itemprop=\"thumbnailUrl\" ><div class='av-inner-masonry-sizer'><\/div><figure class='av-inner-masonry main_color'><div class=\"av-masonry-outerimage-container\"><div class=\"av-masonry-image-container\" style=\"background-image: url(https:\/\/genevieveetdidier.fr\/wp-content\/uploads\/2018\/04\/SA8.jpg);\"><img decoding=\"async\" src=\"https:\/\/genevieveetdidier.fr\/wp-content\/uploads\/2018\/04\/SA8.jpg\" title=\"Alghero\" alt=\"\" \/><\/div><\/div><figcaption class='av-inner-masonry-content site-background'><div class='av-inner-masonry-content-pos'><div class='av-inner-masonry-content-pos-content'><div class='avia-arrow'><\/div><h3 class='av-masonry-entry-title entry-title'  itemprop=\"headline\" >Alghero<\/h3><\/div><\/div><\/figcaption><\/figure><\/a><!--end av-masonry entry--><a href=\"https:\/\/genevieveetdidier.fr\/wp-content\/uploads\/2018\/04\/SA9.jpg\" id='av-masonry-1-item-1205' data-av-masonry-item='1205' class='av-masonry-entry isotope-item post-1205 attachment type-attachment status-inherit hentry  av-masonry-item-with-image' title=\"\"  itemprop=\"thumbnailUrl\" ><div class='av-inner-masonry-sizer'><\/div><figure class='av-inner-masonry main_color'><div class=\"av-masonry-outerimage-container\"><div class=\"av-masonry-image-container\" style=\"background-image: url(https:\/\/genevieveetdidier.fr\/wp-content\/uploads\/2018\/04\/SA9.jpg);\"><img decoding=\"async\" src=\"https:\/\/genevieveetdidier.fr\/wp-content\/uploads\/2018\/04\/SA9.jpg\" title=\"Alghero\" alt=\"\" \/><\/div><\/div><figcaption class='av-inner-masonry-content site-background'><div class='av-inner-masonry-content-pos'><div class='av-inner-masonry-content-pos-content'><div class='avia-arrow'><\/div><h3 class='av-masonry-entry-title entry-title'  itemprop=\"headline\" >Alghero<\/h3><\/div><\/div><\/figcaption><\/figure><\/a><!--end av-masonry entry--><a href=\"https:\/\/genevieveetdidier.fr\/wp-content\/uploads\/2018\/04\/SA10-1030x549.jpg\" id='av-masonry-1-item-1204' data-av-masonry-item='1204' class='av-masonry-entry isotope-item post-1204 attachment type-attachment status-inherit hentry  av-masonry-item-with-image' title=\"\"  itemprop=\"thumbnailUrl\" ><div class='av-inner-masonry-sizer'><\/div><figure class='av-inner-masonry main_color'><div class=\"av-masonry-outerimage-container\"><div class=\"av-masonry-image-container\" style=\"background-image: url(https:\/\/genevieveetdidier.fr\/wp-content\/uploads\/2018\/04\/SA10-705x376.jpg);\"><img decoding=\"async\" src=\"https:\/\/genevieveetdidier.fr\/wp-content\/uploads\/2018\/04\/SA10-705x376.jpg\" title=\"Alghero\" alt=\"\" \/><\/div><\/div><figcaption class='av-inner-masonry-content site-background'><div class='av-inner-masonry-content-pos'><div class='av-inner-masonry-content-pos-content'><div class='avia-arrow'><\/div><h3 class='av-masonry-entry-title entry-title'  itemprop=\"headline\" >Alghero<\/h3><\/div><\/div><\/figcaption><\/figure><\/a><!--end av-masonry entry--><\/div><\/div>\n<\/div><\/div><\/div><!-- close content main div --><\/div><\/div><div id='av_section_3' class='avia-section main_color avia-section-default avia-no-shadow avia-bg-style-scroll  container_wrap fullsize' style = 'background-color: #e8e8e8; '  ><div class='container' ><div class='template-page content  av-content-full alpha units'><div class='post-entry post-entry-type-page post-entry-1158'><div class='entry-content-wrapper clearfix'>\n<div class=\"flex_column av_two_third  flex_column_div av-zero-column-padding first  \" style='border-radius:0px; '><section class=\"av_textblock_section\"  itemscope=\"itemscope\" itemtype=\"https:\/\/schema.org\/CreativeWork\" ><div class='avia_textblock '   itemprop=\"text\" ><h3>FERTILIA \u2013 SORSO 62 kms<\/h3>\n<p>Changement de d\u00e9cor. Finis les grands espaces d\u00e9sertiques br\u00fbl\u00e9s par le soleil. Finies les montagnes arides au bord de la mer. Nous sommes dans une zone plus verte, une zone arbor\u00e9e (pins, eucalyptus) o\u00f9 il y a aussi des fermes, de la culture, de la vie. C\u2019est plus humain.<\/p>\n<p>Sachant que l\u2019\u00e9tape \u00e9tait courte, nous avons choisi de faire des d\u00e9tours par des petites routes \u00e0 l\u2019ouest de l\u2019axe ALGHERO-PORTO TORRES, et ces routes sont tranquilles. La seule difficult\u00e9 c\u2019est de trouver de quoi manger, mais ce n\u2019est pas la premi\u00e8re fois que nous avons ce probl\u00e8me. Nous mangerons le peu que nous avons, pr\u00e8s d\u2019une \u00e9glise, \u00e0 l\u2019ombre, non loin d\u2019un groupe de migrants qui, \u00e0 mon avis, avaient encore moins que nous.<\/p>\n<p>\u00c0 PORTO TORRES nous nous arr\u00eatons au bureau maritime mais nous ne voyons personne\u00a0; il n\u2019y a pas plus de personnel dans les bureaux que de bateaux dans le port. Nous pouvons quand m\u00eame v\u00e9rifier, sur des panneaux, que les billets que nous avons r\u00e9serv\u00e9s correspondent bien \u00e0 un d\u00e9part pr\u00e9vu le lendemain. Nous devrions pouvoir aller en Corse\u00a0: ouf\u00a0!<\/p>\n<p><em>\u00e0 Porto Torres ils mettent des pulls aux arbres, question de climat s\u00fbrement<\/em><\/p>\n<p>Nous longeons ensuite la mer, des petites falaises o\u00f9 des plongeurs s\u2019en donnent \u00e0 c\u0153ur joie, et notre intention est de nous arr\u00eater au premier camping. C\u2019est ce que nous faisons une dizaine de kilom\u00e8tres plus loin, \u00e0 SORSO. C\u2019est un grand camping mais la place que nous y trouvons est toute petite. Nos voisins, tr\u00e8s proches par la force des choses, sont un couple de N\u00eemois dont la femme est enceinte de quatre ou cinq mois. Elle fume beaucoup, c\u2019est un peu stupide. Mais est-ce simplement stupide\u00a0? Pour Genevi\u00e8ve, nuire \u00e0 quelqu\u2019un en sachant qu\u2019on lui nuit, ce n\u2019est pas stupide, c\u2019est criminel, c\u2019est \u00eatre coupable.<\/p>\n<\/div><\/section><\/div><div class=\"flex_column av_one_third  flex_column_div av-zero-column-padding   \" style='border-radius:0px; '><p><div class='avia-image-container  av-styling-   avia-align-center '  itemscope=\"itemscope\" itemtype=\"https:\/\/schema.org\/ImageObject\"  ><div class='avia-image-container-inner'><img class='avia_image ' src='https:\/\/genevieveetdidier.fr\/wp-content\/uploads\/2018\/04\/SA11-2-301x500.jpg' alt='' title='SA11'   itemprop=\"thumbnailUrl\"  \/><\/div><\/div><br \/>\n<section class=\"av_textblock_section\"  itemscope=\"itemscope\" itemtype=\"https:\/\/schema.org\/CreativeWork\" ><div class='avia_textblock '   itemprop=\"text\" ><p style=\"text-align: center;\"><em>A Porto Torres ils mettent des pulls aux arbres, question de climat s\u00fbrement<\/em><\/p>\n<\/div><\/section><\/p><\/div>\n\n<div class=\"flex_column av_two_third  flex_column_div av-zero-column-padding first  \" style='border-radius:0px; '><section class=\"av_textblock_section\"  itemscope=\"itemscope\" itemtype=\"https:\/\/schema.org\/CreativeWork\" ><div class='avia_textblock '   itemprop=\"text\" ><h3>\u00a0SORSO \u2013 PROPRIANO 22 kms<\/h3>\n<p>Aujourd\u2019hui\u00a0: retour en France. Mais il faut d\u2019abord rejoindre PORTO TORRES, faire quelques courses, continuer \u00e0 chercher du gaz (c\u2019est une activit\u00e9 quasi quotidienne et vaine), et enregistrer nos billets. Tout cela nous permet de d\u00e9couvrir un peu la ville\u00a0: ce n\u2019est ni la plus belle ni la plus touristique de Sardaigne, c\u2019est juste une ville portuaire, normale, et c\u2019est pour cela qu\u2019elle est int\u00e9ressante.<\/p>\n<p>Sur le bateau il n\u2019y a vraiment pas grand monde. Nous sommes moins de cinquante, c\u2019est s\u00fbr, et le bateau est pr\u00e9vu pour plus de 500 passagers. Autant dire que c\u2019est calme\u00a0; nous avons un peu le sentiment de faire une croisi\u00e8re priv\u00e9e, c\u2019est vraiment agr\u00e9able et reposant. Nous pouvons profiter de plusieurs salons climatis\u00e9s et je peux m\u00eame regarder le tour de France \u00e0 la t\u00e9l\u00e9vision\u00a0: pour une fois que ce sont les autres qui p\u00e9dalent\u00a0!<\/p>\n<\/div><\/section><\/div>\n<div class=\"flex_column av_one_third  flex_column_div av-zero-column-padding   \" style='border-radius:0px; '><p><div class='avia-image-container  av-styling-   avia-align-center '  itemscope=\"itemscope\" itemtype=\"https:\/\/schema.org\/ImageObject\"  ><div class='avia-image-container-inner'><img class='avia_image ' src='https:\/\/genevieveetdidier.fr\/wp-content\/uploads\/2018\/04\/SA12-500x375.jpg' alt='' title='Vers la Corse'   itemprop=\"thumbnailUrl\"  \/><\/div><\/div><br \/>\n<section class=\"av_textblock_section\"  itemscope=\"itemscope\" itemtype=\"https:\/\/schema.org\/CreativeWork\" ><div class='avia_textblock '   itemprop=\"text\" ><p><em>Il n\u2019y a pas foule sur le pont<\/em><\/p>\n<\/div><\/section><\/p><\/div>\n","protected":false},"excerpt":{"rendered":"","protected":false},"author":1,"featured_media":0,"parent":406,"menu_order":0,"comment_status":"closed","ping_status":"closed","template":"","meta":{"_monsterinsights_skip_tracking":false,"_monsterinsights_sitenote_active":false,"_monsterinsights_sitenote_note":"","_monsterinsights_sitenote_category":0,"footnotes":""},"class_list":["post-1158","page","type-page","status-publish","hentry"],"_links":{"self":[{"href":"https:\/\/genevieveetdidier.fr\/index.php?rest_route=\/wp\/v2\/pages\/1158","targetHints":{"allow":["GET"]}}],"collection":[{"href":"https:\/\/genevieveetdidier.fr\/index.php?rest_route=\/wp\/v2\/pages"}],"about":[{"href":"https:\/\/genevieveetdidier.fr\/index.php?rest_route=\/wp\/v2\/types\/page"}],"author":[{"embeddable":true,"href":"https:\/\/genevieveetdidier.fr\/index.php?rest_route=\/wp\/v2\/users\/1"}],"replies":[{"embeddable":true,"href":"https:\/\/genevieveetdidier.fr\/index.php?rest_route=%2Fwp%2Fv2%2Fcomments&post=1158"}],"version-history":[{"count":9,"href":"https:\/\/genevieveetdidier.fr\/index.php?rest_route=\/wp\/v2\/pages\/1158\/revisions"}],"predecessor-version":[{"id":1221,"href":"https:\/\/genevieveetdidier.fr\/index.php?rest_route=\/wp\/v2\/pages\/1158\/revisions\/1221"}],"up":[{"embeddable":true,"href":"https:\/\/genevieveetdidier.fr\/index.php?rest_route=\/wp\/v2\/pages\/406"}],"wp:attachment":[{"href":"https:\/\/genevieveetdidier.fr\/index.php?rest_route=%2Fwp%2Fv2%2Fmedia&parent=1158"}],"curies":[{"name":"wp","href":"https:\/\/api.w.org\/{rel}","templated":true}]}}