{"id":11216,"date":"2025-07-29T11:37:07","date_gmt":"2025-07-29T09:37:07","guid":{"rendered":"https:\/\/genevieveetdidier.fr\/?page_id=11216"},"modified":"2025-07-29T11:38:23","modified_gmt":"2025-07-29T09:38:23","slug":"pays-bas-2017","status":"publish","type":"page","link":"https:\/\/genevieveetdidier.fr\/?page_id=11216","title":{"rendered":"PAYS-BAS 2017"},"content":{"rendered":"<div class=\"flex_column av_three_fifth  flex_column_div av-zero-column-padding first  \" style='border-radius:0px; '><div class='avia-image-container  av-styling-   avia-align-center '  itemscope=\"itemscope\" itemtype=\"https:\/\/schema.org\/ImageObject\"  ><div class='avia-image-container-inner'><img class='avia_image ' src='https:\/\/genevieveetdidier.fr\/wp-content\/uploads\/2025\/07\/paysbas2017.png' alt='' title='paysbas2017'   itemprop=\"thumbnailUrl\"  \/><\/div><\/div><\/div>\n<div class=\"flex_column av_one_third  flex_column_div av-zero-column-padding   \" style='border-radius:0px; '><section class=\"av_textblock_section\"  itemscope=\"itemscope\" itemtype=\"https:\/\/schema.org\/CreativeWork\" ><div class='avia_textblock '   itemprop=\"text\" ><h1 style=\"text-align: center;\">PAYS-BAS 2017<\/h1>\n<\/div><\/section><br \/>\n<section class=\"av_textblock_section\"  itemscope=\"itemscope\" itemtype=\"https:\/\/schema.org\/CreativeWork\" ><div class='avia_textblock '   itemprop=\"text\" ><h2>De Lette \u00e0 Eindhoven<\/h2>\n<h2>Du 13 au 15 septembre 2017<\/h2>\n<\/div><\/section><\/p><\/div><section class=\"av_textblock_section\"  itemscope=\"itemscope\" itemtype=\"https:\/\/schema.org\/CreativeWork\" ><div class='avia_textblock '   itemprop=\"text\" ><\/div><\/section><\/p>\n<div class=\"flex_column av_one_third  flex_column_div av-zero-column-padding first  \" style='border-radius:0px; '><section class=\"av_textblock_section\"  itemscope=\"itemscope\" itemtype=\"https:\/\/schema.org\/CreativeWork\" ><div class='avia_textblock '   itemprop=\"text\" ><h3>LETTE \u2013 WINTERSWIJK 81 kms<\/h3>\n<p>Il a plu toute la nuit\u00a0: m\u00eame les nains de jardin ont les pieds dans l\u2019eau. Nous partons sous la pluie qui tombera \u00e0 verse jusqu\u2019\u00e0 11 heures. Cela suffit pour nous d\u00e9cider de chercher un h\u00e9bergement en dur pour ce soir. Le vent est de plus en plus fort, il parvient parfois \u00e0 m\u2019arr\u00eater ou \u00e0 me mettre dans le foss\u00e9\u00a0: c\u2019est \u00e9puisant.<\/p>\n<p>\u00c0 midi nous nous sommes arr\u00eat\u00e9s pour manger dans un abri construit au bord de la piste. Cet abri \u00e9tait habit\u00e9 par un vagabond, un clochard des grands chemins qui ne manquait pas de caract\u00e8re. Le soir nous \u00e9tions aux Pays-Bas, dans une belle petite ferme r\u00e9nov\u00e9e, avec un salon cosy, une belle chemin\u00e9e, de beaux fauteuils en cuir. D\u00e9cid\u00e9ment, notre voyage est fait de contrastes.<\/p>\n<p>La campagne environnante est tr\u00e8s verdoyante et tr\u00e8s bois\u00e9e\u00a0: il y a tr\u00e8s peu d\u2019habitations. Ce n\u2019est pas du tout l\u2019image que nous nous faisons habituellement de la Hollande.<\/p>\n<\/div><\/section><\/div>\n<div class=\"flex_column av_one_third  flex_column_div av-zero-column-padding   \" style='border-radius:0px; '><div class='avia-image-container  av-styling-   avia-align-center '  itemscope=\"itemscope\" itemtype=\"https:\/\/schema.org\/ImageObject\"  ><div class='avia-image-container-inner'><img class='avia_image ' src='https:\/\/genevieveetdidier.fr\/wp-content\/uploads\/2018\/04\/PB1.jpg' alt='' title=''   itemprop=\"thumbnailUrl\"  \/><\/div><\/div><\/div><div class=\"flex_column av_one_third  flex_column_div av-zero-column-padding   \" style='border-radius:0px; '><p><div class='avia-image-container  av-styling-   avia-align-center '  itemscope=\"itemscope\" itemtype=\"https:\/\/schema.org\/ImageObject\"  ><div class='avia-image-container-inner'><img class='avia_image ' src='https:\/\/genevieveetdidier.fr\/wp-content\/uploads\/2018\/04\/PB2.jpg' alt='' title=''   itemprop=\"thumbnailUrl\"  \/><\/div><\/div><br \/>\n<section class=\"av_textblock_section\"  itemscope=\"itemscope\" itemtype=\"https:\/\/schema.org\/CreativeWork\" ><div class='avia_textblock '   itemprop=\"text\" ><p style=\"text-align: center;\"><em>La ferme de Roerdinkhof, o\u00f9 nous sommes, est l\u2019une des plus anciennes des Pays-Bas.<\/em><\/p>\n<\/div><\/section><\/p><\/div><div class=\"flex_column av_one_third  flex_column_div av-zero-column-padding first  \" style='border-radius:0px; '><p><div class='avia-image-container  av-styling-   avia-align-center '  itemscope=\"itemscope\" itemtype=\"https:\/\/schema.org\/ImageObject\"  ><div class='avia-image-container-inner'><img class='avia_image ' src='https:\/\/genevieveetdidier.fr\/wp-content\/uploads\/2018\/04\/PB4.jpg' alt='' title='Berg en Dal'   itemprop=\"thumbnailUrl\"  \/><\/div><\/div><br \/>\n<section class=\"av_textblock_section\"  itemscope=\"itemscope\" itemtype=\"https:\/\/schema.org\/CreativeWork\" ><div class='avia_textblock '   itemprop=\"text\" ><p style=\"text-align: center;\">L\u2019h\u00f4tel <em>Fletcher Val Monte<\/em> est assez luxueux, mais le luxe a du bon apr\u00e8s de telles aventures.<\/p>\n<\/div><\/section><\/p><\/div><div class=\"flex_column av_two_third  flex_column_div av-zero-column-padding   \" style='border-radius:0px; '><section class=\"av_textblock_section\"  itemscope=\"itemscope\" itemtype=\"https:\/\/schema.org\/CreativeWork\" ><div class='avia_textblock '   itemprop=\"text\" ><h3>WINTERSWIJK \u2013 BERG EN DAL 81 kms<\/h3>\n<p>\u00c0 moins d\u2019avoir beaucoup d\u2019imagination (une temp\u00eate de neige en Alaska, un typhon sur Nagasaki\u2026) il est difficile de concevoir des conditions plus rudes pour faire du v\u00e9lo. La pluie est toujours l\u00e0 et le vent est devenu terrible, tout cela \u00e0 10\u00b0, autant dire que nous sommes gel\u00e9s toute la journ\u00e9e.<\/p>\n<p>Nous avons \u00e0 nouveau pass\u00e9 la fronti\u00e8re pour revenir en Allemagne afin de franchir le Rhin \u00e0 Emmerich-sur-Rhin.<\/p>\n<p>Nous sommes all\u00e9s jusque KLEVE (Cl\u00e8ves), nous y avons m\u00eame rencontr\u00e9 le cur\u00e9 alors que nous nous abritions sous le porche de l\u2019\u00e9glise. Il nous a donn\u00e9 des adresses o\u00f9 nous pourrions \u00e9ventuellement dormir mais nous avons pr\u00e9f\u00e9r\u00e9 continuer encore un peu (est-ce du masochisme\u00a0?). Nous avons patient\u00e9 encore un peu, en sirotant un long caf\u00e9, mais rien n\u2019y a fait, le temps ne s\u2019est jamais calm\u00e9.<\/p>\n<p>C\u2019est sous une pluie battante que nous sommes repartis vers le nord-ouest. Notre but \u00e9tait de rejoindre BERG-EN-DAL o\u00f9 Genevi\u00e8ve avait rep\u00e9r\u00e9 un h\u00f4tel tr\u00e8s bien. Nous ne pensions pas que la r\u00e9gion \u00e9tait aussi vallonn\u00e9e\u00a0; il y avait vraiment de belles petites c\u00f4tes pour finir cette journ\u00e9e gal\u00e8re. Les Pays-Bas ne sont pas un plat pays.<\/p>\n<\/div><\/section><\/div><\/p>\n<div class=\"flex_column av_one_third  flex_column_div av-zero-column-padding first  \" style='border-radius:0px; '><section class=\"av_textblock_section\"  itemscope=\"itemscope\" itemtype=\"https:\/\/schema.org\/CreativeWork\" ><div class='avia_textblock '   itemprop=\"text\" ><h3>BERG EN DAL \u2013 EINDHOVEN 95 kms<\/h3>\n<p>R\u00e9veil sous la pluie, mais cela s\u2019arr\u00eate au moment o\u00f9 nous partons, et nous faisons plus de soixante kilom\u00e8tres sans une goutte\u00a0: \u00e7a s\u2019arrose\u00a0!<\/p>\n<p>Nous traversons de jolies for\u00eats et ensuite nous rencontrons beaucoup de cultures mara\u00eech\u00e8res, des cultures de plain-champ (il y a tr\u00e8s peu de serres, contrairement \u00e0 ce que nous avions vu en Sicile). Poireaux, fraises, fleurs, choux\u2026 les Pays-Bas sont un grand jardin et tout y est cultiv\u00e9 avec soin, tir\u00e9 au cordeau.<\/p>\n<\/div><\/section><\/div>\n<div class=\"flex_column av_one_third  flex_column_div av-zero-column-padding   \" style='border-radius:0px; '><div class='avia-image-container  av-styling-   avia-align-center '  itemscope=\"itemscope\" itemtype=\"https:\/\/schema.org\/ImageObject\"  ><div class='avia-image-container-inner'><img class='avia_image ' src='https:\/\/genevieveetdidier.fr\/wp-content\/uploads\/2018\/04\/PB5.jpg' alt='' title='Poireaux'   itemprop=\"thumbnailUrl\"  \/><\/div><\/div><\/div><div class=\"flex_column av_one_third  flex_column_div av-zero-column-padding   \" style='border-radius:0px; '><div class='avia-image-container  av-styling-   avia-align-center '  itemscope=\"itemscope\" itemtype=\"https:\/\/schema.org\/ImageObject\"  ><div class='avia-image-container-inner'><img class='avia_image ' src='https:\/\/genevieveetdidier.fr\/wp-content\/uploads\/2018\/04\/PB6.jpg' alt='' title=''   itemprop=\"thumbnailUrl\"  \/><\/div><\/div><\/div><div class=\"flex_column av_one_third  flex_column_div av-zero-column-padding first  \" style='border-radius:0px; '><section class=\"av_textblock_section\"  itemscope=\"itemscope\" itemtype=\"https:\/\/schema.org\/CreativeWork\" ><div class='avia_textblock '   itemprop=\"text\" ><p>En fin de journ\u00e9e, dans les derniers kilom\u00e8tres, nous nous faisons rattraper par de grosses averses et nous sommes heureux de trouver un h\u00f4tel \u00e0 EINDHOVEN. Ce n\u2019est pas le grand luxe, comme hier, mais cela nous convient tr\u00e8s bien.<\/p>\n<\/div><\/section><\/div><\/p>\n<div class=\"flex_column av_two_third  flex_column_div av-zero-column-padding   \" style='border-radius:0px; '><p><div class='avia-image-container  av-styling-   avia-align-center '  itemscope=\"itemscope\" itemtype=\"https:\/\/schema.org\/ImageObject\"  ><div class='avia-image-container-inner'><img class='avia_image ' src='https:\/\/genevieveetdidier.fr\/wp-content\/uploads\/2018\/04\/PB7-1030x686.jpg' alt='' title='Eindhoven'   itemprop=\"thumbnailUrl\"  \/><\/div><\/div><br \/>\n<section class=\"av_textblock_section\"  itemscope=\"itemscope\" itemtype=\"https:\/\/schema.org\/CreativeWork\" ><div class='avia_textblock '   itemprop=\"text\" ><p>Le pont, situ\u00e9 pr\u00e8s de l\u2019h\u00f4tel o\u00f9 nous sommes, donne une id\u00e9e de ce qui peut \u00eatre fait pour les v\u00e9los.<\/p>\n<\/div><\/section><\/p><\/div>\n","protected":false},"excerpt":{"rendered":"","protected":false},"author":1,"featured_media":0,"parent":1515,"menu_order":0,"comment_status":"closed","ping_status":"closed","template":"","meta":{"_monsterinsights_skip_tracking":false,"_monsterinsights_sitenote_active":false,"_monsterinsights_sitenote_note":"","_monsterinsights_sitenote_category":0,"footnotes":""},"class_list":["post-11216","page","type-page","status-publish","hentry"],"_links":{"self":[{"href":"https:\/\/genevieveetdidier.fr\/index.php?rest_route=\/wp\/v2\/pages\/11216","targetHints":{"allow":["GET"]}}],"collection":[{"href":"https:\/\/genevieveetdidier.fr\/index.php?rest_route=\/wp\/v2\/pages"}],"about":[{"href":"https:\/\/genevieveetdidier.fr\/index.php?rest_route=\/wp\/v2\/types\/page"}],"author":[{"embeddable":true,"href":"https:\/\/genevieveetdidier.fr\/index.php?rest_route=\/wp\/v2\/users\/1"}],"replies":[{"embeddable":true,"href":"https:\/\/genevieveetdidier.fr\/index.php?rest_route=%2Fwp%2Fv2%2Fcomments&post=11216"}],"version-history":[{"count":3,"href":"https:\/\/genevieveetdidier.fr\/index.php?rest_route=\/wp\/v2\/pages\/11216\/revisions"}],"predecessor-version":[{"id":11223,"href":"https:\/\/genevieveetdidier.fr\/index.php?rest_route=\/wp\/v2\/pages\/11216\/revisions\/11223"}],"up":[{"embeddable":true,"href":"https:\/\/genevieveetdidier.fr\/index.php?rest_route=\/wp\/v2\/pages\/1515"}],"wp:attachment":[{"href":"https:\/\/genevieveetdidier.fr\/index.php?rest_route=%2Fwp%2Fv2%2Fmedia&parent=11216"}],"curies":[{"name":"wp","href":"https:\/\/api.w.org\/{rel}","templated":true}]}}